{"id":7003,"date":"2021-03-15T21:34:30","date_gmt":"2021-03-15T20:34:30","guid":{"rendered":"https:\/\/www.grills-saveurs.ch\/fr\/produit\/grille-de-rchauffage-pour-srie-q2000\/"},"modified":"2024-03-25T22:14:04","modified_gmt":"2024-03-25T21:14:04","slug":"grille-de-rchauffage-pour-srie-q2000","status":"publish","type":"product","link":"https:\/\/www.grills-saveurs.ch\/fr\/produit\/grille-de-rchauffage-pour-srie-q2000\/","title":{"rendered":"Grille de r\u00e9chauffage pour Weber Q 2000"},"content":{"rendered":"<h5>\u00c9LARGISSEZ L\u2019EXP\u00c9RIENCE<\/h5>\n<p>Il fait chaud et c\u2019est une journ\u00e9e id\u00e9ale pour inviter les voisins \u00e0 manger des hamburgers. Mettez les steaks hach\u00e9s sur la grille et laissez les pains r\u00e9chauffer doucement sur la grille de r\u00e9chauffage, sans prendre de place sur la grille de cuisson. Il y a assez d\u2019espace pour satisfaire les plus gros mangeurs de hamburgers !<\/p>\n<h5>CARACT\u00c9RISTIQUES<\/h5>\n<ul>\n<li>Cette grille offre une capacit\u00e9 suppl\u00e9mentaire<\/li>\n<li>Compatible: Barbecues Weber\u00a0Q 2000\/200, 2200\/220, 2400\/240<\/li>\n<li>Dimensions du produit: 8.51CM H X 13.34CM L X 44.96CM P<\/li>\n<li>Mat\u00e9riau: acier chrom\u00e9<\/li>\n<li>Conseils de nettoyage: passe au lave-vaisselle<\/li>\n<\/ul>\n","protected":false},"excerpt":{"rendered":"<p>6569<\/p>\n","protected":false},"featured_media":7209,"template":"","meta":[],"product_cat":[164,170],"product_tag":[84],"yoast_head":"<!-- This site is optimized with the Yoast SEO plugin v18.2 - https:\/\/yoast.com\/wordpress\/plugins\/seo\/ -->\n<title>Grille de r\u00e9chauffage pour Weber Q 2000 - Grills et Saveurs<\/title>\n<meta name=\"description\" content=\"Grille de r\u00e9chauffage offrant une capacit\u00e9 suppl\u00e9mentaire pour les barbecues Weber Q 2000\/200, 2200\/220, 2400\/240.\" \/>\n<meta name=\"robots\" content=\"index, follow, max-snippet:-1, max-image-preview:large, max-video-preview:-1\" \/>\n<link rel=\"canonical\" href=\"https:\/\/www.grills-saveurs.ch\/fr\/produit\/grille-de-rchauffage-pour-srie-q2000\/\" \/>\n<meta property=\"og:locale\" content=\"fr_FR\" \/>\n<meta property=\"og:type\" content=\"article\" \/>\n<meta property=\"og:title\" content=\"Grille de r\u00e9chauffage pour Weber Q 2000 - Grills et Saveurs\" \/>\n<meta property=\"og:description\" content=\"Grille de r\u00e9chauffage offrant une capacit\u00e9 suppl\u00e9mentaire pour les barbecues Weber Q 2000\/200, 2200\/220, 2400\/240.\" \/>\n<meta property=\"og:url\" content=\"https:\/\/www.grills-saveurs.ch\/fr\/produit\/grille-de-rchauffage-pour-srie-q2000\/\" \/>\n<meta property=\"og:site_name\" content=\"Grills et Saveurs\" \/>\n<meta property=\"article:modified_time\" content=\"2024-03-25T21:14:04+00:00\" \/>\n<meta property=\"og:image\" content=\"https:\/\/www.grills-saveurs.ch\/fr\/wp-content\/uploads\/2021\/03\/6569.png\" \/>\n\t<meta property=\"og:image:width\" content=\"1000\" \/>\n\t<meta property=\"og:image:height\" content=\"950\" \/>\n\t<meta property=\"og:image:type\" content=\"image\/png\" \/>\n<meta name=\"twitter:card\" content=\"summary_large_image\" \/>\n<meta name=\"twitter:label1\" content=\"Dur\u00e9e de lecture estim\u00e9e\" \/>\n\t<meta name=\"twitter:data1\" content=\"1 minute\" \/>\n<script type=\"application\/ld+json\" class=\"yoast-schema-graph\">{\"@context\":\"https:\/\/schema.org\",\"@graph\":[{\"@type\":\"WebSite\",\"@id\":\"https:\/\/www.grills-saveurs.ch\/fr\/#website\",\"url\":\"https:\/\/www.grills-saveurs.ch\/fr\/\",\"name\":\"Grills et Saveurs\",\"description\":\"Barbecues, Grills, Planchas, Chemin\u00e9es jardin - Lausanne, Suisse Romande\",\"potentialAction\":[{\"@type\":\"SearchAction\",\"target\":{\"@type\":\"EntryPoint\",\"urlTemplate\":\"https:\/\/www.grills-saveurs.ch\/fr\/?s={search_term_string}\"},\"query-input\":\"required name=search_term_string\"}],\"inLanguage\":\"fr-FR\"},{\"@type\":\"ImageObject\",\"@id\":\"https:\/\/www.grills-saveurs.ch\/fr\/produit\/grille-de-rchauffage-pour-srie-q2000\/#primaryimage\",\"inLanguage\":\"fr-FR\",\"url\":\"https:\/\/www.grills-saveurs.ch\/fr\/wp-content\/uploads\/2021\/03\/6569.png\",\"contentUrl\":\"https:\/\/www.grills-saveurs.ch\/fr\/wp-content\/uploads\/2021\/03\/6569.png\",\"width\":1000,\"height\":950,\"caption\":\"Grille de r\u00e9chauffage Pour les barbecues Q 2000\/200, 2200\/220, 2400\/240\"},{\"@type\":\"WebPage\",\"@id\":\"https:\/\/www.grills-saveurs.ch\/fr\/produit\/grille-de-rchauffage-pour-srie-q2000\/#webpage\",\"url\":\"https:\/\/www.grills-saveurs.ch\/fr\/produit\/grille-de-rchauffage-pour-srie-q2000\/\",\"name\":\"Grille de r\u00e9chauffage pour Weber Q 2000 - Grills et Saveurs\",\"isPartOf\":{\"@id\":\"https:\/\/www.grills-saveurs.ch\/fr\/#website\"},\"primaryImageOfPage\":{\"@id\":\"https:\/\/www.grills-saveurs.ch\/fr\/produit\/grille-de-rchauffage-pour-srie-q2000\/#primaryimage\"},\"datePublished\":\"2021-03-15T20:34:30+00:00\",\"dateModified\":\"2024-03-25T21:14:04+00:00\",\"description\":\"Grille de r\u00e9chauffage offrant une capacit\u00e9 suppl\u00e9mentaire pour les barbecues Weber Q 2000\/200, 2200\/220, 2400\/240.\",\"breadcrumb\":{\"@id\":\"https:\/\/www.grills-saveurs.ch\/fr\/produit\/grille-de-rchauffage-pour-srie-q2000\/#breadcrumb\"},\"inLanguage\":\"fr-FR\",\"potentialAction\":[{\"@type\":\"ReadAction\",\"target\":[\"https:\/\/www.grills-saveurs.ch\/fr\/produit\/grille-de-rchauffage-pour-srie-q2000\/\"]}]},{\"@type\":\"BreadcrumbList\",\"@id\":\"https:\/\/www.grills-saveurs.ch\/fr\/produit\/grille-de-rchauffage-pour-srie-q2000\/#breadcrumb\",\"itemListElement\":[{\"@type\":\"ListItem\",\"position\":1,\"name\":\"Accueil\",\"item\":\"https:\/\/www.grills-saveurs.ch\/fr\/\"},{\"@type\":\"ListItem\",\"position\":2,\"name\":\"Shop \/ Boutique\",\"item\":\"https:\/\/www.grills-saveurs.ch\/fr\/boutique\/\"},{\"@type\":\"ListItem\",\"position\":3,\"name\":\"Grille de r\u00e9chauffage pour Weber Q 2000\"}]}]}<\/script>\n<!-- \/ Yoast SEO plugin. -->","yoast_head_json":{"title":"Grille de r\u00e9chauffage pour Weber Q 2000 - Grills et Saveurs","description":"Grille de r\u00e9chauffage offrant une capacit\u00e9 suppl\u00e9mentaire pour les barbecues Weber Q 2000\/200, 2200\/220, 2400\/240.","robots":{"index":"index","follow":"follow","max-snippet":"max-snippet:-1","max-image-preview":"max-image-preview:large","max-video-preview":"max-video-preview:-1"},"canonical":"https:\/\/www.grills-saveurs.ch\/fr\/produit\/grille-de-rchauffage-pour-srie-q2000\/","og_locale":"fr_FR","og_type":"article","og_title":"Grille de r\u00e9chauffage pour Weber Q 2000 - Grills et Saveurs","og_description":"Grille de r\u00e9chauffage offrant une capacit\u00e9 suppl\u00e9mentaire pour les barbecues Weber Q 2000\/200, 2200\/220, 2400\/240.","og_url":"https:\/\/www.grills-saveurs.ch\/fr\/produit\/grille-de-rchauffage-pour-srie-q2000\/","og_site_name":"Grills et Saveurs","article_modified_time":"2024-03-25T21:14:04+00:00","og_image":[{"width":1000,"height":950,"url":"https:\/\/www.grills-saveurs.ch\/fr\/wp-content\/uploads\/2021\/03\/6569.png","type":"image\/png"}],"twitter_card":"summary_large_image","twitter_misc":{"Dur\u00e9e de lecture estim\u00e9e":"1 minute"},"schema":{"@context":"https:\/\/schema.org","@graph":[{"@type":"WebSite","@id":"https:\/\/www.grills-saveurs.ch\/fr\/#website","url":"https:\/\/www.grills-saveurs.ch\/fr\/","name":"Grills et Saveurs","description":"Barbecues, Grills, Planchas, Chemin\u00e9es jardin - Lausanne, Suisse Romande","potentialAction":[{"@type":"SearchAction","target":{"@type":"EntryPoint","urlTemplate":"https:\/\/www.grills-saveurs.ch\/fr\/?s={search_term_string}"},"query-input":"required name=search_term_string"}],"inLanguage":"fr-FR"},{"@type":"ImageObject","@id":"https:\/\/www.grills-saveurs.ch\/fr\/produit\/grille-de-rchauffage-pour-srie-q2000\/#primaryimage","inLanguage":"fr-FR","url":"https:\/\/www.grills-saveurs.ch\/fr\/wp-content\/uploads\/2021\/03\/6569.png","contentUrl":"https:\/\/www.grills-saveurs.ch\/fr\/wp-content\/uploads\/2021\/03\/6569.png","width":1000,"height":950,"caption":"Grille de r\u00e9chauffage Pour les barbecues Q 2000\/200, 2200\/220, 2400\/240"},{"@type":"WebPage","@id":"https:\/\/www.grills-saveurs.ch\/fr\/produit\/grille-de-rchauffage-pour-srie-q2000\/#webpage","url":"https:\/\/www.grills-saveurs.ch\/fr\/produit\/grille-de-rchauffage-pour-srie-q2000\/","name":"Grille de r\u00e9chauffage pour Weber Q 2000 - Grills et Saveurs","isPartOf":{"@id":"https:\/\/www.grills-saveurs.ch\/fr\/#website"},"primaryImageOfPage":{"@id":"https:\/\/www.grills-saveurs.ch\/fr\/produit\/grille-de-rchauffage-pour-srie-q2000\/#primaryimage"},"datePublished":"2021-03-15T20:34:30+00:00","dateModified":"2024-03-25T21:14:04+00:00","description":"Grille de r\u00e9chauffage offrant une capacit\u00e9 suppl\u00e9mentaire pour les barbecues Weber Q 2000\/200, 2200\/220, 2400\/240.","breadcrumb":{"@id":"https:\/\/www.grills-saveurs.ch\/fr\/produit\/grille-de-rchauffage-pour-srie-q2000\/#breadcrumb"},"inLanguage":"fr-FR","potentialAction":[{"@type":"ReadAction","target":["https:\/\/www.grills-saveurs.ch\/fr\/produit\/grille-de-rchauffage-pour-srie-q2000\/"]}]},{"@type":"BreadcrumbList","@id":"https:\/\/www.grills-saveurs.ch\/fr\/produit\/grille-de-rchauffage-pour-srie-q2000\/#breadcrumb","itemListElement":[{"@type":"ListItem","position":1,"name":"Accueil","item":"https:\/\/www.grills-saveurs.ch\/fr\/"},{"@type":"ListItem","position":2,"name":"Shop \/ Boutique","item":"https:\/\/www.grills-saveurs.ch\/fr\/boutique\/"},{"@type":"ListItem","position":3,"name":"Grille de r\u00e9chauffage pour Weber Q 2000"}]}]}},"_links":{"self":[{"href":"https:\/\/www.grills-saveurs.ch\/fr\/wp-json\/wp\/v2\/product\/7003"}],"collection":[{"href":"https:\/\/www.grills-saveurs.ch\/fr\/wp-json\/wp\/v2\/product"}],"about":[{"href":"https:\/\/www.grills-saveurs.ch\/fr\/wp-json\/wp\/v2\/types\/product"}],"wp:featuredmedia":[{"embeddable":true,"href":"https:\/\/www.grills-saveurs.ch\/fr\/wp-json\/wp\/v2\/media\/7209"}],"wp:attachment":[{"href":"https:\/\/www.grills-saveurs.ch\/fr\/wp-json\/wp\/v2\/media?parent=7003"}],"wp:term":[{"taxonomy":"product_cat","embeddable":true,"href":"https:\/\/www.grills-saveurs.ch\/fr\/wp-json\/wp\/v2\/product_cat?post=7003"},{"taxonomy":"product_tag","embeddable":true,"href":"https:\/\/www.grills-saveurs.ch\/fr\/wp-json\/wp\/v2\/product_tag?post=7003"}],"curies":[{"name":"wp","href":"https:\/\/api.w.org\/{rel}","templated":true}]}}