{"id":7005,"date":"2021-03-15T21:34:30","date_gmt":"2021-03-15T20:34:30","guid":{"rendered":"https:\/\/www.grills-saveurs.ch\/fr\/produit\/housse-standard-pour-barbecue-charbon-57-cm\/"},"modified":"2024-03-21T11:09:39","modified_gmt":"2024-03-21T10:09:39","slug":"housse-standard-pour-barbecue-charbon-57-cm","status":"publish","type":"product","link":"https:\/\/www.grills-saveurs.ch\/fr\/produit\/housse-standard-pour-barbecue-charbon-57-cm\/","title":{"rendered":"Housse de barbecue Standard pour charbon \u00d857 cm"},"content":{"rendered":"<h5>PROT\u00c8GE CE QUI EST EN DESSOUS<\/h5>\n<p><strong>Housse de barbecue<\/strong><\/p>\n<p>Affrontez les trombes d\u2019eau, les temp\u00eates de neige et la canicule en sachant que votre barbecue \u00e0 charbon est couvert, quel que soit le temps. L\u00e9g\u00e8re et robuste, la housse de barbecue s\u2019installe facilement sur l\u2019appareil et se fixe \u00e0 lui, pour qu\u2019il reste flambant neuf pendant longtemps.<\/p>\n<h5>CARACT\u00c9RISTIQUES<\/h5>\n<ul>\n<li>Perm\u00e9able \u00e0 l\u2019air et imperm\u00e9able \u00e0 l\u2019eau, pour \u00e9viter la rouille<\/li>\n<li>Sangles de fixation pour un bon maintien de la housse<\/li>\n<li>Compatible : Barbecues \u00e0 charbon Weber \u00d857 cm<\/li>\n<li>Mat\u00e9riau\u00a0: 100% Polyester<\/li>\n<li>Dimensions du produit: 58.42CM H X 72.39CM L X 91.44CM P<\/li>\n<li>Conseils de nettoyage: nettoyer \u00e0 la main uniquement<\/li>\n<\/ul>\n","protected":false},"excerpt":{"rendered":"<p>7176<\/p>\n","protected":false},"featured_media":7214,"template":"","meta":[],"product_cat":[124],"product_tag":[84],"yoast_head":"<!-- This site is optimized with the Yoast SEO plugin v18.2 - https:\/\/yoast.com\/wordpress\/plugins\/seo\/ -->\n<title>Housse de barbecue Standard pour charbon \u00d857 cm - Grills et Saveurs<\/title>\n<meta name=\"description\" content=\"Housse de barbecue imperm\u00e9able, l\u00e9g\u00e8re et robuste pour \u00e9viter la rouilles des barbecues Weber \u00e0 charbon \u00d857 cm\" \/>\n<meta name=\"robots\" content=\"index, follow, max-snippet:-1, max-image-preview:large, max-video-preview:-1\" \/>\n<link rel=\"canonical\" href=\"https:\/\/www.grills-saveurs.ch\/fr\/produit\/housse-standard-pour-barbecue-charbon-57-cm\/\" \/>\n<meta property=\"og:locale\" content=\"fr_FR\" \/>\n<meta property=\"og:type\" content=\"article\" \/>\n<meta property=\"og:title\" content=\"Housse de barbecue Standard pour charbon \u00d857 cm - Grills et Saveurs\" \/>\n<meta property=\"og:description\" content=\"Housse de barbecue imperm\u00e9able, l\u00e9g\u00e8re et robuste pour \u00e9viter la rouilles des barbecues Weber \u00e0 charbon \u00d857 cm\" \/>\n<meta property=\"og:url\" content=\"https:\/\/www.grills-saveurs.ch\/fr\/produit\/housse-standard-pour-barbecue-charbon-57-cm\/\" \/>\n<meta property=\"og:site_name\" content=\"Grills et Saveurs\" \/>\n<meta property=\"article:modified_time\" content=\"2024-03-21T10:09:39+00:00\" \/>\n<meta property=\"og:image\" content=\"https:\/\/www.grills-saveurs.ch\/fr\/wp-content\/uploads\/2021\/03\/7176.png\" \/>\n\t<meta property=\"og:image:width\" content=\"1000\" \/>\n\t<meta property=\"og:image:height\" content=\"950\" \/>\n\t<meta property=\"og:image:type\" content=\"image\/png\" \/>\n<meta name=\"twitter:card\" content=\"summary_large_image\" \/>\n<meta name=\"twitter:label1\" content=\"Dur\u00e9e de lecture estim\u00e9e\" \/>\n\t<meta name=\"twitter:data1\" content=\"1 minute\" \/>\n<script type=\"application\/ld+json\" class=\"yoast-schema-graph\">{\"@context\":\"https:\/\/schema.org\",\"@graph\":[{\"@type\":\"WebSite\",\"@id\":\"https:\/\/www.grills-saveurs.ch\/fr\/#website\",\"url\":\"https:\/\/www.grills-saveurs.ch\/fr\/\",\"name\":\"Grills et Saveurs\",\"description\":\"Barbecues, Grills, Planchas, Chemin\u00e9es jardin - Lausanne, Suisse Romande\",\"potentialAction\":[{\"@type\":\"SearchAction\",\"target\":{\"@type\":\"EntryPoint\",\"urlTemplate\":\"https:\/\/www.grills-saveurs.ch\/fr\/?s={search_term_string}\"},\"query-input\":\"required name=search_term_string\"}],\"inLanguage\":\"fr-FR\"},{\"@type\":\"ImageObject\",\"@id\":\"https:\/\/www.grills-saveurs.ch\/fr\/produit\/housse-standard-pour-barbecue-charbon-57-cm\/#primaryimage\",\"inLanguage\":\"fr-FR\",\"url\":\"https:\/\/www.grills-saveurs.ch\/fr\/wp-content\/uploads\/2021\/03\/7176.png\",\"contentUrl\":\"https:\/\/www.grills-saveurs.ch\/fr\/wp-content\/uploads\/2021\/03\/7176.png\",\"width\":1000,\"height\":950,\"caption\":\"Housse de barbecue Pour barbecues \u00e0 charbon \u00d857 cm\"},{\"@type\":\"WebPage\",\"@id\":\"https:\/\/www.grills-saveurs.ch\/fr\/produit\/housse-standard-pour-barbecue-charbon-57-cm\/#webpage\",\"url\":\"https:\/\/www.grills-saveurs.ch\/fr\/produit\/housse-standard-pour-barbecue-charbon-57-cm\/\",\"name\":\"Housse de barbecue Standard pour charbon \u00d857 cm - Grills et Saveurs\",\"isPartOf\":{\"@id\":\"https:\/\/www.grills-saveurs.ch\/fr\/#website\"},\"primaryImageOfPage\":{\"@id\":\"https:\/\/www.grills-saveurs.ch\/fr\/produit\/housse-standard-pour-barbecue-charbon-57-cm\/#primaryimage\"},\"datePublished\":\"2021-03-15T20:34:30+00:00\",\"dateModified\":\"2024-03-21T10:09:39+00:00\",\"description\":\"Housse de barbecue imperm\u00e9able, l\u00e9g\u00e8re et robuste pour \u00e9viter la rouilles des barbecues Weber \u00e0 charbon \u00d857 cm\",\"breadcrumb\":{\"@id\":\"https:\/\/www.grills-saveurs.ch\/fr\/produit\/housse-standard-pour-barbecue-charbon-57-cm\/#breadcrumb\"},\"inLanguage\":\"fr-FR\",\"potentialAction\":[{\"@type\":\"ReadAction\",\"target\":[\"https:\/\/www.grills-saveurs.ch\/fr\/produit\/housse-standard-pour-barbecue-charbon-57-cm\/\"]}]},{\"@type\":\"BreadcrumbList\",\"@id\":\"https:\/\/www.grills-saveurs.ch\/fr\/produit\/housse-standard-pour-barbecue-charbon-57-cm\/#breadcrumb\",\"itemListElement\":[{\"@type\":\"ListItem\",\"position\":1,\"name\":\"Accueil\",\"item\":\"https:\/\/www.grills-saveurs.ch\/fr\/\"},{\"@type\":\"ListItem\",\"position\":2,\"name\":\"Shop \/ Boutique\",\"item\":\"https:\/\/www.grills-saveurs.ch\/fr\/boutique\/\"},{\"@type\":\"ListItem\",\"position\":3,\"name\":\"Housse de barbecue Standard pour charbon \u00d857 cm\"}]}]}<\/script>\n<!-- \/ Yoast SEO plugin. -->","yoast_head_json":{"title":"Housse de barbecue Standard pour charbon \u00d857 cm - Grills et Saveurs","description":"Housse de barbecue imperm\u00e9able, l\u00e9g\u00e8re et robuste pour \u00e9viter la rouilles des barbecues Weber \u00e0 charbon \u00d857 cm","robots":{"index":"index","follow":"follow","max-snippet":"max-snippet:-1","max-image-preview":"max-image-preview:large","max-video-preview":"max-video-preview:-1"},"canonical":"https:\/\/www.grills-saveurs.ch\/fr\/produit\/housse-standard-pour-barbecue-charbon-57-cm\/","og_locale":"fr_FR","og_type":"article","og_title":"Housse de barbecue Standard pour charbon \u00d857 cm - Grills et Saveurs","og_description":"Housse de barbecue imperm\u00e9able, l\u00e9g\u00e8re et robuste pour \u00e9viter la rouilles des barbecues Weber \u00e0 charbon \u00d857 cm","og_url":"https:\/\/www.grills-saveurs.ch\/fr\/produit\/housse-standard-pour-barbecue-charbon-57-cm\/","og_site_name":"Grills et Saveurs","article_modified_time":"2024-03-21T10:09:39+00:00","og_image":[{"width":1000,"height":950,"url":"https:\/\/www.grills-saveurs.ch\/fr\/wp-content\/uploads\/2021\/03\/7176.png","type":"image\/png"}],"twitter_card":"summary_large_image","twitter_misc":{"Dur\u00e9e de lecture estim\u00e9e":"1 minute"},"schema":{"@context":"https:\/\/schema.org","@graph":[{"@type":"WebSite","@id":"https:\/\/www.grills-saveurs.ch\/fr\/#website","url":"https:\/\/www.grills-saveurs.ch\/fr\/","name":"Grills et Saveurs","description":"Barbecues, Grills, Planchas, Chemin\u00e9es jardin - Lausanne, Suisse Romande","potentialAction":[{"@type":"SearchAction","target":{"@type":"EntryPoint","urlTemplate":"https:\/\/www.grills-saveurs.ch\/fr\/?s={search_term_string}"},"query-input":"required name=search_term_string"}],"inLanguage":"fr-FR"},{"@type":"ImageObject","@id":"https:\/\/www.grills-saveurs.ch\/fr\/produit\/housse-standard-pour-barbecue-charbon-57-cm\/#primaryimage","inLanguage":"fr-FR","url":"https:\/\/www.grills-saveurs.ch\/fr\/wp-content\/uploads\/2021\/03\/7176.png","contentUrl":"https:\/\/www.grills-saveurs.ch\/fr\/wp-content\/uploads\/2021\/03\/7176.png","width":1000,"height":950,"caption":"Housse de barbecue Pour barbecues \u00e0 charbon \u00d857 cm"},{"@type":"WebPage","@id":"https:\/\/www.grills-saveurs.ch\/fr\/produit\/housse-standard-pour-barbecue-charbon-57-cm\/#webpage","url":"https:\/\/www.grills-saveurs.ch\/fr\/produit\/housse-standard-pour-barbecue-charbon-57-cm\/","name":"Housse de barbecue Standard pour charbon \u00d857 cm - Grills et Saveurs","isPartOf":{"@id":"https:\/\/www.grills-saveurs.ch\/fr\/#website"},"primaryImageOfPage":{"@id":"https:\/\/www.grills-saveurs.ch\/fr\/produit\/housse-standard-pour-barbecue-charbon-57-cm\/#primaryimage"},"datePublished":"2021-03-15T20:34:30+00:00","dateModified":"2024-03-21T10:09:39+00:00","description":"Housse de barbecue imperm\u00e9able, l\u00e9g\u00e8re et robuste pour \u00e9viter la rouilles des barbecues Weber \u00e0 charbon \u00d857 cm","breadcrumb":{"@id":"https:\/\/www.grills-saveurs.ch\/fr\/produit\/housse-standard-pour-barbecue-charbon-57-cm\/#breadcrumb"},"inLanguage":"fr-FR","potentialAction":[{"@type":"ReadAction","target":["https:\/\/www.grills-saveurs.ch\/fr\/produit\/housse-standard-pour-barbecue-charbon-57-cm\/"]}]},{"@type":"BreadcrumbList","@id":"https:\/\/www.grills-saveurs.ch\/fr\/produit\/housse-standard-pour-barbecue-charbon-57-cm\/#breadcrumb","itemListElement":[{"@type":"ListItem","position":1,"name":"Accueil","item":"https:\/\/www.grills-saveurs.ch\/fr\/"},{"@type":"ListItem","position":2,"name":"Shop \/ Boutique","item":"https:\/\/www.grills-saveurs.ch\/fr\/boutique\/"},{"@type":"ListItem","position":3,"name":"Housse de barbecue Standard pour charbon \u00d857 cm"}]}]}},"_links":{"self":[{"href":"https:\/\/www.grills-saveurs.ch\/fr\/wp-json\/wp\/v2\/product\/7005"}],"collection":[{"href":"https:\/\/www.grills-saveurs.ch\/fr\/wp-json\/wp\/v2\/product"}],"about":[{"href":"https:\/\/www.grills-saveurs.ch\/fr\/wp-json\/wp\/v2\/types\/product"}],"wp:featuredmedia":[{"embeddable":true,"href":"https:\/\/www.grills-saveurs.ch\/fr\/wp-json\/wp\/v2\/media\/7214"}],"wp:attachment":[{"href":"https:\/\/www.grills-saveurs.ch\/fr\/wp-json\/wp\/v2\/media?parent=7005"}],"wp:term":[{"taxonomy":"product_cat","embeddable":true,"href":"https:\/\/www.grills-saveurs.ch\/fr\/wp-json\/wp\/v2\/product_cat?post=7005"},{"taxonomy":"product_tag","embeddable":true,"href":"https:\/\/www.grills-saveurs.ch\/fr\/wp-json\/wp\/v2\/product_tag?post=7005"}],"curies":[{"name":"wp","href":"https:\/\/api.w.org\/{rel}","templated":true}]}}