{"id":7007,"date":"2021-03-15T21:34:33","date_gmt":"2021-03-15T20:34:33","guid":{"rendered":"https:\/\/www.grills-saveurs.ch\/fr\/produit\/support-pour-weber-connect\/"},"modified":"2024-03-21T11:36:12","modified_gmt":"2024-03-21T10:36:12","slug":"support-pour-weber-connect","status":"publish","type":"product","link":"https:\/\/www.grills-saveurs.ch\/fr\/produit\/support-pour-weber-connect\/","title":{"rendered":"Kit de montage Weber Connect"},"content":{"rendered":"<h5>LE KIT DE MONTAGE WEBER CONNECT OFFICIEL<\/h5>\n<p>Gardez votre Weber Connect Smart Grilling Hub \u00e0 port\u00e9e de main pendant vos grillades. Gr\u00e2ce \u00e0 son assemblage facile, le kit de montage se fixe aux barbecues \u00e0 charbon, aux fumoirs et aux barbecues \u00e0 gaz pour tenir le Weber Connect pendant vos grillades. Le kit inclut \u00e9galement un sac de rangement pour regrouper toutes les pi\u00e8ces de montage.<\/p>\n<ul>\n<li>Le support de montage officiel pour le Weber Connect Smart Grilling hub<\/li>\n<li>Kit de fixation pour installer le Weber Connect sur des barbecues \u00e0 charbon, des fumoirs et des barbecues \u00e0 gaz<\/li>\n<li>Gardez le Weber Connect \u00e0 port\u00e9e de main pendant vos grillades<\/li>\n<li>Inclut un sac de rangement<\/li>\n<li>Le support aimant\u00e9 fixe le Weber Connect au support<\/li>\n<li>La sangle ajustable permet de l&rsquo;adapter aux diff\u00e9rents barbecues<\/li>\n<li>Dimensions du produit: 17.15cm h x 15.88cm l x 3.81cm p<br \/>\nMat\u00e9riau: acier inoxydable<\/li>\n<\/ul>\n<p>Fonctionne avec l&rsquo;assistant de cuisson <a href=\"https:\/\/www.grills-saveurs.ch\/fr\/produit\/weber-connect-smart-grilling-hub\/\" target=\"_blank\" rel=\"noopener\">Weber Connect Smart Grilling Hub<\/a> (vendu s\u00e9par\u00e9ment)<\/p>\n","protected":false},"excerpt":{"rendered":"<p>3255<\/p>\n","protected":false},"featured_media":7220,"template":"","meta":[],"product_cat":[118],"product_tag":[84],"yoast_head":"<!-- This site is optimized with the Yoast SEO plugin v18.2 - https:\/\/yoast.com\/wordpress\/plugins\/seo\/ -->\n<title>Kit de montage Weber Connect - Grills et Saveurs<\/title>\n<meta name=\"description\" content=\"Kit pour tenir le Weber Connect pendant vos grillades destin\u00e9e aux barbecues \u00e0 charbon, fumoirs et barbecues \u00e0 gaz, avec sangle ajustable.\" \/>\n<meta name=\"robots\" content=\"index, follow, max-snippet:-1, max-image-preview:large, max-video-preview:-1\" \/>\n<link rel=\"canonical\" href=\"https:\/\/www.grills-saveurs.ch\/fr\/produit\/support-pour-weber-connect\/\" \/>\n<meta property=\"og:locale\" content=\"fr_FR\" \/>\n<meta property=\"og:type\" content=\"article\" \/>\n<meta property=\"og:title\" content=\"Kit de montage Weber Connect - Grills et Saveurs\" \/>\n<meta property=\"og:description\" content=\"Kit pour tenir le Weber Connect pendant vos grillades destin\u00e9e aux barbecues \u00e0 charbon, fumoirs et barbecues \u00e0 gaz, avec sangle ajustable.\" \/>\n<meta property=\"og:url\" content=\"https:\/\/www.grills-saveurs.ch\/fr\/produit\/support-pour-weber-connect\/\" \/>\n<meta property=\"og:site_name\" content=\"Grills et Saveurs\" \/>\n<meta property=\"article:modified_time\" content=\"2024-03-21T10:36:12+00:00\" \/>\n<meta property=\"og:image\" content=\"https:\/\/www.grills-saveurs.ch\/fr\/wp-content\/uploads\/2021\/03\/3254_3255_Mounting_Kit_1_1800x1800.png\" \/>\n\t<meta property=\"og:image:width\" content=\"1000\" \/>\n\t<meta property=\"og:image:height\" content=\"950\" \/>\n\t<meta property=\"og:image:type\" content=\"image\/png\" \/>\n<meta name=\"twitter:card\" content=\"summary_large_image\" \/>\n<meta name=\"twitter:label1\" content=\"Dur\u00e9e de lecture estim\u00e9e\" \/>\n\t<meta name=\"twitter:data1\" content=\"1 minute\" \/>\n<script type=\"application\/ld+json\" class=\"yoast-schema-graph\">{\"@context\":\"https:\/\/schema.org\",\"@graph\":[{\"@type\":\"WebSite\",\"@id\":\"https:\/\/www.grills-saveurs.ch\/fr\/#website\",\"url\":\"https:\/\/www.grills-saveurs.ch\/fr\/\",\"name\":\"Grills et Saveurs\",\"description\":\"Barbecues, Grills, Planchas, Chemin\u00e9es jardin - Lausanne, Suisse Romande\",\"potentialAction\":[{\"@type\":\"SearchAction\",\"target\":{\"@type\":\"EntryPoint\",\"urlTemplate\":\"https:\/\/www.grills-saveurs.ch\/fr\/?s={search_term_string}\"},\"query-input\":\"required name=search_term_string\"}],\"inLanguage\":\"fr-FR\"},{\"@type\":\"ImageObject\",\"@id\":\"https:\/\/www.grills-saveurs.ch\/fr\/produit\/support-pour-weber-connect\/#primaryimage\",\"inLanguage\":\"fr-FR\",\"url\":\"https:\/\/www.grills-saveurs.ch\/fr\/wp-content\/uploads\/2021\/03\/3254_3255_Mounting_Kit_1_1800x1800.png\",\"contentUrl\":\"https:\/\/www.grills-saveurs.ch\/fr\/wp-content\/uploads\/2021\/03\/3254_3255_Mounting_Kit_1_1800x1800.png\",\"width\":1000,\"height\":950,\"caption\":\"Kit de montage en 6 pi\u00e8ces Weber Connect\"},{\"@type\":\"WebPage\",\"@id\":\"https:\/\/www.grills-saveurs.ch\/fr\/produit\/support-pour-weber-connect\/#webpage\",\"url\":\"https:\/\/www.grills-saveurs.ch\/fr\/produit\/support-pour-weber-connect\/\",\"name\":\"Kit de montage Weber Connect - Grills et Saveurs\",\"isPartOf\":{\"@id\":\"https:\/\/www.grills-saveurs.ch\/fr\/#website\"},\"primaryImageOfPage\":{\"@id\":\"https:\/\/www.grills-saveurs.ch\/fr\/produit\/support-pour-weber-connect\/#primaryimage\"},\"datePublished\":\"2021-03-15T20:34:33+00:00\",\"dateModified\":\"2024-03-21T10:36:12+00:00\",\"description\":\"Kit pour tenir le Weber Connect pendant vos grillades destin\u00e9e aux barbecues \u00e0 charbon, fumoirs et barbecues \u00e0 gaz, avec sangle ajustable.\",\"breadcrumb\":{\"@id\":\"https:\/\/www.grills-saveurs.ch\/fr\/produit\/support-pour-weber-connect\/#breadcrumb\"},\"inLanguage\":\"fr-FR\",\"potentialAction\":[{\"@type\":\"ReadAction\",\"target\":[\"https:\/\/www.grills-saveurs.ch\/fr\/produit\/support-pour-weber-connect\/\"]}]},{\"@type\":\"BreadcrumbList\",\"@id\":\"https:\/\/www.grills-saveurs.ch\/fr\/produit\/support-pour-weber-connect\/#breadcrumb\",\"itemListElement\":[{\"@type\":\"ListItem\",\"position\":1,\"name\":\"Accueil\",\"item\":\"https:\/\/www.grills-saveurs.ch\/fr\/\"},{\"@type\":\"ListItem\",\"position\":2,\"name\":\"Shop \/ Boutique\",\"item\":\"https:\/\/www.grills-saveurs.ch\/fr\/boutique\/\"},{\"@type\":\"ListItem\",\"position\":3,\"name\":\"Kit de montage Weber Connect\"}]}]}<\/script>\n<!-- \/ Yoast SEO plugin. -->","yoast_head_json":{"title":"Kit de montage Weber Connect - Grills et Saveurs","description":"Kit pour tenir le Weber Connect pendant vos grillades destin\u00e9e aux barbecues \u00e0 charbon, fumoirs et barbecues \u00e0 gaz, avec sangle ajustable.","robots":{"index":"index","follow":"follow","max-snippet":"max-snippet:-1","max-image-preview":"max-image-preview:large","max-video-preview":"max-video-preview:-1"},"canonical":"https:\/\/www.grills-saveurs.ch\/fr\/produit\/support-pour-weber-connect\/","og_locale":"fr_FR","og_type":"article","og_title":"Kit de montage Weber Connect - Grills et Saveurs","og_description":"Kit pour tenir le Weber Connect pendant vos grillades destin\u00e9e aux barbecues \u00e0 charbon, fumoirs et barbecues \u00e0 gaz, avec sangle ajustable.","og_url":"https:\/\/www.grills-saveurs.ch\/fr\/produit\/support-pour-weber-connect\/","og_site_name":"Grills et Saveurs","article_modified_time":"2024-03-21T10:36:12+00:00","og_image":[{"width":1000,"height":950,"url":"https:\/\/www.grills-saveurs.ch\/fr\/wp-content\/uploads\/2021\/03\/3254_3255_Mounting_Kit_1_1800x1800.png","type":"image\/png"}],"twitter_card":"summary_large_image","twitter_misc":{"Dur\u00e9e de lecture estim\u00e9e":"1 minute"},"schema":{"@context":"https:\/\/schema.org","@graph":[{"@type":"WebSite","@id":"https:\/\/www.grills-saveurs.ch\/fr\/#website","url":"https:\/\/www.grills-saveurs.ch\/fr\/","name":"Grills et Saveurs","description":"Barbecues, Grills, Planchas, Chemin\u00e9es jardin - Lausanne, Suisse Romande","potentialAction":[{"@type":"SearchAction","target":{"@type":"EntryPoint","urlTemplate":"https:\/\/www.grills-saveurs.ch\/fr\/?s={search_term_string}"},"query-input":"required name=search_term_string"}],"inLanguage":"fr-FR"},{"@type":"ImageObject","@id":"https:\/\/www.grills-saveurs.ch\/fr\/produit\/support-pour-weber-connect\/#primaryimage","inLanguage":"fr-FR","url":"https:\/\/www.grills-saveurs.ch\/fr\/wp-content\/uploads\/2021\/03\/3254_3255_Mounting_Kit_1_1800x1800.png","contentUrl":"https:\/\/www.grills-saveurs.ch\/fr\/wp-content\/uploads\/2021\/03\/3254_3255_Mounting_Kit_1_1800x1800.png","width":1000,"height":950,"caption":"Kit de montage en 6 pi\u00e8ces Weber Connect"},{"@type":"WebPage","@id":"https:\/\/www.grills-saveurs.ch\/fr\/produit\/support-pour-weber-connect\/#webpage","url":"https:\/\/www.grills-saveurs.ch\/fr\/produit\/support-pour-weber-connect\/","name":"Kit de montage Weber Connect - Grills et Saveurs","isPartOf":{"@id":"https:\/\/www.grills-saveurs.ch\/fr\/#website"},"primaryImageOfPage":{"@id":"https:\/\/www.grills-saveurs.ch\/fr\/produit\/support-pour-weber-connect\/#primaryimage"},"datePublished":"2021-03-15T20:34:33+00:00","dateModified":"2024-03-21T10:36:12+00:00","description":"Kit pour tenir le Weber Connect pendant vos grillades destin\u00e9e aux barbecues \u00e0 charbon, fumoirs et barbecues \u00e0 gaz, avec sangle ajustable.","breadcrumb":{"@id":"https:\/\/www.grills-saveurs.ch\/fr\/produit\/support-pour-weber-connect\/#breadcrumb"},"inLanguage":"fr-FR","potentialAction":[{"@type":"ReadAction","target":["https:\/\/www.grills-saveurs.ch\/fr\/produit\/support-pour-weber-connect\/"]}]},{"@type":"BreadcrumbList","@id":"https:\/\/www.grills-saveurs.ch\/fr\/produit\/support-pour-weber-connect\/#breadcrumb","itemListElement":[{"@type":"ListItem","position":1,"name":"Accueil","item":"https:\/\/www.grills-saveurs.ch\/fr\/"},{"@type":"ListItem","position":2,"name":"Shop \/ Boutique","item":"https:\/\/www.grills-saveurs.ch\/fr\/boutique\/"},{"@type":"ListItem","position":3,"name":"Kit de montage Weber Connect"}]}]}},"_links":{"self":[{"href":"https:\/\/www.grills-saveurs.ch\/fr\/wp-json\/wp\/v2\/product\/7007"}],"collection":[{"href":"https:\/\/www.grills-saveurs.ch\/fr\/wp-json\/wp\/v2\/product"}],"about":[{"href":"https:\/\/www.grills-saveurs.ch\/fr\/wp-json\/wp\/v2\/types\/product"}],"wp:featuredmedia":[{"embeddable":true,"href":"https:\/\/www.grills-saveurs.ch\/fr\/wp-json\/wp\/v2\/media\/7220"}],"wp:attachment":[{"href":"https:\/\/www.grills-saveurs.ch\/fr\/wp-json\/wp\/v2\/media?parent=7007"}],"wp:term":[{"taxonomy":"product_cat","embeddable":true,"href":"https:\/\/www.grills-saveurs.ch\/fr\/wp-json\/wp\/v2\/product_cat?post=7007"},{"taxonomy":"product_tag","embeddable":true,"href":"https:\/\/www.grills-saveurs.ch\/fr\/wp-json\/wp\/v2\/product_tag?post=7007"}],"curies":[{"name":"wp","href":"https:\/\/api.w.org\/{rel}","templated":true}]}}