{"id":7008,"date":"2021-03-15T21:34:33","date_gmt":"2021-03-15T20:34:33","guid":{"rendered":"https:\/\/www.grills-saveurs.ch\/fr\/produit\/etui-pour-weber-connect\/"},"modified":"2024-03-21T11:38:39","modified_gmt":"2024-03-21T10:38:39","slug":"etui-pour-weber-connect","status":"publish","type":"product","link":"https:\/\/www.grills-saveurs.ch\/fr\/produit\/etui-pour-weber-connect\/","title":{"rendered":"Etui pour Weber Connect"},"content":{"rendered":"<h5>LE SAC WEBER CONNECT OFFICIEL<\/h5>\n<p><strong>Sac de rangement et de transport Weber Connect<\/strong><\/p>\n<p>Le sac Weber Connect est id\u00e9al pour prot\u00e9ger et ranger votre assistant de grillades lorsque vous ne l&rsquo;utilisez pas. L&rsquo;int\u00e9rieur est doubl\u00e9 en mousse EVA de qualit\u00e9 sup\u00e9rieure pour accueillir le <a href=\"https:\/\/www.grills-saveurs.ch\/fr\/produit\/weber-connect-smart-grilling-hub\/\" target=\"_blank\" rel=\"noopener\">Weber Connect Smart Grilling Hub<\/a>, le c\u00e2ble de chargement USB, la sonde de temp\u00e9rature ambiante et jusqu&rsquo;\u00e0 4 sondes suppl\u00e9mentaires. L&rsquo;ext\u00e9rieur du sac est facile \u00e0 essuyer.<\/p>\n<ul>\n<li>Le sac officiel pour le Weber Connect Smart Grilling Hub<\/li>\n<li>Rangez le Weber Connect Smart Grilling Hub et les accessoires<\/li>\n<li>Le mat\u00e9riau ext\u00e9rieur est r\u00e9sistant aux taches et \u00e0 la poussi\u00e8re<\/li>\n<li>La mousse EVA \u00e0 l&rsquo;int\u00e9rieur prot\u00e8ge contre les chocs pour \u00e9viter les dommages<\/li>\n<li>Poches en filets pour des rangements suppl\u00e9mentaires<\/li>\n<li>Poign\u00e9e et tirettes de fermeture \u00e0 glissi\u00e8re souples<\/li>\n<li>Dimensions du produit: 22.23cm h x 22.86cm l x 6.99cm p<\/li>\n<\/ul>\n<p><a href=\"https:\/\/www.grills-saveurs.ch\/fr\/product-category\/barbecues-weber\/accessoires-weber\/cuisson\/i-grill-thermometres-et-minuteurs\/#shop\" target=\"_blank\" rel=\"noopener\">Weber Connect Smart Grilling Hub<\/a> et les accessoires sont vendus s\u00e9par\u00e9ment.<\/p>\n","protected":false},"excerpt":{"rendered":"<p>3251<\/p>\n","protected":false},"featured_media":7228,"template":"","meta":[],"product_cat":[118],"product_tag":[84],"yoast_head":"<!-- This site is optimized with the Yoast SEO plugin v18.2 - https:\/\/yoast.com\/wordpress\/plugins\/seo\/ -->\n<title>Etui pour Weber Connect - Grills et Saveurs<\/title>\n<meta name=\"description\" content=\"Pour accueillir le Weber Connect, le c\u00e2ble de chargement USB, la sonde de temp\u00e9rature ambiante et jusqu&#039;\u00e0 4 sondes suppl\u00e9mentaires.\" \/>\n<meta name=\"robots\" content=\"index, follow, max-snippet:-1, max-image-preview:large, max-video-preview:-1\" \/>\n<link rel=\"canonical\" href=\"https:\/\/www.grills-saveurs.ch\/fr\/produit\/etui-pour-weber-connect\/\" \/>\n<meta property=\"og:locale\" content=\"fr_FR\" \/>\n<meta property=\"og:type\" content=\"article\" \/>\n<meta property=\"og:title\" content=\"Etui pour Weber Connect - Grills et Saveurs\" \/>\n<meta property=\"og:description\" content=\"Pour accueillir le Weber Connect, le c\u00e2ble de chargement USB, la sonde de temp\u00e9rature ambiante et jusqu&#039;\u00e0 4 sondes suppl\u00e9mentaires.\" \/>\n<meta property=\"og:url\" content=\"https:\/\/www.grills-saveurs.ch\/fr\/produit\/etui-pour-weber-connect\/\" \/>\n<meta property=\"og:site_name\" content=\"Grills et Saveurs\" \/>\n<meta property=\"article:modified_time\" content=\"2024-03-21T10:38:39+00:00\" \/>\n<meta property=\"og:image\" content=\"https:\/\/www.grills-saveurs.ch\/fr\/wp-content\/uploads\/2021\/03\/3250_3251A_1800x1800.png\" \/>\n\t<meta property=\"og:image:width\" content=\"1000\" \/>\n\t<meta property=\"og:image:height\" content=\"950\" \/>\n\t<meta property=\"og:image:type\" content=\"image\/png\" \/>\n<meta name=\"twitter:card\" content=\"summary_large_image\" \/>\n<meta name=\"twitter:label1\" content=\"Dur\u00e9e de lecture estim\u00e9e\" \/>\n\t<meta name=\"twitter:data1\" content=\"1 minute\" \/>\n<script type=\"application\/ld+json\" class=\"yoast-schema-graph\">{\"@context\":\"https:\/\/schema.org\",\"@graph\":[{\"@type\":\"WebSite\",\"@id\":\"https:\/\/www.grills-saveurs.ch\/fr\/#website\",\"url\":\"https:\/\/www.grills-saveurs.ch\/fr\/\",\"name\":\"Grills et Saveurs\",\"description\":\"Barbecues, Grills, Planchas, Chemin\u00e9es jardin - Lausanne, Suisse Romande\",\"potentialAction\":[{\"@type\":\"SearchAction\",\"target\":{\"@type\":\"EntryPoint\",\"urlTemplate\":\"https:\/\/www.grills-saveurs.ch\/fr\/?s={search_term_string}\"},\"query-input\":\"required name=search_term_string\"}],\"inLanguage\":\"fr-FR\"},{\"@type\":\"ImageObject\",\"@id\":\"https:\/\/www.grills-saveurs.ch\/fr\/produit\/etui-pour-weber-connect\/#primaryimage\",\"inLanguage\":\"fr-FR\",\"url\":\"https:\/\/www.grills-saveurs.ch\/fr\/wp-content\/uploads\/2021\/03\/3250_3251A_1800x1800.png\",\"contentUrl\":\"https:\/\/www.grills-saveurs.ch\/fr\/wp-content\/uploads\/2021\/03\/3250_3251A_1800x1800.png\",\"width\":1000,\"height\":950,\"caption\":\"Sac de rangement et de transport Weber Connect\"},{\"@type\":\"WebPage\",\"@id\":\"https:\/\/www.grills-saveurs.ch\/fr\/produit\/etui-pour-weber-connect\/#webpage\",\"url\":\"https:\/\/www.grills-saveurs.ch\/fr\/produit\/etui-pour-weber-connect\/\",\"name\":\"Etui pour Weber Connect - Grills et Saveurs\",\"isPartOf\":{\"@id\":\"https:\/\/www.grills-saveurs.ch\/fr\/#website\"},\"primaryImageOfPage\":{\"@id\":\"https:\/\/www.grills-saveurs.ch\/fr\/produit\/etui-pour-weber-connect\/#primaryimage\"},\"datePublished\":\"2021-03-15T20:34:33+00:00\",\"dateModified\":\"2024-03-21T10:38:39+00:00\",\"description\":\"Pour accueillir le Weber Connect, le c\u00e2ble de chargement USB, la sonde de temp\u00e9rature ambiante et jusqu'\u00e0 4 sondes suppl\u00e9mentaires.\",\"breadcrumb\":{\"@id\":\"https:\/\/www.grills-saveurs.ch\/fr\/produit\/etui-pour-weber-connect\/#breadcrumb\"},\"inLanguage\":\"fr-FR\",\"potentialAction\":[{\"@type\":\"ReadAction\",\"target\":[\"https:\/\/www.grills-saveurs.ch\/fr\/produit\/etui-pour-weber-connect\/\"]}]},{\"@type\":\"BreadcrumbList\",\"@id\":\"https:\/\/www.grills-saveurs.ch\/fr\/produit\/etui-pour-weber-connect\/#breadcrumb\",\"itemListElement\":[{\"@type\":\"ListItem\",\"position\":1,\"name\":\"Accueil\",\"item\":\"https:\/\/www.grills-saveurs.ch\/fr\/\"},{\"@type\":\"ListItem\",\"position\":2,\"name\":\"Shop \/ Boutique\",\"item\":\"https:\/\/www.grills-saveurs.ch\/fr\/boutique\/\"},{\"@type\":\"ListItem\",\"position\":3,\"name\":\"Etui pour Weber Connect\"}]}]}<\/script>\n<!-- \/ Yoast SEO plugin. -->","yoast_head_json":{"title":"Etui pour Weber Connect - Grills et Saveurs","description":"Pour accueillir le Weber Connect, le c\u00e2ble de chargement USB, la sonde de temp\u00e9rature ambiante et jusqu'\u00e0 4 sondes suppl\u00e9mentaires.","robots":{"index":"index","follow":"follow","max-snippet":"max-snippet:-1","max-image-preview":"max-image-preview:large","max-video-preview":"max-video-preview:-1"},"canonical":"https:\/\/www.grills-saveurs.ch\/fr\/produit\/etui-pour-weber-connect\/","og_locale":"fr_FR","og_type":"article","og_title":"Etui pour Weber Connect - Grills et Saveurs","og_description":"Pour accueillir le Weber Connect, le c\u00e2ble de chargement USB, la sonde de temp\u00e9rature ambiante et jusqu'\u00e0 4 sondes suppl\u00e9mentaires.","og_url":"https:\/\/www.grills-saveurs.ch\/fr\/produit\/etui-pour-weber-connect\/","og_site_name":"Grills et Saveurs","article_modified_time":"2024-03-21T10:38:39+00:00","og_image":[{"width":1000,"height":950,"url":"https:\/\/www.grills-saveurs.ch\/fr\/wp-content\/uploads\/2021\/03\/3250_3251A_1800x1800.png","type":"image\/png"}],"twitter_card":"summary_large_image","twitter_misc":{"Dur\u00e9e de lecture estim\u00e9e":"1 minute"},"schema":{"@context":"https:\/\/schema.org","@graph":[{"@type":"WebSite","@id":"https:\/\/www.grills-saveurs.ch\/fr\/#website","url":"https:\/\/www.grills-saveurs.ch\/fr\/","name":"Grills et Saveurs","description":"Barbecues, Grills, Planchas, Chemin\u00e9es jardin - Lausanne, Suisse Romande","potentialAction":[{"@type":"SearchAction","target":{"@type":"EntryPoint","urlTemplate":"https:\/\/www.grills-saveurs.ch\/fr\/?s={search_term_string}"},"query-input":"required name=search_term_string"}],"inLanguage":"fr-FR"},{"@type":"ImageObject","@id":"https:\/\/www.grills-saveurs.ch\/fr\/produit\/etui-pour-weber-connect\/#primaryimage","inLanguage":"fr-FR","url":"https:\/\/www.grills-saveurs.ch\/fr\/wp-content\/uploads\/2021\/03\/3250_3251A_1800x1800.png","contentUrl":"https:\/\/www.grills-saveurs.ch\/fr\/wp-content\/uploads\/2021\/03\/3250_3251A_1800x1800.png","width":1000,"height":950,"caption":"Sac de rangement et de transport Weber Connect"},{"@type":"WebPage","@id":"https:\/\/www.grills-saveurs.ch\/fr\/produit\/etui-pour-weber-connect\/#webpage","url":"https:\/\/www.grills-saveurs.ch\/fr\/produit\/etui-pour-weber-connect\/","name":"Etui pour Weber Connect - Grills et Saveurs","isPartOf":{"@id":"https:\/\/www.grills-saveurs.ch\/fr\/#website"},"primaryImageOfPage":{"@id":"https:\/\/www.grills-saveurs.ch\/fr\/produit\/etui-pour-weber-connect\/#primaryimage"},"datePublished":"2021-03-15T20:34:33+00:00","dateModified":"2024-03-21T10:38:39+00:00","description":"Pour accueillir le Weber Connect, le c\u00e2ble de chargement USB, la sonde de temp\u00e9rature ambiante et jusqu'\u00e0 4 sondes suppl\u00e9mentaires.","breadcrumb":{"@id":"https:\/\/www.grills-saveurs.ch\/fr\/produit\/etui-pour-weber-connect\/#breadcrumb"},"inLanguage":"fr-FR","potentialAction":[{"@type":"ReadAction","target":["https:\/\/www.grills-saveurs.ch\/fr\/produit\/etui-pour-weber-connect\/"]}]},{"@type":"BreadcrumbList","@id":"https:\/\/www.grills-saveurs.ch\/fr\/produit\/etui-pour-weber-connect\/#breadcrumb","itemListElement":[{"@type":"ListItem","position":1,"name":"Accueil","item":"https:\/\/www.grills-saveurs.ch\/fr\/"},{"@type":"ListItem","position":2,"name":"Shop \/ Boutique","item":"https:\/\/www.grills-saveurs.ch\/fr\/boutique\/"},{"@type":"ListItem","position":3,"name":"Etui pour Weber Connect"}]}]}},"_links":{"self":[{"href":"https:\/\/www.grills-saveurs.ch\/fr\/wp-json\/wp\/v2\/product\/7008"}],"collection":[{"href":"https:\/\/www.grills-saveurs.ch\/fr\/wp-json\/wp\/v2\/product"}],"about":[{"href":"https:\/\/www.grills-saveurs.ch\/fr\/wp-json\/wp\/v2\/types\/product"}],"wp:featuredmedia":[{"embeddable":true,"href":"https:\/\/www.grills-saveurs.ch\/fr\/wp-json\/wp\/v2\/media\/7228"}],"wp:attachment":[{"href":"https:\/\/www.grills-saveurs.ch\/fr\/wp-json\/wp\/v2\/media?parent=7008"}],"wp:term":[{"taxonomy":"product_cat","embeddable":true,"href":"https:\/\/www.grills-saveurs.ch\/fr\/wp-json\/wp\/v2\/product_cat?post=7008"},{"taxonomy":"product_tag","embeddable":true,"href":"https:\/\/www.grills-saveurs.ch\/fr\/wp-json\/wp\/v2\/product_tag?post=7008"}],"curies":[{"name":"wp","href":"https:\/\/api.w.org\/{rel}","templated":true}]}}