{"id":7013,"date":"2021-03-15T21:34:34","date_gmt":"2021-03-15T20:34:34","guid":{"rendered":"https:\/\/www.grills-saveurs.ch\/fr\/produit\/cubes-allume-feu-22-pices-par-sachet\/"},"modified":"2024-03-21T14:35:11","modified_gmt":"2024-03-21T13:35:11","slug":"cubes-allume-feu-22-pieces-par-sachet","status":"publish","type":"product","link":"https:\/\/www.grills-saveurs.ch\/fr\/produit\/cubes-allume-feu-22-pieces-par-sachet\/","title":{"rendered":"Cubes allume-feu 22 pi\u00e8ces"},"content":{"rendered":"<p>D\u00e8s votre premi\u00e8re utilisation de ces cubes allume-feu, vous ne pourrez plus vous en passer. Les cubes allume-feu sont la solution pour un allumage rapide, propre et \u00e9cologique du charbon. M\u00eame par temps humide ou venteux, ils s\u2019embrasent et allument votre charbon en quelques secondes, sans la moindre odeur ni le moindre go\u00fbt de liquide allume-feu qui g\u00e2cherait vos grillades.<\/p>\n<h5>CARACT\u00c9RISTIQUES<\/h5>\n<ul>\n<li>Allumage facile, m\u00eame par temps humide<\/li>\n<li>Sachets \u00e0 utilisation unique pour barbecues, chemin\u00e9es et cuisini\u00e8res<\/li>\n<li>Lot de 22<\/li>\n<\/ul>\n","protected":false},"excerpt":{"rendered":"<p>17945<\/p>\n","protected":false},"featured_media":7241,"template":"","meta":[],"product_cat":[186,120],"product_tag":[84],"yoast_head":"<!-- This site is optimized with the Yoast SEO plugin v18.2 - https:\/\/yoast.com\/wordpress\/plugins\/seo\/ -->\n<title>Cubes allume-feu 22 pi\u00e8ces - Grills et Saveurs<\/title>\n<meta name=\"robots\" content=\"index, follow, max-snippet:-1, max-image-preview:large, max-video-preview:-1\" \/>\n<link rel=\"canonical\" href=\"https:\/\/www.grills-saveurs.ch\/fr\/produit\/cubes-allume-feu-22-pieces-par-sachet\/\" \/>\n<meta property=\"og:locale\" content=\"fr_FR\" \/>\n<meta property=\"og:type\" content=\"article\" \/>\n<meta property=\"og:title\" content=\"Cubes allume-feu 22 pi\u00e8ces - Grills et Saveurs\" \/>\n<meta property=\"og:description\" content=\"17945\" \/>\n<meta property=\"og:url\" content=\"https:\/\/www.grills-saveurs.ch\/fr\/produit\/cubes-allume-feu-22-pieces-par-sachet\/\" \/>\n<meta property=\"og:site_name\" content=\"Grills et Saveurs\" \/>\n<meta property=\"article:modified_time\" content=\"2024-03-21T13:35:11+00:00\" \/>\n<meta property=\"og:image\" content=\"https:\/\/www.grills-saveurs.ch\/fr\/wp-content\/uploads\/2021\/03\/17945.png\" \/>\n\t<meta property=\"og:image:width\" content=\"1000\" \/>\n\t<meta property=\"og:image:height\" content=\"950\" \/>\n\t<meta property=\"og:image:type\" content=\"image\/png\" \/>\n<meta name=\"twitter:card\" content=\"summary_large_image\" \/>\n<meta name=\"twitter:label1\" content=\"Dur\u00e9e de lecture estim\u00e9e\" \/>\n\t<meta name=\"twitter:data1\" content=\"1 minute\" \/>\n<script type=\"application\/ld+json\" class=\"yoast-schema-graph\">{\"@context\":\"https:\/\/schema.org\",\"@graph\":[{\"@type\":\"WebSite\",\"@id\":\"https:\/\/www.grills-saveurs.ch\/fr\/#website\",\"url\":\"https:\/\/www.grills-saveurs.ch\/fr\/\",\"name\":\"Grills et Saveurs\",\"description\":\"Barbecues, Grills, Planchas, Chemin\u00e9es jardin - Lausanne, Suisse Romande\",\"potentialAction\":[{\"@type\":\"SearchAction\",\"target\":{\"@type\":\"EntryPoint\",\"urlTemplate\":\"https:\/\/www.grills-saveurs.ch\/fr\/?s={search_term_string}\"},\"query-input\":\"required name=search_term_string\"}],\"inLanguage\":\"fr-FR\"},{\"@type\":\"ImageObject\",\"@id\":\"https:\/\/www.grills-saveurs.ch\/fr\/produit\/cubes-allume-feu-22-pieces-par-sachet\/#primaryimage\",\"inLanguage\":\"fr-FR\",\"url\":\"https:\/\/www.grills-saveurs.ch\/fr\/wp-content\/uploads\/2021\/03\/17945.png\",\"contentUrl\":\"https:\/\/www.grills-saveurs.ch\/fr\/wp-content\/uploads\/2021\/03\/17945.png\",\"width\":1000,\"height\":950,\"caption\":\"Cubes allume-feu Lot de 22\"},{\"@type\":\"WebPage\",\"@id\":\"https:\/\/www.grills-saveurs.ch\/fr\/produit\/cubes-allume-feu-22-pieces-par-sachet\/#webpage\",\"url\":\"https:\/\/www.grills-saveurs.ch\/fr\/produit\/cubes-allume-feu-22-pieces-par-sachet\/\",\"name\":\"Cubes allume-feu 22 pi\u00e8ces - Grills et Saveurs\",\"isPartOf\":{\"@id\":\"https:\/\/www.grills-saveurs.ch\/fr\/#website\"},\"primaryImageOfPage\":{\"@id\":\"https:\/\/www.grills-saveurs.ch\/fr\/produit\/cubes-allume-feu-22-pieces-par-sachet\/#primaryimage\"},\"datePublished\":\"2021-03-15T20:34:34+00:00\",\"dateModified\":\"2024-03-21T13:35:11+00:00\",\"breadcrumb\":{\"@id\":\"https:\/\/www.grills-saveurs.ch\/fr\/produit\/cubes-allume-feu-22-pieces-par-sachet\/#breadcrumb\"},\"inLanguage\":\"fr-FR\",\"potentialAction\":[{\"@type\":\"ReadAction\",\"target\":[\"https:\/\/www.grills-saveurs.ch\/fr\/produit\/cubes-allume-feu-22-pieces-par-sachet\/\"]}]},{\"@type\":\"BreadcrumbList\",\"@id\":\"https:\/\/www.grills-saveurs.ch\/fr\/produit\/cubes-allume-feu-22-pieces-par-sachet\/#breadcrumb\",\"itemListElement\":[{\"@type\":\"ListItem\",\"position\":1,\"name\":\"Accueil\",\"item\":\"https:\/\/www.grills-saveurs.ch\/fr\/\"},{\"@type\":\"ListItem\",\"position\":2,\"name\":\"Shop \/ Boutique\",\"item\":\"https:\/\/www.grills-saveurs.ch\/fr\/boutique\/\"},{\"@type\":\"ListItem\",\"position\":3,\"name\":\"Cubes allume-feu 22 pi\u00e8ces\"}]}]}<\/script>\n<!-- \/ Yoast SEO plugin. -->","yoast_head_json":{"title":"Cubes allume-feu 22 pi\u00e8ces - Grills et Saveurs","robots":{"index":"index","follow":"follow","max-snippet":"max-snippet:-1","max-image-preview":"max-image-preview:large","max-video-preview":"max-video-preview:-1"},"canonical":"https:\/\/www.grills-saveurs.ch\/fr\/produit\/cubes-allume-feu-22-pieces-par-sachet\/","og_locale":"fr_FR","og_type":"article","og_title":"Cubes allume-feu 22 pi\u00e8ces - Grills et Saveurs","og_description":"17945","og_url":"https:\/\/www.grills-saveurs.ch\/fr\/produit\/cubes-allume-feu-22-pieces-par-sachet\/","og_site_name":"Grills et Saveurs","article_modified_time":"2024-03-21T13:35:11+00:00","og_image":[{"width":1000,"height":950,"url":"https:\/\/www.grills-saveurs.ch\/fr\/wp-content\/uploads\/2021\/03\/17945.png","type":"image\/png"}],"twitter_card":"summary_large_image","twitter_misc":{"Dur\u00e9e de lecture estim\u00e9e":"1 minute"},"schema":{"@context":"https:\/\/schema.org","@graph":[{"@type":"WebSite","@id":"https:\/\/www.grills-saveurs.ch\/fr\/#website","url":"https:\/\/www.grills-saveurs.ch\/fr\/","name":"Grills et Saveurs","description":"Barbecues, Grills, Planchas, Chemin\u00e9es jardin - Lausanne, Suisse Romande","potentialAction":[{"@type":"SearchAction","target":{"@type":"EntryPoint","urlTemplate":"https:\/\/www.grills-saveurs.ch\/fr\/?s={search_term_string}"},"query-input":"required name=search_term_string"}],"inLanguage":"fr-FR"},{"@type":"ImageObject","@id":"https:\/\/www.grills-saveurs.ch\/fr\/produit\/cubes-allume-feu-22-pieces-par-sachet\/#primaryimage","inLanguage":"fr-FR","url":"https:\/\/www.grills-saveurs.ch\/fr\/wp-content\/uploads\/2021\/03\/17945.png","contentUrl":"https:\/\/www.grills-saveurs.ch\/fr\/wp-content\/uploads\/2021\/03\/17945.png","width":1000,"height":950,"caption":"Cubes allume-feu Lot de 22"},{"@type":"WebPage","@id":"https:\/\/www.grills-saveurs.ch\/fr\/produit\/cubes-allume-feu-22-pieces-par-sachet\/#webpage","url":"https:\/\/www.grills-saveurs.ch\/fr\/produit\/cubes-allume-feu-22-pieces-par-sachet\/","name":"Cubes allume-feu 22 pi\u00e8ces - Grills et Saveurs","isPartOf":{"@id":"https:\/\/www.grills-saveurs.ch\/fr\/#website"},"primaryImageOfPage":{"@id":"https:\/\/www.grills-saveurs.ch\/fr\/produit\/cubes-allume-feu-22-pieces-par-sachet\/#primaryimage"},"datePublished":"2021-03-15T20:34:34+00:00","dateModified":"2024-03-21T13:35:11+00:00","breadcrumb":{"@id":"https:\/\/www.grills-saveurs.ch\/fr\/produit\/cubes-allume-feu-22-pieces-par-sachet\/#breadcrumb"},"inLanguage":"fr-FR","potentialAction":[{"@type":"ReadAction","target":["https:\/\/www.grills-saveurs.ch\/fr\/produit\/cubes-allume-feu-22-pieces-par-sachet\/"]}]},{"@type":"BreadcrumbList","@id":"https:\/\/www.grills-saveurs.ch\/fr\/produit\/cubes-allume-feu-22-pieces-par-sachet\/#breadcrumb","itemListElement":[{"@type":"ListItem","position":1,"name":"Accueil","item":"https:\/\/www.grills-saveurs.ch\/fr\/"},{"@type":"ListItem","position":2,"name":"Shop \/ Boutique","item":"https:\/\/www.grills-saveurs.ch\/fr\/boutique\/"},{"@type":"ListItem","position":3,"name":"Cubes allume-feu 22 pi\u00e8ces"}]}]}},"_links":{"self":[{"href":"https:\/\/www.grills-saveurs.ch\/fr\/wp-json\/wp\/v2\/product\/7013"}],"collection":[{"href":"https:\/\/www.grills-saveurs.ch\/fr\/wp-json\/wp\/v2\/product"}],"about":[{"href":"https:\/\/www.grills-saveurs.ch\/fr\/wp-json\/wp\/v2\/types\/product"}],"wp:featuredmedia":[{"embeddable":true,"href":"https:\/\/www.grills-saveurs.ch\/fr\/wp-json\/wp\/v2\/media\/7241"}],"wp:attachment":[{"href":"https:\/\/www.grills-saveurs.ch\/fr\/wp-json\/wp\/v2\/media?parent=7013"}],"wp:term":[{"taxonomy":"product_cat","embeddable":true,"href":"https:\/\/www.grills-saveurs.ch\/fr\/wp-json\/wp\/v2\/product_cat?post=7013"},{"taxonomy":"product_tag","embeddable":true,"href":"https:\/\/www.grills-saveurs.ch\/fr\/wp-json\/wp\/v2\/product_tag?post=7013"}],"curies":[{"name":"wp","href":"https:\/\/api.w.org\/{rel}","templated":true}]}}