{"id":7267,"date":"2021-04-15T19:53:08","date_gmt":"2021-04-15T17:53:08","guid":{"rendered":"https:\/\/www.grills-saveurs.ch\/fr\/?post_type=product&#038;p=7267"},"modified":"2024-03-19T14:45:58","modified_gmt":"2024-03-19T13:45:58","slug":"housse-bk-imperial-regal-600","status":"publish","type":"product","link":"https:\/\/www.grills-saveurs.ch\/fr\/produit\/housse-bk-imperial-regal-600\/","title":{"rendered":"Housse Premium pour Imperial et Regal 6 br\u00fbleurs"},"content":{"rendered":"<p>R\u00e9f. 68490<\/p>\n<p>Dimensions : 193 x 63 x H 122 cm.<\/p>\n","protected":false},"excerpt":{"rendered":"<p>Les housses de protection Premium Broil King sont faites de polyester tiss\u00e9 r\u00e9sistant et d\u2019un rev\u00eatement r\u00e9sistant \u00e0 l\u2019eau en PVC. Elles sont dot\u00e9es d\u2019un syst\u00e8me d\u2019a\u00e9ration \u00e0 mailles pour une meilleure circulation de l\u2019air et une plus grande r\u00e9sistance \u00e0 l\u2019humidit\u00e9, ainsi que de sangles de fermeture pour son ajustement. Les housses sont faciles \u00e0 retirer gr\u00e2ce \u00e0 leurs poign\u00e9es en caoutchouc moul\u00e9.<\/p>\n<p>Sp\u00e9cialement con\u00e7ue pour les barbecues de la gamme Imperial et Regal 6 br\u00fbleurs.<\/p>\n","protected":false},"featured_media":7270,"template":"","meta":[],"product_cat":[227],"product_tag":[187],"yoast_head":"<!-- This site is optimized with the Yoast SEO plugin v18.2 - https:\/\/yoast.com\/wordpress\/plugins\/seo\/ -->\n<title>Housse Premium pour Imperial et Regal 6 br\u00fbleurs - Grills et Saveurs<\/title>\n<meta name=\"description\" content=\"Housses de protection Premium Broil King en polyester r\u00e9sistant avec rev\u00eatement imperm\u00e9able PVC, syst\u00e8me d\u2019a\u00e9ration et sangles de fermeture.\" \/>\n<meta name=\"robots\" content=\"index, follow, max-snippet:-1, max-image-preview:large, max-video-preview:-1\" \/>\n<link rel=\"canonical\" href=\"https:\/\/www.grills-saveurs.ch\/fr\/produit\/housse-bk-imperial-regal-600\/\" \/>\n<meta property=\"og:locale\" content=\"fr_FR\" \/>\n<meta property=\"og:type\" content=\"article\" \/>\n<meta property=\"og:title\" content=\"Housse Premium pour Imperial et Regal 6 br\u00fbleurs - Grills et Saveurs\" \/>\n<meta property=\"og:description\" content=\"Housses de protection Premium Broil King en polyester r\u00e9sistant avec rev\u00eatement imperm\u00e9able PVC, syst\u00e8me d\u2019a\u00e9ration et sangles de fermeture.\" \/>\n<meta property=\"og:url\" content=\"https:\/\/www.grills-saveurs.ch\/fr\/produit\/housse-bk-imperial-regal-600\/\" \/>\n<meta property=\"og:site_name\" content=\"Grills et Saveurs\" \/>\n<meta property=\"article:modified_time\" content=\"2024-03-19T13:45:58+00:00\" \/>\n<meta property=\"og:image\" content=\"https:\/\/www.grills-saveurs.ch\/fr\/wp-content\/uploads\/2021\/04\/accessory_68490-18.jpg\" \/>\n\t<meta property=\"og:image:width\" content=\"600\" \/>\n\t<meta property=\"og:image:height\" content=\"600\" \/>\n\t<meta property=\"og:image:type\" content=\"image\/jpeg\" \/>\n<meta name=\"twitter:card\" content=\"summary_large_image\" \/>\n<meta name=\"twitter:label1\" content=\"Dur\u00e9e de lecture estim\u00e9e\" \/>\n\t<meta name=\"twitter:data1\" content=\"1 minute\" \/>\n<script type=\"application\/ld+json\" class=\"yoast-schema-graph\">{\"@context\":\"https:\/\/schema.org\",\"@graph\":[{\"@type\":\"WebSite\",\"@id\":\"https:\/\/www.grills-saveurs.ch\/fr\/#website\",\"url\":\"https:\/\/www.grills-saveurs.ch\/fr\/\",\"name\":\"Grills et Saveurs\",\"description\":\"Barbecues, Grills, Planchas, Chemin\u00e9es jardin - Lausanne, Suisse Romande\",\"potentialAction\":[{\"@type\":\"SearchAction\",\"target\":{\"@type\":\"EntryPoint\",\"urlTemplate\":\"https:\/\/www.grills-saveurs.ch\/fr\/?s={search_term_string}\"},\"query-input\":\"required name=search_term_string\"}],\"inLanguage\":\"fr-FR\"},{\"@type\":\"ImageObject\",\"@id\":\"https:\/\/www.grills-saveurs.ch\/fr\/produit\/housse-bk-imperial-regal-600\/#primaryimage\",\"inLanguage\":\"fr-FR\",\"url\":\"https:\/\/www.grills-saveurs.ch\/fr\/wp-content\/uploads\/2021\/04\/accessory_68490-18.jpg\",\"contentUrl\":\"https:\/\/www.grills-saveurs.ch\/fr\/wp-content\/uploads\/2021\/04\/accessory_68490-18.jpg\",\"width\":600,\"height\":600,\"caption\":\"Housse Broil King Imperial Regal\"},{\"@type\":\"WebPage\",\"@id\":\"https:\/\/www.grills-saveurs.ch\/fr\/produit\/housse-bk-imperial-regal-600\/#webpage\",\"url\":\"https:\/\/www.grills-saveurs.ch\/fr\/produit\/housse-bk-imperial-regal-600\/\",\"name\":\"Housse Premium pour Imperial et Regal 6 br\u00fbleurs - Grills et Saveurs\",\"isPartOf\":{\"@id\":\"https:\/\/www.grills-saveurs.ch\/fr\/#website\"},\"primaryImageOfPage\":{\"@id\":\"https:\/\/www.grills-saveurs.ch\/fr\/produit\/housse-bk-imperial-regal-600\/#primaryimage\"},\"datePublished\":\"2021-04-15T17:53:08+00:00\",\"dateModified\":\"2024-03-19T13:45:58+00:00\",\"description\":\"Housses de protection Premium Broil King en polyester r\u00e9sistant avec rev\u00eatement imperm\u00e9able PVC, syst\u00e8me d\u2019a\u00e9ration et sangles de fermeture.\",\"breadcrumb\":{\"@id\":\"https:\/\/www.grills-saveurs.ch\/fr\/produit\/housse-bk-imperial-regal-600\/#breadcrumb\"},\"inLanguage\":\"fr-FR\",\"potentialAction\":[{\"@type\":\"ReadAction\",\"target\":[\"https:\/\/www.grills-saveurs.ch\/fr\/produit\/housse-bk-imperial-regal-600\/\"]}]},{\"@type\":\"BreadcrumbList\",\"@id\":\"https:\/\/www.grills-saveurs.ch\/fr\/produit\/housse-bk-imperial-regal-600\/#breadcrumb\",\"itemListElement\":[{\"@type\":\"ListItem\",\"position\":1,\"name\":\"Accueil\",\"item\":\"https:\/\/www.grills-saveurs.ch\/fr\/\"},{\"@type\":\"ListItem\",\"position\":2,\"name\":\"Shop \/ Boutique\",\"item\":\"https:\/\/www.grills-saveurs.ch\/fr\/boutique\/\"},{\"@type\":\"ListItem\",\"position\":3,\"name\":\"Housse Premium pour Imperial et Regal 6 br\u00fbleurs\"}]}]}<\/script>\n<!-- \/ Yoast SEO plugin. -->","yoast_head_json":{"title":"Housse Premium pour Imperial et Regal 6 br\u00fbleurs - Grills et Saveurs","description":"Housses de protection Premium Broil King en polyester r\u00e9sistant avec rev\u00eatement imperm\u00e9able PVC, syst\u00e8me d\u2019a\u00e9ration et sangles de fermeture.","robots":{"index":"index","follow":"follow","max-snippet":"max-snippet:-1","max-image-preview":"max-image-preview:large","max-video-preview":"max-video-preview:-1"},"canonical":"https:\/\/www.grills-saveurs.ch\/fr\/produit\/housse-bk-imperial-regal-600\/","og_locale":"fr_FR","og_type":"article","og_title":"Housse Premium pour Imperial et Regal 6 br\u00fbleurs - Grills et Saveurs","og_description":"Housses de protection Premium Broil King en polyester r\u00e9sistant avec rev\u00eatement imperm\u00e9able PVC, syst\u00e8me d\u2019a\u00e9ration et sangles de fermeture.","og_url":"https:\/\/www.grills-saveurs.ch\/fr\/produit\/housse-bk-imperial-regal-600\/","og_site_name":"Grills et Saveurs","article_modified_time":"2024-03-19T13:45:58+00:00","og_image":[{"width":600,"height":600,"url":"https:\/\/www.grills-saveurs.ch\/fr\/wp-content\/uploads\/2021\/04\/accessory_68490-18.jpg","type":"image\/jpeg"}],"twitter_card":"summary_large_image","twitter_misc":{"Dur\u00e9e de lecture estim\u00e9e":"1 minute"},"schema":{"@context":"https:\/\/schema.org","@graph":[{"@type":"WebSite","@id":"https:\/\/www.grills-saveurs.ch\/fr\/#website","url":"https:\/\/www.grills-saveurs.ch\/fr\/","name":"Grills et Saveurs","description":"Barbecues, Grills, Planchas, Chemin\u00e9es jardin - Lausanne, Suisse Romande","potentialAction":[{"@type":"SearchAction","target":{"@type":"EntryPoint","urlTemplate":"https:\/\/www.grills-saveurs.ch\/fr\/?s={search_term_string}"},"query-input":"required name=search_term_string"}],"inLanguage":"fr-FR"},{"@type":"ImageObject","@id":"https:\/\/www.grills-saveurs.ch\/fr\/produit\/housse-bk-imperial-regal-600\/#primaryimage","inLanguage":"fr-FR","url":"https:\/\/www.grills-saveurs.ch\/fr\/wp-content\/uploads\/2021\/04\/accessory_68490-18.jpg","contentUrl":"https:\/\/www.grills-saveurs.ch\/fr\/wp-content\/uploads\/2021\/04\/accessory_68490-18.jpg","width":600,"height":600,"caption":"Housse Broil King Imperial Regal"},{"@type":"WebPage","@id":"https:\/\/www.grills-saveurs.ch\/fr\/produit\/housse-bk-imperial-regal-600\/#webpage","url":"https:\/\/www.grills-saveurs.ch\/fr\/produit\/housse-bk-imperial-regal-600\/","name":"Housse Premium pour Imperial et Regal 6 br\u00fbleurs - Grills et Saveurs","isPartOf":{"@id":"https:\/\/www.grills-saveurs.ch\/fr\/#website"},"primaryImageOfPage":{"@id":"https:\/\/www.grills-saveurs.ch\/fr\/produit\/housse-bk-imperial-regal-600\/#primaryimage"},"datePublished":"2021-04-15T17:53:08+00:00","dateModified":"2024-03-19T13:45:58+00:00","description":"Housses de protection Premium Broil King en polyester r\u00e9sistant avec rev\u00eatement imperm\u00e9able PVC, syst\u00e8me d\u2019a\u00e9ration et sangles de fermeture.","breadcrumb":{"@id":"https:\/\/www.grills-saveurs.ch\/fr\/produit\/housse-bk-imperial-regal-600\/#breadcrumb"},"inLanguage":"fr-FR","potentialAction":[{"@type":"ReadAction","target":["https:\/\/www.grills-saveurs.ch\/fr\/produit\/housse-bk-imperial-regal-600\/"]}]},{"@type":"BreadcrumbList","@id":"https:\/\/www.grills-saveurs.ch\/fr\/produit\/housse-bk-imperial-regal-600\/#breadcrumb","itemListElement":[{"@type":"ListItem","position":1,"name":"Accueil","item":"https:\/\/www.grills-saveurs.ch\/fr\/"},{"@type":"ListItem","position":2,"name":"Shop \/ Boutique","item":"https:\/\/www.grills-saveurs.ch\/fr\/boutique\/"},{"@type":"ListItem","position":3,"name":"Housse Premium pour Imperial et Regal 6 br\u00fbleurs"}]}]}},"_links":{"self":[{"href":"https:\/\/www.grills-saveurs.ch\/fr\/wp-json\/wp\/v2\/product\/7267"}],"collection":[{"href":"https:\/\/www.grills-saveurs.ch\/fr\/wp-json\/wp\/v2\/product"}],"about":[{"href":"https:\/\/www.grills-saveurs.ch\/fr\/wp-json\/wp\/v2\/types\/product"}],"wp:featuredmedia":[{"embeddable":true,"href":"https:\/\/www.grills-saveurs.ch\/fr\/wp-json\/wp\/v2\/media\/7270"}],"wp:attachment":[{"href":"https:\/\/www.grills-saveurs.ch\/fr\/wp-json\/wp\/v2\/media?parent=7267"}],"wp:term":[{"taxonomy":"product_cat","embeddable":true,"href":"https:\/\/www.grills-saveurs.ch\/fr\/wp-json\/wp\/v2\/product_cat?post=7267"},{"taxonomy":"product_tag","embeddable":true,"href":"https:\/\/www.grills-saveurs.ch\/fr\/wp-json\/wp\/v2\/product_tag?post=7267"}],"curies":[{"name":"wp","href":"https:\/\/api.w.org\/{rel}","templated":true}]}}