{"id":7279,"date":"2021-04-15T20:45:01","date_gmt":"2021-04-15T18:45:01","guid":{"rendered":"https:\/\/www.grills-saveurs.ch\/fr\/?post_type=product&#038;p=7279"},"modified":"2024-03-19T14:52:06","modified_gmt":"2024-03-19T13:52:06","slug":"housse-premium-pour-baron-et-royal-3-bruleurs","status":"publish","type":"product","link":"https:\/\/www.grills-saveurs.ch\/fr\/produit\/housse-premium-pour-baron-et-royal-3-bruleurs\/","title":{"rendered":"Housse Select pour Baron et Royal 3 br\u00fbleurs"},"content":{"rendered":"<p>R\u00e9f. 68470<\/p>\n<p>Dimensions : 129 x 58 x H 117 cm.<\/p>\n","protected":false},"excerpt":{"rendered":"<p>Les housses de protection Select de Broil King sont faites pour prot\u00e9ger les barbecues des intemp\u00e9ries. Elles sont dot\u00e9es de scratchs pour les ajuster correctement \u00e0 la taille du barbecue.<\/p>\n<p>Sp\u00e9cialement con\u00e7ue pour les mod\u00e8les Broil King Roya ou Baron 3 Br\u00fbleurs.<\/p>\n","protected":false},"featured_media":7282,"template":"","meta":[],"product_cat":[227],"product_tag":[187],"yoast_head":"<!-- This site is optimized with the Yoast SEO plugin v18.2 - https:\/\/yoast.com\/wordpress\/plugins\/seo\/ -->\n<title>Housse Select pour Baron et Royal 3 br\u00fbleurs - Grills et Saveurs<\/title>\n<meta name=\"description\" content=\"Housses de protection Select Broil King pour prot\u00e9ger les barbecues des intemp\u00e9ries. Avec scratchs pour ajuster \u00e0 la taille du barbecue.\" \/>\n<meta name=\"robots\" content=\"index, follow, max-snippet:-1, max-image-preview:large, max-video-preview:-1\" \/>\n<link rel=\"canonical\" href=\"https:\/\/www.grills-saveurs.ch\/fr\/produit\/housse-premium-pour-baron-et-royal-3-bruleurs\/\" \/>\n<meta property=\"og:locale\" content=\"fr_FR\" \/>\n<meta property=\"og:type\" content=\"article\" \/>\n<meta property=\"og:title\" content=\"Housse Select pour Baron et Royal 3 br\u00fbleurs - Grills et Saveurs\" \/>\n<meta property=\"og:description\" content=\"Housses de protection Select Broil King pour prot\u00e9ger les barbecues des intemp\u00e9ries. Avec scratchs pour ajuster \u00e0 la taille du barbecue.\" \/>\n<meta property=\"og:url\" content=\"https:\/\/www.grills-saveurs.ch\/fr\/produit\/housse-premium-pour-baron-et-royal-3-bruleurs\/\" \/>\n<meta property=\"og:site_name\" content=\"Grills et Saveurs\" \/>\n<meta property=\"article:modified_time\" content=\"2024-03-19T13:52:06+00:00\" \/>\n<meta property=\"og:image\" content=\"https:\/\/www.grills-saveurs.ch\/fr\/wp-content\/uploads\/2021\/04\/fr_ch_accessory_67470.jpg\" \/>\n\t<meta property=\"og:image:width\" content=\"600\" \/>\n\t<meta property=\"og:image:height\" content=\"600\" \/>\n\t<meta property=\"og:image:type\" content=\"image\/jpeg\" \/>\n<meta name=\"twitter:card\" content=\"summary_large_image\" \/>\n<meta name=\"twitter:label1\" content=\"Dur\u00e9e de lecture estim\u00e9e\" \/>\n\t<meta name=\"twitter:data1\" content=\"1 minute\" \/>\n<script type=\"application\/ld+json\" class=\"yoast-schema-graph\">{\"@context\":\"https:\/\/schema.org\",\"@graph\":[{\"@type\":\"WebSite\",\"@id\":\"https:\/\/www.grills-saveurs.ch\/fr\/#website\",\"url\":\"https:\/\/www.grills-saveurs.ch\/fr\/\",\"name\":\"Grills et Saveurs\",\"description\":\"Barbecues, Grills, Planchas, Chemin\u00e9es jardin - Lausanne, Suisse Romande\",\"potentialAction\":[{\"@type\":\"SearchAction\",\"target\":{\"@type\":\"EntryPoint\",\"urlTemplate\":\"https:\/\/www.grills-saveurs.ch\/fr\/?s={search_term_string}\"},\"query-input\":\"required name=search_term_string\"}],\"inLanguage\":\"fr-FR\"},{\"@type\":\"ImageObject\",\"@id\":\"https:\/\/www.grills-saveurs.ch\/fr\/produit\/housse-premium-pour-baron-et-royal-3-bruleurs\/#primaryimage\",\"inLanguage\":\"fr-FR\",\"url\":\"https:\/\/www.grills-saveurs.ch\/fr\/wp-content\/uploads\/2021\/04\/fr_ch_accessory_67470.jpg\",\"contentUrl\":\"https:\/\/www.grills-saveurs.ch\/fr\/wp-content\/uploads\/2021\/04\/fr_ch_accessory_67470.jpg\",\"width\":600,\"height\":600,\"caption\":\"HOUSSE SELECT POUR ROYAL BARON 3 BR\u00dbLEURS\"},{\"@type\":\"WebPage\",\"@id\":\"https:\/\/www.grills-saveurs.ch\/fr\/produit\/housse-premium-pour-baron-et-royal-3-bruleurs\/#webpage\",\"url\":\"https:\/\/www.grills-saveurs.ch\/fr\/produit\/housse-premium-pour-baron-et-royal-3-bruleurs\/\",\"name\":\"Housse Select pour Baron et Royal 3 br\u00fbleurs - Grills et Saveurs\",\"isPartOf\":{\"@id\":\"https:\/\/www.grills-saveurs.ch\/fr\/#website\"},\"primaryImageOfPage\":{\"@id\":\"https:\/\/www.grills-saveurs.ch\/fr\/produit\/housse-premium-pour-baron-et-royal-3-bruleurs\/#primaryimage\"},\"datePublished\":\"2021-04-15T18:45:01+00:00\",\"dateModified\":\"2024-03-19T13:52:06+00:00\",\"description\":\"Housses de protection Select Broil King pour prot\u00e9ger les barbecues des intemp\u00e9ries. Avec scratchs pour ajuster \u00e0 la taille du barbecue.\",\"breadcrumb\":{\"@id\":\"https:\/\/www.grills-saveurs.ch\/fr\/produit\/housse-premium-pour-baron-et-royal-3-bruleurs\/#breadcrumb\"},\"inLanguage\":\"fr-FR\",\"potentialAction\":[{\"@type\":\"ReadAction\",\"target\":[\"https:\/\/www.grills-saveurs.ch\/fr\/produit\/housse-premium-pour-baron-et-royal-3-bruleurs\/\"]}]},{\"@type\":\"BreadcrumbList\",\"@id\":\"https:\/\/www.grills-saveurs.ch\/fr\/produit\/housse-premium-pour-baron-et-royal-3-bruleurs\/#breadcrumb\",\"itemListElement\":[{\"@type\":\"ListItem\",\"position\":1,\"name\":\"Accueil\",\"item\":\"https:\/\/www.grills-saveurs.ch\/fr\/\"},{\"@type\":\"ListItem\",\"position\":2,\"name\":\"Shop \/ Boutique\",\"item\":\"https:\/\/www.grills-saveurs.ch\/fr\/boutique\/\"},{\"@type\":\"ListItem\",\"position\":3,\"name\":\"Housse Select pour Baron et Royal 3 br\u00fbleurs\"}]}]}<\/script>\n<!-- \/ Yoast SEO plugin. -->","yoast_head_json":{"title":"Housse Select pour Baron et Royal 3 br\u00fbleurs - Grills et Saveurs","description":"Housses de protection Select Broil King pour prot\u00e9ger les barbecues des intemp\u00e9ries. Avec scratchs pour ajuster \u00e0 la taille du barbecue.","robots":{"index":"index","follow":"follow","max-snippet":"max-snippet:-1","max-image-preview":"max-image-preview:large","max-video-preview":"max-video-preview:-1"},"canonical":"https:\/\/www.grills-saveurs.ch\/fr\/produit\/housse-premium-pour-baron-et-royal-3-bruleurs\/","og_locale":"fr_FR","og_type":"article","og_title":"Housse Select pour Baron et Royal 3 br\u00fbleurs - Grills et Saveurs","og_description":"Housses de protection Select Broil King pour prot\u00e9ger les barbecues des intemp\u00e9ries. Avec scratchs pour ajuster \u00e0 la taille du barbecue.","og_url":"https:\/\/www.grills-saveurs.ch\/fr\/produit\/housse-premium-pour-baron-et-royal-3-bruleurs\/","og_site_name":"Grills et Saveurs","article_modified_time":"2024-03-19T13:52:06+00:00","og_image":[{"width":600,"height":600,"url":"https:\/\/www.grills-saveurs.ch\/fr\/wp-content\/uploads\/2021\/04\/fr_ch_accessory_67470.jpg","type":"image\/jpeg"}],"twitter_card":"summary_large_image","twitter_misc":{"Dur\u00e9e de lecture estim\u00e9e":"1 minute"},"schema":{"@context":"https:\/\/schema.org","@graph":[{"@type":"WebSite","@id":"https:\/\/www.grills-saveurs.ch\/fr\/#website","url":"https:\/\/www.grills-saveurs.ch\/fr\/","name":"Grills et Saveurs","description":"Barbecues, Grills, Planchas, Chemin\u00e9es jardin - Lausanne, Suisse Romande","potentialAction":[{"@type":"SearchAction","target":{"@type":"EntryPoint","urlTemplate":"https:\/\/www.grills-saveurs.ch\/fr\/?s={search_term_string}"},"query-input":"required name=search_term_string"}],"inLanguage":"fr-FR"},{"@type":"ImageObject","@id":"https:\/\/www.grills-saveurs.ch\/fr\/produit\/housse-premium-pour-baron-et-royal-3-bruleurs\/#primaryimage","inLanguage":"fr-FR","url":"https:\/\/www.grills-saveurs.ch\/fr\/wp-content\/uploads\/2021\/04\/fr_ch_accessory_67470.jpg","contentUrl":"https:\/\/www.grills-saveurs.ch\/fr\/wp-content\/uploads\/2021\/04\/fr_ch_accessory_67470.jpg","width":600,"height":600,"caption":"HOUSSE SELECT POUR ROYAL BARON 3 BR\u00dbLEURS"},{"@type":"WebPage","@id":"https:\/\/www.grills-saveurs.ch\/fr\/produit\/housse-premium-pour-baron-et-royal-3-bruleurs\/#webpage","url":"https:\/\/www.grills-saveurs.ch\/fr\/produit\/housse-premium-pour-baron-et-royal-3-bruleurs\/","name":"Housse Select pour Baron et Royal 3 br\u00fbleurs - Grills et Saveurs","isPartOf":{"@id":"https:\/\/www.grills-saveurs.ch\/fr\/#website"},"primaryImageOfPage":{"@id":"https:\/\/www.grills-saveurs.ch\/fr\/produit\/housse-premium-pour-baron-et-royal-3-bruleurs\/#primaryimage"},"datePublished":"2021-04-15T18:45:01+00:00","dateModified":"2024-03-19T13:52:06+00:00","description":"Housses de protection Select Broil King pour prot\u00e9ger les barbecues des intemp\u00e9ries. Avec scratchs pour ajuster \u00e0 la taille du barbecue.","breadcrumb":{"@id":"https:\/\/www.grills-saveurs.ch\/fr\/produit\/housse-premium-pour-baron-et-royal-3-bruleurs\/#breadcrumb"},"inLanguage":"fr-FR","potentialAction":[{"@type":"ReadAction","target":["https:\/\/www.grills-saveurs.ch\/fr\/produit\/housse-premium-pour-baron-et-royal-3-bruleurs\/"]}]},{"@type":"BreadcrumbList","@id":"https:\/\/www.grills-saveurs.ch\/fr\/produit\/housse-premium-pour-baron-et-royal-3-bruleurs\/#breadcrumb","itemListElement":[{"@type":"ListItem","position":1,"name":"Accueil","item":"https:\/\/www.grills-saveurs.ch\/fr\/"},{"@type":"ListItem","position":2,"name":"Shop \/ Boutique","item":"https:\/\/www.grills-saveurs.ch\/fr\/boutique\/"},{"@type":"ListItem","position":3,"name":"Housse Select pour Baron et Royal 3 br\u00fbleurs"}]}]}},"_links":{"self":[{"href":"https:\/\/www.grills-saveurs.ch\/fr\/wp-json\/wp\/v2\/product\/7279"}],"collection":[{"href":"https:\/\/www.grills-saveurs.ch\/fr\/wp-json\/wp\/v2\/product"}],"about":[{"href":"https:\/\/www.grills-saveurs.ch\/fr\/wp-json\/wp\/v2\/types\/product"}],"wp:featuredmedia":[{"embeddable":true,"href":"https:\/\/www.grills-saveurs.ch\/fr\/wp-json\/wp\/v2\/media\/7282"}],"wp:attachment":[{"href":"https:\/\/www.grills-saveurs.ch\/fr\/wp-json\/wp\/v2\/media?parent=7279"}],"wp:term":[{"taxonomy":"product_cat","embeddable":true,"href":"https:\/\/www.grills-saveurs.ch\/fr\/wp-json\/wp\/v2\/product_cat?post=7279"},{"taxonomy":"product_tag","embeddable":true,"href":"https:\/\/www.grills-saveurs.ch\/fr\/wp-json\/wp\/v2\/product_tag?post=7279"}],"curies":[{"name":"wp","href":"https:\/\/api.w.org\/{rel}","templated":true}]}}