{"id":7308,"date":"2021-04-17T20:50:59","date_gmt":"2021-04-17T18:50:59","guid":{"rendered":"https:\/\/www.grills-saveurs.ch\/fr\/?post_type=product&#038;p=7308"},"modified":"2024-03-19T15:05:54","modified_gmt":"2024-03-19T14:05:54","slug":"kit-daromatisation-pour-keg","status":"publish","type":"product","link":"https:\/\/www.grills-saveurs.ch\/fr\/produit\/kit-daromatisation-pour-keg\/","title":{"rendered":"Kit d&rsquo;aromatisation pour Keg"},"content":{"rendered":"<p>R\u00e9f. KA5533<\/p>\n","protected":false},"excerpt":{"rendered":"<p>Fournit une douce chaleur indirecte pour une cuisson uniforme, lente et \u00e0 basse temp\u00e9rature.<\/p>\n<p>\u00c9galement pratique pour ajouter des copeaux de bois et des liquides dans de nombreux proc\u00e9d\u00e9s de cuisson.<\/p>\n<p>On l&rsquo;inverse pour sur\u00e9lever la surface de cuisson principale, pour une chaleur plus douce.<\/p>\n<p>Fabriqu\u00e9 en acier enduit de porcelaine r\u00e9sistante.<\/p>\n","protected":false},"featured_media":7316,"template":"","meta":[],"product_cat":[212],"product_tag":[187],"yoast_head":"<!-- This site is optimized with the Yoast SEO plugin v18.2 - https:\/\/yoast.com\/wordpress\/plugins\/seo\/ -->\n<title>Kit d&#039;aromatisation pour Keg - Grills et Saveurs<\/title>\n<meta name=\"description\" content=\"Fournit une douce chaleur indirecte pour une cuisson lente et \u00e0 basse temp\u00e9rature. Possibilit\u00e9 d&#039;ajouter copeaux de bois et liquides.\" \/>\n<meta name=\"robots\" content=\"index, follow, max-snippet:-1, max-image-preview:large, max-video-preview:-1\" \/>\n<link rel=\"canonical\" href=\"https:\/\/www.grills-saveurs.ch\/fr\/produit\/kit-daromatisation-pour-keg\/\" \/>\n<meta property=\"og:locale\" content=\"fr_FR\" \/>\n<meta property=\"og:type\" content=\"article\" \/>\n<meta property=\"og:title\" content=\"Kit d&#039;aromatisation pour Keg - Grills et Saveurs\" \/>\n<meta property=\"og:description\" content=\"Fournit une douce chaleur indirecte pour une cuisson lente et \u00e0 basse temp\u00e9rature. Possibilit\u00e9 d&#039;ajouter copeaux de bois et liquides.\" \/>\n<meta property=\"og:url\" content=\"https:\/\/www.grills-saveurs.ch\/fr\/produit\/kit-daromatisation-pour-keg\/\" \/>\n<meta property=\"og:site_name\" content=\"Grills et Saveurs\" \/>\n<meta property=\"article:modified_time\" content=\"2024-03-19T14:05:54+00:00\" \/>\n<meta property=\"og:image\" content=\"https:\/\/www.grills-saveurs.ch\/fr\/wp-content\/uploads\/2021\/04\/bk-ka5533-a-06-20.jpg\" \/>\n\t<meta property=\"og:image:width\" content=\"700\" \/>\n\t<meta property=\"og:image:height\" content=\"700\" \/>\n\t<meta property=\"og:image:type\" content=\"image\/jpeg\" \/>\n<meta name=\"twitter:card\" content=\"summary_large_image\" \/>\n<meta name=\"twitter:label1\" content=\"Dur\u00e9e de lecture estim\u00e9e\" \/>\n\t<meta name=\"twitter:data1\" content=\"1 minute\" \/>\n<script type=\"application\/ld+json\" class=\"yoast-schema-graph\">{\"@context\":\"https:\/\/schema.org\",\"@graph\":[{\"@type\":\"WebSite\",\"@id\":\"https:\/\/www.grills-saveurs.ch\/fr\/#website\",\"url\":\"https:\/\/www.grills-saveurs.ch\/fr\/\",\"name\":\"Grills et Saveurs\",\"description\":\"Barbecues, Grills, Planchas, Chemin\u00e9es jardin - Lausanne, Suisse Romande\",\"potentialAction\":[{\"@type\":\"SearchAction\",\"target\":{\"@type\":\"EntryPoint\",\"urlTemplate\":\"https:\/\/www.grills-saveurs.ch\/fr\/?s={search_term_string}\"},\"query-input\":\"required name=search_term_string\"}],\"inLanguage\":\"fr-FR\"},{\"@type\":\"ImageObject\",\"@id\":\"https:\/\/www.grills-saveurs.ch\/fr\/produit\/kit-daromatisation-pour-keg\/#primaryimage\",\"inLanguage\":\"fr-FR\",\"url\":\"https:\/\/www.grills-saveurs.ch\/fr\/wp-content\/uploads\/2021\/04\/bk-ka5533-a-06-20.jpg\",\"contentUrl\":\"https:\/\/www.grills-saveurs.ch\/fr\/wp-content\/uploads\/2021\/04\/bk-ka5533-a-06-20.jpg\",\"width\":700,\"height\":700,\"caption\":\"Diffuser Kit Porcelain Broil King\"},{\"@type\":\"WebPage\",\"@id\":\"https:\/\/www.grills-saveurs.ch\/fr\/produit\/kit-daromatisation-pour-keg\/#webpage\",\"url\":\"https:\/\/www.grills-saveurs.ch\/fr\/produit\/kit-daromatisation-pour-keg\/\",\"name\":\"Kit d'aromatisation pour Keg - Grills et Saveurs\",\"isPartOf\":{\"@id\":\"https:\/\/www.grills-saveurs.ch\/fr\/#website\"},\"primaryImageOfPage\":{\"@id\":\"https:\/\/www.grills-saveurs.ch\/fr\/produit\/kit-daromatisation-pour-keg\/#primaryimage\"},\"datePublished\":\"2021-04-17T18:50:59+00:00\",\"dateModified\":\"2024-03-19T14:05:54+00:00\",\"description\":\"Fournit une douce chaleur indirecte pour une cuisson lente et \u00e0 basse temp\u00e9rature. Possibilit\u00e9 d'ajouter copeaux de bois et liquides.\",\"breadcrumb\":{\"@id\":\"https:\/\/www.grills-saveurs.ch\/fr\/produit\/kit-daromatisation-pour-keg\/#breadcrumb\"},\"inLanguage\":\"fr-FR\",\"potentialAction\":[{\"@type\":\"ReadAction\",\"target\":[\"https:\/\/www.grills-saveurs.ch\/fr\/produit\/kit-daromatisation-pour-keg\/\"]}]},{\"@type\":\"BreadcrumbList\",\"@id\":\"https:\/\/www.grills-saveurs.ch\/fr\/produit\/kit-daromatisation-pour-keg\/#breadcrumb\",\"itemListElement\":[{\"@type\":\"ListItem\",\"position\":1,\"name\":\"Accueil\",\"item\":\"https:\/\/www.grills-saveurs.ch\/fr\/\"},{\"@type\":\"ListItem\",\"position\":2,\"name\":\"Shop \/ Boutique\",\"item\":\"https:\/\/www.grills-saveurs.ch\/fr\/boutique\/\"},{\"@type\":\"ListItem\",\"position\":3,\"name\":\"Kit d&rsquo;aromatisation pour Keg\"}]}]}<\/script>\n<!-- \/ Yoast SEO plugin. -->","yoast_head_json":{"title":"Kit d'aromatisation pour Keg - Grills et Saveurs","description":"Fournit une douce chaleur indirecte pour une cuisson lente et \u00e0 basse temp\u00e9rature. Possibilit\u00e9 d'ajouter copeaux de bois et liquides.","robots":{"index":"index","follow":"follow","max-snippet":"max-snippet:-1","max-image-preview":"max-image-preview:large","max-video-preview":"max-video-preview:-1"},"canonical":"https:\/\/www.grills-saveurs.ch\/fr\/produit\/kit-daromatisation-pour-keg\/","og_locale":"fr_FR","og_type":"article","og_title":"Kit d'aromatisation pour Keg - Grills et Saveurs","og_description":"Fournit une douce chaleur indirecte pour une cuisson lente et \u00e0 basse temp\u00e9rature. Possibilit\u00e9 d'ajouter copeaux de bois et liquides.","og_url":"https:\/\/www.grills-saveurs.ch\/fr\/produit\/kit-daromatisation-pour-keg\/","og_site_name":"Grills et Saveurs","article_modified_time":"2024-03-19T14:05:54+00:00","og_image":[{"width":700,"height":700,"url":"https:\/\/www.grills-saveurs.ch\/fr\/wp-content\/uploads\/2021\/04\/bk-ka5533-a-06-20.jpg","type":"image\/jpeg"}],"twitter_card":"summary_large_image","twitter_misc":{"Dur\u00e9e de lecture estim\u00e9e":"1 minute"},"schema":{"@context":"https:\/\/schema.org","@graph":[{"@type":"WebSite","@id":"https:\/\/www.grills-saveurs.ch\/fr\/#website","url":"https:\/\/www.grills-saveurs.ch\/fr\/","name":"Grills et Saveurs","description":"Barbecues, Grills, Planchas, Chemin\u00e9es jardin - Lausanne, Suisse Romande","potentialAction":[{"@type":"SearchAction","target":{"@type":"EntryPoint","urlTemplate":"https:\/\/www.grills-saveurs.ch\/fr\/?s={search_term_string}"},"query-input":"required name=search_term_string"}],"inLanguage":"fr-FR"},{"@type":"ImageObject","@id":"https:\/\/www.grills-saveurs.ch\/fr\/produit\/kit-daromatisation-pour-keg\/#primaryimage","inLanguage":"fr-FR","url":"https:\/\/www.grills-saveurs.ch\/fr\/wp-content\/uploads\/2021\/04\/bk-ka5533-a-06-20.jpg","contentUrl":"https:\/\/www.grills-saveurs.ch\/fr\/wp-content\/uploads\/2021\/04\/bk-ka5533-a-06-20.jpg","width":700,"height":700,"caption":"Diffuser Kit Porcelain Broil King"},{"@type":"WebPage","@id":"https:\/\/www.grills-saveurs.ch\/fr\/produit\/kit-daromatisation-pour-keg\/#webpage","url":"https:\/\/www.grills-saveurs.ch\/fr\/produit\/kit-daromatisation-pour-keg\/","name":"Kit d'aromatisation pour Keg - Grills et Saveurs","isPartOf":{"@id":"https:\/\/www.grills-saveurs.ch\/fr\/#website"},"primaryImageOfPage":{"@id":"https:\/\/www.grills-saveurs.ch\/fr\/produit\/kit-daromatisation-pour-keg\/#primaryimage"},"datePublished":"2021-04-17T18:50:59+00:00","dateModified":"2024-03-19T14:05:54+00:00","description":"Fournit une douce chaleur indirecte pour une cuisson lente et \u00e0 basse temp\u00e9rature. Possibilit\u00e9 d'ajouter copeaux de bois et liquides.","breadcrumb":{"@id":"https:\/\/www.grills-saveurs.ch\/fr\/produit\/kit-daromatisation-pour-keg\/#breadcrumb"},"inLanguage":"fr-FR","potentialAction":[{"@type":"ReadAction","target":["https:\/\/www.grills-saveurs.ch\/fr\/produit\/kit-daromatisation-pour-keg\/"]}]},{"@type":"BreadcrumbList","@id":"https:\/\/www.grills-saveurs.ch\/fr\/produit\/kit-daromatisation-pour-keg\/#breadcrumb","itemListElement":[{"@type":"ListItem","position":1,"name":"Accueil","item":"https:\/\/www.grills-saveurs.ch\/fr\/"},{"@type":"ListItem","position":2,"name":"Shop \/ Boutique","item":"https:\/\/www.grills-saveurs.ch\/fr\/boutique\/"},{"@type":"ListItem","position":3,"name":"Kit d&rsquo;aromatisation pour Keg"}]}]}},"_links":{"self":[{"href":"https:\/\/www.grills-saveurs.ch\/fr\/wp-json\/wp\/v2\/product\/7308"}],"collection":[{"href":"https:\/\/www.grills-saveurs.ch\/fr\/wp-json\/wp\/v2\/product"}],"about":[{"href":"https:\/\/www.grills-saveurs.ch\/fr\/wp-json\/wp\/v2\/types\/product"}],"wp:featuredmedia":[{"embeddable":true,"href":"https:\/\/www.grills-saveurs.ch\/fr\/wp-json\/wp\/v2\/media\/7316"}],"wp:attachment":[{"href":"https:\/\/www.grills-saveurs.ch\/fr\/wp-json\/wp\/v2\/media?parent=7308"}],"wp:term":[{"taxonomy":"product_cat","embeddable":true,"href":"https:\/\/www.grills-saveurs.ch\/fr\/wp-json\/wp\/v2\/product_cat?post=7308"},{"taxonomy":"product_tag","embeddable":true,"href":"https:\/\/www.grills-saveurs.ch\/fr\/wp-json\/wp\/v2\/product_tag?post=7308"}],"curies":[{"name":"wp","href":"https:\/\/api.w.org\/{rel}","templated":true}]}}