{"id":7323,"date":"2021-04-21T19:32:16","date_gmt":"2021-04-21T17:32:16","guid":{"rendered":"https:\/\/www.grills-saveurs.ch\/fr\/?post_type=product&#038;p=7323"},"modified":"2024-03-19T14:54:09","modified_gmt":"2024-03-19T13:54:09","slug":"tuyau-de-gaz-copie","status":"publish","type":"product","link":"https:\/\/www.grills-saveurs.ch\/fr\/produit\/tuyau-de-gaz-copie\/","title":{"rendered":"Plaque inox \u00e9troite"},"content":{"rendered":"<p>R\u00e9f. 69122<\/p>\n<p>Dimensions : 38,1 x 17,5 x 2,54 cm<\/p>\n","protected":false},"excerpt":{"rendered":"<p>Une plaque de grillade en acier inoxydable lourd, con\u00e7ue pour reposer en configuration avant-arri\u00e8re sur la plupart des grils Broil King. Logo estamp\u00e9 sur la poign\u00e9e. Facile \u00e0 nettoyer et parfaite pour la saisie.<\/p>\n","protected":false},"featured_media":7325,"template":"","meta":[],"product_cat":[212],"product_tag":[187],"yoast_head":"<!-- This site is optimized with the Yoast SEO plugin v18.2 - https:\/\/yoast.com\/wordpress\/plugins\/seo\/ -->\n<title>Plaque inox \u00e9troite - Grills et Saveurs<\/title>\n<meta name=\"description\" content=\"Une plaque de grillade en acier inoxydable lourd, con\u00e7ue pour reposer en configuration avant-arri\u00e8re sur la plupart des grils Broil King.\" \/>\n<meta name=\"robots\" content=\"index, follow, max-snippet:-1, max-image-preview:large, max-video-preview:-1\" \/>\n<link rel=\"canonical\" href=\"https:\/\/www.grills-saveurs.ch\/fr\/produit\/tuyau-de-gaz-copie\/\" \/>\n<meta property=\"og:locale\" content=\"fr_FR\" \/>\n<meta property=\"og:type\" content=\"article\" \/>\n<meta property=\"og:title\" content=\"Plaque inox \u00e9troite - Grills et Saveurs\" \/>\n<meta property=\"og:description\" content=\"Une plaque de grillade en acier inoxydable lourd, con\u00e7ue pour reposer en configuration avant-arri\u00e8re sur la plupart des grils Broil King.\" \/>\n<meta property=\"og:url\" content=\"https:\/\/www.grills-saveurs.ch\/fr\/produit\/tuyau-de-gaz-copie\/\" \/>\n<meta property=\"og:site_name\" content=\"Grills et Saveurs\" \/>\n<meta property=\"article:modified_time\" content=\"2024-03-19T13:54:09+00:00\" \/>\n<meta property=\"og:image\" content=\"https:\/\/www.grills-saveurs.ch\/fr\/wp-content\/uploads\/2021\/04\/plaque-inox-broil-king.jpg\" \/>\n\t<meta property=\"og:image:width\" content=\"1500\" \/>\n\t<meta property=\"og:image:height\" content=\"1008\" \/>\n\t<meta property=\"og:image:type\" content=\"image\/jpeg\" \/>\n<meta name=\"twitter:card\" content=\"summary_large_image\" \/>\n<meta name=\"twitter:label1\" content=\"Dur\u00e9e de lecture estim\u00e9e\" \/>\n\t<meta name=\"twitter:data1\" content=\"1 minute\" \/>\n<script type=\"application\/ld+json\" class=\"yoast-schema-graph\">{\"@context\":\"https:\/\/schema.org\",\"@graph\":[{\"@type\":\"WebSite\",\"@id\":\"https:\/\/www.grills-saveurs.ch\/fr\/#website\",\"url\":\"https:\/\/www.grills-saveurs.ch\/fr\/\",\"name\":\"Grills et Saveurs\",\"description\":\"Barbecues, Grills, Planchas, Chemin\u00e9es jardin - Lausanne, Suisse Romande\",\"potentialAction\":[{\"@type\":\"SearchAction\",\"target\":{\"@type\":\"EntryPoint\",\"urlTemplate\":\"https:\/\/www.grills-saveurs.ch\/fr\/?s={search_term_string}\"},\"query-input\":\"required name=search_term_string\"}],\"inLanguage\":\"fr-FR\"},{\"@type\":\"ImageObject\",\"@id\":\"https:\/\/www.grills-saveurs.ch\/fr\/produit\/tuyau-de-gaz-copie\/#primaryimage\",\"inLanguage\":\"fr-FR\",\"url\":\"https:\/\/www.grills-saveurs.ch\/fr\/wp-content\/uploads\/2021\/04\/plaque-inox-broil-king.jpg\",\"contentUrl\":\"https:\/\/www.grills-saveurs.ch\/fr\/wp-content\/uploads\/2021\/04\/plaque-inox-broil-king.jpg\",\"width\":1500,\"height\":1008},{\"@type\":\"WebPage\",\"@id\":\"https:\/\/www.grills-saveurs.ch\/fr\/produit\/tuyau-de-gaz-copie\/#webpage\",\"url\":\"https:\/\/www.grills-saveurs.ch\/fr\/produit\/tuyau-de-gaz-copie\/\",\"name\":\"Plaque inox \u00e9troite - Grills et Saveurs\",\"isPartOf\":{\"@id\":\"https:\/\/www.grills-saveurs.ch\/fr\/#website\"},\"primaryImageOfPage\":{\"@id\":\"https:\/\/www.grills-saveurs.ch\/fr\/produit\/tuyau-de-gaz-copie\/#primaryimage\"},\"datePublished\":\"2021-04-21T17:32:16+00:00\",\"dateModified\":\"2024-03-19T13:54:09+00:00\",\"description\":\"Une plaque de grillade en acier inoxydable lourd, con\u00e7ue pour reposer en configuration avant-arri\u00e8re sur la plupart des grils Broil King.\",\"breadcrumb\":{\"@id\":\"https:\/\/www.grills-saveurs.ch\/fr\/produit\/tuyau-de-gaz-copie\/#breadcrumb\"},\"inLanguage\":\"fr-FR\",\"potentialAction\":[{\"@type\":\"ReadAction\",\"target\":[\"https:\/\/www.grills-saveurs.ch\/fr\/produit\/tuyau-de-gaz-copie\/\"]}]},{\"@type\":\"BreadcrumbList\",\"@id\":\"https:\/\/www.grills-saveurs.ch\/fr\/produit\/tuyau-de-gaz-copie\/#breadcrumb\",\"itemListElement\":[{\"@type\":\"ListItem\",\"position\":1,\"name\":\"Accueil\",\"item\":\"https:\/\/www.grills-saveurs.ch\/fr\/\"},{\"@type\":\"ListItem\",\"position\":2,\"name\":\"Shop \/ Boutique\",\"item\":\"https:\/\/www.grills-saveurs.ch\/fr\/boutique\/\"},{\"@type\":\"ListItem\",\"position\":3,\"name\":\"Plaque inox \u00e9troite\"}]}]}<\/script>\n<!-- \/ Yoast SEO plugin. -->","yoast_head_json":{"title":"Plaque inox \u00e9troite - Grills et Saveurs","description":"Une plaque de grillade en acier inoxydable lourd, con\u00e7ue pour reposer en configuration avant-arri\u00e8re sur la plupart des grils Broil King.","robots":{"index":"index","follow":"follow","max-snippet":"max-snippet:-1","max-image-preview":"max-image-preview:large","max-video-preview":"max-video-preview:-1"},"canonical":"https:\/\/www.grills-saveurs.ch\/fr\/produit\/tuyau-de-gaz-copie\/","og_locale":"fr_FR","og_type":"article","og_title":"Plaque inox \u00e9troite - Grills et Saveurs","og_description":"Une plaque de grillade en acier inoxydable lourd, con\u00e7ue pour reposer en configuration avant-arri\u00e8re sur la plupart des grils Broil King.","og_url":"https:\/\/www.grills-saveurs.ch\/fr\/produit\/tuyau-de-gaz-copie\/","og_site_name":"Grills et Saveurs","article_modified_time":"2024-03-19T13:54:09+00:00","og_image":[{"width":1500,"height":1008,"url":"https:\/\/www.grills-saveurs.ch\/fr\/wp-content\/uploads\/2021\/04\/plaque-inox-broil-king.jpg","type":"image\/jpeg"}],"twitter_card":"summary_large_image","twitter_misc":{"Dur\u00e9e de lecture estim\u00e9e":"1 minute"},"schema":{"@context":"https:\/\/schema.org","@graph":[{"@type":"WebSite","@id":"https:\/\/www.grills-saveurs.ch\/fr\/#website","url":"https:\/\/www.grills-saveurs.ch\/fr\/","name":"Grills et Saveurs","description":"Barbecues, Grills, Planchas, Chemin\u00e9es jardin - Lausanne, Suisse Romande","potentialAction":[{"@type":"SearchAction","target":{"@type":"EntryPoint","urlTemplate":"https:\/\/www.grills-saveurs.ch\/fr\/?s={search_term_string}"},"query-input":"required name=search_term_string"}],"inLanguage":"fr-FR"},{"@type":"ImageObject","@id":"https:\/\/www.grills-saveurs.ch\/fr\/produit\/tuyau-de-gaz-copie\/#primaryimage","inLanguage":"fr-FR","url":"https:\/\/www.grills-saveurs.ch\/fr\/wp-content\/uploads\/2021\/04\/plaque-inox-broil-king.jpg","contentUrl":"https:\/\/www.grills-saveurs.ch\/fr\/wp-content\/uploads\/2021\/04\/plaque-inox-broil-king.jpg","width":1500,"height":1008},{"@type":"WebPage","@id":"https:\/\/www.grills-saveurs.ch\/fr\/produit\/tuyau-de-gaz-copie\/#webpage","url":"https:\/\/www.grills-saveurs.ch\/fr\/produit\/tuyau-de-gaz-copie\/","name":"Plaque inox \u00e9troite - Grills et Saveurs","isPartOf":{"@id":"https:\/\/www.grills-saveurs.ch\/fr\/#website"},"primaryImageOfPage":{"@id":"https:\/\/www.grills-saveurs.ch\/fr\/produit\/tuyau-de-gaz-copie\/#primaryimage"},"datePublished":"2021-04-21T17:32:16+00:00","dateModified":"2024-03-19T13:54:09+00:00","description":"Une plaque de grillade en acier inoxydable lourd, con\u00e7ue pour reposer en configuration avant-arri\u00e8re sur la plupart des grils Broil King.","breadcrumb":{"@id":"https:\/\/www.grills-saveurs.ch\/fr\/produit\/tuyau-de-gaz-copie\/#breadcrumb"},"inLanguage":"fr-FR","potentialAction":[{"@type":"ReadAction","target":["https:\/\/www.grills-saveurs.ch\/fr\/produit\/tuyau-de-gaz-copie\/"]}]},{"@type":"BreadcrumbList","@id":"https:\/\/www.grills-saveurs.ch\/fr\/produit\/tuyau-de-gaz-copie\/#breadcrumb","itemListElement":[{"@type":"ListItem","position":1,"name":"Accueil","item":"https:\/\/www.grills-saveurs.ch\/fr\/"},{"@type":"ListItem","position":2,"name":"Shop \/ Boutique","item":"https:\/\/www.grills-saveurs.ch\/fr\/boutique\/"},{"@type":"ListItem","position":3,"name":"Plaque inox \u00e9troite"}]}]}},"_links":{"self":[{"href":"https:\/\/www.grills-saveurs.ch\/fr\/wp-json\/wp\/v2\/product\/7323"}],"collection":[{"href":"https:\/\/www.grills-saveurs.ch\/fr\/wp-json\/wp\/v2\/product"}],"about":[{"href":"https:\/\/www.grills-saveurs.ch\/fr\/wp-json\/wp\/v2\/types\/product"}],"wp:featuredmedia":[{"embeddable":true,"href":"https:\/\/www.grills-saveurs.ch\/fr\/wp-json\/wp\/v2\/media\/7325"}],"wp:attachment":[{"href":"https:\/\/www.grills-saveurs.ch\/fr\/wp-json\/wp\/v2\/media?parent=7323"}],"wp:term":[{"taxonomy":"product_cat","embeddable":true,"href":"https:\/\/www.grills-saveurs.ch\/fr\/wp-json\/wp\/v2\/product_cat?post=7323"},{"taxonomy":"product_tag","embeddable":true,"href":"https:\/\/www.grills-saveurs.ch\/fr\/wp-json\/wp\/v2\/product_tag?post=7323"}],"curies":[{"name":"wp","href":"https:\/\/api.w.org\/{rel}","templated":true}]}}