{"id":7331,"date":"2021-04-21T19:44:19","date_gmt":"2021-04-21T17:44:19","guid":{"rendered":"https:\/\/www.grills-saveurs.ch\/fr\/?post_type=product&#038;p=7331"},"modified":"2024-03-14T09:29:14","modified_gmt":"2024-03-14T08:29:14","slug":"wok-en-fonte-encastrable-imperial-regal","status":"publish","type":"product","link":"https:\/\/www.grills-saveurs.ch\/fr\/produit\/wok-en-fonte-encastrable-imperial-regal\/","title":{"rendered":"Wok en fonte encastrable &#8211; Imperial &#038; Regal"},"content":{"rendered":"<p>R\u00e9f. 69618<\/p>\n","protected":false},"excerpt":{"rendered":"<p>Con\u00e7u sp\u00e9cifiquement pour s\u2019adapter sur un barbecue \u00e0 gaz Broil King Imperial ou Regal.<\/p>\n<p>Ce robuste wok en fonte se trouve pr\u00e8s de la source de chaleur pour faire revenir et r\u00f4tir \u00e0 haute temp\u00e9rature. Le badigeonner de graisse v\u00e9g\u00e9tal l\u2019aidera \u00e0 durer pendant des ann\u00e9es et offrira une grande surface antiadh\u00e9sive. Prenez soin de lui comme vous le feriez d\u2019une po\u00eale en fonte.<\/p>\n<p>Facile \u00e0 d\u00e9placer avec le l\u00e8ve-grille 60745 de Broil King. Des pieds int\u00e9gr\u00e9s permettent de l\u2019utiliser sur n\u2019importe quel barbecue \u00e0 gaz.<\/p>\n","protected":false},"featured_media":7332,"template":"","meta":[],"product_cat":[212],"product_tag":[187],"yoast_head":"<!-- This site is optimized with the Yoast SEO plugin v18.2 - https:\/\/yoast.com\/wordpress\/plugins\/seo\/ -->\n<title>Wok en fonte encastrable - Imperial &amp; Regal - Grills et Saveurs<\/title>\n<meta name=\"description\" content=\"Robuste wok en fonte con\u00e7u sp\u00e9cifiquement pour s\u2019adapter sur un barbecue \u00e0 gaz Broil King Imperial ou Regal.\" \/>\n<meta name=\"robots\" content=\"index, follow, max-snippet:-1, max-image-preview:large, max-video-preview:-1\" \/>\n<link rel=\"canonical\" href=\"https:\/\/www.grills-saveurs.ch\/fr\/produit\/wok-en-fonte-encastrable-imperial-regal\/\" \/>\n<meta property=\"og:locale\" content=\"fr_FR\" \/>\n<meta property=\"og:type\" content=\"article\" \/>\n<meta property=\"og:title\" content=\"Wok en fonte encastrable - Imperial &amp; Regal - Grills et Saveurs\" \/>\n<meta property=\"og:description\" content=\"Robuste wok en fonte con\u00e7u sp\u00e9cifiquement pour s\u2019adapter sur un barbecue \u00e0 gaz Broil King Imperial ou Regal.\" \/>\n<meta property=\"og:url\" content=\"https:\/\/www.grills-saveurs.ch\/fr\/produit\/wok-en-fonte-encastrable-imperial-regal\/\" \/>\n<meta property=\"og:site_name\" content=\"Grills et Saveurs\" \/>\n<meta property=\"article:modified_time\" content=\"2024-03-14T08:29:14+00:00\" \/>\n<meta property=\"og:image\" content=\"https:\/\/www.grills-saveurs.ch\/fr\/wp-content\/uploads\/2021\/04\/accessory_69618-9.jpg\" \/>\n\t<meta property=\"og:image:width\" content=\"600\" \/>\n\t<meta property=\"og:image:height\" content=\"600\" \/>\n\t<meta property=\"og:image:type\" content=\"image\/jpeg\" \/>\n<meta name=\"twitter:card\" content=\"summary_large_image\" \/>\n<meta name=\"twitter:label1\" content=\"Dur\u00e9e de lecture estim\u00e9e\" \/>\n\t<meta name=\"twitter:data1\" content=\"1 minute\" \/>\n<script type=\"application\/ld+json\" class=\"yoast-schema-graph\">{\"@context\":\"https:\/\/schema.org\",\"@graph\":[{\"@type\":\"WebSite\",\"@id\":\"https:\/\/www.grills-saveurs.ch\/fr\/#website\",\"url\":\"https:\/\/www.grills-saveurs.ch\/fr\/\",\"name\":\"Grills et Saveurs\",\"description\":\"Barbecues, Grills, Planchas, Chemin\u00e9es jardin - Lausanne, Suisse Romande\",\"potentialAction\":[{\"@type\":\"SearchAction\",\"target\":{\"@type\":\"EntryPoint\",\"urlTemplate\":\"https:\/\/www.grills-saveurs.ch\/fr\/?s={search_term_string}\"},\"query-input\":\"required name=search_term_string\"}],\"inLanguage\":\"fr-FR\"},{\"@type\":\"ImageObject\",\"@id\":\"https:\/\/www.grills-saveurs.ch\/fr\/produit\/wok-en-fonte-encastrable-imperial-regal\/#primaryimage\",\"inLanguage\":\"fr-FR\",\"url\":\"https:\/\/www.grills-saveurs.ch\/fr\/wp-content\/uploads\/2021\/04\/accessory_69618-9.jpg\",\"contentUrl\":\"https:\/\/www.grills-saveurs.ch\/fr\/wp-content\/uploads\/2021\/04\/accessory_69618-9.jpg\",\"width\":600,\"height\":600,\"caption\":\"Wok en fonte encastrable Broil King\"},{\"@type\":\"WebPage\",\"@id\":\"https:\/\/www.grills-saveurs.ch\/fr\/produit\/wok-en-fonte-encastrable-imperial-regal\/#webpage\",\"url\":\"https:\/\/www.grills-saveurs.ch\/fr\/produit\/wok-en-fonte-encastrable-imperial-regal\/\",\"name\":\"Wok en fonte encastrable - Imperial & Regal - Grills et Saveurs\",\"isPartOf\":{\"@id\":\"https:\/\/www.grills-saveurs.ch\/fr\/#website\"},\"primaryImageOfPage\":{\"@id\":\"https:\/\/www.grills-saveurs.ch\/fr\/produit\/wok-en-fonte-encastrable-imperial-regal\/#primaryimage\"},\"datePublished\":\"2021-04-21T17:44:19+00:00\",\"dateModified\":\"2024-03-14T08:29:14+00:00\",\"description\":\"Robuste wok en fonte con\u00e7u sp\u00e9cifiquement pour s\u2019adapter sur un barbecue \u00e0 gaz Broil King Imperial ou Regal.\",\"breadcrumb\":{\"@id\":\"https:\/\/www.grills-saveurs.ch\/fr\/produit\/wok-en-fonte-encastrable-imperial-regal\/#breadcrumb\"},\"inLanguage\":\"fr-FR\",\"potentialAction\":[{\"@type\":\"ReadAction\",\"target\":[\"https:\/\/www.grills-saveurs.ch\/fr\/produit\/wok-en-fonte-encastrable-imperial-regal\/\"]}]},{\"@type\":\"BreadcrumbList\",\"@id\":\"https:\/\/www.grills-saveurs.ch\/fr\/produit\/wok-en-fonte-encastrable-imperial-regal\/#breadcrumb\",\"itemListElement\":[{\"@type\":\"ListItem\",\"position\":1,\"name\":\"Accueil\",\"item\":\"https:\/\/www.grills-saveurs.ch\/fr\/\"},{\"@type\":\"ListItem\",\"position\":2,\"name\":\"Shop \/ Boutique\",\"item\":\"https:\/\/www.grills-saveurs.ch\/fr\/boutique\/\"},{\"@type\":\"ListItem\",\"position\":3,\"name\":\"Wok en fonte encastrable &#8211; Imperial &#038; Regal\"}]}]}<\/script>\n<!-- \/ Yoast SEO plugin. -->","yoast_head_json":{"title":"Wok en fonte encastrable - Imperial & Regal - Grills et Saveurs","description":"Robuste wok en fonte con\u00e7u sp\u00e9cifiquement pour s\u2019adapter sur un barbecue \u00e0 gaz Broil King Imperial ou Regal.","robots":{"index":"index","follow":"follow","max-snippet":"max-snippet:-1","max-image-preview":"max-image-preview:large","max-video-preview":"max-video-preview:-1"},"canonical":"https:\/\/www.grills-saveurs.ch\/fr\/produit\/wok-en-fonte-encastrable-imperial-regal\/","og_locale":"fr_FR","og_type":"article","og_title":"Wok en fonte encastrable - Imperial & Regal - Grills et Saveurs","og_description":"Robuste wok en fonte con\u00e7u sp\u00e9cifiquement pour s\u2019adapter sur un barbecue \u00e0 gaz Broil King Imperial ou Regal.","og_url":"https:\/\/www.grills-saveurs.ch\/fr\/produit\/wok-en-fonte-encastrable-imperial-regal\/","og_site_name":"Grills et Saveurs","article_modified_time":"2024-03-14T08:29:14+00:00","og_image":[{"width":600,"height":600,"url":"https:\/\/www.grills-saveurs.ch\/fr\/wp-content\/uploads\/2021\/04\/accessory_69618-9.jpg","type":"image\/jpeg"}],"twitter_card":"summary_large_image","twitter_misc":{"Dur\u00e9e de lecture estim\u00e9e":"1 minute"},"schema":{"@context":"https:\/\/schema.org","@graph":[{"@type":"WebSite","@id":"https:\/\/www.grills-saveurs.ch\/fr\/#website","url":"https:\/\/www.grills-saveurs.ch\/fr\/","name":"Grills et Saveurs","description":"Barbecues, Grills, Planchas, Chemin\u00e9es jardin - Lausanne, Suisse Romande","potentialAction":[{"@type":"SearchAction","target":{"@type":"EntryPoint","urlTemplate":"https:\/\/www.grills-saveurs.ch\/fr\/?s={search_term_string}"},"query-input":"required name=search_term_string"}],"inLanguage":"fr-FR"},{"@type":"ImageObject","@id":"https:\/\/www.grills-saveurs.ch\/fr\/produit\/wok-en-fonte-encastrable-imperial-regal\/#primaryimage","inLanguage":"fr-FR","url":"https:\/\/www.grills-saveurs.ch\/fr\/wp-content\/uploads\/2021\/04\/accessory_69618-9.jpg","contentUrl":"https:\/\/www.grills-saveurs.ch\/fr\/wp-content\/uploads\/2021\/04\/accessory_69618-9.jpg","width":600,"height":600,"caption":"Wok en fonte encastrable Broil King"},{"@type":"WebPage","@id":"https:\/\/www.grills-saveurs.ch\/fr\/produit\/wok-en-fonte-encastrable-imperial-regal\/#webpage","url":"https:\/\/www.grills-saveurs.ch\/fr\/produit\/wok-en-fonte-encastrable-imperial-regal\/","name":"Wok en fonte encastrable - Imperial & Regal - Grills et Saveurs","isPartOf":{"@id":"https:\/\/www.grills-saveurs.ch\/fr\/#website"},"primaryImageOfPage":{"@id":"https:\/\/www.grills-saveurs.ch\/fr\/produit\/wok-en-fonte-encastrable-imperial-regal\/#primaryimage"},"datePublished":"2021-04-21T17:44:19+00:00","dateModified":"2024-03-14T08:29:14+00:00","description":"Robuste wok en fonte con\u00e7u sp\u00e9cifiquement pour s\u2019adapter sur un barbecue \u00e0 gaz Broil King Imperial ou Regal.","breadcrumb":{"@id":"https:\/\/www.grills-saveurs.ch\/fr\/produit\/wok-en-fonte-encastrable-imperial-regal\/#breadcrumb"},"inLanguage":"fr-FR","potentialAction":[{"@type":"ReadAction","target":["https:\/\/www.grills-saveurs.ch\/fr\/produit\/wok-en-fonte-encastrable-imperial-regal\/"]}]},{"@type":"BreadcrumbList","@id":"https:\/\/www.grills-saveurs.ch\/fr\/produit\/wok-en-fonte-encastrable-imperial-regal\/#breadcrumb","itemListElement":[{"@type":"ListItem","position":1,"name":"Accueil","item":"https:\/\/www.grills-saveurs.ch\/fr\/"},{"@type":"ListItem","position":2,"name":"Shop \/ Boutique","item":"https:\/\/www.grills-saveurs.ch\/fr\/boutique\/"},{"@type":"ListItem","position":3,"name":"Wok en fonte encastrable &#8211; Imperial &#038; Regal"}]}]}},"_links":{"self":[{"href":"https:\/\/www.grills-saveurs.ch\/fr\/wp-json\/wp\/v2\/product\/7331"}],"collection":[{"href":"https:\/\/www.grills-saveurs.ch\/fr\/wp-json\/wp\/v2\/product"}],"about":[{"href":"https:\/\/www.grills-saveurs.ch\/fr\/wp-json\/wp\/v2\/types\/product"}],"wp:featuredmedia":[{"embeddable":true,"href":"https:\/\/www.grills-saveurs.ch\/fr\/wp-json\/wp\/v2\/media\/7332"}],"wp:attachment":[{"href":"https:\/\/www.grills-saveurs.ch\/fr\/wp-json\/wp\/v2\/media?parent=7331"}],"wp:term":[{"taxonomy":"product_cat","embeddable":true,"href":"https:\/\/www.grills-saveurs.ch\/fr\/wp-json\/wp\/v2\/product_cat?post=7331"},{"taxonomy":"product_tag","embeddable":true,"href":"https:\/\/www.grills-saveurs.ch\/fr\/wp-json\/wp\/v2\/product_tag?post=7331"}],"curies":[{"name":"wp","href":"https:\/\/api.w.org\/{rel}","templated":true}]}}