{"id":7542,"date":"2022-03-30T15:05:48","date_gmt":"2022-03-30T13:05:48","guid":{"rendered":"https:\/\/www.grills-saveurs.ch\/fr\/?post_type=product&#038;p=7542"},"modified":"2024-11-08T12:06:50","modified_gmt":"2024-11-08T11:06:50","slug":"barbecue-a-gaz-connecte-genesis-epx-435-noir","status":"publish","type":"product","link":"https:\/\/www.grills-saveurs.ch\/fr\/produit\/barbecue-a-gaz-connecte-genesis-epx-435-noir\/","title":{"rendered":"Barbecue \u00e0 gaz connect\u00e9 Genesis EPX-435 noir (Model EXPO)"},"content":{"rendered":"<div>\n<p>Pr\u00e9sentation du barbecue intelligent Genesis\u00a0\u2013 la plus grande innovation en mati\u00e8re de barbecue depuis des d\u00e9cennies, qui propose une exp\u00e9rience culinaire compl\u00e8te \u00e0 l&rsquo;ext\u00e9rieur. Faites r\u00f4tir, cuire au four, cuire \u00e0 la vapeur ou m\u00eame frire des aliments succulents en rempla\u00e7ant la grille de cuisson par des ustensiles de barbecue WEBER CRAFTED sur mesure qui vous permettront de cuire au barbecue tout ce qui vous paraissait impossible. Et la technologie intelligente WEBER CONNECT vous permet de recevoir des alertes de temp\u00e9rature des aliments en temps r\u00e9el, afin de cuisiner \u00e0 la perfection \u00e0 chaque fois.<\/p>\n<p>\u2022 Support WEBER CRAFTED; variez vos recettes avec des ustensiles de barbecue personnalis\u00e9s<br \/>\n\u2022 Savoir quand retourner et servir avec la technologie intelligente WEBER CONNECT<br \/>\n\u2022 Saisissez plusieurs steaks \u00e0 la fois sur la zone de saisie extra-large<br \/>\n\u2022 NIGHT VISION la lumi\u00e8re illumine toute la surface du barbecue<br \/>\n\u2022 La grille de cuisson sup\u00e9rieure extensible cr\u00e9e un deuxi\u00e8me niveau de cuisson<\/p>\n<p><strong>CARACT\u00c9RISTIQUES<\/strong><\/p>\n<ul>\n<li>Allumage pi\u00e9zo\u00e9lectronique<\/li>\n<li>Barres flavorizer en acier inoxydable<\/li>\n<li>Couvercle \u00e9maill\u00e9<\/li>\n<li>Placard<\/li>\n<li>Portes en acier peint<\/li>\n<li>Support weber crafted<\/li>\n<li>Grilles de cuisson en fonte d\u2019acier \u00e9maill\u00e9e weber crafted<\/li>\n<li>Crochet pour grille<\/li>\n<li>Espace de rangement lat\u00e9ral pour barbecue<\/li>\n<li>Br\u00fbleurs pureblu<\/li>\n<li>Grille de cuisson sup\u00e9rieure extensible<\/li>\n<li>Syst\u00e8me de gestion des graisses pull &amp; clean<\/li>\n<li>1 grattoir \u00e0 graisse inclus<\/li>\n<li>Tablette de pr\u00e9paration et de service extra-large<\/li>\n<li>Technologie de cuisson intelligente weber connect<\/li>\n<li>1 c\u00e2ble enfichable et une entr\u00e9e usb-c 5 v en option<\/li>\n<li>1 sonde \u00e0 viande\/1 sonde de temp\u00e9rature ambiante install\u00e9e en usine<\/li>\n<li>Bouteille de propane \u00e0 l\u2019int\u00e9rieur du placard<\/li>\n<li>Support pour bouteille de gaz<\/li>\n<li>Indicateur d\u2019alimentation num\u00e9rique<\/li>\n<li>Alertes pour une cuisson pas-\u00e0- pas<\/li>\n<li>Connectivit\u00e9 bluetooth\u00ae et wi-fi<\/li>\n<li>\u00c9clairage night vision du barbecue par led<\/li>\n<li>\u00c9clairage de tous les boutons des br\u00fbleurs principaux et de saisie<\/li>\n<li>1 pile aa \u2013 allumage \u00e9lectronique<\/li>\n<li>3 piles lr14 \u2013 \u00e9clairage night vision du barbecue par led<\/li>\n<\/ul>\n<p><strong>DETAILS<\/strong><\/p>\n<ul>\n<li>Br\u00fbleurs principaux : kw 14.1<\/li>\n<li>Sear zone burner: kw 3.8<\/li>\n<li>R\u00e9chaud lat\u00e9ral : kw 3.5<\/li>\n<li>Dimensions &#8211; couvercle ouvert (cm) 160.02cm h x 173.99cm l x 78.74cm p<\/li>\n<li>Dimensions &#8211; couvercle ferm\u00e9 (cm) 123.19cm h x 173.99cm l x 68.58cm p<\/li>\n<li>Grille sup\u00e9rieure (centim\u00e8tres carr\u00e9s) 2,247<\/li>\n<li>Surface principale de cuisson (cm\u00b2) 4,168<\/li>\n<li>Surface totale de cuisson (cm) 6,415<\/li>\n<li>Br\u00fbleurs en acier inoxydable 4<\/li>\n<li>Type d\u2019\u00e9nergie Bouteille de gaz (bouteille rechargeable vendue s\u00e9par\u00e9ment)<\/li>\n<li>Plans de travail 2<\/li>\n<li>Boutons de r\u00e9glage gaz \u00e9clair\u00e9s 6<\/li>\n<li>Roulettes pivotantes 2<\/li>\n<li>Roulettes pivotantes autobloquantes 2<\/li>\n<li>Crochets porte-ustensiles 6<\/li>\n<li>Piles 4<\/li>\n<li>Sondes pour viande incluses 1<\/li>\n<li>Capacit\u00e9 de sondes 2<\/li>\n<\/ul>\n<\/div>\n","protected":false},"excerpt":{"rendered":"<p>R\u00e9f\u00e9rence 36810094<\/p>\n","protected":false},"featured_media":7543,"template":"","meta":[],"product_cat":[15,67,140],"product_tag":[],"yoast_head":"<!-- This site is optimized with the Yoast SEO plugin v18.2 - https:\/\/yoast.com\/wordpress\/plugins\/seo\/ -->\n<title>Barbecue \u00e0 gaz connect\u00e9 Genesis EPX-435 noir (Model EXPO) - Grills et Saveurs<\/title>\n<meta name=\"description\" content=\"Pr\u00e9sentation du barbecue intelligent Genesis \u2013 la plus grande innovation en mati\u00e8re de barbecue depuis des d\u00e9cennies, qui propose une exp\u00e9rience culinaire compl\u00e8te \u00e0 l&#039;ext\u00e9rieur. Faites r\u00f4tir, cuire au four, cuire \u00e0 la vapeur ou m\u00eame frire des aliments succulents en rempla\u00e7ant la grille de cuisson par des ustensiles de barbecue WEBER CRAFTED sur mesure qui vous permettront de cuire au barbecue tout ce qui vous paraissait impossible. Et la technologie intelligente WEBER CONNECT vous permet de recevoir des alertes de temp\u00e9rature des aliments en temps r\u00e9el, afin de cuisiner \u00e0 la perfection \u00e0 chaque fois.\" \/>\n<meta name=\"robots\" content=\"index, follow, max-snippet:-1, max-image-preview:large, max-video-preview:-1\" \/>\n<link rel=\"canonical\" href=\"https:\/\/www.grills-saveurs.ch\/fr\/produit\/barbecue-a-gaz-connecte-genesis-epx-435-noir\/\" \/>\n<meta property=\"og:locale\" content=\"fr_FR\" \/>\n<meta property=\"og:type\" content=\"article\" \/>\n<meta property=\"og:title\" content=\"Barbecue \u00e0 gaz connect\u00e9 Genesis EPX-435 noir (Model EXPO) - Grills et Saveurs\" \/>\n<meta property=\"og:description\" content=\"Pr\u00e9sentation du barbecue intelligent Genesis \u2013 la plus grande innovation en mati\u00e8re de barbecue depuis des d\u00e9cennies, qui propose une exp\u00e9rience culinaire compl\u00e8te \u00e0 l&#039;ext\u00e9rieur. Faites r\u00f4tir, cuire au four, cuire \u00e0 la vapeur ou m\u00eame frire des aliments succulents en rempla\u00e7ant la grille de cuisson par des ustensiles de barbecue WEBER CRAFTED sur mesure qui vous permettront de cuire au barbecue tout ce qui vous paraissait impossible. Et la technologie intelligente WEBER CONNECT vous permet de recevoir des alertes de temp\u00e9rature des aliments en temps r\u00e9el, afin de cuisiner \u00e0 la perfection \u00e0 chaque fois.\" \/>\n<meta property=\"og:url\" content=\"https:\/\/www.grills-saveurs.ch\/fr\/produit\/barbecue-a-gaz-connecte-genesis-epx-435-noir\/\" \/>\n<meta property=\"og:site_name\" content=\"Grills et Saveurs\" \/>\n<meta property=\"article:modified_time\" content=\"2024-11-08T11:06:50+00:00\" \/>\n<meta property=\"og:image\" content=\"https:\/\/www.grills-saveurs.ch\/fr\/wp-content\/uploads\/2022\/03\/WB-36810094.jpg\" \/>\n\t<meta property=\"og:image:width\" content=\"1000\" \/>\n\t<meta property=\"og:image:height\" content=\"950\" \/>\n\t<meta property=\"og:image:type\" content=\"image\/jpeg\" \/>\n<meta name=\"twitter:card\" content=\"summary_large_image\" \/>\n<meta name=\"twitter:label1\" content=\"Dur\u00e9e de lecture estim\u00e9e\" \/>\n\t<meta name=\"twitter:data1\" content=\"2 minutes\" \/>\n<script type=\"application\/ld+json\" class=\"yoast-schema-graph\">{\"@context\":\"https:\/\/schema.org\",\"@graph\":[{\"@type\":\"WebSite\",\"@id\":\"https:\/\/www.grills-saveurs.ch\/fr\/#website\",\"url\":\"https:\/\/www.grills-saveurs.ch\/fr\/\",\"name\":\"Grills et Saveurs\",\"description\":\"Barbecues, Grills, Planchas, Chemin\u00e9es jardin - Lausanne, Suisse Romande\",\"potentialAction\":[{\"@type\":\"SearchAction\",\"target\":{\"@type\":\"EntryPoint\",\"urlTemplate\":\"https:\/\/www.grills-saveurs.ch\/fr\/?s={search_term_string}\"},\"query-input\":\"required name=search_term_string\"}],\"inLanguage\":\"fr-FR\"},{\"@type\":\"ImageObject\",\"@id\":\"https:\/\/www.grills-saveurs.ch\/fr\/produit\/barbecue-a-gaz-connecte-genesis-epx-435-noir\/#primaryimage\",\"inLanguage\":\"fr-FR\",\"url\":\"https:\/\/www.grills-saveurs.ch\/fr\/wp-content\/uploads\/2022\/03\/WB-36810094.jpg\",\"contentUrl\":\"https:\/\/www.grills-saveurs.ch\/fr\/wp-content\/uploads\/2022\/03\/WB-36810094.jpg\",\"width\":1000,\"height\":950},{\"@type\":\"WebPage\",\"@id\":\"https:\/\/www.grills-saveurs.ch\/fr\/produit\/barbecue-a-gaz-connecte-genesis-epx-435-noir\/#webpage\",\"url\":\"https:\/\/www.grills-saveurs.ch\/fr\/produit\/barbecue-a-gaz-connecte-genesis-epx-435-noir\/\",\"name\":\"Barbecue \u00e0 gaz connect\u00e9 Genesis EPX-435 noir (Model EXPO) - Grills et Saveurs\",\"isPartOf\":{\"@id\":\"https:\/\/www.grills-saveurs.ch\/fr\/#website\"},\"primaryImageOfPage\":{\"@id\":\"https:\/\/www.grills-saveurs.ch\/fr\/produit\/barbecue-a-gaz-connecte-genesis-epx-435-noir\/#primaryimage\"},\"datePublished\":\"2022-03-30T13:05:48+00:00\",\"dateModified\":\"2024-11-08T11:06:50+00:00\",\"description\":\"Pr\u00e9sentation du barbecue intelligent Genesis \u2013 la plus grande innovation en mati\u00e8re de barbecue depuis des d\u00e9cennies, qui propose une exp\u00e9rience culinaire compl\u00e8te \u00e0 l'ext\u00e9rieur. Faites r\u00f4tir, cuire au four, cuire \u00e0 la vapeur ou m\u00eame frire des aliments succulents en rempla\u00e7ant la grille de cuisson par des ustensiles de barbecue WEBER CRAFTED sur mesure qui vous permettront de cuire au barbecue tout ce qui vous paraissait impossible. Et la technologie intelligente WEBER CONNECT vous permet de recevoir des alertes de temp\u00e9rature des aliments en temps r\u00e9el, afin de cuisiner \u00e0 la perfection \u00e0 chaque fois.\",\"breadcrumb\":{\"@id\":\"https:\/\/www.grills-saveurs.ch\/fr\/produit\/barbecue-a-gaz-connecte-genesis-epx-435-noir\/#breadcrumb\"},\"inLanguage\":\"fr-FR\",\"potentialAction\":[{\"@type\":\"ReadAction\",\"target\":[\"https:\/\/www.grills-saveurs.ch\/fr\/produit\/barbecue-a-gaz-connecte-genesis-epx-435-noir\/\"]}]},{\"@type\":\"BreadcrumbList\",\"@id\":\"https:\/\/www.grills-saveurs.ch\/fr\/produit\/barbecue-a-gaz-connecte-genesis-epx-435-noir\/#breadcrumb\",\"itemListElement\":[{\"@type\":\"ListItem\",\"position\":1,\"name\":\"Accueil\",\"item\":\"https:\/\/www.grills-saveurs.ch\/fr\/\"},{\"@type\":\"ListItem\",\"position\":2,\"name\":\"Shop \/ Boutique\",\"item\":\"https:\/\/www.grills-saveurs.ch\/fr\/boutique\/\"},{\"@type\":\"ListItem\",\"position\":3,\"name\":\"Barbecue \u00e0 gaz connect\u00e9 Genesis EPX-435 noir (Model EXPO)\"}]}]}<\/script>\n<!-- \/ Yoast SEO plugin. -->","yoast_head_json":{"title":"Barbecue \u00e0 gaz connect\u00e9 Genesis EPX-435 noir (Model EXPO) - Grills et Saveurs","description":"Pr\u00e9sentation du barbecue intelligent Genesis \u2013 la plus grande innovation en mati\u00e8re de barbecue depuis des d\u00e9cennies, qui propose une exp\u00e9rience culinaire compl\u00e8te \u00e0 l'ext\u00e9rieur. Faites r\u00f4tir, cuire au four, cuire \u00e0 la vapeur ou m\u00eame frire des aliments succulents en rempla\u00e7ant la grille de cuisson par des ustensiles de barbecue WEBER CRAFTED sur mesure qui vous permettront de cuire au barbecue tout ce qui vous paraissait impossible. Et la technologie intelligente WEBER CONNECT vous permet de recevoir des alertes de temp\u00e9rature des aliments en temps r\u00e9el, afin de cuisiner \u00e0 la perfection \u00e0 chaque fois.","robots":{"index":"index","follow":"follow","max-snippet":"max-snippet:-1","max-image-preview":"max-image-preview:large","max-video-preview":"max-video-preview:-1"},"canonical":"https:\/\/www.grills-saveurs.ch\/fr\/produit\/barbecue-a-gaz-connecte-genesis-epx-435-noir\/","og_locale":"fr_FR","og_type":"article","og_title":"Barbecue \u00e0 gaz connect\u00e9 Genesis EPX-435 noir (Model EXPO) - Grills et Saveurs","og_description":"Pr\u00e9sentation du barbecue intelligent Genesis \u2013 la plus grande innovation en mati\u00e8re de barbecue depuis des d\u00e9cennies, qui propose une exp\u00e9rience culinaire compl\u00e8te \u00e0 l'ext\u00e9rieur. Faites r\u00f4tir, cuire au four, cuire \u00e0 la vapeur ou m\u00eame frire des aliments succulents en rempla\u00e7ant la grille de cuisson par des ustensiles de barbecue WEBER CRAFTED sur mesure qui vous permettront de cuire au barbecue tout ce qui vous paraissait impossible. Et la technologie intelligente WEBER CONNECT vous permet de recevoir des alertes de temp\u00e9rature des aliments en temps r\u00e9el, afin de cuisiner \u00e0 la perfection \u00e0 chaque fois.","og_url":"https:\/\/www.grills-saveurs.ch\/fr\/produit\/barbecue-a-gaz-connecte-genesis-epx-435-noir\/","og_site_name":"Grills et Saveurs","article_modified_time":"2024-11-08T11:06:50+00:00","og_image":[{"width":1000,"height":950,"url":"https:\/\/www.grills-saveurs.ch\/fr\/wp-content\/uploads\/2022\/03\/WB-36810094.jpg","type":"image\/jpeg"}],"twitter_card":"summary_large_image","twitter_misc":{"Dur\u00e9e de lecture estim\u00e9e":"2 minutes"},"schema":{"@context":"https:\/\/schema.org","@graph":[{"@type":"WebSite","@id":"https:\/\/www.grills-saveurs.ch\/fr\/#website","url":"https:\/\/www.grills-saveurs.ch\/fr\/","name":"Grills et Saveurs","description":"Barbecues, Grills, Planchas, Chemin\u00e9es jardin - Lausanne, Suisse Romande","potentialAction":[{"@type":"SearchAction","target":{"@type":"EntryPoint","urlTemplate":"https:\/\/www.grills-saveurs.ch\/fr\/?s={search_term_string}"},"query-input":"required name=search_term_string"}],"inLanguage":"fr-FR"},{"@type":"ImageObject","@id":"https:\/\/www.grills-saveurs.ch\/fr\/produit\/barbecue-a-gaz-connecte-genesis-epx-435-noir\/#primaryimage","inLanguage":"fr-FR","url":"https:\/\/www.grills-saveurs.ch\/fr\/wp-content\/uploads\/2022\/03\/WB-36810094.jpg","contentUrl":"https:\/\/www.grills-saveurs.ch\/fr\/wp-content\/uploads\/2022\/03\/WB-36810094.jpg","width":1000,"height":950},{"@type":"WebPage","@id":"https:\/\/www.grills-saveurs.ch\/fr\/produit\/barbecue-a-gaz-connecte-genesis-epx-435-noir\/#webpage","url":"https:\/\/www.grills-saveurs.ch\/fr\/produit\/barbecue-a-gaz-connecte-genesis-epx-435-noir\/","name":"Barbecue \u00e0 gaz connect\u00e9 Genesis EPX-435 noir (Model EXPO) - Grills et Saveurs","isPartOf":{"@id":"https:\/\/www.grills-saveurs.ch\/fr\/#website"},"primaryImageOfPage":{"@id":"https:\/\/www.grills-saveurs.ch\/fr\/produit\/barbecue-a-gaz-connecte-genesis-epx-435-noir\/#primaryimage"},"datePublished":"2022-03-30T13:05:48+00:00","dateModified":"2024-11-08T11:06:50+00:00","description":"Pr\u00e9sentation du barbecue intelligent Genesis \u2013 la plus grande innovation en mati\u00e8re de barbecue depuis des d\u00e9cennies, qui propose une exp\u00e9rience culinaire compl\u00e8te \u00e0 l'ext\u00e9rieur. Faites r\u00f4tir, cuire au four, cuire \u00e0 la vapeur ou m\u00eame frire des aliments succulents en rempla\u00e7ant la grille de cuisson par des ustensiles de barbecue WEBER CRAFTED sur mesure qui vous permettront de cuire au barbecue tout ce qui vous paraissait impossible. Et la technologie intelligente WEBER CONNECT vous permet de recevoir des alertes de temp\u00e9rature des aliments en temps r\u00e9el, afin de cuisiner \u00e0 la perfection \u00e0 chaque fois.","breadcrumb":{"@id":"https:\/\/www.grills-saveurs.ch\/fr\/produit\/barbecue-a-gaz-connecte-genesis-epx-435-noir\/#breadcrumb"},"inLanguage":"fr-FR","potentialAction":[{"@type":"ReadAction","target":["https:\/\/www.grills-saveurs.ch\/fr\/produit\/barbecue-a-gaz-connecte-genesis-epx-435-noir\/"]}]},{"@type":"BreadcrumbList","@id":"https:\/\/www.grills-saveurs.ch\/fr\/produit\/barbecue-a-gaz-connecte-genesis-epx-435-noir\/#breadcrumb","itemListElement":[{"@type":"ListItem","position":1,"name":"Accueil","item":"https:\/\/www.grills-saveurs.ch\/fr\/"},{"@type":"ListItem","position":2,"name":"Shop \/ Boutique","item":"https:\/\/www.grills-saveurs.ch\/fr\/boutique\/"},{"@type":"ListItem","position":3,"name":"Barbecue \u00e0 gaz connect\u00e9 Genesis EPX-435 noir (Model EXPO)"}]}]}},"_links":{"self":[{"href":"https:\/\/www.grills-saveurs.ch\/fr\/wp-json\/wp\/v2\/product\/7542"}],"collection":[{"href":"https:\/\/www.grills-saveurs.ch\/fr\/wp-json\/wp\/v2\/product"}],"about":[{"href":"https:\/\/www.grills-saveurs.ch\/fr\/wp-json\/wp\/v2\/types\/product"}],"wp:featuredmedia":[{"embeddable":true,"href":"https:\/\/www.grills-saveurs.ch\/fr\/wp-json\/wp\/v2\/media\/7543"}],"wp:attachment":[{"href":"https:\/\/www.grills-saveurs.ch\/fr\/wp-json\/wp\/v2\/media?parent=7542"}],"wp:term":[{"taxonomy":"product_cat","embeddable":true,"href":"https:\/\/www.grills-saveurs.ch\/fr\/wp-json\/wp\/v2\/product_cat?post=7542"},{"taxonomy":"product_tag","embeddable":true,"href":"https:\/\/www.grills-saveurs.ch\/fr\/wp-json\/wp\/v2\/product_tag?post=7542"}],"curies":[{"name":"wp","href":"https:\/\/api.w.org\/{rel}","templated":true}]}}