{"id":7563,"date":"2022-03-30T16:15:30","date_gmt":"2022-03-30T14:15:30","guid":{"rendered":"https:\/\/www.grills-saveurs.ch\/fr\/?post_type=product&#038;p=7563"},"modified":"2024-05-18T12:21:34","modified_gmt":"2024-05-18T10:21:34","slug":"barbecue-a-gaz-genesis-s-325s-inox","status":"publish","type":"product","link":"https:\/\/www.grills-saveurs.ch\/fr\/produit\/barbecue-a-gaz-genesis-s-325s-inox\/","title":{"rendered":"Barbecue \u00e0 gaz Genesis S-325s Inox"},"content":{"rendered":"<p>Voici le nouveau barbecue Genesis qui vous permet de pr\u00e9parer, saisir et servir tout ce que vous voulez \u00e0 l\u2019ext\u00e9rieur, au c\u0153ur m\u00eame de la f\u00eate. Le nouveau barbecue \u00e0 gaz Genesis comprend notre zone de saisie la plus large et la plus haute en temp\u00e9rature, avec une grille de cuisson sup\u00e9rieure extensible pour que le plat principal et les accompagnements soient tous cuits et servis en m\u00eame temps. Une fois les aliments pr\u00eats, il vous suffit de les transf\u00e9rer sur la grande tablette de pr\u00e9paration et de service, pour une exp\u00e9rience de cuisson parfaite.<\/p>\n<p>\u2022 Support WEBER CRAFTED; variez vos recettes avec des ustensiles de barbecue personnalis\u00e9s<br \/>\n\u2022 Saisissez plusieurs steaks \u00e0 la fois sur la zone de saisie extra-large<br \/>\n\u2022 La grille de cuisson sup\u00e9rieure extensible cr\u00e9e un deuxi\u00e8me niveau de cuisson<br \/>\n\u2022 Tablette de pr\u00e9paration et de service rabattable<br \/>\n\u2022 Bac \u00e0 graisse coulissant nouveau et am\u00e9lior\u00e9<\/p>\n<p><strong>CARACT\u00c9RISTIQUES<\/strong><\/p>\n<ul>\n<li>Allumage pi\u00e9zo\u00e9lectronique<\/li>\n<li>Barres flavorizer en acier inoxydable<\/li>\n<li>Couvercle en acier inoxydable<\/li>\n<li>Thermom\u00e8tre int\u00e9gr\u00e9 au couvercle<\/li>\n<li>Placard<\/li>\n<li>Portes en acier inoxydable<\/li>\n<li>Support weber crafted<\/li>\n<li>Grilles de cuisson en fonte d\u2019acier \u00e9maill\u00e9e weber crafted<\/li>\n<li>Crochet pour grille<\/li>\n<li>Pureblu burners<\/li>\n<li>Grille de cuisson sup\u00e9rieure extensible<\/li>\n<li>Syst\u00e8me de gestion des graisses pull &amp; clean<\/li>\n<li>1 grattoir \u00e0 graisse inclus<\/li>\n<li>Tablette de pr\u00e9paration et de service rabattable<\/li>\n<li>1 pile aa \u2013 allumage \u00e9lectronique<\/li>\n<li>Bouteille de propane \u00e0 l\u2019int\u00e9rieur du placard<\/li>\n<li>Support pour bouteille de gaz<\/li>\n<\/ul>\n<p><strong>DETAILS<\/strong><\/p>\n<ul>\n<li>Br\u00fbleurs principaux : kw 11.4<\/li>\n<li>Sear zone burner: kw 3.8<\/li>\n<li>Dimensions &#8211; couvercle ouvert (cm) 160.02cm h x 157.48cm l x 78.74cm p<\/li>\n<li>Dimensions &#8211; couvercle ferm\u00e9 (cm) 123.19cm h x 157.48cm l x 68.58cm p<\/li>\n<li>Grille sup\u00e9rieure (centim\u00e8tres carr\u00e9s) 1,768<\/li>\n<li>Surface principale de cuisson (cm\u00b2) 3,310<\/li>\n<li>Surface totale de cuisson (cm) 5,077<\/li>\n<li>Br\u00fbleurs en acier inoxydable 3<\/li>\n<li>Type d\u2019\u00e9nergie Bouteille de gaz (bouteille rechargeable vendue s\u00e9par\u00e9ment)<\/li>\n<li>Plans de travail 2<\/li>\n<li>Roulettes pivotantes 2<\/li>\n<li>Roulettes pivotantes autobloquantes 2<\/li>\n<li>Crochets porte-ustensiles 6<\/li>\n<li>Type de pile Aa<\/li>\n<li>Piles 1<\/li>\n<\/ul>\n","protected":false},"excerpt":{"rendered":"<p>R\u00e9f\u00e9rence 35300094<\/p>\n<p><strong><a href=\"https:\/\/www.grills-saveurs.ch\/fr\/produit\/montage-premium-pour-votre-grill\/\">&gt; Livraison et montage gratuits sur tous les barbecues Weber Genesis jusqu&rsquo;au 30.06 avec le code MONTAGE (n&rsquo;oubliez pas d&rsquo;ajouter la prestation de Montage premium \u00e0 votre panier)<\/a><\/strong><\/p>\n","protected":false},"featured_media":7572,"template":"","meta":[],"product_cat":[260],"product_tag":[],"yoast_head":"<!-- This site is optimized with the Yoast SEO plugin v18.2 - https:\/\/yoast.com\/wordpress\/plugins\/seo\/ -->\n<title>Barbecue \u00e0 gaz Genesis S-325s Inox - Grills et Saveurs<\/title>\n<meta name=\"description\" content=\"Voici le nouveau barbecue Genesis qui vous permet de pr\u00e9parer, saisir et servir tout ce que vous voulez \u00e0 l\u2019ext\u00e9rieur, au c\u0153ur m\u00eame de la f\u00eate. Le nouveau barbecue \u00e0 gaz Genesis comprend notre zone de saisie la plus large et la plus haute en temp\u00e9rature, avec une grille de cuisson sup\u00e9rieure extensible pour que le plat principal et les accompagnements soient tous cuits et servis en m\u00eame temps. Une fois les aliments pr\u00eats, il vous suffit de les transf\u00e9rer sur la grande tablette de pr\u00e9paration et de service, pour une exp\u00e9rience de cuisson parfaite.\u2022 Support WEBER CRAFTED; variez vos recettes avec des ustensiles de barbecue personnalis\u00e9s\u2022 Saisissez plusieurs steaks \u00e0 la fois sur la zone de saisie extra-large\u2022 La grille de cuisson sup\u00e9rieure extensible cr\u00e9e un deuxi\u00e8me niveau de cuisson\u2022 Tablette de pr\u00e9paration et de service rabattable\u2022 Bac \u00e0 graisse coulissant nouveau et am\u00e9lior\u00e9\" \/>\n<meta name=\"robots\" content=\"index, follow, max-snippet:-1, max-image-preview:large, max-video-preview:-1\" \/>\n<link rel=\"canonical\" href=\"https:\/\/www.grills-saveurs.ch\/fr\/produit\/barbecue-a-gaz-genesis-s-325s-inox\/\" \/>\n<meta property=\"og:locale\" content=\"fr_FR\" \/>\n<meta property=\"og:type\" content=\"article\" \/>\n<meta property=\"og:title\" content=\"Barbecue \u00e0 gaz Genesis S-325s Inox - Grills et Saveurs\" \/>\n<meta property=\"og:description\" content=\"Voici le nouveau barbecue Genesis qui vous permet de pr\u00e9parer, saisir et servir tout ce que vous voulez \u00e0 l\u2019ext\u00e9rieur, au c\u0153ur m\u00eame de la f\u00eate. Le nouveau barbecue \u00e0 gaz Genesis comprend notre zone de saisie la plus large et la plus haute en temp\u00e9rature, avec une grille de cuisson sup\u00e9rieure extensible pour que le plat principal et les accompagnements soient tous cuits et servis en m\u00eame temps. Une fois les aliments pr\u00eats, il vous suffit de les transf\u00e9rer sur la grande tablette de pr\u00e9paration et de service, pour une exp\u00e9rience de cuisson parfaite.\u2022 Support WEBER CRAFTED; variez vos recettes avec des ustensiles de barbecue personnalis\u00e9s\u2022 Saisissez plusieurs steaks \u00e0 la fois sur la zone de saisie extra-large\u2022 La grille de cuisson sup\u00e9rieure extensible cr\u00e9e un deuxi\u00e8me niveau de cuisson\u2022 Tablette de pr\u00e9paration et de service rabattable\u2022 Bac \u00e0 graisse coulissant nouveau et am\u00e9lior\u00e9\" \/>\n<meta property=\"og:url\" content=\"https:\/\/www.grills-saveurs.ch\/fr\/produit\/barbecue-a-gaz-genesis-s-325s-inox\/\" \/>\n<meta property=\"og:site_name\" content=\"Grills et Saveurs\" \/>\n<meta property=\"article:modified_time\" content=\"2024-05-18T10:21:34+00:00\" \/>\n<meta property=\"og:image\" content=\"https:\/\/www.grills-saveurs.ch\/fr\/wp-content\/uploads\/2022\/03\/WB-35300094-1-1.jpg\" \/>\n\t<meta property=\"og:image:width\" content=\"1000\" \/>\n\t<meta property=\"og:image:height\" content=\"950\" \/>\n\t<meta property=\"og:image:type\" content=\"image\/jpeg\" \/>\n<meta name=\"twitter:card\" content=\"summary_large_image\" \/>\n<meta name=\"twitter:label1\" content=\"Dur\u00e9e de lecture estim\u00e9e\" \/>\n\t<meta name=\"twitter:data1\" content=\"2 minutes\" \/>\n<script type=\"application\/ld+json\" class=\"yoast-schema-graph\">{\"@context\":\"https:\/\/schema.org\",\"@graph\":[{\"@type\":\"WebSite\",\"@id\":\"https:\/\/www.grills-saveurs.ch\/fr\/#website\",\"url\":\"https:\/\/www.grills-saveurs.ch\/fr\/\",\"name\":\"Grills et Saveurs\",\"description\":\"Barbecues, Grills, Planchas, Chemin\u00e9es jardin - Lausanne, Suisse Romande\",\"potentialAction\":[{\"@type\":\"SearchAction\",\"target\":{\"@type\":\"EntryPoint\",\"urlTemplate\":\"https:\/\/www.grills-saveurs.ch\/fr\/?s={search_term_string}\"},\"query-input\":\"required name=search_term_string\"}],\"inLanguage\":\"fr-FR\"},{\"@type\":\"ImageObject\",\"@id\":\"https:\/\/www.grills-saveurs.ch\/fr\/produit\/barbecue-a-gaz-genesis-s-325s-inox\/#primaryimage\",\"inLanguage\":\"fr-FR\",\"url\":\"https:\/\/www.grills-saveurs.ch\/fr\/wp-content\/uploads\/2022\/03\/WB-35300094-1-1.jpg\",\"contentUrl\":\"https:\/\/www.grills-saveurs.ch\/fr\/wp-content\/uploads\/2022\/03\/WB-35300094-1-1.jpg\",\"width\":1000,\"height\":950},{\"@type\":\"WebPage\",\"@id\":\"https:\/\/www.grills-saveurs.ch\/fr\/produit\/barbecue-a-gaz-genesis-s-325s-inox\/#webpage\",\"url\":\"https:\/\/www.grills-saveurs.ch\/fr\/produit\/barbecue-a-gaz-genesis-s-325s-inox\/\",\"name\":\"Barbecue \u00e0 gaz Genesis S-325s Inox - Grills et Saveurs\",\"isPartOf\":{\"@id\":\"https:\/\/www.grills-saveurs.ch\/fr\/#website\"},\"primaryImageOfPage\":{\"@id\":\"https:\/\/www.grills-saveurs.ch\/fr\/produit\/barbecue-a-gaz-genesis-s-325s-inox\/#primaryimage\"},\"datePublished\":\"2022-03-30T14:15:30+00:00\",\"dateModified\":\"2024-05-18T10:21:34+00:00\",\"description\":\"Voici le nouveau barbecue Genesis qui vous permet de pr\u00e9parer, saisir et servir tout ce que vous voulez \u00e0 l\u2019ext\u00e9rieur, au c\u0153ur m\u00eame de la f\u00eate. Le nouveau barbecue \u00e0 gaz Genesis comprend notre zone de saisie la plus large et la plus haute en temp\u00e9rature, avec une grille de cuisson sup\u00e9rieure extensible pour que le plat principal et les accompagnements soient tous cuits et servis en m\u00eame temps. Une fois les aliments pr\u00eats, il vous suffit de les transf\u00e9rer sur la grande tablette de pr\u00e9paration et de service, pour une exp\u00e9rience de cuisson parfaite.\u2022 Support WEBER CRAFTED; variez vos recettes avec des ustensiles de barbecue personnalis\u00e9s\u2022 Saisissez plusieurs steaks \u00e0 la fois sur la zone de saisie extra-large\u2022 La grille de cuisson sup\u00e9rieure extensible cr\u00e9e un deuxi\u00e8me niveau de cuisson\u2022 Tablette de pr\u00e9paration et de service rabattable\u2022 Bac \u00e0 graisse coulissant nouveau et am\u00e9lior\u00e9\",\"breadcrumb\":{\"@id\":\"https:\/\/www.grills-saveurs.ch\/fr\/produit\/barbecue-a-gaz-genesis-s-325s-inox\/#breadcrumb\"},\"inLanguage\":\"fr-FR\",\"potentialAction\":[{\"@type\":\"ReadAction\",\"target\":[\"https:\/\/www.grills-saveurs.ch\/fr\/produit\/barbecue-a-gaz-genesis-s-325s-inox\/\"]}]},{\"@type\":\"BreadcrumbList\",\"@id\":\"https:\/\/www.grills-saveurs.ch\/fr\/produit\/barbecue-a-gaz-genesis-s-325s-inox\/#breadcrumb\",\"itemListElement\":[{\"@type\":\"ListItem\",\"position\":1,\"name\":\"Accueil\",\"item\":\"https:\/\/www.grills-saveurs.ch\/fr\/\"},{\"@type\":\"ListItem\",\"position\":2,\"name\":\"Shop \/ Boutique\",\"item\":\"https:\/\/www.grills-saveurs.ch\/fr\/boutique\/\"},{\"@type\":\"ListItem\",\"position\":3,\"name\":\"Barbecue \u00e0 gaz Genesis S-325s Inox\"}]}]}<\/script>\n<!-- \/ Yoast SEO plugin. -->","yoast_head_json":{"title":"Barbecue \u00e0 gaz Genesis S-325s Inox - Grills et Saveurs","description":"Voici le nouveau barbecue Genesis qui vous permet de pr\u00e9parer, saisir et servir tout ce que vous voulez \u00e0 l\u2019ext\u00e9rieur, au c\u0153ur m\u00eame de la f\u00eate. Le nouveau barbecue \u00e0 gaz Genesis comprend notre zone de saisie la plus large et la plus haute en temp\u00e9rature, avec une grille de cuisson sup\u00e9rieure extensible pour que le plat principal et les accompagnements soient tous cuits et servis en m\u00eame temps. Une fois les aliments pr\u00eats, il vous suffit de les transf\u00e9rer sur la grande tablette de pr\u00e9paration et de service, pour une exp\u00e9rience de cuisson parfaite.\u2022 Support WEBER CRAFTED; variez vos recettes avec des ustensiles de barbecue personnalis\u00e9s\u2022 Saisissez plusieurs steaks \u00e0 la fois sur la zone de saisie extra-large\u2022 La grille de cuisson sup\u00e9rieure extensible cr\u00e9e un deuxi\u00e8me niveau de cuisson\u2022 Tablette de pr\u00e9paration et de service rabattable\u2022 Bac \u00e0 graisse coulissant nouveau et am\u00e9lior\u00e9","robots":{"index":"index","follow":"follow","max-snippet":"max-snippet:-1","max-image-preview":"max-image-preview:large","max-video-preview":"max-video-preview:-1"},"canonical":"https:\/\/www.grills-saveurs.ch\/fr\/produit\/barbecue-a-gaz-genesis-s-325s-inox\/","og_locale":"fr_FR","og_type":"article","og_title":"Barbecue \u00e0 gaz Genesis S-325s Inox - Grills et Saveurs","og_description":"Voici le nouveau barbecue Genesis qui vous permet de pr\u00e9parer, saisir et servir tout ce que vous voulez \u00e0 l\u2019ext\u00e9rieur, au c\u0153ur m\u00eame de la f\u00eate. Le nouveau barbecue \u00e0 gaz Genesis comprend notre zone de saisie la plus large et la plus haute en temp\u00e9rature, avec une grille de cuisson sup\u00e9rieure extensible pour que le plat principal et les accompagnements soient tous cuits et servis en m\u00eame temps. Une fois les aliments pr\u00eats, il vous suffit de les transf\u00e9rer sur la grande tablette de pr\u00e9paration et de service, pour une exp\u00e9rience de cuisson parfaite.\u2022 Support WEBER CRAFTED; variez vos recettes avec des ustensiles de barbecue personnalis\u00e9s\u2022 Saisissez plusieurs steaks \u00e0 la fois sur la zone de saisie extra-large\u2022 La grille de cuisson sup\u00e9rieure extensible cr\u00e9e un deuxi\u00e8me niveau de cuisson\u2022 Tablette de pr\u00e9paration et de service rabattable\u2022 Bac \u00e0 graisse coulissant nouveau et am\u00e9lior\u00e9","og_url":"https:\/\/www.grills-saveurs.ch\/fr\/produit\/barbecue-a-gaz-genesis-s-325s-inox\/","og_site_name":"Grills et Saveurs","article_modified_time":"2024-05-18T10:21:34+00:00","og_image":[{"width":1000,"height":950,"url":"https:\/\/www.grills-saveurs.ch\/fr\/wp-content\/uploads\/2022\/03\/WB-35300094-1-1.jpg","type":"image\/jpeg"}],"twitter_card":"summary_large_image","twitter_misc":{"Dur\u00e9e de lecture estim\u00e9e":"2 minutes"},"schema":{"@context":"https:\/\/schema.org","@graph":[{"@type":"WebSite","@id":"https:\/\/www.grills-saveurs.ch\/fr\/#website","url":"https:\/\/www.grills-saveurs.ch\/fr\/","name":"Grills et Saveurs","description":"Barbecues, Grills, Planchas, Chemin\u00e9es jardin - Lausanne, Suisse Romande","potentialAction":[{"@type":"SearchAction","target":{"@type":"EntryPoint","urlTemplate":"https:\/\/www.grills-saveurs.ch\/fr\/?s={search_term_string}"},"query-input":"required name=search_term_string"}],"inLanguage":"fr-FR"},{"@type":"ImageObject","@id":"https:\/\/www.grills-saveurs.ch\/fr\/produit\/barbecue-a-gaz-genesis-s-325s-inox\/#primaryimage","inLanguage":"fr-FR","url":"https:\/\/www.grills-saveurs.ch\/fr\/wp-content\/uploads\/2022\/03\/WB-35300094-1-1.jpg","contentUrl":"https:\/\/www.grills-saveurs.ch\/fr\/wp-content\/uploads\/2022\/03\/WB-35300094-1-1.jpg","width":1000,"height":950},{"@type":"WebPage","@id":"https:\/\/www.grills-saveurs.ch\/fr\/produit\/barbecue-a-gaz-genesis-s-325s-inox\/#webpage","url":"https:\/\/www.grills-saveurs.ch\/fr\/produit\/barbecue-a-gaz-genesis-s-325s-inox\/","name":"Barbecue \u00e0 gaz Genesis S-325s Inox - Grills et Saveurs","isPartOf":{"@id":"https:\/\/www.grills-saveurs.ch\/fr\/#website"},"primaryImageOfPage":{"@id":"https:\/\/www.grills-saveurs.ch\/fr\/produit\/barbecue-a-gaz-genesis-s-325s-inox\/#primaryimage"},"datePublished":"2022-03-30T14:15:30+00:00","dateModified":"2024-05-18T10:21:34+00:00","description":"Voici le nouveau barbecue Genesis qui vous permet de pr\u00e9parer, saisir et servir tout ce que vous voulez \u00e0 l\u2019ext\u00e9rieur, au c\u0153ur m\u00eame de la f\u00eate. Le nouveau barbecue \u00e0 gaz Genesis comprend notre zone de saisie la plus large et la plus haute en temp\u00e9rature, avec une grille de cuisson sup\u00e9rieure extensible pour que le plat principal et les accompagnements soient tous cuits et servis en m\u00eame temps. Une fois les aliments pr\u00eats, il vous suffit de les transf\u00e9rer sur la grande tablette de pr\u00e9paration et de service, pour une exp\u00e9rience de cuisson parfaite.\u2022 Support WEBER CRAFTED; variez vos recettes avec des ustensiles de barbecue personnalis\u00e9s\u2022 Saisissez plusieurs steaks \u00e0 la fois sur la zone de saisie extra-large\u2022 La grille de cuisson sup\u00e9rieure extensible cr\u00e9e un deuxi\u00e8me niveau de cuisson\u2022 Tablette de pr\u00e9paration et de service rabattable\u2022 Bac \u00e0 graisse coulissant nouveau et am\u00e9lior\u00e9","breadcrumb":{"@id":"https:\/\/www.grills-saveurs.ch\/fr\/produit\/barbecue-a-gaz-genesis-s-325s-inox\/#breadcrumb"},"inLanguage":"fr-FR","potentialAction":[{"@type":"ReadAction","target":["https:\/\/www.grills-saveurs.ch\/fr\/produit\/barbecue-a-gaz-genesis-s-325s-inox\/"]}]},{"@type":"BreadcrumbList","@id":"https:\/\/www.grills-saveurs.ch\/fr\/produit\/barbecue-a-gaz-genesis-s-325s-inox\/#breadcrumb","itemListElement":[{"@type":"ListItem","position":1,"name":"Accueil","item":"https:\/\/www.grills-saveurs.ch\/fr\/"},{"@type":"ListItem","position":2,"name":"Shop \/ Boutique","item":"https:\/\/www.grills-saveurs.ch\/fr\/boutique\/"},{"@type":"ListItem","position":3,"name":"Barbecue \u00e0 gaz Genesis S-325s Inox"}]}]}},"_links":{"self":[{"href":"https:\/\/www.grills-saveurs.ch\/fr\/wp-json\/wp\/v2\/product\/7563"}],"collection":[{"href":"https:\/\/www.grills-saveurs.ch\/fr\/wp-json\/wp\/v2\/product"}],"about":[{"href":"https:\/\/www.grills-saveurs.ch\/fr\/wp-json\/wp\/v2\/types\/product"}],"wp:featuredmedia":[{"embeddable":true,"href":"https:\/\/www.grills-saveurs.ch\/fr\/wp-json\/wp\/v2\/media\/7572"}],"wp:attachment":[{"href":"https:\/\/www.grills-saveurs.ch\/fr\/wp-json\/wp\/v2\/media?parent=7563"}],"wp:term":[{"taxonomy":"product_cat","embeddable":true,"href":"https:\/\/www.grills-saveurs.ch\/fr\/wp-json\/wp\/v2\/product_cat?post=7563"},{"taxonomy":"product_tag","embeddable":true,"href":"https:\/\/www.grills-saveurs.ch\/fr\/wp-json\/wp\/v2\/product_tag?post=7563"}],"curies":[{"name":"wp","href":"https:\/\/api.w.org\/{rel}","templated":true}]}}