{"id":7729,"date":"2022-05-23T11:48:48","date_gmt":"2022-05-23T09:48:48","guid":{"rendered":"https:\/\/www.grills-saveurs.ch\/fr\/?post_type=product&#038;p=7729"},"modified":"2024-04-08T11:46:22","modified_gmt":"2024-04-08T09:46:22","slug":"the-bastard-urban-large-solo-noir-mat","status":"publish","type":"product","link":"https:\/\/www.grills-saveurs.ch\/fr\/produit\/the-bastard-urban-large-solo-noir-mat\/","title":{"rendered":"The Bastard Urban Large Solo, noir mat"},"content":{"rendered":"<p>\u00ab\u00a0Impressionnant\u00a0\u00bb, \u00e7a c&rsquo;est \u00ab\u00a0The Bastard Large\u00a0\u00bb. C&rsquo;est un atout non seulement pour vous et votre famille, mais aussi pour votre jardin. Avec sa taille id\u00e9ale, vous pourrez pr\u00e9senter toutes sortes de plats d\u00e9licieux pour votre famille et vos amis. Il est fait pour les vrais passionn\u00e9s de cuisine, pas \u00e9tonnant que le Large soit notre Bastard le plus vendu.<br \/>\nInclus: Support de cuisson, panier \u00e0 charbon en acier inoxydable, bac \u00e0 cendres en acier inoxydable.<br \/>\nMod\u00e8le Solo: Cuve uniquement<\/p>\n","protected":false},"excerpt":{"rendered":"<p>\u00ab\u00a0Impressionnant\u00a0\u00bb, \u00e7a c&rsquo;est \u00ab\u00a0The Bastard Large\u00a0\u00bb. C&rsquo;est un atout non seulement pour vous et votre famille, mais aussi pour votre jardin. Avec sa taille id\u00e9ale, vous pourrez pr\u00e9senter toutes sortes de plats d\u00e9licieux pour votre famille et vos amis. Il est fait pour les vrais passionn\u00e9s de cuisine, pas \u00e9tonnant que le Large soit notre &hellip;<\/p>\n","protected":false},"featured_media":7730,"template":"","meta":[],"product_cat":[229,230,252,15],"product_tag":[],"yoast_head":"<!-- This site is optimized with the Yoast SEO plugin v18.2 - https:\/\/yoast.com\/wordpress\/plugins\/seo\/ -->\n<title>The Bastard Urban Large Solo, noir mat - Grills et Saveurs<\/title>\n<meta name=\"description\" content=\"The Bastard Urban Large Solo, noir mat\" \/>\n<meta name=\"robots\" content=\"index, follow, max-snippet:-1, max-image-preview:large, max-video-preview:-1\" \/>\n<link rel=\"canonical\" href=\"https:\/\/www.grills-saveurs.ch\/fr\/produit\/the-bastard-urban-large-solo-noir-mat\/\" \/>\n<meta property=\"og:locale\" content=\"fr_FR\" \/>\n<meta property=\"og:type\" content=\"article\" \/>\n<meta property=\"og:title\" content=\"The Bastard Urban Large Solo, noir mat - Grills et Saveurs\" \/>\n<meta property=\"og:description\" content=\"The Bastard Urban Large Solo, noir mat\" \/>\n<meta property=\"og:url\" content=\"https:\/\/www.grills-saveurs.ch\/fr\/produit\/the-bastard-urban-large-solo-noir-mat\/\" \/>\n<meta property=\"og:site_name\" content=\"Grills et Saveurs\" \/>\n<meta property=\"article:modified_time\" content=\"2024-04-08T09:46:22+00:00\" \/>\n<meta property=\"og:image\" content=\"https:\/\/www.grills-saveurs.ch\/fr\/wp-content\/uploads\/2022\/05\/2111.34.21_Urban_Large_Solo_01.png\" \/>\n\t<meta property=\"og:image:width\" content=\"900\" \/>\n\t<meta property=\"og:image:height\" content=\"1200\" \/>\n\t<meta property=\"og:image:type\" content=\"image\/png\" \/>\n<meta name=\"twitter:card\" content=\"summary_large_image\" \/>\n<script type=\"application\/ld+json\" class=\"yoast-schema-graph\">{\"@context\":\"https:\/\/schema.org\",\"@graph\":[{\"@type\":\"WebSite\",\"@id\":\"https:\/\/www.grills-saveurs.ch\/fr\/#website\",\"url\":\"https:\/\/www.grills-saveurs.ch\/fr\/\",\"name\":\"Grills et Saveurs\",\"description\":\"Barbecues, Grills, Planchas, Chemin\u00e9es jardin - Lausanne, Suisse Romande\",\"potentialAction\":[{\"@type\":\"SearchAction\",\"target\":{\"@type\":\"EntryPoint\",\"urlTemplate\":\"https:\/\/www.grills-saveurs.ch\/fr\/?s={search_term_string}\"},\"query-input\":\"required name=search_term_string\"}],\"inLanguage\":\"fr-FR\"},{\"@type\":\"ImageObject\",\"@id\":\"https:\/\/www.grills-saveurs.ch\/fr\/produit\/the-bastard-urban-large-solo-noir-mat\/#primaryimage\",\"inLanguage\":\"fr-FR\",\"url\":\"https:\/\/www.grills-saveurs.ch\/fr\/wp-content\/uploads\/2022\/05\/2111.34.21_Urban_Large_Solo_01.png\",\"contentUrl\":\"https:\/\/www.grills-saveurs.ch\/fr\/wp-content\/uploads\/2022\/05\/2111.34.21_Urban_Large_Solo_01.png\",\"width\":900,\"height\":1200},{\"@type\":\"WebPage\",\"@id\":\"https:\/\/www.grills-saveurs.ch\/fr\/produit\/the-bastard-urban-large-solo-noir-mat\/#webpage\",\"url\":\"https:\/\/www.grills-saveurs.ch\/fr\/produit\/the-bastard-urban-large-solo-noir-mat\/\",\"name\":\"The Bastard Urban Large Solo, noir mat - Grills et Saveurs\",\"isPartOf\":{\"@id\":\"https:\/\/www.grills-saveurs.ch\/fr\/#website\"},\"primaryImageOfPage\":{\"@id\":\"https:\/\/www.grills-saveurs.ch\/fr\/produit\/the-bastard-urban-large-solo-noir-mat\/#primaryimage\"},\"datePublished\":\"2022-05-23T09:48:48+00:00\",\"dateModified\":\"2024-04-08T09:46:22+00:00\",\"description\":\"The Bastard Urban Large Solo, noir mat\",\"breadcrumb\":{\"@id\":\"https:\/\/www.grills-saveurs.ch\/fr\/produit\/the-bastard-urban-large-solo-noir-mat\/#breadcrumb\"},\"inLanguage\":\"fr-FR\",\"potentialAction\":[{\"@type\":\"ReadAction\",\"target\":[\"https:\/\/www.grills-saveurs.ch\/fr\/produit\/the-bastard-urban-large-solo-noir-mat\/\"]}]},{\"@type\":\"BreadcrumbList\",\"@id\":\"https:\/\/www.grills-saveurs.ch\/fr\/produit\/the-bastard-urban-large-solo-noir-mat\/#breadcrumb\",\"itemListElement\":[{\"@type\":\"ListItem\",\"position\":1,\"name\":\"Accueil\",\"item\":\"https:\/\/www.grills-saveurs.ch\/fr\/\"},{\"@type\":\"ListItem\",\"position\":2,\"name\":\"Shop \/ Boutique\",\"item\":\"https:\/\/www.grills-saveurs.ch\/fr\/boutique\/\"},{\"@type\":\"ListItem\",\"position\":3,\"name\":\"The Bastard Urban Large Solo, noir mat\"}]}]}<\/script>\n<!-- \/ Yoast SEO plugin. -->","yoast_head_json":{"title":"The Bastard Urban Large Solo, noir mat - Grills et Saveurs","description":"The Bastard Urban Large Solo, noir mat","robots":{"index":"index","follow":"follow","max-snippet":"max-snippet:-1","max-image-preview":"max-image-preview:large","max-video-preview":"max-video-preview:-1"},"canonical":"https:\/\/www.grills-saveurs.ch\/fr\/produit\/the-bastard-urban-large-solo-noir-mat\/","og_locale":"fr_FR","og_type":"article","og_title":"The Bastard Urban Large Solo, noir mat - Grills et Saveurs","og_description":"The Bastard Urban Large Solo, noir mat","og_url":"https:\/\/www.grills-saveurs.ch\/fr\/produit\/the-bastard-urban-large-solo-noir-mat\/","og_site_name":"Grills et Saveurs","article_modified_time":"2024-04-08T09:46:22+00:00","og_image":[{"width":900,"height":1200,"url":"https:\/\/www.grills-saveurs.ch\/fr\/wp-content\/uploads\/2022\/05\/2111.34.21_Urban_Large_Solo_01.png","type":"image\/png"}],"twitter_card":"summary_large_image","schema":{"@context":"https:\/\/schema.org","@graph":[{"@type":"WebSite","@id":"https:\/\/www.grills-saveurs.ch\/fr\/#website","url":"https:\/\/www.grills-saveurs.ch\/fr\/","name":"Grills et Saveurs","description":"Barbecues, Grills, Planchas, Chemin\u00e9es jardin - Lausanne, Suisse Romande","potentialAction":[{"@type":"SearchAction","target":{"@type":"EntryPoint","urlTemplate":"https:\/\/www.grills-saveurs.ch\/fr\/?s={search_term_string}"},"query-input":"required name=search_term_string"}],"inLanguage":"fr-FR"},{"@type":"ImageObject","@id":"https:\/\/www.grills-saveurs.ch\/fr\/produit\/the-bastard-urban-large-solo-noir-mat\/#primaryimage","inLanguage":"fr-FR","url":"https:\/\/www.grills-saveurs.ch\/fr\/wp-content\/uploads\/2022\/05\/2111.34.21_Urban_Large_Solo_01.png","contentUrl":"https:\/\/www.grills-saveurs.ch\/fr\/wp-content\/uploads\/2022\/05\/2111.34.21_Urban_Large_Solo_01.png","width":900,"height":1200},{"@type":"WebPage","@id":"https:\/\/www.grills-saveurs.ch\/fr\/produit\/the-bastard-urban-large-solo-noir-mat\/#webpage","url":"https:\/\/www.grills-saveurs.ch\/fr\/produit\/the-bastard-urban-large-solo-noir-mat\/","name":"The Bastard Urban Large Solo, noir mat - Grills et Saveurs","isPartOf":{"@id":"https:\/\/www.grills-saveurs.ch\/fr\/#website"},"primaryImageOfPage":{"@id":"https:\/\/www.grills-saveurs.ch\/fr\/produit\/the-bastard-urban-large-solo-noir-mat\/#primaryimage"},"datePublished":"2022-05-23T09:48:48+00:00","dateModified":"2024-04-08T09:46:22+00:00","description":"The Bastard Urban Large Solo, noir mat","breadcrumb":{"@id":"https:\/\/www.grills-saveurs.ch\/fr\/produit\/the-bastard-urban-large-solo-noir-mat\/#breadcrumb"},"inLanguage":"fr-FR","potentialAction":[{"@type":"ReadAction","target":["https:\/\/www.grills-saveurs.ch\/fr\/produit\/the-bastard-urban-large-solo-noir-mat\/"]}]},{"@type":"BreadcrumbList","@id":"https:\/\/www.grills-saveurs.ch\/fr\/produit\/the-bastard-urban-large-solo-noir-mat\/#breadcrumb","itemListElement":[{"@type":"ListItem","position":1,"name":"Accueil","item":"https:\/\/www.grills-saveurs.ch\/fr\/"},{"@type":"ListItem","position":2,"name":"Shop \/ Boutique","item":"https:\/\/www.grills-saveurs.ch\/fr\/boutique\/"},{"@type":"ListItem","position":3,"name":"The Bastard Urban Large Solo, noir mat"}]}]}},"_links":{"self":[{"href":"https:\/\/www.grills-saveurs.ch\/fr\/wp-json\/wp\/v2\/product\/7729"}],"collection":[{"href":"https:\/\/www.grills-saveurs.ch\/fr\/wp-json\/wp\/v2\/product"}],"about":[{"href":"https:\/\/www.grills-saveurs.ch\/fr\/wp-json\/wp\/v2\/types\/product"}],"wp:featuredmedia":[{"embeddable":true,"href":"https:\/\/www.grills-saveurs.ch\/fr\/wp-json\/wp\/v2\/media\/7730"}],"wp:attachment":[{"href":"https:\/\/www.grills-saveurs.ch\/fr\/wp-json\/wp\/v2\/media?parent=7729"}],"wp:term":[{"taxonomy":"product_cat","embeddable":true,"href":"https:\/\/www.grills-saveurs.ch\/fr\/wp-json\/wp\/v2\/product_cat?post=7729"},{"taxonomy":"product_tag","embeddable":true,"href":"https:\/\/www.grills-saveurs.ch\/fr\/wp-json\/wp\/v2\/product_tag?post=7729"}],"curies":[{"name":"wp","href":"https:\/\/api.w.org\/{rel}","templated":true}]}}