{"id":7770,"date":"2022-05-23T13:40:36","date_gmt":"2022-05-23T11:40:36","guid":{"rendered":"https:\/\/www.grills-saveurs.ch\/fr\/?post_type=product&#038;p=7770"},"modified":"2025-06-10T12:40:33","modified_gmt":"2025-06-10T10:40:33","slug":"charbon-de-bois-quebracho-de-paraguay-10kg","status":"publish","type":"product","link":"https:\/\/www.grills-saveurs.ch\/fr\/produit\/charbon-de-bois-quebracho-de-paraguay-10kg\/","title":{"rendered":"Charbon De Bois Quebracho De Paraguay 10kg"},"content":{"rendered":"<p>La charbon The Bastard \u00ab\u00a0Quebracho\u00a0\u00bb est un charbon de haute qualit\u00e9 sp\u00e9cialement con\u00e7u pour le Kamado. Il s&rsquo;agit d&rsquo;une s\u00e9lection minutieuse de 100% de charbon de bois provenant de morceaux de taille moyenne et grande. Le bois dont est fait le charbon The Bastard Quebracho est issu de ch\u00eane vert du Paraguay. Ce bois garantit une belle et longue combustion et donne un d\u00e9licieux go\u00fbt bois\u00e9.<\/p>\n","protected":false},"excerpt":{"rendered":"<p>La charbon The Bastard \u00ab\u00a0Quebracho\u00a0\u00bb est un charbon de haute qualit\u00e9 sp\u00e9cialement con\u00e7u pour le Kamado. Il s&rsquo;agit d&rsquo;une s\u00e9lection minutieuse de 100% de charbon de bois provenant de morceaux de taille moyenne et grande. Le bois dont est fait le charbon The Bastard Quebracho est issu de ch\u00eane vert du Paraguay. Ce bois garantit &hellip;<\/p>\n","protected":false},"featured_media":7772,"template":"","meta":[],"product_cat":[229,230,253],"product_tag":[],"yoast_head":"<!-- This site is optimized with the Yoast SEO plugin v18.2 - https:\/\/yoast.com\/wordpress\/plugins\/seo\/ -->\n<title>Charbon De Bois Quebracho De Paraguay 10kg - Grills et Saveurs<\/title>\n<meta name=\"description\" content=\"Charbon De Bois Quebracho De Paraguay 10kg\" \/>\n<meta name=\"robots\" content=\"index, follow, max-snippet:-1, max-image-preview:large, max-video-preview:-1\" \/>\n<link rel=\"canonical\" href=\"https:\/\/www.grills-saveurs.ch\/fr\/produit\/charbon-de-bois-quebracho-de-paraguay-10kg\/\" \/>\n<meta property=\"og:locale\" content=\"fr_FR\" \/>\n<meta property=\"og:type\" content=\"article\" \/>\n<meta property=\"og:title\" content=\"Charbon De Bois Quebracho De Paraguay 10kg - Grills et Saveurs\" \/>\n<meta property=\"og:description\" content=\"Charbon De Bois Quebracho De Paraguay 10kg\" \/>\n<meta property=\"og:url\" content=\"https:\/\/www.grills-saveurs.ch\/fr\/produit\/charbon-de-bois-quebracho-de-paraguay-10kg\/\" \/>\n<meta property=\"og:site_name\" content=\"Grills et Saveurs\" \/>\n<meta property=\"article:modified_time\" content=\"2025-06-10T10:40:33+00:00\" \/>\n<meta property=\"og:image\" content=\"https:\/\/www.grills-saveurs.ch\/fr\/wp-content\/uploads\/2022\/05\/2180.24_Holzkole-Paraguay-Quebracho-10kg.jpg\" \/>\n\t<meta property=\"og:image:width\" content=\"1000\" \/>\n\t<meta property=\"og:image:height\" content=\"1000\" \/>\n\t<meta property=\"og:image:type\" content=\"image\/jpeg\" \/>\n<meta name=\"twitter:card\" content=\"summary_large_image\" \/>\n<script type=\"application\/ld+json\" class=\"yoast-schema-graph\">{\"@context\":\"https:\/\/schema.org\",\"@graph\":[{\"@type\":\"WebSite\",\"@id\":\"https:\/\/www.grills-saveurs.ch\/fr\/#website\",\"url\":\"https:\/\/www.grills-saveurs.ch\/fr\/\",\"name\":\"Grills et Saveurs\",\"description\":\"Barbecues, Grills, Planchas, Chemin\u00e9es jardin - Lausanne, Suisse Romande\",\"potentialAction\":[{\"@type\":\"SearchAction\",\"target\":{\"@type\":\"EntryPoint\",\"urlTemplate\":\"https:\/\/www.grills-saveurs.ch\/fr\/?s={search_term_string}\"},\"query-input\":\"required name=search_term_string\"}],\"inLanguage\":\"fr-FR\"},{\"@type\":\"ImageObject\",\"@id\":\"https:\/\/www.grills-saveurs.ch\/fr\/produit\/charbon-de-bois-quebracho-de-paraguay-10kg\/#primaryimage\",\"inLanguage\":\"fr-FR\",\"url\":\"https:\/\/www.grills-saveurs.ch\/fr\/wp-content\/uploads\/2022\/05\/2180.24_Holzkole-Paraguay-Quebracho-10kg.jpg\",\"contentUrl\":\"https:\/\/www.grills-saveurs.ch\/fr\/wp-content\/uploads\/2022\/05\/2180.24_Holzkole-Paraguay-Quebracho-10kg.jpg\",\"width\":1000,\"height\":1000},{\"@type\":\"WebPage\",\"@id\":\"https:\/\/www.grills-saveurs.ch\/fr\/produit\/charbon-de-bois-quebracho-de-paraguay-10kg\/#webpage\",\"url\":\"https:\/\/www.grills-saveurs.ch\/fr\/produit\/charbon-de-bois-quebracho-de-paraguay-10kg\/\",\"name\":\"Charbon De Bois Quebracho De Paraguay 10kg - Grills et Saveurs\",\"isPartOf\":{\"@id\":\"https:\/\/www.grills-saveurs.ch\/fr\/#website\"},\"primaryImageOfPage\":{\"@id\":\"https:\/\/www.grills-saveurs.ch\/fr\/produit\/charbon-de-bois-quebracho-de-paraguay-10kg\/#primaryimage\"},\"datePublished\":\"2022-05-23T11:40:36+00:00\",\"dateModified\":\"2025-06-10T10:40:33+00:00\",\"description\":\"Charbon De Bois Quebracho De Paraguay 10kg\",\"breadcrumb\":{\"@id\":\"https:\/\/www.grills-saveurs.ch\/fr\/produit\/charbon-de-bois-quebracho-de-paraguay-10kg\/#breadcrumb\"},\"inLanguage\":\"fr-FR\",\"potentialAction\":[{\"@type\":\"ReadAction\",\"target\":[\"https:\/\/www.grills-saveurs.ch\/fr\/produit\/charbon-de-bois-quebracho-de-paraguay-10kg\/\"]}]},{\"@type\":\"BreadcrumbList\",\"@id\":\"https:\/\/www.grills-saveurs.ch\/fr\/produit\/charbon-de-bois-quebracho-de-paraguay-10kg\/#breadcrumb\",\"itemListElement\":[{\"@type\":\"ListItem\",\"position\":1,\"name\":\"Accueil\",\"item\":\"https:\/\/www.grills-saveurs.ch\/fr\/\"},{\"@type\":\"ListItem\",\"position\":2,\"name\":\"Shop \/ Boutique\",\"item\":\"https:\/\/www.grills-saveurs.ch\/fr\/boutique\/\"},{\"@type\":\"ListItem\",\"position\":3,\"name\":\"Charbon De Bois Quebracho De Paraguay 10kg\"}]}]}<\/script>\n<!-- \/ Yoast SEO plugin. -->","yoast_head_json":{"title":"Charbon De Bois Quebracho De Paraguay 10kg - Grills et Saveurs","description":"Charbon De Bois Quebracho De Paraguay 10kg","robots":{"index":"index","follow":"follow","max-snippet":"max-snippet:-1","max-image-preview":"max-image-preview:large","max-video-preview":"max-video-preview:-1"},"canonical":"https:\/\/www.grills-saveurs.ch\/fr\/produit\/charbon-de-bois-quebracho-de-paraguay-10kg\/","og_locale":"fr_FR","og_type":"article","og_title":"Charbon De Bois Quebracho De Paraguay 10kg - Grills et Saveurs","og_description":"Charbon De Bois Quebracho De Paraguay 10kg","og_url":"https:\/\/www.grills-saveurs.ch\/fr\/produit\/charbon-de-bois-quebracho-de-paraguay-10kg\/","og_site_name":"Grills et Saveurs","article_modified_time":"2025-06-10T10:40:33+00:00","og_image":[{"width":1000,"height":1000,"url":"https:\/\/www.grills-saveurs.ch\/fr\/wp-content\/uploads\/2022\/05\/2180.24_Holzkole-Paraguay-Quebracho-10kg.jpg","type":"image\/jpeg"}],"twitter_card":"summary_large_image","schema":{"@context":"https:\/\/schema.org","@graph":[{"@type":"WebSite","@id":"https:\/\/www.grills-saveurs.ch\/fr\/#website","url":"https:\/\/www.grills-saveurs.ch\/fr\/","name":"Grills et Saveurs","description":"Barbecues, Grills, Planchas, Chemin\u00e9es jardin - Lausanne, Suisse Romande","potentialAction":[{"@type":"SearchAction","target":{"@type":"EntryPoint","urlTemplate":"https:\/\/www.grills-saveurs.ch\/fr\/?s={search_term_string}"},"query-input":"required name=search_term_string"}],"inLanguage":"fr-FR"},{"@type":"ImageObject","@id":"https:\/\/www.grills-saveurs.ch\/fr\/produit\/charbon-de-bois-quebracho-de-paraguay-10kg\/#primaryimage","inLanguage":"fr-FR","url":"https:\/\/www.grills-saveurs.ch\/fr\/wp-content\/uploads\/2022\/05\/2180.24_Holzkole-Paraguay-Quebracho-10kg.jpg","contentUrl":"https:\/\/www.grills-saveurs.ch\/fr\/wp-content\/uploads\/2022\/05\/2180.24_Holzkole-Paraguay-Quebracho-10kg.jpg","width":1000,"height":1000},{"@type":"WebPage","@id":"https:\/\/www.grills-saveurs.ch\/fr\/produit\/charbon-de-bois-quebracho-de-paraguay-10kg\/#webpage","url":"https:\/\/www.grills-saveurs.ch\/fr\/produit\/charbon-de-bois-quebracho-de-paraguay-10kg\/","name":"Charbon De Bois Quebracho De Paraguay 10kg - Grills et Saveurs","isPartOf":{"@id":"https:\/\/www.grills-saveurs.ch\/fr\/#website"},"primaryImageOfPage":{"@id":"https:\/\/www.grills-saveurs.ch\/fr\/produit\/charbon-de-bois-quebracho-de-paraguay-10kg\/#primaryimage"},"datePublished":"2022-05-23T11:40:36+00:00","dateModified":"2025-06-10T10:40:33+00:00","description":"Charbon De Bois Quebracho De Paraguay 10kg","breadcrumb":{"@id":"https:\/\/www.grills-saveurs.ch\/fr\/produit\/charbon-de-bois-quebracho-de-paraguay-10kg\/#breadcrumb"},"inLanguage":"fr-FR","potentialAction":[{"@type":"ReadAction","target":["https:\/\/www.grills-saveurs.ch\/fr\/produit\/charbon-de-bois-quebracho-de-paraguay-10kg\/"]}]},{"@type":"BreadcrumbList","@id":"https:\/\/www.grills-saveurs.ch\/fr\/produit\/charbon-de-bois-quebracho-de-paraguay-10kg\/#breadcrumb","itemListElement":[{"@type":"ListItem","position":1,"name":"Accueil","item":"https:\/\/www.grills-saveurs.ch\/fr\/"},{"@type":"ListItem","position":2,"name":"Shop \/ Boutique","item":"https:\/\/www.grills-saveurs.ch\/fr\/boutique\/"},{"@type":"ListItem","position":3,"name":"Charbon De Bois Quebracho De Paraguay 10kg"}]}]}},"_links":{"self":[{"href":"https:\/\/www.grills-saveurs.ch\/fr\/wp-json\/wp\/v2\/product\/7770"}],"collection":[{"href":"https:\/\/www.grills-saveurs.ch\/fr\/wp-json\/wp\/v2\/product"}],"about":[{"href":"https:\/\/www.grills-saveurs.ch\/fr\/wp-json\/wp\/v2\/types\/product"}],"wp:featuredmedia":[{"embeddable":true,"href":"https:\/\/www.grills-saveurs.ch\/fr\/wp-json\/wp\/v2\/media\/7772"}],"wp:attachment":[{"href":"https:\/\/www.grills-saveurs.ch\/fr\/wp-json\/wp\/v2\/media?parent=7770"}],"wp:term":[{"taxonomy":"product_cat","embeddable":true,"href":"https:\/\/www.grills-saveurs.ch\/fr\/wp-json\/wp\/v2\/product_cat?post=7770"},{"taxonomy":"product_tag","embeddable":true,"href":"https:\/\/www.grills-saveurs.ch\/fr\/wp-json\/wp\/v2\/product_tag?post=7770"}],"curies":[{"name":"wp","href":"https:\/\/api.w.org\/{rel}","templated":true}]}}