{"id":7773,"date":"2022-05-23T13:41:42","date_gmt":"2022-05-23T11:41:42","guid":{"rendered":"https:\/\/www.grills-saveurs.ch\/fr\/?post_type=product&#038;p=7773"},"modified":"2025-06-10T12:39:49","modified_gmt":"2025-06-10T10:39:49","slug":"charbon-de-bois-de-marabu-9kg","status":"publish","type":"product","link":"https:\/\/www.grills-saveurs.ch\/fr\/produit\/charbon-de-bois-de-marabu-9kg\/","title":{"rendered":"Charbon De Bois De Marabu 9kg"},"content":{"rendered":"<p>Le charbon The Bastard Marabu est un charbon de bois sp\u00e9cial. Ce charbon vient de Cuba et est tri\u00e9 \u00e0 la main pour obtenir la meilleures s\u00e9lection. L&rsquo;arbre Marabu pousse tr\u00e8s vite dans le climat tropicale et est consid\u00e9r\u00e9 comme une mauvaise herbe nuisible \u00e0 Cuba. Heureusement, le Marabu convient tr\u00e8s bien comme charbon de bois. Avec sa qualit\u00e9 de combustion exceptionnelle et stable, c&rsquo;est le pr\u00e9f\u00e9r\u00e9 de nombreux professionnels. La dur\u00e9e de combustion est d&rsquo;une longueur sans pr\u00e9c\u00e9dent et la saveur agr\u00e9able conf\u00e8re \u00e0 tout plat un go\u00fbt fum\u00e9 d\u00e9licieusement subtile.<\/p>\n","protected":false},"excerpt":{"rendered":"<p>Le charbon The Bastard Marabu est un charbon de bois sp\u00e9cial. Ce charbon vient de Cuba et est tri\u00e9 \u00e0 la main pour obtenir la meilleures s\u00e9lection. L&rsquo;arbre Marabu pousse tr\u00e8s vite dans le climat tropicale et est consid\u00e9r\u00e9 comme une mauvaise herbe nuisible \u00e0 Cuba. Heureusement, le Marabu convient tr\u00e8s bien comme charbon de &hellip;<\/p>\n","protected":false},"featured_media":7774,"template":"","meta":[],"product_cat":[229,230,253],"product_tag":[],"yoast_head":"<!-- This site is optimized with the Yoast SEO plugin v18.2 - https:\/\/yoast.com\/wordpress\/plugins\/seo\/ -->\n<title>Charbon De Bois De Marabu 9kg - Grills et Saveurs<\/title>\n<meta name=\"description\" content=\"Charbon De Bois De Marabu 9kg\" \/>\n<meta name=\"robots\" content=\"index, follow, max-snippet:-1, max-image-preview:large, max-video-preview:-1\" \/>\n<link rel=\"canonical\" href=\"https:\/\/www.grills-saveurs.ch\/fr\/produit\/charbon-de-bois-de-marabu-9kg\/\" \/>\n<meta property=\"og:locale\" content=\"fr_FR\" \/>\n<meta property=\"og:type\" content=\"article\" \/>\n<meta property=\"og:title\" content=\"Charbon De Bois De Marabu 9kg - Grills et Saveurs\" \/>\n<meta property=\"og:description\" content=\"Charbon De Bois De Marabu 9kg\" \/>\n<meta property=\"og:url\" content=\"https:\/\/www.grills-saveurs.ch\/fr\/produit\/charbon-de-bois-de-marabu-9kg\/\" \/>\n<meta property=\"og:site_name\" content=\"Grills et Saveurs\" \/>\n<meta property=\"article:modified_time\" content=\"2025-06-10T10:39:49+00:00\" \/>\n<meta property=\"og:image\" content=\"https:\/\/www.grills-saveurs.ch\/fr\/wp-content\/uploads\/2022\/05\/2180.25_Holzkohle-Marabu-Holz-9kg.jpg\" \/>\n\t<meta property=\"og:image:width\" content=\"1000\" \/>\n\t<meta property=\"og:image:height\" content=\"1000\" \/>\n\t<meta property=\"og:image:type\" content=\"image\/jpeg\" \/>\n<meta name=\"twitter:card\" content=\"summary_large_image\" \/>\n<meta name=\"twitter:label1\" content=\"Dur\u00e9e de lecture estim\u00e9e\" \/>\n\t<meta name=\"twitter:data1\" content=\"1 minute\" \/>\n<script type=\"application\/ld+json\" class=\"yoast-schema-graph\">{\"@context\":\"https:\/\/schema.org\",\"@graph\":[{\"@type\":\"WebSite\",\"@id\":\"https:\/\/www.grills-saveurs.ch\/fr\/#website\",\"url\":\"https:\/\/www.grills-saveurs.ch\/fr\/\",\"name\":\"Grills et Saveurs\",\"description\":\"Barbecues, Grills, Planchas, Chemin\u00e9es jardin - Lausanne, Suisse Romande\",\"potentialAction\":[{\"@type\":\"SearchAction\",\"target\":{\"@type\":\"EntryPoint\",\"urlTemplate\":\"https:\/\/www.grills-saveurs.ch\/fr\/?s={search_term_string}\"},\"query-input\":\"required name=search_term_string\"}],\"inLanguage\":\"fr-FR\"},{\"@type\":\"ImageObject\",\"@id\":\"https:\/\/www.grills-saveurs.ch\/fr\/produit\/charbon-de-bois-de-marabu-9kg\/#primaryimage\",\"inLanguage\":\"fr-FR\",\"url\":\"https:\/\/www.grills-saveurs.ch\/fr\/wp-content\/uploads\/2022\/05\/2180.25_Holzkohle-Marabu-Holz-9kg.jpg\",\"contentUrl\":\"https:\/\/www.grills-saveurs.ch\/fr\/wp-content\/uploads\/2022\/05\/2180.25_Holzkohle-Marabu-Holz-9kg.jpg\",\"width\":1000,\"height\":1000},{\"@type\":\"WebPage\",\"@id\":\"https:\/\/www.grills-saveurs.ch\/fr\/produit\/charbon-de-bois-de-marabu-9kg\/#webpage\",\"url\":\"https:\/\/www.grills-saveurs.ch\/fr\/produit\/charbon-de-bois-de-marabu-9kg\/\",\"name\":\"Charbon De Bois De Marabu 9kg - Grills et Saveurs\",\"isPartOf\":{\"@id\":\"https:\/\/www.grills-saveurs.ch\/fr\/#website\"},\"primaryImageOfPage\":{\"@id\":\"https:\/\/www.grills-saveurs.ch\/fr\/produit\/charbon-de-bois-de-marabu-9kg\/#primaryimage\"},\"datePublished\":\"2022-05-23T11:41:42+00:00\",\"dateModified\":\"2025-06-10T10:39:49+00:00\",\"description\":\"Charbon De Bois De Marabu 9kg\",\"breadcrumb\":{\"@id\":\"https:\/\/www.grills-saveurs.ch\/fr\/produit\/charbon-de-bois-de-marabu-9kg\/#breadcrumb\"},\"inLanguage\":\"fr-FR\",\"potentialAction\":[{\"@type\":\"ReadAction\",\"target\":[\"https:\/\/www.grills-saveurs.ch\/fr\/produit\/charbon-de-bois-de-marabu-9kg\/\"]}]},{\"@type\":\"BreadcrumbList\",\"@id\":\"https:\/\/www.grills-saveurs.ch\/fr\/produit\/charbon-de-bois-de-marabu-9kg\/#breadcrumb\",\"itemListElement\":[{\"@type\":\"ListItem\",\"position\":1,\"name\":\"Accueil\",\"item\":\"https:\/\/www.grills-saveurs.ch\/fr\/\"},{\"@type\":\"ListItem\",\"position\":2,\"name\":\"Shop \/ Boutique\",\"item\":\"https:\/\/www.grills-saveurs.ch\/fr\/boutique\/\"},{\"@type\":\"ListItem\",\"position\":3,\"name\":\"Charbon De Bois De Marabu 9kg\"}]}]}<\/script>\n<!-- \/ Yoast SEO plugin. -->","yoast_head_json":{"title":"Charbon De Bois De Marabu 9kg - Grills et Saveurs","description":"Charbon De Bois De Marabu 9kg","robots":{"index":"index","follow":"follow","max-snippet":"max-snippet:-1","max-image-preview":"max-image-preview:large","max-video-preview":"max-video-preview:-1"},"canonical":"https:\/\/www.grills-saveurs.ch\/fr\/produit\/charbon-de-bois-de-marabu-9kg\/","og_locale":"fr_FR","og_type":"article","og_title":"Charbon De Bois De Marabu 9kg - Grills et Saveurs","og_description":"Charbon De Bois De Marabu 9kg","og_url":"https:\/\/www.grills-saveurs.ch\/fr\/produit\/charbon-de-bois-de-marabu-9kg\/","og_site_name":"Grills et Saveurs","article_modified_time":"2025-06-10T10:39:49+00:00","og_image":[{"width":1000,"height":1000,"url":"https:\/\/www.grills-saveurs.ch\/fr\/wp-content\/uploads\/2022\/05\/2180.25_Holzkohle-Marabu-Holz-9kg.jpg","type":"image\/jpeg"}],"twitter_card":"summary_large_image","twitter_misc":{"Dur\u00e9e de lecture estim\u00e9e":"1 minute"},"schema":{"@context":"https:\/\/schema.org","@graph":[{"@type":"WebSite","@id":"https:\/\/www.grills-saveurs.ch\/fr\/#website","url":"https:\/\/www.grills-saveurs.ch\/fr\/","name":"Grills et Saveurs","description":"Barbecues, Grills, Planchas, Chemin\u00e9es jardin - Lausanne, Suisse Romande","potentialAction":[{"@type":"SearchAction","target":{"@type":"EntryPoint","urlTemplate":"https:\/\/www.grills-saveurs.ch\/fr\/?s={search_term_string}"},"query-input":"required name=search_term_string"}],"inLanguage":"fr-FR"},{"@type":"ImageObject","@id":"https:\/\/www.grills-saveurs.ch\/fr\/produit\/charbon-de-bois-de-marabu-9kg\/#primaryimage","inLanguage":"fr-FR","url":"https:\/\/www.grills-saveurs.ch\/fr\/wp-content\/uploads\/2022\/05\/2180.25_Holzkohle-Marabu-Holz-9kg.jpg","contentUrl":"https:\/\/www.grills-saveurs.ch\/fr\/wp-content\/uploads\/2022\/05\/2180.25_Holzkohle-Marabu-Holz-9kg.jpg","width":1000,"height":1000},{"@type":"WebPage","@id":"https:\/\/www.grills-saveurs.ch\/fr\/produit\/charbon-de-bois-de-marabu-9kg\/#webpage","url":"https:\/\/www.grills-saveurs.ch\/fr\/produit\/charbon-de-bois-de-marabu-9kg\/","name":"Charbon De Bois De Marabu 9kg - Grills et Saveurs","isPartOf":{"@id":"https:\/\/www.grills-saveurs.ch\/fr\/#website"},"primaryImageOfPage":{"@id":"https:\/\/www.grills-saveurs.ch\/fr\/produit\/charbon-de-bois-de-marabu-9kg\/#primaryimage"},"datePublished":"2022-05-23T11:41:42+00:00","dateModified":"2025-06-10T10:39:49+00:00","description":"Charbon De Bois De Marabu 9kg","breadcrumb":{"@id":"https:\/\/www.grills-saveurs.ch\/fr\/produit\/charbon-de-bois-de-marabu-9kg\/#breadcrumb"},"inLanguage":"fr-FR","potentialAction":[{"@type":"ReadAction","target":["https:\/\/www.grills-saveurs.ch\/fr\/produit\/charbon-de-bois-de-marabu-9kg\/"]}]},{"@type":"BreadcrumbList","@id":"https:\/\/www.grills-saveurs.ch\/fr\/produit\/charbon-de-bois-de-marabu-9kg\/#breadcrumb","itemListElement":[{"@type":"ListItem","position":1,"name":"Accueil","item":"https:\/\/www.grills-saveurs.ch\/fr\/"},{"@type":"ListItem","position":2,"name":"Shop \/ Boutique","item":"https:\/\/www.grills-saveurs.ch\/fr\/boutique\/"},{"@type":"ListItem","position":3,"name":"Charbon De Bois De Marabu 9kg"}]}]}},"_links":{"self":[{"href":"https:\/\/www.grills-saveurs.ch\/fr\/wp-json\/wp\/v2\/product\/7773"}],"collection":[{"href":"https:\/\/www.grills-saveurs.ch\/fr\/wp-json\/wp\/v2\/product"}],"about":[{"href":"https:\/\/www.grills-saveurs.ch\/fr\/wp-json\/wp\/v2\/types\/product"}],"wp:featuredmedia":[{"embeddable":true,"href":"https:\/\/www.grills-saveurs.ch\/fr\/wp-json\/wp\/v2\/media\/7774"}],"wp:attachment":[{"href":"https:\/\/www.grills-saveurs.ch\/fr\/wp-json\/wp\/v2\/media?parent=7773"}],"wp:term":[{"taxonomy":"product_cat","embeddable":true,"href":"https:\/\/www.grills-saveurs.ch\/fr\/wp-json\/wp\/v2\/product_cat?post=7773"},{"taxonomy":"product_tag","embeddable":true,"href":"https:\/\/www.grills-saveurs.ch\/fr\/wp-json\/wp\/v2\/product_tag?post=7773"}],"curies":[{"name":"wp","href":"https:\/\/api.w.org\/{rel}","templated":true}]}}