{"id":7858,"date":"2022-05-23T14:26:16","date_gmt":"2022-05-23T12:26:16","guid":{"rendered":"https:\/\/www.grills-saveurs.ch\/fr\/?post_type=product&#038;p=7858"},"modified":"2024-04-08T11:49:36","modified_gmt":"2024-04-08T09:49:36","slug":"housse-de-protection-xlarge","status":"publish","type":"product","link":"https:\/\/www.grills-saveurs.ch\/fr\/produit\/housse-de-protection-xlarge\/","title":{"rendered":"Housse de protection XLarge"},"content":{"rendered":"<p>Une housse de pluie sp\u00e9cialement con\u00e7ue pour votre The Bastard, gr\u00e2ce \u00e0 la fermeture velcro qui assure une meilleures \u00e9tanch\u00e9it\u00e9. Fabriqu\u00e9e avec un rev\u00eatement PU de la plus haute qualit\u00e9 pour la protection contre le UV et avec des a\u00e9rations sp\u00e9cialement con\u00e7ues, votre The Bastard vous accompagnera chaque saison.<\/p>\n","protected":false},"excerpt":{"rendered":"<p>Une housse de pluie sp\u00e9cialement con\u00e7ue pour votre The Bastard, gr\u00e2ce \u00e0 la fermeture velcro qui assure une meilleures \u00e9tanch\u00e9it\u00e9. Fabriqu\u00e9e avec un rev\u00eatement PU de la plus haute qualit\u00e9 pour la protection contre le UV et avec des a\u00e9rations sp\u00e9cialement con\u00e7ues, votre The Bastard vous accompagnera chaque saison.<\/p>\n","protected":false},"featured_media":7859,"template":"","meta":[],"product_cat":[229,230,254],"product_tag":[],"yoast_head":"<!-- This site is optimized with the Yoast SEO plugin v18.2 - https:\/\/yoast.com\/wordpress\/plugins\/seo\/ -->\n<title>Housse de protection XLarge - Grills et Saveurs<\/title>\n<meta name=\"description\" content=\"Housse de protection XLarge\" \/>\n<meta name=\"robots\" content=\"index, follow, max-snippet:-1, max-image-preview:large, max-video-preview:-1\" \/>\n<link rel=\"canonical\" href=\"https:\/\/www.grills-saveurs.ch\/fr\/produit\/housse-de-protection-xlarge\/\" \/>\n<meta property=\"og:locale\" content=\"fr_FR\" \/>\n<meta property=\"og:type\" content=\"article\" \/>\n<meta property=\"og:title\" content=\"Housse de protection XLarge - Grills et Saveurs\" \/>\n<meta property=\"og:description\" content=\"Housse de protection XLarge\" \/>\n<meta property=\"og:url\" content=\"https:\/\/www.grills-saveurs.ch\/fr\/produit\/housse-de-protection-xlarge\/\" \/>\n<meta property=\"og:site_name\" content=\"Grills et Saveurs\" \/>\n<meta property=\"article:modified_time\" content=\"2024-04-08T09:49:36+00:00\" \/>\n<meta property=\"og:image\" content=\"https:\/\/www.grills-saveurs.ch\/fr\/wp-content\/uploads\/2022\/05\/2180.72_Abdeckhaube_Large_Medium.png\" \/>\n\t<meta property=\"og:image:width\" content=\"428\" \/>\n\t<meta property=\"og:image:height\" content=\"599\" \/>\n\t<meta property=\"og:image:type\" content=\"image\/png\" \/>\n<meta name=\"twitter:card\" content=\"summary_large_image\" \/>\n<script type=\"application\/ld+json\" class=\"yoast-schema-graph\">{\"@context\":\"https:\/\/schema.org\",\"@graph\":[{\"@type\":\"WebSite\",\"@id\":\"https:\/\/www.grills-saveurs.ch\/fr\/#website\",\"url\":\"https:\/\/www.grills-saveurs.ch\/fr\/\",\"name\":\"Grills et Saveurs\",\"description\":\"Barbecues, Grills, Planchas, Chemin\u00e9es jardin - Lausanne, Suisse Romande\",\"potentialAction\":[{\"@type\":\"SearchAction\",\"target\":{\"@type\":\"EntryPoint\",\"urlTemplate\":\"https:\/\/www.grills-saveurs.ch\/fr\/?s={search_term_string}\"},\"query-input\":\"required name=search_term_string\"}],\"inLanguage\":\"fr-FR\"},{\"@type\":\"ImageObject\",\"@id\":\"https:\/\/www.grills-saveurs.ch\/fr\/produit\/housse-de-protection-xlarge\/#primaryimage\",\"inLanguage\":\"fr-FR\",\"url\":\"https:\/\/www.grills-saveurs.ch\/fr\/wp-content\/uploads\/2022\/05\/2180.72_Abdeckhaube_Large_Medium.png\",\"contentUrl\":\"https:\/\/www.grills-saveurs.ch\/fr\/wp-content\/uploads\/2022\/05\/2180.72_Abdeckhaube_Large_Medium.png\",\"width\":428,\"height\":599},{\"@type\":\"WebPage\",\"@id\":\"https:\/\/www.grills-saveurs.ch\/fr\/produit\/housse-de-protection-xlarge\/#webpage\",\"url\":\"https:\/\/www.grills-saveurs.ch\/fr\/produit\/housse-de-protection-xlarge\/\",\"name\":\"Housse de protection XLarge - Grills et Saveurs\",\"isPartOf\":{\"@id\":\"https:\/\/www.grills-saveurs.ch\/fr\/#website\"},\"primaryImageOfPage\":{\"@id\":\"https:\/\/www.grills-saveurs.ch\/fr\/produit\/housse-de-protection-xlarge\/#primaryimage\"},\"datePublished\":\"2022-05-23T12:26:16+00:00\",\"dateModified\":\"2024-04-08T09:49:36+00:00\",\"description\":\"Housse de protection XLarge\",\"breadcrumb\":{\"@id\":\"https:\/\/www.grills-saveurs.ch\/fr\/produit\/housse-de-protection-xlarge\/#breadcrumb\"},\"inLanguage\":\"fr-FR\",\"potentialAction\":[{\"@type\":\"ReadAction\",\"target\":[\"https:\/\/www.grills-saveurs.ch\/fr\/produit\/housse-de-protection-xlarge\/\"]}]},{\"@type\":\"BreadcrumbList\",\"@id\":\"https:\/\/www.grills-saveurs.ch\/fr\/produit\/housse-de-protection-xlarge\/#breadcrumb\",\"itemListElement\":[{\"@type\":\"ListItem\",\"position\":1,\"name\":\"Accueil\",\"item\":\"https:\/\/www.grills-saveurs.ch\/fr\/\"},{\"@type\":\"ListItem\",\"position\":2,\"name\":\"Shop \/ Boutique\",\"item\":\"https:\/\/www.grills-saveurs.ch\/fr\/boutique\/\"},{\"@type\":\"ListItem\",\"position\":3,\"name\":\"Housse de protection XLarge\"}]}]}<\/script>\n<!-- \/ Yoast SEO plugin. -->","yoast_head_json":{"title":"Housse de protection XLarge - Grills et Saveurs","description":"Housse de protection XLarge","robots":{"index":"index","follow":"follow","max-snippet":"max-snippet:-1","max-image-preview":"max-image-preview:large","max-video-preview":"max-video-preview:-1"},"canonical":"https:\/\/www.grills-saveurs.ch\/fr\/produit\/housse-de-protection-xlarge\/","og_locale":"fr_FR","og_type":"article","og_title":"Housse de protection XLarge - Grills et Saveurs","og_description":"Housse de protection XLarge","og_url":"https:\/\/www.grills-saveurs.ch\/fr\/produit\/housse-de-protection-xlarge\/","og_site_name":"Grills et Saveurs","article_modified_time":"2024-04-08T09:49:36+00:00","og_image":[{"width":428,"height":599,"url":"https:\/\/www.grills-saveurs.ch\/fr\/wp-content\/uploads\/2022\/05\/2180.72_Abdeckhaube_Large_Medium.png","type":"image\/png"}],"twitter_card":"summary_large_image","schema":{"@context":"https:\/\/schema.org","@graph":[{"@type":"WebSite","@id":"https:\/\/www.grills-saveurs.ch\/fr\/#website","url":"https:\/\/www.grills-saveurs.ch\/fr\/","name":"Grills et Saveurs","description":"Barbecues, Grills, Planchas, Chemin\u00e9es jardin - Lausanne, Suisse Romande","potentialAction":[{"@type":"SearchAction","target":{"@type":"EntryPoint","urlTemplate":"https:\/\/www.grills-saveurs.ch\/fr\/?s={search_term_string}"},"query-input":"required name=search_term_string"}],"inLanguage":"fr-FR"},{"@type":"ImageObject","@id":"https:\/\/www.grills-saveurs.ch\/fr\/produit\/housse-de-protection-xlarge\/#primaryimage","inLanguage":"fr-FR","url":"https:\/\/www.grills-saveurs.ch\/fr\/wp-content\/uploads\/2022\/05\/2180.72_Abdeckhaube_Large_Medium.png","contentUrl":"https:\/\/www.grills-saveurs.ch\/fr\/wp-content\/uploads\/2022\/05\/2180.72_Abdeckhaube_Large_Medium.png","width":428,"height":599},{"@type":"WebPage","@id":"https:\/\/www.grills-saveurs.ch\/fr\/produit\/housse-de-protection-xlarge\/#webpage","url":"https:\/\/www.grills-saveurs.ch\/fr\/produit\/housse-de-protection-xlarge\/","name":"Housse de protection XLarge - Grills et Saveurs","isPartOf":{"@id":"https:\/\/www.grills-saveurs.ch\/fr\/#website"},"primaryImageOfPage":{"@id":"https:\/\/www.grills-saveurs.ch\/fr\/produit\/housse-de-protection-xlarge\/#primaryimage"},"datePublished":"2022-05-23T12:26:16+00:00","dateModified":"2024-04-08T09:49:36+00:00","description":"Housse de protection XLarge","breadcrumb":{"@id":"https:\/\/www.grills-saveurs.ch\/fr\/produit\/housse-de-protection-xlarge\/#breadcrumb"},"inLanguage":"fr-FR","potentialAction":[{"@type":"ReadAction","target":["https:\/\/www.grills-saveurs.ch\/fr\/produit\/housse-de-protection-xlarge\/"]}]},{"@type":"BreadcrumbList","@id":"https:\/\/www.grills-saveurs.ch\/fr\/produit\/housse-de-protection-xlarge\/#breadcrumb","itemListElement":[{"@type":"ListItem","position":1,"name":"Accueil","item":"https:\/\/www.grills-saveurs.ch\/fr\/"},{"@type":"ListItem","position":2,"name":"Shop \/ Boutique","item":"https:\/\/www.grills-saveurs.ch\/fr\/boutique\/"},{"@type":"ListItem","position":3,"name":"Housse de protection XLarge"}]}]}},"_links":{"self":[{"href":"https:\/\/www.grills-saveurs.ch\/fr\/wp-json\/wp\/v2\/product\/7858"}],"collection":[{"href":"https:\/\/www.grills-saveurs.ch\/fr\/wp-json\/wp\/v2\/product"}],"about":[{"href":"https:\/\/www.grills-saveurs.ch\/fr\/wp-json\/wp\/v2\/types\/product"}],"wp:featuredmedia":[{"embeddable":true,"href":"https:\/\/www.grills-saveurs.ch\/fr\/wp-json\/wp\/v2\/media\/7859"}],"wp:attachment":[{"href":"https:\/\/www.grills-saveurs.ch\/fr\/wp-json\/wp\/v2\/media?parent=7858"}],"wp:term":[{"taxonomy":"product_cat","embeddable":true,"href":"https:\/\/www.grills-saveurs.ch\/fr\/wp-json\/wp\/v2\/product_cat?post=7858"},{"taxonomy":"product_tag","embeddable":true,"href":"https:\/\/www.grills-saveurs.ch\/fr\/wp-json\/wp\/v2\/product_tag?post=7858"}],"curies":[{"name":"wp","href":"https:\/\/api.w.org\/{rel}","templated":true}]}}