{"id":7978,"date":"2022-07-19T16:40:17","date_gmt":"2022-07-19T14:40:17","guid":{"rendered":"https:\/\/www.grills-saveurs.ch\/fr\/?post_type=product&#038;p=7978"},"modified":"2025-03-28T16:22:56","modified_gmt":"2025-03-28T15:22:56","slug":"barbecue-a-granules-de-bois-smokefire-epx4-edition-stealth","status":"publish","type":"product","link":"https:\/\/www.grills-saveurs.ch\/fr\/produit\/barbecue-a-granules-de-bois-smokefire-epx4-edition-stealth\/","title":{"rendered":"Barbecue \u00e0 granul\u00e9s de bois SmokeFire EPX4, \u00e9dition STEALTH"},"content":{"rendered":"<div class=\"col-12\">\n<h2 class=\"attribute-title h3\">Caract\u00e9ristiques du produit<\/h2>\n<\/div>\n<div class=\"col-12 value content js--show-more\" data-cutoff=\"80\">\n<p>R\u00e9alisez des plats que vous pensiez impossibles \u00e0 cuisiner \u00e0 l&rsquo;ext\u00e9rieur gr\u00e2ce au nouveau barbecue \u00e0 granul\u00e9s de bois SmokeFire, tout en noir. Saisissez la viande \u00e0 315\u00a0\u00b0C, faites r\u00f4tir, cuire \u00e0 la vapeur ou sauter vos aliments en rempla\u00e7ant la grille de cuisson par des ustensiles de barbecue WEBER CRAFTED sur mesure. Et lorsque vous fumez une poitrine de b\u0153uf alors que la nuit tombe, le syst\u00e8me unique en son genre d&rsquo;\u00e9clairage sous le couvercle vous permet d&rsquo;ajouter la sauce et de surveiller vos aliments, de jour comme de nuit.<\/p>\n<p>\u2022 Le meilleur barbecue \u00e0 granul\u00e9s de bois pour saisir et fumer avec une plage de temp\u00e9rature de 95 \u00e0 315\u00a0\u00b0C<br \/>\n\u2022 Cadre WEBER CRAFTED; variez vos recettes avec des ustensiles de barbecue personnalis\u00e9s<br \/>\n\u2022 La finition \u00e9maill\u00e9e contribue \u00e0 la r\u00e9tention de la chaleur et \u00e0 la pr\u00e9vention de la rouille<br \/>\n\u2022 L\u2019\u00e9clairage nocturne \u00e9claire toute la surface de la grille de cuisson<br \/>\n\u2022 Des aliments fum\u00e9s, cuits \u00e0 la perfection gr\u00e2ce \u00e0 la technologie WEBER CONNECT<\/p>\n<\/div>\n","protected":false},"excerpt":{"rendered":"<p>Caract\u00e9ristiques du produit R\u00e9alisez des plats que vous pensiez impossibles \u00e0 cuisiner \u00e0 l&rsquo;ext\u00e9rieur gr\u00e2ce au nouveau barbecue \u00e0 granul\u00e9s de bois SmokeFire, tout en noir. Saisissez la viande \u00e0 315\u00a0\u00b0C, faites r\u00f4tir, cuire \u00e0 la vapeur ou sauter vos aliments en rempla\u00e7ant la grille de cuisson par des ustensiles de barbecue WEBER CRAFTED sur &hellip;<\/p>\n","protected":false},"featured_media":7979,"template":"","meta":[],"product_cat":[260],"product_tag":[84],"yoast_head":"<!-- This site is optimized with the Yoast SEO plugin v18.2 - https:\/\/yoast.com\/wordpress\/plugins\/seo\/ -->\n<title>Barbecue \u00e0 granul\u00e9s de bois SmokeFire EPX4, \u00e9dition STEALTH - Grills et Saveurs<\/title>\n<meta name=\"robots\" content=\"index, follow, max-snippet:-1, max-image-preview:large, max-video-preview:-1\" \/>\n<link rel=\"canonical\" href=\"https:\/\/www.grills-saveurs.ch\/fr\/produit\/barbecue-a-granules-de-bois-smokefire-epx4-edition-stealth\/\" \/>\n<meta property=\"og:locale\" content=\"fr_FR\" \/>\n<meta property=\"og:type\" content=\"article\" \/>\n<meta property=\"og:title\" content=\"Barbecue \u00e0 granul\u00e9s de bois SmokeFire EPX4, \u00e9dition STEALTH - Grills et Saveurs\" \/>\n<meta property=\"og:description\" content=\"Caract\u00e9ristiques du produit R\u00e9alisez des plats que vous pensiez impossibles \u00e0 cuisiner \u00e0 l&rsquo;ext\u00e9rieur gr\u00e2ce au nouveau barbecue \u00e0 granul\u00e9s de bois SmokeFire, tout en noir. Saisissez la viande \u00e0 315\u00a0\u00b0C, faites r\u00f4tir, cuire \u00e0 la vapeur ou sauter vos aliments en rempla\u00e7ant la grille de cuisson par des ustensiles de barbecue WEBER CRAFTED sur &hellip;\" \/>\n<meta property=\"og:url\" content=\"https:\/\/www.grills-saveurs.ch\/fr\/produit\/barbecue-a-granules-de-bois-smokefire-epx4-edition-stealth\/\" \/>\n<meta property=\"og:site_name\" content=\"Grills et Saveurs\" \/>\n<meta property=\"article:modified_time\" content=\"2025-03-28T15:22:56+00:00\" \/>\n<meta property=\"og:image\" content=\"https:\/\/www.grills-saveurs.ch\/fr\/wp-content\/uploads\/2022\/07\/22611504BR_1800x1800.jpeg\" \/>\n\t<meta property=\"og:image:width\" content=\"800\" \/>\n\t<meta property=\"og:image:height\" content=\"800\" \/>\n\t<meta property=\"og:image:type\" content=\"image\/jpeg\" \/>\n<meta name=\"twitter:card\" content=\"summary_large_image\" \/>\n<meta name=\"twitter:label1\" content=\"Dur\u00e9e de lecture estim\u00e9e\" \/>\n\t<meta name=\"twitter:data1\" content=\"1 minute\" \/>\n<script type=\"application\/ld+json\" class=\"yoast-schema-graph\">{\"@context\":\"https:\/\/schema.org\",\"@graph\":[{\"@type\":\"WebSite\",\"@id\":\"https:\/\/www.grills-saveurs.ch\/fr\/#website\",\"url\":\"https:\/\/www.grills-saveurs.ch\/fr\/\",\"name\":\"Grills et Saveurs\",\"description\":\"Barbecues, Grills, Planchas, Chemin\u00e9es jardin - Lausanne, Suisse Romande\",\"potentialAction\":[{\"@type\":\"SearchAction\",\"target\":{\"@type\":\"EntryPoint\",\"urlTemplate\":\"https:\/\/www.grills-saveurs.ch\/fr\/?s={search_term_string}\"},\"query-input\":\"required name=search_term_string\"}],\"inLanguage\":\"fr-FR\"},{\"@type\":\"ImageObject\",\"@id\":\"https:\/\/www.grills-saveurs.ch\/fr\/produit\/barbecue-a-granules-de-bois-smokefire-epx4-edition-stealth\/#primaryimage\",\"inLanguage\":\"fr-FR\",\"url\":\"https:\/\/www.grills-saveurs.ch\/fr\/wp-content\/uploads\/2022\/07\/22611504BR_1800x1800.jpeg\",\"contentUrl\":\"https:\/\/www.grills-saveurs.ch\/fr\/wp-content\/uploads\/2022\/07\/22611504BR_1800x1800.jpeg\",\"width\":800,\"height\":800},{\"@type\":\"WebPage\",\"@id\":\"https:\/\/www.grills-saveurs.ch\/fr\/produit\/barbecue-a-granules-de-bois-smokefire-epx4-edition-stealth\/#webpage\",\"url\":\"https:\/\/www.grills-saveurs.ch\/fr\/produit\/barbecue-a-granules-de-bois-smokefire-epx4-edition-stealth\/\",\"name\":\"Barbecue \u00e0 granul\u00e9s de bois SmokeFire EPX4, \u00e9dition STEALTH - Grills et Saveurs\",\"isPartOf\":{\"@id\":\"https:\/\/www.grills-saveurs.ch\/fr\/#website\"},\"primaryImageOfPage\":{\"@id\":\"https:\/\/www.grills-saveurs.ch\/fr\/produit\/barbecue-a-granules-de-bois-smokefire-epx4-edition-stealth\/#primaryimage\"},\"datePublished\":\"2022-07-19T14:40:17+00:00\",\"dateModified\":\"2025-03-28T15:22:56+00:00\",\"breadcrumb\":{\"@id\":\"https:\/\/www.grills-saveurs.ch\/fr\/produit\/barbecue-a-granules-de-bois-smokefire-epx4-edition-stealth\/#breadcrumb\"},\"inLanguage\":\"fr-FR\",\"potentialAction\":[{\"@type\":\"ReadAction\",\"target\":[\"https:\/\/www.grills-saveurs.ch\/fr\/produit\/barbecue-a-granules-de-bois-smokefire-epx4-edition-stealth\/\"]}]},{\"@type\":\"BreadcrumbList\",\"@id\":\"https:\/\/www.grills-saveurs.ch\/fr\/produit\/barbecue-a-granules-de-bois-smokefire-epx4-edition-stealth\/#breadcrumb\",\"itemListElement\":[{\"@type\":\"ListItem\",\"position\":1,\"name\":\"Accueil\",\"item\":\"https:\/\/www.grills-saveurs.ch\/fr\/\"},{\"@type\":\"ListItem\",\"position\":2,\"name\":\"Shop \/ Boutique\",\"item\":\"https:\/\/www.grills-saveurs.ch\/fr\/boutique\/\"},{\"@type\":\"ListItem\",\"position\":3,\"name\":\"Barbecue \u00e0 granul\u00e9s de bois SmokeFire EPX4, \u00e9dition STEALTH\"}]}]}<\/script>\n<!-- \/ Yoast SEO plugin. -->","yoast_head_json":{"title":"Barbecue \u00e0 granul\u00e9s de bois SmokeFire EPX4, \u00e9dition STEALTH - Grills et Saveurs","robots":{"index":"index","follow":"follow","max-snippet":"max-snippet:-1","max-image-preview":"max-image-preview:large","max-video-preview":"max-video-preview:-1"},"canonical":"https:\/\/www.grills-saveurs.ch\/fr\/produit\/barbecue-a-granules-de-bois-smokefire-epx4-edition-stealth\/","og_locale":"fr_FR","og_type":"article","og_title":"Barbecue \u00e0 granul\u00e9s de bois SmokeFire EPX4, \u00e9dition STEALTH - Grills et Saveurs","og_description":"Caract\u00e9ristiques du produit R\u00e9alisez des plats que vous pensiez impossibles \u00e0 cuisiner \u00e0 l&rsquo;ext\u00e9rieur gr\u00e2ce au nouveau barbecue \u00e0 granul\u00e9s de bois SmokeFire, tout en noir. Saisissez la viande \u00e0 315\u00a0\u00b0C, faites r\u00f4tir, cuire \u00e0 la vapeur ou sauter vos aliments en rempla\u00e7ant la grille de cuisson par des ustensiles de barbecue WEBER CRAFTED sur &hellip;","og_url":"https:\/\/www.grills-saveurs.ch\/fr\/produit\/barbecue-a-granules-de-bois-smokefire-epx4-edition-stealth\/","og_site_name":"Grills et Saveurs","article_modified_time":"2025-03-28T15:22:56+00:00","og_image":[{"width":800,"height":800,"url":"https:\/\/www.grills-saveurs.ch\/fr\/wp-content\/uploads\/2022\/07\/22611504BR_1800x1800.jpeg","type":"image\/jpeg"}],"twitter_card":"summary_large_image","twitter_misc":{"Dur\u00e9e de lecture estim\u00e9e":"1 minute"},"schema":{"@context":"https:\/\/schema.org","@graph":[{"@type":"WebSite","@id":"https:\/\/www.grills-saveurs.ch\/fr\/#website","url":"https:\/\/www.grills-saveurs.ch\/fr\/","name":"Grills et Saveurs","description":"Barbecues, Grills, Planchas, Chemin\u00e9es jardin - Lausanne, Suisse Romande","potentialAction":[{"@type":"SearchAction","target":{"@type":"EntryPoint","urlTemplate":"https:\/\/www.grills-saveurs.ch\/fr\/?s={search_term_string}"},"query-input":"required name=search_term_string"}],"inLanguage":"fr-FR"},{"@type":"ImageObject","@id":"https:\/\/www.grills-saveurs.ch\/fr\/produit\/barbecue-a-granules-de-bois-smokefire-epx4-edition-stealth\/#primaryimage","inLanguage":"fr-FR","url":"https:\/\/www.grills-saveurs.ch\/fr\/wp-content\/uploads\/2022\/07\/22611504BR_1800x1800.jpeg","contentUrl":"https:\/\/www.grills-saveurs.ch\/fr\/wp-content\/uploads\/2022\/07\/22611504BR_1800x1800.jpeg","width":800,"height":800},{"@type":"WebPage","@id":"https:\/\/www.grills-saveurs.ch\/fr\/produit\/barbecue-a-granules-de-bois-smokefire-epx4-edition-stealth\/#webpage","url":"https:\/\/www.grills-saveurs.ch\/fr\/produit\/barbecue-a-granules-de-bois-smokefire-epx4-edition-stealth\/","name":"Barbecue \u00e0 granul\u00e9s de bois SmokeFire EPX4, \u00e9dition STEALTH - Grills et Saveurs","isPartOf":{"@id":"https:\/\/www.grills-saveurs.ch\/fr\/#website"},"primaryImageOfPage":{"@id":"https:\/\/www.grills-saveurs.ch\/fr\/produit\/barbecue-a-granules-de-bois-smokefire-epx4-edition-stealth\/#primaryimage"},"datePublished":"2022-07-19T14:40:17+00:00","dateModified":"2025-03-28T15:22:56+00:00","breadcrumb":{"@id":"https:\/\/www.grills-saveurs.ch\/fr\/produit\/barbecue-a-granules-de-bois-smokefire-epx4-edition-stealth\/#breadcrumb"},"inLanguage":"fr-FR","potentialAction":[{"@type":"ReadAction","target":["https:\/\/www.grills-saveurs.ch\/fr\/produit\/barbecue-a-granules-de-bois-smokefire-epx4-edition-stealth\/"]}]},{"@type":"BreadcrumbList","@id":"https:\/\/www.grills-saveurs.ch\/fr\/produit\/barbecue-a-granules-de-bois-smokefire-epx4-edition-stealth\/#breadcrumb","itemListElement":[{"@type":"ListItem","position":1,"name":"Accueil","item":"https:\/\/www.grills-saveurs.ch\/fr\/"},{"@type":"ListItem","position":2,"name":"Shop \/ Boutique","item":"https:\/\/www.grills-saveurs.ch\/fr\/boutique\/"},{"@type":"ListItem","position":3,"name":"Barbecue \u00e0 granul\u00e9s de bois SmokeFire EPX4, \u00e9dition STEALTH"}]}]}},"_links":{"self":[{"href":"https:\/\/www.grills-saveurs.ch\/fr\/wp-json\/wp\/v2\/product\/7978"}],"collection":[{"href":"https:\/\/www.grills-saveurs.ch\/fr\/wp-json\/wp\/v2\/product"}],"about":[{"href":"https:\/\/www.grills-saveurs.ch\/fr\/wp-json\/wp\/v2\/types\/product"}],"wp:featuredmedia":[{"embeddable":true,"href":"https:\/\/www.grills-saveurs.ch\/fr\/wp-json\/wp\/v2\/media\/7979"}],"wp:attachment":[{"href":"https:\/\/www.grills-saveurs.ch\/fr\/wp-json\/wp\/v2\/media?parent=7978"}],"wp:term":[{"taxonomy":"product_cat","embeddable":true,"href":"https:\/\/www.grills-saveurs.ch\/fr\/wp-json\/wp\/v2\/product_cat?post=7978"},{"taxonomy":"product_tag","embeddable":true,"href":"https:\/\/www.grills-saveurs.ch\/fr\/wp-json\/wp\/v2\/product_tag?post=7978"}],"curies":[{"name":"wp","href":"https:\/\/api.w.org\/{rel}","templated":true}]}}