{"id":8350,"date":"2023-04-03T16:53:34","date_gmt":"2023-04-03T14:53:34","guid":{"rendered":"https:\/\/www.grills-saveurs.ch\/fr\/?post_type=product&#038;p=8350"},"modified":"2025-03-03T11:41:51","modified_gmt":"2025-03-03T10:41:51","slug":"four-a-pizza-etna-rotante-noir-mat","status":"publish","type":"product","link":"https:\/\/www.grills-saveurs.ch\/fr\/produit\/four-a-pizza-etna-rotante-noir-mat\/","title":{"rendered":"Four \u00e0 pizza Etna Rotante noir mat"},"content":{"rendered":"<div class=\"page\" title=\"Page 2\">\n<div class=\"layoutArea\">\n<div class=\"column\">\n<p>ETNA est une nouvelle se\u0301rie de fours a\u0300 pizza a\u0300 gaz haut de gamme qui, gra\u0302ce a\u0300 leur double isolation, assurent un temps de chauffe rapide et peuvent donc e\u0302tre utilise\u0301s pour e\u0301conomiser de l&rsquo;e\u0301nergie. Construit pour l&rsquo;e\u0301ternite\u0301, c&rsquo;est un must pour tous les fans de pizza. Le four chauffe a\u0300 500\u00b0C en 10-15 minutes, ce qui vous laisse juste assez de temps pour pre\u0301parer et cuire vos pizzas pre\u0301fe\u0301re\u0301es. La chaleur est re\u0301partie uniforme\u0301ment dans le four, ce qui permet de re\u0301ussir parfaitement les pizzas avec une crou\u0302te croustillante.<\/p>\n<p><strong>Mod\u00e8le Rotante, tradition innovante<\/strong><\/p>\n<p>Avec une pierre \u00e0 pizza rotative et un br\u00fbleur Extra-Boost suppl\u00e9mentaire. Ils garantissent des r\u00e9sultats encore plus constants et uniformes.<\/p>\n<p><strong>Points forts :<\/strong><\/p>\n<ul>\n<li>Double isolation,<\/li>\n<li>respect de l&rsquo;environnement et e\u0301conomie d&rsquo;e\u0301nergie.<\/li>\n<li>Alimente\u0301 au gaz pour un confort et un contro\u0302le ultimes.<\/li>\n<li>Bru\u0302leur principal en forme de U pour une re\u0301partition parfaitement uniforme de la chaleur.<\/li>\n<\/ul>\n<p>La pierre a\u0300 pizza est pivotante.<\/p>\n<\/div>\n<\/div>\n<\/div>\n","protected":false},"excerpt":{"rendered":"<p>R\u00e9f. 80650018 \/ 3310.34<\/p>\n","protected":false},"featured_media":8351,"template":"","meta":[],"product_cat":[235],"product_tag":[237],"yoast_head":"<!-- This site is optimized with the Yoast SEO plugin v18.2 - https:\/\/yoast.com\/wordpress\/plugins\/seo\/ -->\n<title>Four \u00e0 pizza Etna Rotante noir mat - Grills et Saveurs<\/title>\n<meta name=\"description\" content=\"ETNA est une nouvelle se\u0301rie de fours a\u0300 pizza a\u0300 gaz haut de gamme qui, gra\u0302ce a\u0300 leur double isolation, assurent un temps de chauffe rapide.\" \/>\n<meta name=\"robots\" content=\"index, follow, max-snippet:-1, max-image-preview:large, max-video-preview:-1\" \/>\n<link rel=\"canonical\" href=\"https:\/\/www.grills-saveurs.ch\/fr\/produit\/four-a-pizza-etna-rotante-noir-mat\/\" \/>\n<meta property=\"og:locale\" content=\"fr_FR\" \/>\n<meta property=\"og:type\" content=\"article\" \/>\n<meta property=\"og:title\" content=\"Four \u00e0 pizza Etna Rotante noir mat - Grills et Saveurs\" \/>\n<meta property=\"og:description\" content=\"ETNA est une nouvelle se\u0301rie de fours a\u0300 pizza a\u0300 gaz haut de gamme qui, gra\u0302ce a\u0300 leur double isolation, assurent un temps de chauffe rapide.\" \/>\n<meta property=\"og:url\" content=\"https:\/\/www.grills-saveurs.ch\/fr\/produit\/four-a-pizza-etna-rotante-noir-mat\/\" \/>\n<meta property=\"og:site_name\" content=\"Grills et Saveurs\" \/>\n<meta property=\"article:modified_time\" content=\"2025-03-03T10:41:51+00:00\" \/>\n<meta property=\"og:image\" content=\"https:\/\/www.grills-saveurs.ch\/fr\/wp-content\/uploads\/2023\/04\/pizza-rotante-noir.jpg\" \/>\n\t<meta property=\"og:image:width\" content=\"680\" \/>\n\t<meta property=\"og:image:height\" content=\"680\" \/>\n\t<meta property=\"og:image:type\" content=\"image\/jpeg\" \/>\n<meta name=\"twitter:card\" content=\"summary_large_image\" \/>\n<meta name=\"twitter:label1\" content=\"Dur\u00e9e de lecture estim\u00e9e\" \/>\n\t<meta name=\"twitter:data1\" content=\"1 minute\" \/>\n<script type=\"application\/ld+json\" class=\"yoast-schema-graph\">{\"@context\":\"https:\/\/schema.org\",\"@graph\":[{\"@type\":\"WebSite\",\"@id\":\"https:\/\/www.grills-saveurs.ch\/fr\/#website\",\"url\":\"https:\/\/www.grills-saveurs.ch\/fr\/\",\"name\":\"Grills et Saveurs\",\"description\":\"Barbecues, Grills, Planchas, Chemin\u00e9es jardin - Lausanne, Suisse Romande\",\"potentialAction\":[{\"@type\":\"SearchAction\",\"target\":{\"@type\":\"EntryPoint\",\"urlTemplate\":\"https:\/\/www.grills-saveurs.ch\/fr\/?s={search_term_string}\"},\"query-input\":\"required name=search_term_string\"}],\"inLanguage\":\"fr-FR\"},{\"@type\":\"ImageObject\",\"@id\":\"https:\/\/www.grills-saveurs.ch\/fr\/produit\/four-a-pizza-etna-rotante-noir-mat\/#primaryimage\",\"inLanguage\":\"fr-FR\",\"url\":\"https:\/\/www.grills-saveurs.ch\/fr\/wp-content\/uploads\/2023\/04\/pizza-rotante-noir.jpg\",\"contentUrl\":\"https:\/\/www.grills-saveurs.ch\/fr\/wp-content\/uploads\/2023\/04\/pizza-rotante-noir.jpg\",\"width\":680,\"height\":680},{\"@type\":\"WebPage\",\"@id\":\"https:\/\/www.grills-saveurs.ch\/fr\/produit\/four-a-pizza-etna-rotante-noir-mat\/#webpage\",\"url\":\"https:\/\/www.grills-saveurs.ch\/fr\/produit\/four-a-pizza-etna-rotante-noir-mat\/\",\"name\":\"Four \u00e0 pizza Etna Rotante noir mat - Grills et Saveurs\",\"isPartOf\":{\"@id\":\"https:\/\/www.grills-saveurs.ch\/fr\/#website\"},\"primaryImageOfPage\":{\"@id\":\"https:\/\/www.grills-saveurs.ch\/fr\/produit\/four-a-pizza-etna-rotante-noir-mat\/#primaryimage\"},\"datePublished\":\"2023-04-03T14:53:34+00:00\",\"dateModified\":\"2025-03-03T10:41:51+00:00\",\"description\":\"ETNA est une nouvelle se\u0301rie de fours a\u0300 pizza a\u0300 gaz haut de gamme qui, gra\u0302ce a\u0300 leur double isolation, assurent un temps de chauffe rapide.\",\"breadcrumb\":{\"@id\":\"https:\/\/www.grills-saveurs.ch\/fr\/produit\/four-a-pizza-etna-rotante-noir-mat\/#breadcrumb\"},\"inLanguage\":\"fr-FR\",\"potentialAction\":[{\"@type\":\"ReadAction\",\"target\":[\"https:\/\/www.grills-saveurs.ch\/fr\/produit\/four-a-pizza-etna-rotante-noir-mat\/\"]}]},{\"@type\":\"BreadcrumbList\",\"@id\":\"https:\/\/www.grills-saveurs.ch\/fr\/produit\/four-a-pizza-etna-rotante-noir-mat\/#breadcrumb\",\"itemListElement\":[{\"@type\":\"ListItem\",\"position\":1,\"name\":\"Accueil\",\"item\":\"https:\/\/www.grills-saveurs.ch\/fr\/\"},{\"@type\":\"ListItem\",\"position\":2,\"name\":\"Shop \/ Boutique\",\"item\":\"https:\/\/www.grills-saveurs.ch\/fr\/boutique\/\"},{\"@type\":\"ListItem\",\"position\":3,\"name\":\"Four \u00e0 pizza Etna Rotante noir mat\"}]}]}<\/script>\n<!-- \/ Yoast SEO plugin. -->","yoast_head_json":{"title":"Four \u00e0 pizza Etna Rotante noir mat - Grills et Saveurs","description":"ETNA est une nouvelle se\u0301rie de fours a\u0300 pizza a\u0300 gaz haut de gamme qui, gra\u0302ce a\u0300 leur double isolation, assurent un temps de chauffe rapide.","robots":{"index":"index","follow":"follow","max-snippet":"max-snippet:-1","max-image-preview":"max-image-preview:large","max-video-preview":"max-video-preview:-1"},"canonical":"https:\/\/www.grills-saveurs.ch\/fr\/produit\/four-a-pizza-etna-rotante-noir-mat\/","og_locale":"fr_FR","og_type":"article","og_title":"Four \u00e0 pizza Etna Rotante noir mat - Grills et Saveurs","og_description":"ETNA est une nouvelle se\u0301rie de fours a\u0300 pizza a\u0300 gaz haut de gamme qui, gra\u0302ce a\u0300 leur double isolation, assurent un temps de chauffe rapide.","og_url":"https:\/\/www.grills-saveurs.ch\/fr\/produit\/four-a-pizza-etna-rotante-noir-mat\/","og_site_name":"Grills et Saveurs","article_modified_time":"2025-03-03T10:41:51+00:00","og_image":[{"width":680,"height":680,"url":"https:\/\/www.grills-saveurs.ch\/fr\/wp-content\/uploads\/2023\/04\/pizza-rotante-noir.jpg","type":"image\/jpeg"}],"twitter_card":"summary_large_image","twitter_misc":{"Dur\u00e9e de lecture estim\u00e9e":"1 minute"},"schema":{"@context":"https:\/\/schema.org","@graph":[{"@type":"WebSite","@id":"https:\/\/www.grills-saveurs.ch\/fr\/#website","url":"https:\/\/www.grills-saveurs.ch\/fr\/","name":"Grills et Saveurs","description":"Barbecues, Grills, Planchas, Chemin\u00e9es jardin - Lausanne, Suisse Romande","potentialAction":[{"@type":"SearchAction","target":{"@type":"EntryPoint","urlTemplate":"https:\/\/www.grills-saveurs.ch\/fr\/?s={search_term_string}"},"query-input":"required name=search_term_string"}],"inLanguage":"fr-FR"},{"@type":"ImageObject","@id":"https:\/\/www.grills-saveurs.ch\/fr\/produit\/four-a-pizza-etna-rotante-noir-mat\/#primaryimage","inLanguage":"fr-FR","url":"https:\/\/www.grills-saveurs.ch\/fr\/wp-content\/uploads\/2023\/04\/pizza-rotante-noir.jpg","contentUrl":"https:\/\/www.grills-saveurs.ch\/fr\/wp-content\/uploads\/2023\/04\/pizza-rotante-noir.jpg","width":680,"height":680},{"@type":"WebPage","@id":"https:\/\/www.grills-saveurs.ch\/fr\/produit\/four-a-pizza-etna-rotante-noir-mat\/#webpage","url":"https:\/\/www.grills-saveurs.ch\/fr\/produit\/four-a-pizza-etna-rotante-noir-mat\/","name":"Four \u00e0 pizza Etna Rotante noir mat - Grills et Saveurs","isPartOf":{"@id":"https:\/\/www.grills-saveurs.ch\/fr\/#website"},"primaryImageOfPage":{"@id":"https:\/\/www.grills-saveurs.ch\/fr\/produit\/four-a-pizza-etna-rotante-noir-mat\/#primaryimage"},"datePublished":"2023-04-03T14:53:34+00:00","dateModified":"2025-03-03T10:41:51+00:00","description":"ETNA est une nouvelle se\u0301rie de fours a\u0300 pizza a\u0300 gaz haut de gamme qui, gra\u0302ce a\u0300 leur double isolation, assurent un temps de chauffe rapide.","breadcrumb":{"@id":"https:\/\/www.grills-saveurs.ch\/fr\/produit\/four-a-pizza-etna-rotante-noir-mat\/#breadcrumb"},"inLanguage":"fr-FR","potentialAction":[{"@type":"ReadAction","target":["https:\/\/www.grills-saveurs.ch\/fr\/produit\/four-a-pizza-etna-rotante-noir-mat\/"]}]},{"@type":"BreadcrumbList","@id":"https:\/\/www.grills-saveurs.ch\/fr\/produit\/four-a-pizza-etna-rotante-noir-mat\/#breadcrumb","itemListElement":[{"@type":"ListItem","position":1,"name":"Accueil","item":"https:\/\/www.grills-saveurs.ch\/fr\/"},{"@type":"ListItem","position":2,"name":"Shop \/ Boutique","item":"https:\/\/www.grills-saveurs.ch\/fr\/boutique\/"},{"@type":"ListItem","position":3,"name":"Four \u00e0 pizza Etna Rotante noir mat"}]}]}},"_links":{"self":[{"href":"https:\/\/www.grills-saveurs.ch\/fr\/wp-json\/wp\/v2\/product\/8350"}],"collection":[{"href":"https:\/\/www.grills-saveurs.ch\/fr\/wp-json\/wp\/v2\/product"}],"about":[{"href":"https:\/\/www.grills-saveurs.ch\/fr\/wp-json\/wp\/v2\/types\/product"}],"wp:featuredmedia":[{"embeddable":true,"href":"https:\/\/www.grills-saveurs.ch\/fr\/wp-json\/wp\/v2\/media\/8351"}],"wp:attachment":[{"href":"https:\/\/www.grills-saveurs.ch\/fr\/wp-json\/wp\/v2\/media?parent=8350"}],"wp:term":[{"taxonomy":"product_cat","embeddable":true,"href":"https:\/\/www.grills-saveurs.ch\/fr\/wp-json\/wp\/v2\/product_cat?post=8350"},{"taxonomy":"product_tag","embeddable":true,"href":"https:\/\/www.grills-saveurs.ch\/fr\/wp-json\/wp\/v2\/product_tag?post=8350"}],"curies":[{"name":"wp","href":"https:\/\/api.w.org\/{rel}","templated":true}]}}