{"id":8484,"date":"2023-04-21T18:10:28","date_gmt":"2023-04-21T16:10:28","guid":{"rendered":"https:\/\/www.grills-saveurs.ch\/fr\/?post_type=product&#038;p=8484"},"modified":"2024-06-01T20:58:20","modified_gmt":"2024-06-01T18:58:20","slug":"maxim-g5-solo-noir","status":"publish","type":"product","link":"https:\/\/www.grills-saveurs.ch\/fr\/produit\/maxim-g5-solo-noir\/","title":{"rendered":"Maxim G5 Solo noir"},"content":{"rendered":"<h4>LES PERFORMANCES DU BARBECUE :<\/h4>\n<p>Derri\u00e8re les fourneaux, les cuisiniers appr\u00e9cieront la puissance de feu des br\u00fbleurs aussi r\u00e9sistants que performants&#8230; 17 kW de puissance de feu. De quoi cuisiner pour une grande tabl\u00e9e, en mode directe ou indirecte, grill ou plancha.<\/p>\n<p>Pour r\u00e9pondre aux exigences d\u2019une client\u00e8le moderne et d\u00e9sireuse de nouveaut\u00e9s, les ing\u00e9nieurs de Grandhall proposent de nombreuses options techniques exclusives et r\u00e9volutionnaires dans leurs barbecues. C\u2019est le cas du br\u00fbleur \u00e0 infrarouge Crossray d\u2019une performance sans \u00e9gale ainsi que de l&rsquo;allumage \u00e9lectrique Smooth Start, des exclusivit\u00e9s Grandhall.<\/p>\n<h4>A SAVOIR :<\/h4>\n<ul>\n<li>Le br\u00fbleur infrarouge arri\u00e8re est id\u00e9al pour la cuisson verticale indirecte avec le kit r\u00f4tissoire optionnel. L&rsquo;infrarouge est d&rsquo;une puissance de 3.2 kW.<\/li>\n<li>Le barbecue \u00e0 gaz est dot\u00e9 de\u00a05 br\u00fbleurs en acier inoxydable. Ils peuvent s&rsquo;allumer individuellement, sur la base du syst\u00e8me d&rsquo;allumage \u00e0 bouton \u00e9lectrique, et sont contr\u00f4l\u00e9s \u00e0 l&rsquo;aide des boutons individuels \u00e0 l&rsquo;avant du barbecue.<\/li>\n<li>Surface de cuisson de\u00a080 x 44 cm, offerte par trois grilles en fonte.\u00a0Il y a \u00e9galement une plancha fournie avec le barbecue : elle peut remplacer une des grilles afin d&rsquo;obtenir deux modes de cuisson diff\u00e9rents.<\/li>\n<li>\u00c0 l&rsquo;int\u00e9rieur du couvercle se trouve un thermom\u00e8tre pour une pr\u00e9paration optimale des aliments, en contr\u00f4lant la temp\u00e9rature.<\/li>\n<\/ul>\n<div class=\"feature-line\"><span class=\"feature-name\">Surface de cuisson :<\/span>\u00a0<span class=\"feature-value\">70 x 44 cm<\/span><\/div>\n<div class=\"feature-line\"><span class=\"feature-name\">Combustible recommand\u00e9 :<\/span>\u00a0<span class=\"feature-value\">Propane (recommand\u00e9) et butane<\/span><\/div>\n<div class=\"feature-line\"><span class=\"feature-name\">Nombre de br\u00fbleurs principaux :<\/span>\u00a0<span class=\"feature-value\">5 et +<\/span><\/div>\n<div class=\"feature-line\"><span class=\"feature-name\">Mat\u00e9riau des br\u00fbleurs :<\/span>\u00a0<span class=\"feature-value\">Inox<\/span><\/div>\n<div class=\"feature-line\"><span class=\"feature-name\">Puissance :<\/span>\u00a0<span class=\"feature-value\">14.2 kW<\/span><\/div>\n<div class=\"feature-line\"><span class=\"feature-name\">Mat\u00e9riau de la cuve :<\/span>\u00a0<span class=\"feature-value\">Acier peint avec flancs lat\u00e9raux en fonte d&rsquo;aluminium<\/span><\/div>\n<div class=\"feature-line\"><span class=\"feature-name\">Mat\u00e9riau du capot :<\/span>\u00a0<span class=\"feature-value\">Acier \u00e9maill\u00e9<\/span><\/div>\n<div class=\"feature-line\"><span class=\"feature-name\">Mat\u00e9riau de la grille :<\/span>\u00a0<span class=\"feature-value\">Fonte<\/span><\/div>\n<div class=\"feature-line\"><span class=\"feature-name\">Longueur en cm :<\/span>\u00a0<span class=\"feature-value\">62<\/span><\/div>\n<div class=\"feature-line\"><span class=\"feature-name\">Largeur en cm :<\/span>\u00a0<span class=\"feature-value\">81.9<\/span><\/div>\n<div class=\"feature-line\"><span class=\"feature-name\">Profondeur en cm :<\/span>\u00a0<span class=\"feature-value\">62<\/span><\/div>\n<div class=\"feature-line\"><span class=\"feature-name\">Hauteur en cm :<\/span>\u00a0<span class=\"feature-value\">63.4<\/span><\/div>\n<div class=\"feature-line\"><span class=\"feature-name\">Poids :<\/span>\u00a0<span class=\"feature-value\">33 kg<\/span><\/div>\n","protected":false},"excerpt":{"rendered":"<p>R\u00e9f. K05000307A \/ 2923,03<\/p>\n","protected":false},"featured_media":8471,"template":"","meta":[],"product_cat":[260],"product_tag":[],"yoast_head":"<!-- This site is optimized with the Yoast SEO plugin v18.2 - https:\/\/yoast.com\/wordpress\/plugins\/seo\/ -->\n<title>Maxim G5 Solo noir - Grills et Saveurs<\/title>\n<meta name=\"description\" content=\"LES PERFORMANCES DU BARBECUE :Derri\u00e8re les fourneaux, les cuisiniers appr\u00e9cieront la puissance de feu des br\u00fbleurs aussi r\u00e9sistants que performants... 17 kW de puissance de feu. De quoi cuisiner pour une grande tabl\u00e9e, en mode directe ou indirecte, grill ou plancha. Pour r\u00e9pondre aux exigences d\u2019une client\u00e8le moderne et d\u00e9sireuse de nouveaut\u00e9s, les ing\u00e9nieurs de Grandhall proposent de nombreuses options techniques exclusives et r\u00e9volutionnaires dans leurs barbecues. C\u2019est le cas du br\u00fbleur \u00e0 infrarouge Crossray d\u2019une performance sans \u00e9gale ainsi que de l&#039;allumage \u00e9lectrique Smooth Start, des exclusivit\u00e9s Grandhall.A SAVOIR :Le br\u00fbleur infrarouge arri\u00e8re est id\u00e9al pour la cuisson verticale indirecte avec le kit r\u00f4tissoire optionnel. L&#039;infrarouge est d&#039;une puissance de 3.2 kW.Le barbecue \u00e0 gaz est dot\u00e9 de 5 br\u00fbleurs en acier inoxydable. Ils peuvent s&#039;allumer individuellement, sur la base du syst\u00e8me d&#039;allumage \u00e0 bouton \u00e9lectrique, et sont contr\u00f4l\u00e9s \u00e0 l&#039;aide des boutons individuels \u00e0 l&#039;avant du barbecue.Surface de cuisson de 80 x 44 cm, offerte par trois grilles en fonte. Il y a \u00e9galement une plancha fournie avec le barbecue : elle peut remplacer une des grilles afin d&#039;obtenir deux modes de cuisson diff\u00e9rents.\u00c0 l&#039;int\u00e9rieur du couvercle se trouve un thermom\u00e8tre pour une pr\u00e9paration optimale des aliments, en contr\u00f4lant la temp\u00e9rature.\" \/>\n<meta name=\"robots\" content=\"index, follow, max-snippet:-1, max-image-preview:large, max-video-preview:-1\" \/>\n<link rel=\"canonical\" href=\"https:\/\/www.grills-saveurs.ch\/fr\/produit\/maxim-g5-solo-noir\/\" \/>\n<meta property=\"og:locale\" content=\"fr_FR\" \/>\n<meta property=\"og:type\" content=\"article\" \/>\n<meta property=\"og:title\" content=\"Maxim G5 Solo noir - Grills et Saveurs\" \/>\n<meta property=\"og:description\" content=\"LES PERFORMANCES DU BARBECUE :Derri\u00e8re les fourneaux, les cuisiniers appr\u00e9cieront la puissance de feu des br\u00fbleurs aussi r\u00e9sistants que performants... 17 kW de puissance de feu. De quoi cuisiner pour une grande tabl\u00e9e, en mode directe ou indirecte, grill ou plancha. Pour r\u00e9pondre aux exigences d\u2019une client\u00e8le moderne et d\u00e9sireuse de nouveaut\u00e9s, les ing\u00e9nieurs de Grandhall proposent de nombreuses options techniques exclusives et r\u00e9volutionnaires dans leurs barbecues. C\u2019est le cas du br\u00fbleur \u00e0 infrarouge Crossray d\u2019une performance sans \u00e9gale ainsi que de l&#039;allumage \u00e9lectrique Smooth Start, des exclusivit\u00e9s Grandhall.A SAVOIR :Le br\u00fbleur infrarouge arri\u00e8re est id\u00e9al pour la cuisson verticale indirecte avec le kit r\u00f4tissoire optionnel. L&#039;infrarouge est d&#039;une puissance de 3.2 kW.Le barbecue \u00e0 gaz est dot\u00e9 de 5 br\u00fbleurs en acier inoxydable. Ils peuvent s&#039;allumer individuellement, sur la base du syst\u00e8me d&#039;allumage \u00e0 bouton \u00e9lectrique, et sont contr\u00f4l\u00e9s \u00e0 l&#039;aide des boutons individuels \u00e0 l&#039;avant du barbecue.Surface de cuisson de 80 x 44 cm, offerte par trois grilles en fonte. Il y a \u00e9galement une plancha fournie avec le barbecue : elle peut remplacer une des grilles afin d&#039;obtenir deux modes de cuisson diff\u00e9rents.\u00c0 l&#039;int\u00e9rieur du couvercle se trouve un thermom\u00e8tre pour une pr\u00e9paration optimale des aliments, en contr\u00f4lant la temp\u00e9rature.\" \/>\n<meta property=\"og:url\" content=\"https:\/\/www.grills-saveurs.ch\/fr\/produit\/maxim-g5-solo-noir\/\" \/>\n<meta property=\"og:site_name\" content=\"Grills et Saveurs\" \/>\n<meta property=\"article:modified_time\" content=\"2024-06-01T18:58:20+00:00\" \/>\n<meta property=\"og:image\" content=\"https:\/\/www.grills-saveurs.ch\/fr\/wp-content\/uploads\/2023\/04\/Front-Closed-Trolley_Maxim-5-brander-A.jpg\" \/>\n\t<meta property=\"og:image:width\" content=\"1000\" \/>\n\t<meta property=\"og:image:height\" content=\"1000\" \/>\n\t<meta property=\"og:image:type\" content=\"image\/jpeg\" \/>\n<meta name=\"twitter:card\" content=\"summary_large_image\" \/>\n<meta name=\"twitter:label1\" content=\"Dur\u00e9e de lecture estim\u00e9e\" \/>\n\t<meta name=\"twitter:data1\" content=\"1 minute\" \/>\n<script type=\"application\/ld+json\" class=\"yoast-schema-graph\">{\"@context\":\"https:\/\/schema.org\",\"@graph\":[{\"@type\":\"WebSite\",\"@id\":\"https:\/\/www.grills-saveurs.ch\/fr\/#website\",\"url\":\"https:\/\/www.grills-saveurs.ch\/fr\/\",\"name\":\"Grills et Saveurs\",\"description\":\"Barbecues, Grills, Planchas, Chemin\u00e9es jardin - Lausanne, Suisse Romande\",\"potentialAction\":[{\"@type\":\"SearchAction\",\"target\":{\"@type\":\"EntryPoint\",\"urlTemplate\":\"https:\/\/www.grills-saveurs.ch\/fr\/?s={search_term_string}\"},\"query-input\":\"required name=search_term_string\"}],\"inLanguage\":\"fr-FR\"},{\"@type\":\"ImageObject\",\"@id\":\"https:\/\/www.grills-saveurs.ch\/fr\/produit\/maxim-g5-solo-noir\/#primaryimage\",\"inLanguage\":\"fr-FR\",\"url\":\"https:\/\/www.grills-saveurs.ch\/fr\/wp-content\/uploads\/2023\/04\/Front-Closed-Trolley_Maxim-5-brander-A.jpg\",\"contentUrl\":\"https:\/\/www.grills-saveurs.ch\/fr\/wp-content\/uploads\/2023\/04\/Front-Closed-Trolley_Maxim-5-brander-A.jpg\",\"width\":1000,\"height\":1000},{\"@type\":\"WebPage\",\"@id\":\"https:\/\/www.grills-saveurs.ch\/fr\/produit\/maxim-g5-solo-noir\/#webpage\",\"url\":\"https:\/\/www.grills-saveurs.ch\/fr\/produit\/maxim-g5-solo-noir\/\",\"name\":\"Maxim G5 Solo noir - Grills et Saveurs\",\"isPartOf\":{\"@id\":\"https:\/\/www.grills-saveurs.ch\/fr\/#website\"},\"primaryImageOfPage\":{\"@id\":\"https:\/\/www.grills-saveurs.ch\/fr\/produit\/maxim-g5-solo-noir\/#primaryimage\"},\"datePublished\":\"2023-04-21T16:10:28+00:00\",\"dateModified\":\"2024-06-01T18:58:20+00:00\",\"description\":\"LES PERFORMANCES DU BARBECUE :Derri\u00e8re les fourneaux, les cuisiniers appr\u00e9cieront la puissance de feu des br\u00fbleurs aussi r\u00e9sistants que performants... 17 kW de puissance de feu. De quoi cuisiner pour une grande tabl\u00e9e, en mode directe ou indirecte, grill ou plancha. Pour r\u00e9pondre aux exigences d\u2019une client\u00e8le moderne et d\u00e9sireuse de nouveaut\u00e9s, les ing\u00e9nieurs de Grandhall proposent de nombreuses options techniques exclusives et r\u00e9volutionnaires dans leurs barbecues. C\u2019est le cas du br\u00fbleur \u00e0 infrarouge Crossray d\u2019une performance sans \u00e9gale ainsi que de l'allumage \u00e9lectrique Smooth Start, des exclusivit\u00e9s Grandhall.A SAVOIR :Le br\u00fbleur infrarouge arri\u00e8re est id\u00e9al pour la cuisson verticale indirecte avec le kit r\u00f4tissoire optionnel. L'infrarouge est d'une puissance de 3.2 kW.Le barbecue \u00e0 gaz est dot\u00e9 de 5 br\u00fbleurs en acier inoxydable. Ils peuvent s'allumer individuellement, sur la base du syst\u00e8me d'allumage \u00e0 bouton \u00e9lectrique, et sont contr\u00f4l\u00e9s \u00e0 l'aide des boutons individuels \u00e0 l'avant du barbecue.Surface de cuisson de 80 x 44 cm, offerte par trois grilles en fonte. Il y a \u00e9galement une plancha fournie avec le barbecue : elle peut remplacer une des grilles afin d'obtenir deux modes de cuisson diff\u00e9rents.\u00c0 l'int\u00e9rieur du couvercle se trouve un thermom\u00e8tre pour une pr\u00e9paration optimale des aliments, en contr\u00f4lant la temp\u00e9rature.\",\"breadcrumb\":{\"@id\":\"https:\/\/www.grills-saveurs.ch\/fr\/produit\/maxim-g5-solo-noir\/#breadcrumb\"},\"inLanguage\":\"fr-FR\",\"potentialAction\":[{\"@type\":\"ReadAction\",\"target\":[\"https:\/\/www.grills-saveurs.ch\/fr\/produit\/maxim-g5-solo-noir\/\"]}]},{\"@type\":\"BreadcrumbList\",\"@id\":\"https:\/\/www.grills-saveurs.ch\/fr\/produit\/maxim-g5-solo-noir\/#breadcrumb\",\"itemListElement\":[{\"@type\":\"ListItem\",\"position\":1,\"name\":\"Accueil\",\"item\":\"https:\/\/www.grills-saveurs.ch\/fr\/\"},{\"@type\":\"ListItem\",\"position\":2,\"name\":\"Shop \/ Boutique\",\"item\":\"https:\/\/www.grills-saveurs.ch\/fr\/boutique\/\"},{\"@type\":\"ListItem\",\"position\":3,\"name\":\"Maxim G5 Solo noir\"}]}]}<\/script>\n<!-- \/ Yoast SEO plugin. -->","yoast_head_json":{"title":"Maxim G5 Solo noir - Grills et Saveurs","description":"LES PERFORMANCES DU BARBECUE :Derri\u00e8re les fourneaux, les cuisiniers appr\u00e9cieront la puissance de feu des br\u00fbleurs aussi r\u00e9sistants que performants... 17 kW de puissance de feu. De quoi cuisiner pour une grande tabl\u00e9e, en mode directe ou indirecte, grill ou plancha. Pour r\u00e9pondre aux exigences d\u2019une client\u00e8le moderne et d\u00e9sireuse de nouveaut\u00e9s, les ing\u00e9nieurs de Grandhall proposent de nombreuses options techniques exclusives et r\u00e9volutionnaires dans leurs barbecues. C\u2019est le cas du br\u00fbleur \u00e0 infrarouge Crossray d\u2019une performance sans \u00e9gale ainsi que de l'allumage \u00e9lectrique Smooth Start, des exclusivit\u00e9s Grandhall.A SAVOIR :Le br\u00fbleur infrarouge arri\u00e8re est id\u00e9al pour la cuisson verticale indirecte avec le kit r\u00f4tissoire optionnel. L'infrarouge est d'une puissance de 3.2 kW.Le barbecue \u00e0 gaz est dot\u00e9 de 5 br\u00fbleurs en acier inoxydable. Ils peuvent s'allumer individuellement, sur la base du syst\u00e8me d'allumage \u00e0 bouton \u00e9lectrique, et sont contr\u00f4l\u00e9s \u00e0 l'aide des boutons individuels \u00e0 l'avant du barbecue.Surface de cuisson de 80 x 44 cm, offerte par trois grilles en fonte. Il y a \u00e9galement une plancha fournie avec le barbecue : elle peut remplacer une des grilles afin d'obtenir deux modes de cuisson diff\u00e9rents.\u00c0 l'int\u00e9rieur du couvercle se trouve un thermom\u00e8tre pour une pr\u00e9paration optimale des aliments, en contr\u00f4lant la temp\u00e9rature.","robots":{"index":"index","follow":"follow","max-snippet":"max-snippet:-1","max-image-preview":"max-image-preview:large","max-video-preview":"max-video-preview:-1"},"canonical":"https:\/\/www.grills-saveurs.ch\/fr\/produit\/maxim-g5-solo-noir\/","og_locale":"fr_FR","og_type":"article","og_title":"Maxim G5 Solo noir - Grills et Saveurs","og_description":"LES PERFORMANCES DU BARBECUE :Derri\u00e8re les fourneaux, les cuisiniers appr\u00e9cieront la puissance de feu des br\u00fbleurs aussi r\u00e9sistants que performants... 17 kW de puissance de feu. De quoi cuisiner pour une grande tabl\u00e9e, en mode directe ou indirecte, grill ou plancha. Pour r\u00e9pondre aux exigences d\u2019une client\u00e8le moderne et d\u00e9sireuse de nouveaut\u00e9s, les ing\u00e9nieurs de Grandhall proposent de nombreuses options techniques exclusives et r\u00e9volutionnaires dans leurs barbecues. C\u2019est le cas du br\u00fbleur \u00e0 infrarouge Crossray d\u2019une performance sans \u00e9gale ainsi que de l'allumage \u00e9lectrique Smooth Start, des exclusivit\u00e9s Grandhall.A SAVOIR :Le br\u00fbleur infrarouge arri\u00e8re est id\u00e9al pour la cuisson verticale indirecte avec le kit r\u00f4tissoire optionnel. L'infrarouge est d'une puissance de 3.2 kW.Le barbecue \u00e0 gaz est dot\u00e9 de 5 br\u00fbleurs en acier inoxydable. Ils peuvent s'allumer individuellement, sur la base du syst\u00e8me d'allumage \u00e0 bouton \u00e9lectrique, et sont contr\u00f4l\u00e9s \u00e0 l'aide des boutons individuels \u00e0 l'avant du barbecue.Surface de cuisson de 80 x 44 cm, offerte par trois grilles en fonte. Il y a \u00e9galement une plancha fournie avec le barbecue : elle peut remplacer une des grilles afin d'obtenir deux modes de cuisson diff\u00e9rents.\u00c0 l'int\u00e9rieur du couvercle se trouve un thermom\u00e8tre pour une pr\u00e9paration optimale des aliments, en contr\u00f4lant la temp\u00e9rature.","og_url":"https:\/\/www.grills-saveurs.ch\/fr\/produit\/maxim-g5-solo-noir\/","og_site_name":"Grills et Saveurs","article_modified_time":"2024-06-01T18:58:20+00:00","og_image":[{"width":1000,"height":1000,"url":"https:\/\/www.grills-saveurs.ch\/fr\/wp-content\/uploads\/2023\/04\/Front-Closed-Trolley_Maxim-5-brander-A.jpg","type":"image\/jpeg"}],"twitter_card":"summary_large_image","twitter_misc":{"Dur\u00e9e de lecture estim\u00e9e":"1 minute"},"schema":{"@context":"https:\/\/schema.org","@graph":[{"@type":"WebSite","@id":"https:\/\/www.grills-saveurs.ch\/fr\/#website","url":"https:\/\/www.grills-saveurs.ch\/fr\/","name":"Grills et Saveurs","description":"Barbecues, Grills, Planchas, Chemin\u00e9es jardin - Lausanne, Suisse Romande","potentialAction":[{"@type":"SearchAction","target":{"@type":"EntryPoint","urlTemplate":"https:\/\/www.grills-saveurs.ch\/fr\/?s={search_term_string}"},"query-input":"required name=search_term_string"}],"inLanguage":"fr-FR"},{"@type":"ImageObject","@id":"https:\/\/www.grills-saveurs.ch\/fr\/produit\/maxim-g5-solo-noir\/#primaryimage","inLanguage":"fr-FR","url":"https:\/\/www.grills-saveurs.ch\/fr\/wp-content\/uploads\/2023\/04\/Front-Closed-Trolley_Maxim-5-brander-A.jpg","contentUrl":"https:\/\/www.grills-saveurs.ch\/fr\/wp-content\/uploads\/2023\/04\/Front-Closed-Trolley_Maxim-5-brander-A.jpg","width":1000,"height":1000},{"@type":"WebPage","@id":"https:\/\/www.grills-saveurs.ch\/fr\/produit\/maxim-g5-solo-noir\/#webpage","url":"https:\/\/www.grills-saveurs.ch\/fr\/produit\/maxim-g5-solo-noir\/","name":"Maxim G5 Solo noir - Grills et Saveurs","isPartOf":{"@id":"https:\/\/www.grills-saveurs.ch\/fr\/#website"},"primaryImageOfPage":{"@id":"https:\/\/www.grills-saveurs.ch\/fr\/produit\/maxim-g5-solo-noir\/#primaryimage"},"datePublished":"2023-04-21T16:10:28+00:00","dateModified":"2024-06-01T18:58:20+00:00","description":"LES PERFORMANCES DU BARBECUE :Derri\u00e8re les fourneaux, les cuisiniers appr\u00e9cieront la puissance de feu des br\u00fbleurs aussi r\u00e9sistants que performants... 17 kW de puissance de feu. De quoi cuisiner pour une grande tabl\u00e9e, en mode directe ou indirecte, grill ou plancha. Pour r\u00e9pondre aux exigences d\u2019une client\u00e8le moderne et d\u00e9sireuse de nouveaut\u00e9s, les ing\u00e9nieurs de Grandhall proposent de nombreuses options techniques exclusives et r\u00e9volutionnaires dans leurs barbecues. C\u2019est le cas du br\u00fbleur \u00e0 infrarouge Crossray d\u2019une performance sans \u00e9gale ainsi que de l'allumage \u00e9lectrique Smooth Start, des exclusivit\u00e9s Grandhall.A SAVOIR :Le br\u00fbleur infrarouge arri\u00e8re est id\u00e9al pour la cuisson verticale indirecte avec le kit r\u00f4tissoire optionnel. L'infrarouge est d'une puissance de 3.2 kW.Le barbecue \u00e0 gaz est dot\u00e9 de 5 br\u00fbleurs en acier inoxydable. Ils peuvent s'allumer individuellement, sur la base du syst\u00e8me d'allumage \u00e0 bouton \u00e9lectrique, et sont contr\u00f4l\u00e9s \u00e0 l'aide des boutons individuels \u00e0 l'avant du barbecue.Surface de cuisson de 80 x 44 cm, offerte par trois grilles en fonte. Il y a \u00e9galement une plancha fournie avec le barbecue : elle peut remplacer une des grilles afin d'obtenir deux modes de cuisson diff\u00e9rents.\u00c0 l'int\u00e9rieur du couvercle se trouve un thermom\u00e8tre pour une pr\u00e9paration optimale des aliments, en contr\u00f4lant la temp\u00e9rature.","breadcrumb":{"@id":"https:\/\/www.grills-saveurs.ch\/fr\/produit\/maxim-g5-solo-noir\/#breadcrumb"},"inLanguage":"fr-FR","potentialAction":[{"@type":"ReadAction","target":["https:\/\/www.grills-saveurs.ch\/fr\/produit\/maxim-g5-solo-noir\/"]}]},{"@type":"BreadcrumbList","@id":"https:\/\/www.grills-saveurs.ch\/fr\/produit\/maxim-g5-solo-noir\/#breadcrumb","itemListElement":[{"@type":"ListItem","position":1,"name":"Accueil","item":"https:\/\/www.grills-saveurs.ch\/fr\/"},{"@type":"ListItem","position":2,"name":"Shop \/ Boutique","item":"https:\/\/www.grills-saveurs.ch\/fr\/boutique\/"},{"@type":"ListItem","position":3,"name":"Maxim G5 Solo noir"}]}]}},"_links":{"self":[{"href":"https:\/\/www.grills-saveurs.ch\/fr\/wp-json\/wp\/v2\/product\/8484"}],"collection":[{"href":"https:\/\/www.grills-saveurs.ch\/fr\/wp-json\/wp\/v2\/product"}],"about":[{"href":"https:\/\/www.grills-saveurs.ch\/fr\/wp-json\/wp\/v2\/types\/product"}],"wp:featuredmedia":[{"embeddable":true,"href":"https:\/\/www.grills-saveurs.ch\/fr\/wp-json\/wp\/v2\/media\/8471"}],"wp:attachment":[{"href":"https:\/\/www.grills-saveurs.ch\/fr\/wp-json\/wp\/v2\/media?parent=8484"}],"wp:term":[{"taxonomy":"product_cat","embeddable":true,"href":"https:\/\/www.grills-saveurs.ch\/fr\/wp-json\/wp\/v2\/product_cat?post=8484"},{"taxonomy":"product_tag","embeddable":true,"href":"https:\/\/www.grills-saveurs.ch\/fr\/wp-json\/wp\/v2\/product_tag?post=8484"}],"curies":[{"name":"wp","href":"https:\/\/api.w.org\/{rel}","templated":true}]}}