{"id":8746,"date":"2023-05-01T10:52:50","date_gmt":"2023-05-01T08:52:50","guid":{"rendered":"https:\/\/www.grills-saveurs.ch\/fr\/?post_type=product&#038;p=8746"},"modified":"2024-03-21T09:54:51","modified_gmt":"2024-03-21T08:54:51","slug":"grilles-de-cuisson-pour-weber-q-200-2000","status":"publish","type":"product","link":"https:\/\/www.grills-saveurs.ch\/fr\/produit\/grilles-de-cuisson-pour-weber-q-200-2000\/","title":{"rendered":"Grilles de cuisson pour Weber Q 200\/2000"},"content":{"rendered":"<p>Ensemble de 2 grilles de cuisson en fonte \u00e9maill\u00e9e<\/p>\n<p>Compatible: Barbecues \u00e0 gaz Weber\u00ae s\u00e9ries Q 200\/2000<\/p>\n","protected":false},"excerpt":{"rendered":"<p>7645<\/p>\n","protected":false},"featured_media":7182,"template":"","meta":[],"product_cat":[251,170],"product_tag":[84],"yoast_head":"<!-- This site is optimized with the Yoast SEO plugin v18.2 - https:\/\/yoast.com\/wordpress\/plugins\/seo\/ -->\n<title>Grilles de cuisson pour Weber Q 200\/2000 - Grills et Saveurs<\/title>\n<meta name=\"description\" content=\"Ensemble de 2 grilles de cuisson en fonte \u00e9maill\u00e9e. Compatible avec les barbecues \u00e0 gaz Weber s\u00e9ries Q 200\/2000.\" \/>\n<meta name=\"robots\" content=\"index, follow, max-snippet:-1, max-image-preview:large, max-video-preview:-1\" \/>\n<link rel=\"canonical\" href=\"https:\/\/www.grills-saveurs.ch\/fr\/produit\/grilles-de-cuisson-pour-weber-q-200-2000\/\" \/>\n<meta property=\"og:locale\" content=\"fr_FR\" \/>\n<meta property=\"og:type\" content=\"article\" \/>\n<meta property=\"og:title\" content=\"Grilles de cuisson pour Weber Q 200\/2000 - Grills et Saveurs\" \/>\n<meta property=\"og:description\" content=\"Ensemble de 2 grilles de cuisson en fonte \u00e9maill\u00e9e. Compatible avec les barbecues \u00e0 gaz Weber s\u00e9ries Q 200\/2000.\" \/>\n<meta property=\"og:url\" content=\"https:\/\/www.grills-saveurs.ch\/fr\/produit\/grilles-de-cuisson-pour-weber-q-200-2000\/\" \/>\n<meta property=\"og:site_name\" content=\"Grills et Saveurs\" \/>\n<meta property=\"article:modified_time\" content=\"2024-03-21T08:54:51+00:00\" \/>\n<meta property=\"og:image\" content=\"https:\/\/www.grills-saveurs.ch\/fr\/wp-content\/uploads\/2021\/03\/7646.png\" \/>\n\t<meta property=\"og:image:width\" content=\"1000\" \/>\n\t<meta property=\"og:image:height\" content=\"950\" \/>\n\t<meta property=\"og:image:type\" content=\"image\/png\" \/>\n<meta name=\"twitter:card\" content=\"summary_large_image\" \/>\n<meta name=\"twitter:label1\" content=\"Dur\u00e9e de lecture estim\u00e9e\" \/>\n\t<meta name=\"twitter:data1\" content=\"1 minute\" \/>\n<script type=\"application\/ld+json\" class=\"yoast-schema-graph\">{\"@context\":\"https:\/\/schema.org\",\"@graph\":[{\"@type\":\"WebSite\",\"@id\":\"https:\/\/www.grills-saveurs.ch\/fr\/#website\",\"url\":\"https:\/\/www.grills-saveurs.ch\/fr\/\",\"name\":\"Grills et Saveurs\",\"description\":\"Barbecues, Grills, Planchas, Chemin\u00e9es jardin - Lausanne, Suisse Romande\",\"potentialAction\":[{\"@type\":\"SearchAction\",\"target\":{\"@type\":\"EntryPoint\",\"urlTemplate\":\"https:\/\/www.grills-saveurs.ch\/fr\/?s={search_term_string}\"},\"query-input\":\"required name=search_term_string\"}],\"inLanguage\":\"fr-FR\"},{\"@type\":\"ImageObject\",\"@id\":\"https:\/\/www.grills-saveurs.ch\/fr\/produit\/grilles-de-cuisson-pour-weber-q-200-2000\/#primaryimage\",\"inLanguage\":\"fr-FR\",\"url\":\"https:\/\/www.grills-saveurs.ch\/fr\/wp-content\/uploads\/2021\/03\/7646.png\",\"contentUrl\":\"https:\/\/www.grills-saveurs.ch\/fr\/wp-content\/uploads\/2021\/03\/7646.png\",\"width\":1000,\"height\":950,\"caption\":\"Grilles de cuisson Pour les s\u00e9ries Q 300\/3000\"},{\"@type\":\"WebPage\",\"@id\":\"https:\/\/www.grills-saveurs.ch\/fr\/produit\/grilles-de-cuisson-pour-weber-q-200-2000\/#webpage\",\"url\":\"https:\/\/www.grills-saveurs.ch\/fr\/produit\/grilles-de-cuisson-pour-weber-q-200-2000\/\",\"name\":\"Grilles de cuisson pour Weber Q 200\/2000 - Grills et Saveurs\",\"isPartOf\":{\"@id\":\"https:\/\/www.grills-saveurs.ch\/fr\/#website\"},\"primaryImageOfPage\":{\"@id\":\"https:\/\/www.grills-saveurs.ch\/fr\/produit\/grilles-de-cuisson-pour-weber-q-200-2000\/#primaryimage\"},\"datePublished\":\"2023-05-01T08:52:50+00:00\",\"dateModified\":\"2024-03-21T08:54:51+00:00\",\"description\":\"Ensemble de 2 grilles de cuisson en fonte \u00e9maill\u00e9e. Compatible avec les barbecues \u00e0 gaz Weber s\u00e9ries Q 200\/2000.\",\"breadcrumb\":{\"@id\":\"https:\/\/www.grills-saveurs.ch\/fr\/produit\/grilles-de-cuisson-pour-weber-q-200-2000\/#breadcrumb\"},\"inLanguage\":\"fr-FR\",\"potentialAction\":[{\"@type\":\"ReadAction\",\"target\":[\"https:\/\/www.grills-saveurs.ch\/fr\/produit\/grilles-de-cuisson-pour-weber-q-200-2000\/\"]}]},{\"@type\":\"BreadcrumbList\",\"@id\":\"https:\/\/www.grills-saveurs.ch\/fr\/produit\/grilles-de-cuisson-pour-weber-q-200-2000\/#breadcrumb\",\"itemListElement\":[{\"@type\":\"ListItem\",\"position\":1,\"name\":\"Accueil\",\"item\":\"https:\/\/www.grills-saveurs.ch\/fr\/\"},{\"@type\":\"ListItem\",\"position\":2,\"name\":\"Shop \/ Boutique\",\"item\":\"https:\/\/www.grills-saveurs.ch\/fr\/boutique\/\"},{\"@type\":\"ListItem\",\"position\":3,\"name\":\"Grilles de cuisson pour Weber Q 200\/2000\"}]}]}<\/script>\n<!-- \/ Yoast SEO plugin. -->","yoast_head_json":{"title":"Grilles de cuisson pour Weber Q 200\/2000 - Grills et Saveurs","description":"Ensemble de 2 grilles de cuisson en fonte \u00e9maill\u00e9e. Compatible avec les barbecues \u00e0 gaz Weber s\u00e9ries Q 200\/2000.","robots":{"index":"index","follow":"follow","max-snippet":"max-snippet:-1","max-image-preview":"max-image-preview:large","max-video-preview":"max-video-preview:-1"},"canonical":"https:\/\/www.grills-saveurs.ch\/fr\/produit\/grilles-de-cuisson-pour-weber-q-200-2000\/","og_locale":"fr_FR","og_type":"article","og_title":"Grilles de cuisson pour Weber Q 200\/2000 - Grills et Saveurs","og_description":"Ensemble de 2 grilles de cuisson en fonte \u00e9maill\u00e9e. Compatible avec les barbecues \u00e0 gaz Weber s\u00e9ries Q 200\/2000.","og_url":"https:\/\/www.grills-saveurs.ch\/fr\/produit\/grilles-de-cuisson-pour-weber-q-200-2000\/","og_site_name":"Grills et Saveurs","article_modified_time":"2024-03-21T08:54:51+00:00","og_image":[{"width":1000,"height":950,"url":"https:\/\/www.grills-saveurs.ch\/fr\/wp-content\/uploads\/2021\/03\/7646.png","type":"image\/png"}],"twitter_card":"summary_large_image","twitter_misc":{"Dur\u00e9e de lecture estim\u00e9e":"1 minute"},"schema":{"@context":"https:\/\/schema.org","@graph":[{"@type":"WebSite","@id":"https:\/\/www.grills-saveurs.ch\/fr\/#website","url":"https:\/\/www.grills-saveurs.ch\/fr\/","name":"Grills et Saveurs","description":"Barbecues, Grills, Planchas, Chemin\u00e9es jardin - Lausanne, Suisse Romande","potentialAction":[{"@type":"SearchAction","target":{"@type":"EntryPoint","urlTemplate":"https:\/\/www.grills-saveurs.ch\/fr\/?s={search_term_string}"},"query-input":"required name=search_term_string"}],"inLanguage":"fr-FR"},{"@type":"ImageObject","@id":"https:\/\/www.grills-saveurs.ch\/fr\/produit\/grilles-de-cuisson-pour-weber-q-200-2000\/#primaryimage","inLanguage":"fr-FR","url":"https:\/\/www.grills-saveurs.ch\/fr\/wp-content\/uploads\/2021\/03\/7646.png","contentUrl":"https:\/\/www.grills-saveurs.ch\/fr\/wp-content\/uploads\/2021\/03\/7646.png","width":1000,"height":950,"caption":"Grilles de cuisson Pour les s\u00e9ries Q 300\/3000"},{"@type":"WebPage","@id":"https:\/\/www.grills-saveurs.ch\/fr\/produit\/grilles-de-cuisson-pour-weber-q-200-2000\/#webpage","url":"https:\/\/www.grills-saveurs.ch\/fr\/produit\/grilles-de-cuisson-pour-weber-q-200-2000\/","name":"Grilles de cuisson pour Weber Q 200\/2000 - Grills et Saveurs","isPartOf":{"@id":"https:\/\/www.grills-saveurs.ch\/fr\/#website"},"primaryImageOfPage":{"@id":"https:\/\/www.grills-saveurs.ch\/fr\/produit\/grilles-de-cuisson-pour-weber-q-200-2000\/#primaryimage"},"datePublished":"2023-05-01T08:52:50+00:00","dateModified":"2024-03-21T08:54:51+00:00","description":"Ensemble de 2 grilles de cuisson en fonte \u00e9maill\u00e9e. Compatible avec les barbecues \u00e0 gaz Weber s\u00e9ries Q 200\/2000.","breadcrumb":{"@id":"https:\/\/www.grills-saveurs.ch\/fr\/produit\/grilles-de-cuisson-pour-weber-q-200-2000\/#breadcrumb"},"inLanguage":"fr-FR","potentialAction":[{"@type":"ReadAction","target":["https:\/\/www.grills-saveurs.ch\/fr\/produit\/grilles-de-cuisson-pour-weber-q-200-2000\/"]}]},{"@type":"BreadcrumbList","@id":"https:\/\/www.grills-saveurs.ch\/fr\/produit\/grilles-de-cuisson-pour-weber-q-200-2000\/#breadcrumb","itemListElement":[{"@type":"ListItem","position":1,"name":"Accueil","item":"https:\/\/www.grills-saveurs.ch\/fr\/"},{"@type":"ListItem","position":2,"name":"Shop \/ Boutique","item":"https:\/\/www.grills-saveurs.ch\/fr\/boutique\/"},{"@type":"ListItem","position":3,"name":"Grilles de cuisson pour Weber Q 200\/2000"}]}]}},"_links":{"self":[{"href":"https:\/\/www.grills-saveurs.ch\/fr\/wp-json\/wp\/v2\/product\/8746"}],"collection":[{"href":"https:\/\/www.grills-saveurs.ch\/fr\/wp-json\/wp\/v2\/product"}],"about":[{"href":"https:\/\/www.grills-saveurs.ch\/fr\/wp-json\/wp\/v2\/types\/product"}],"wp:featuredmedia":[{"embeddable":true,"href":"https:\/\/www.grills-saveurs.ch\/fr\/wp-json\/wp\/v2\/media\/7182"}],"wp:attachment":[{"href":"https:\/\/www.grills-saveurs.ch\/fr\/wp-json\/wp\/v2\/media?parent=8746"}],"wp:term":[{"taxonomy":"product_cat","embeddable":true,"href":"https:\/\/www.grills-saveurs.ch\/fr\/wp-json\/wp\/v2\/product_cat?post=8746"},{"taxonomy":"product_tag","embeddable":true,"href":"https:\/\/www.grills-saveurs.ch\/fr\/wp-json\/wp\/v2\/product_tag?post=8746"}],"curies":[{"name":"wp","href":"https:\/\/api.w.org\/{rel}","templated":true}]}}