{"id":8757,"date":"2023-05-01T15:27:43","date_gmt":"2023-05-01T13:27:43","guid":{"rendered":"https:\/\/www.grills-saveurs.ch\/fr\/?post_type=product&#038;p=8757"},"modified":"2024-04-08T11:49:29","modified_gmt":"2024-04-08T09:49:29","slug":"essentials-rack-large","status":"publish","type":"product","link":"https:\/\/www.grills-saveurs.ch\/fr\/produit\/essentials-rack-large\/","title":{"rendered":"Essentials Rack Large"},"content":{"rendered":"<p>Un vrai Bastard poss\u00e8de plusieurs accessoires pour optimiser son exp\u00e9rience du barbecue. Mais o\u00f9 et comment ranger ces accessoires ? Ne vous inqui\u00e9tez pas, nous avons con\u00e7u la solution \u00e0 votre probl\u00e8me de luxe. L\u2019Essential Rack ! Rangez vos outils, vos grils, vos plateaux et tout autre \u00e9quipement lourd pour le barbecue dans ce support extr\u00eamement solide. L\u2019Essential Rack est disponible en deux tailles diff\u00e9rentes. Le moyen est livr\u00e9 avec 3 \u00e9tages et le grand en a m\u00eame 4. Compatible avec les mod\u00e8les de 2019 et plus r\u00e9cents.<\/p>\n","protected":false},"excerpt":{"rendered":"<p>R\u00e9f. 2181.23 &#8211; BB026<\/p>\n","protected":false},"featured_media":8758,"template":"","meta":[],"product_cat":[229,254],"product_tag":[],"yoast_head":"<!-- This site is optimized with the Yoast SEO plugin v18.2 - https:\/\/yoast.com\/wordpress\/plugins\/seo\/ -->\n<title>Essentials Rack Large - Grills et Saveurs<\/title>\n<meta name=\"description\" content=\"L\u2019Essential Rack ! Rangez vos outils, vos grils, vos plateaux et tout autre \u00e9quipement lourd pour le barbecue dans ce support extr\u00eamement solide.\" \/>\n<meta name=\"robots\" content=\"index, follow, max-snippet:-1, max-image-preview:large, max-video-preview:-1\" \/>\n<link rel=\"canonical\" href=\"https:\/\/www.grills-saveurs.ch\/fr\/produit\/essentials-rack-large\/\" \/>\n<meta property=\"og:locale\" content=\"fr_FR\" \/>\n<meta property=\"og:type\" content=\"article\" \/>\n<meta property=\"og:title\" content=\"Essentials Rack Large - Grills et Saveurs\" \/>\n<meta property=\"og:description\" content=\"L\u2019Essential Rack ! Rangez vos outils, vos grils, vos plateaux et tout autre \u00e9quipement lourd pour le barbecue dans ce support extr\u00eamement solide.\" \/>\n<meta property=\"og:url\" content=\"https:\/\/www.grills-saveurs.ch\/fr\/produit\/essentials-rack-large\/\" \/>\n<meta property=\"og:site_name\" content=\"Grills et Saveurs\" \/>\n<meta property=\"article:modified_time\" content=\"2024-04-08T09:49:29+00:00\" \/>\n<meta property=\"og:image\" content=\"https:\/\/www.grills-saveurs.ch\/fr\/wp-content\/uploads\/2023\/05\/Capture-de\u0301cran-2023-05-01-a\u0300-15.27.28.png\" \/>\n\t<meta property=\"og:image:width\" content=\"449\" \/>\n\t<meta property=\"og:image:height\" content=\"448\" \/>\n\t<meta property=\"og:image:type\" content=\"image\/png\" \/>\n<meta name=\"twitter:card\" content=\"summary_large_image\" \/>\n<meta name=\"twitter:label1\" content=\"Dur\u00e9e de lecture estim\u00e9e\" \/>\n\t<meta name=\"twitter:data1\" content=\"1 minute\" \/>\n<script type=\"application\/ld+json\" class=\"yoast-schema-graph\">{\"@context\":\"https:\/\/schema.org\",\"@graph\":[{\"@type\":\"WebSite\",\"@id\":\"https:\/\/www.grills-saveurs.ch\/fr\/#website\",\"url\":\"https:\/\/www.grills-saveurs.ch\/fr\/\",\"name\":\"Grills et Saveurs\",\"description\":\"Barbecues, Grills, Planchas, Chemin\u00e9es jardin - Lausanne, Suisse Romande\",\"potentialAction\":[{\"@type\":\"SearchAction\",\"target\":{\"@type\":\"EntryPoint\",\"urlTemplate\":\"https:\/\/www.grills-saveurs.ch\/fr\/?s={search_term_string}\"},\"query-input\":\"required name=search_term_string\"}],\"inLanguage\":\"fr-FR\"},{\"@type\":\"ImageObject\",\"@id\":\"https:\/\/www.grills-saveurs.ch\/fr\/produit\/essentials-rack-large\/#primaryimage\",\"inLanguage\":\"fr-FR\",\"url\":\"https:\/\/www.grills-saveurs.ch\/fr\/wp-content\/uploads\/2023\/05\/Capture-de\u0301cran-2023-05-01-a\u0300-15.27.28.png\",\"contentUrl\":\"https:\/\/www.grills-saveurs.ch\/fr\/wp-content\/uploads\/2023\/05\/Capture-de\u0301cran-2023-05-01-a\u0300-15.27.28.png\",\"width\":449,\"height\":448},{\"@type\":\"WebPage\",\"@id\":\"https:\/\/www.grills-saveurs.ch\/fr\/produit\/essentials-rack-large\/#webpage\",\"url\":\"https:\/\/www.grills-saveurs.ch\/fr\/produit\/essentials-rack-large\/\",\"name\":\"Essentials Rack Large - Grills et Saveurs\",\"isPartOf\":{\"@id\":\"https:\/\/www.grills-saveurs.ch\/fr\/#website\"},\"primaryImageOfPage\":{\"@id\":\"https:\/\/www.grills-saveurs.ch\/fr\/produit\/essentials-rack-large\/#primaryimage\"},\"datePublished\":\"2023-05-01T13:27:43+00:00\",\"dateModified\":\"2024-04-08T09:49:29+00:00\",\"description\":\"L\u2019Essential Rack ! Rangez vos outils, vos grils, vos plateaux et tout autre \u00e9quipement lourd pour le barbecue dans ce support extr\u00eamement solide.\",\"breadcrumb\":{\"@id\":\"https:\/\/www.grills-saveurs.ch\/fr\/produit\/essentials-rack-large\/#breadcrumb\"},\"inLanguage\":\"fr-FR\",\"potentialAction\":[{\"@type\":\"ReadAction\",\"target\":[\"https:\/\/www.grills-saveurs.ch\/fr\/produit\/essentials-rack-large\/\"]}]},{\"@type\":\"BreadcrumbList\",\"@id\":\"https:\/\/www.grills-saveurs.ch\/fr\/produit\/essentials-rack-large\/#breadcrumb\",\"itemListElement\":[{\"@type\":\"ListItem\",\"position\":1,\"name\":\"Accueil\",\"item\":\"https:\/\/www.grills-saveurs.ch\/fr\/\"},{\"@type\":\"ListItem\",\"position\":2,\"name\":\"Shop \/ Boutique\",\"item\":\"https:\/\/www.grills-saveurs.ch\/fr\/boutique\/\"},{\"@type\":\"ListItem\",\"position\":3,\"name\":\"Essentials Rack Large\"}]}]}<\/script>\n<!-- \/ Yoast SEO plugin. -->","yoast_head_json":{"title":"Essentials Rack Large - Grills et Saveurs","description":"L\u2019Essential Rack ! Rangez vos outils, vos grils, vos plateaux et tout autre \u00e9quipement lourd pour le barbecue dans ce support extr\u00eamement solide.","robots":{"index":"index","follow":"follow","max-snippet":"max-snippet:-1","max-image-preview":"max-image-preview:large","max-video-preview":"max-video-preview:-1"},"canonical":"https:\/\/www.grills-saveurs.ch\/fr\/produit\/essentials-rack-large\/","og_locale":"fr_FR","og_type":"article","og_title":"Essentials Rack Large - Grills et Saveurs","og_description":"L\u2019Essential Rack ! Rangez vos outils, vos grils, vos plateaux et tout autre \u00e9quipement lourd pour le barbecue dans ce support extr\u00eamement solide.","og_url":"https:\/\/www.grills-saveurs.ch\/fr\/produit\/essentials-rack-large\/","og_site_name":"Grills et Saveurs","article_modified_time":"2024-04-08T09:49:29+00:00","og_image":[{"width":449,"height":448,"url":"https:\/\/www.grills-saveurs.ch\/fr\/wp-content\/uploads\/2023\/05\/Capture-de\u0301cran-2023-05-01-a\u0300-15.27.28.png","type":"image\/png"}],"twitter_card":"summary_large_image","twitter_misc":{"Dur\u00e9e de lecture estim\u00e9e":"1 minute"},"schema":{"@context":"https:\/\/schema.org","@graph":[{"@type":"WebSite","@id":"https:\/\/www.grills-saveurs.ch\/fr\/#website","url":"https:\/\/www.grills-saveurs.ch\/fr\/","name":"Grills et Saveurs","description":"Barbecues, Grills, Planchas, Chemin\u00e9es jardin - Lausanne, Suisse Romande","potentialAction":[{"@type":"SearchAction","target":{"@type":"EntryPoint","urlTemplate":"https:\/\/www.grills-saveurs.ch\/fr\/?s={search_term_string}"},"query-input":"required name=search_term_string"}],"inLanguage":"fr-FR"},{"@type":"ImageObject","@id":"https:\/\/www.grills-saveurs.ch\/fr\/produit\/essentials-rack-large\/#primaryimage","inLanguage":"fr-FR","url":"https:\/\/www.grills-saveurs.ch\/fr\/wp-content\/uploads\/2023\/05\/Capture-de\u0301cran-2023-05-01-a\u0300-15.27.28.png","contentUrl":"https:\/\/www.grills-saveurs.ch\/fr\/wp-content\/uploads\/2023\/05\/Capture-de\u0301cran-2023-05-01-a\u0300-15.27.28.png","width":449,"height":448},{"@type":"WebPage","@id":"https:\/\/www.grills-saveurs.ch\/fr\/produit\/essentials-rack-large\/#webpage","url":"https:\/\/www.grills-saveurs.ch\/fr\/produit\/essentials-rack-large\/","name":"Essentials Rack Large - Grills et Saveurs","isPartOf":{"@id":"https:\/\/www.grills-saveurs.ch\/fr\/#website"},"primaryImageOfPage":{"@id":"https:\/\/www.grills-saveurs.ch\/fr\/produit\/essentials-rack-large\/#primaryimage"},"datePublished":"2023-05-01T13:27:43+00:00","dateModified":"2024-04-08T09:49:29+00:00","description":"L\u2019Essential Rack ! Rangez vos outils, vos grils, vos plateaux et tout autre \u00e9quipement lourd pour le barbecue dans ce support extr\u00eamement solide.","breadcrumb":{"@id":"https:\/\/www.grills-saveurs.ch\/fr\/produit\/essentials-rack-large\/#breadcrumb"},"inLanguage":"fr-FR","potentialAction":[{"@type":"ReadAction","target":["https:\/\/www.grills-saveurs.ch\/fr\/produit\/essentials-rack-large\/"]}]},{"@type":"BreadcrumbList","@id":"https:\/\/www.grills-saveurs.ch\/fr\/produit\/essentials-rack-large\/#breadcrumb","itemListElement":[{"@type":"ListItem","position":1,"name":"Accueil","item":"https:\/\/www.grills-saveurs.ch\/fr\/"},{"@type":"ListItem","position":2,"name":"Shop \/ Boutique","item":"https:\/\/www.grills-saveurs.ch\/fr\/boutique\/"},{"@type":"ListItem","position":3,"name":"Essentials Rack Large"}]}]}},"_links":{"self":[{"href":"https:\/\/www.grills-saveurs.ch\/fr\/wp-json\/wp\/v2\/product\/8757"}],"collection":[{"href":"https:\/\/www.grills-saveurs.ch\/fr\/wp-json\/wp\/v2\/product"}],"about":[{"href":"https:\/\/www.grills-saveurs.ch\/fr\/wp-json\/wp\/v2\/types\/product"}],"wp:featuredmedia":[{"embeddable":true,"href":"https:\/\/www.grills-saveurs.ch\/fr\/wp-json\/wp\/v2\/media\/8758"}],"wp:attachment":[{"href":"https:\/\/www.grills-saveurs.ch\/fr\/wp-json\/wp\/v2\/media?parent=8757"}],"wp:term":[{"taxonomy":"product_cat","embeddable":true,"href":"https:\/\/www.grills-saveurs.ch\/fr\/wp-json\/wp\/v2\/product_cat?post=8757"},{"taxonomy":"product_tag","embeddable":true,"href":"https:\/\/www.grills-saveurs.ch\/fr\/wp-json\/wp\/v2\/product_tag?post=8757"}],"curies":[{"name":"wp","href":"https:\/\/api.w.org\/{rel}","templated":true}]}}