{"id":8761,"date":"2023-05-01T15:30:41","date_gmt":"2023-05-01T13:30:41","guid":{"rendered":"https:\/\/www.grills-saveurs.ch\/fr\/?post_type=product&#038;p=8761"},"modified":"2024-04-08T11:49:28","modified_gmt":"2024-04-08T09:49:28","slug":"grille-demi-lune-en-fonte-medium","status":"publish","type":"product","link":"https:\/\/www.grills-saveurs.ch\/fr\/produit\/grille-demi-lune-en-fonte-medium\/","title":{"rendered":"Grille Demi-Lune En Fonte Medium"},"content":{"rendered":"<p>Qui dit que les hommes ne peuvent pas \u00eatre multit\u00e2ches ? Avec cette grille demi-lune en fonte, vous pouvez griller quelque chose de d\u00e9licieux sur un c\u00f4t\u00e9 du Bastard et utiliser l\u2019autre c\u00f4t\u00e9 pour une autre technique de cuisson. Voil\u00e0 comment faire de votre Bastard un v\u00e9ritable outil polyvalent !<\/p>\n","protected":false},"excerpt":{"rendered":"<p>R\u00e9f. 2181.29 &#8211; BB553<\/p>\n","protected":false},"featured_media":7798,"template":"","meta":[],"product_cat":[229,230,259],"product_tag":[],"yoast_head":"<!-- This site is optimized with the Yoast SEO plugin v18.2 - https:\/\/yoast.com\/wordpress\/plugins\/seo\/ -->\n<title>Grille Demi-Lune En Fonte Medium - Grills et Saveurs<\/title>\n<meta name=\"description\" content=\"Avec cette grille demi-lune en fonte, vous pouvez griller quelque chose de d\u00e9licieux sur un c\u00f4t\u00e9 du Bastard et utiliser l\u2019autre c\u00f4t\u00e9 pour une autre technique de cuisson.\" \/>\n<meta name=\"robots\" content=\"index, follow, max-snippet:-1, max-image-preview:large, max-video-preview:-1\" \/>\n<link rel=\"canonical\" href=\"https:\/\/www.grills-saveurs.ch\/fr\/produit\/grille-demi-lune-en-fonte-medium\/\" \/>\n<meta property=\"og:locale\" content=\"fr_FR\" \/>\n<meta property=\"og:type\" content=\"article\" \/>\n<meta property=\"og:title\" content=\"Grille Demi-Lune En Fonte Medium - Grills et Saveurs\" \/>\n<meta property=\"og:description\" content=\"Avec cette grille demi-lune en fonte, vous pouvez griller quelque chose de d\u00e9licieux sur un c\u00f4t\u00e9 du Bastard et utiliser l\u2019autre c\u00f4t\u00e9 pour une autre technique de cuisson.\" \/>\n<meta property=\"og:url\" content=\"https:\/\/www.grills-saveurs.ch\/fr\/produit\/grille-demi-lune-en-fonte-medium\/\" \/>\n<meta property=\"og:site_name\" content=\"Grills et Saveurs\" \/>\n<meta property=\"article:modified_time\" content=\"2024-04-08T09:49:28+00:00\" \/>\n<meta property=\"og:image\" content=\"https:\/\/www.grills-saveurs.ch\/fr\/wp-content\/uploads\/2022\/05\/2180.82_83_Rost-aus-Gusseisen-Halbmond_Large_XLarge-683x1024.png\" \/>\n\t<meta property=\"og:image:width\" content=\"683\" \/>\n\t<meta property=\"og:image:height\" content=\"1024\" \/>\n\t<meta property=\"og:image:type\" content=\"image\/png\" \/>\n<meta name=\"twitter:card\" content=\"summary_large_image\" \/>\n<script type=\"application\/ld+json\" class=\"yoast-schema-graph\">{\"@context\":\"https:\/\/schema.org\",\"@graph\":[{\"@type\":\"WebSite\",\"@id\":\"https:\/\/www.grills-saveurs.ch\/fr\/#website\",\"url\":\"https:\/\/www.grills-saveurs.ch\/fr\/\",\"name\":\"Grills et Saveurs\",\"description\":\"Barbecues, Grills, Planchas, Chemin\u00e9es jardin - Lausanne, Suisse Romande\",\"potentialAction\":[{\"@type\":\"SearchAction\",\"target\":{\"@type\":\"EntryPoint\",\"urlTemplate\":\"https:\/\/www.grills-saveurs.ch\/fr\/?s={search_term_string}\"},\"query-input\":\"required name=search_term_string\"}],\"inLanguage\":\"fr-FR\"},{\"@type\":\"ImageObject\",\"@id\":\"https:\/\/www.grills-saveurs.ch\/fr\/produit\/grille-demi-lune-en-fonte-medium\/#primaryimage\",\"inLanguage\":\"fr-FR\",\"url\":\"https:\/\/www.grills-saveurs.ch\/fr\/wp-content\/uploads\/2022\/05\/2180.82_83_Rost-aus-Gusseisen-Halbmond_Large_XLarge.png\",\"contentUrl\":\"https:\/\/www.grills-saveurs.ch\/fr\/wp-content\/uploads\/2022\/05\/2180.82_83_Rost-aus-Gusseisen-Halbmond_Large_XLarge.png\",\"width\":3744,\"height\":5616},{\"@type\":\"WebPage\",\"@id\":\"https:\/\/www.grills-saveurs.ch\/fr\/produit\/grille-demi-lune-en-fonte-medium\/#webpage\",\"url\":\"https:\/\/www.grills-saveurs.ch\/fr\/produit\/grille-demi-lune-en-fonte-medium\/\",\"name\":\"Grille Demi-Lune En Fonte Medium - Grills et Saveurs\",\"isPartOf\":{\"@id\":\"https:\/\/www.grills-saveurs.ch\/fr\/#website\"},\"primaryImageOfPage\":{\"@id\":\"https:\/\/www.grills-saveurs.ch\/fr\/produit\/grille-demi-lune-en-fonte-medium\/#primaryimage\"},\"datePublished\":\"2023-05-01T13:30:41+00:00\",\"dateModified\":\"2024-04-08T09:49:28+00:00\",\"description\":\"Avec cette grille demi-lune en fonte, vous pouvez griller quelque chose de d\u00e9licieux sur un c\u00f4t\u00e9 du Bastard et utiliser l\u2019autre c\u00f4t\u00e9 pour une autre technique de cuisson.\",\"breadcrumb\":{\"@id\":\"https:\/\/www.grills-saveurs.ch\/fr\/produit\/grille-demi-lune-en-fonte-medium\/#breadcrumb\"},\"inLanguage\":\"fr-FR\",\"potentialAction\":[{\"@type\":\"ReadAction\",\"target\":[\"https:\/\/www.grills-saveurs.ch\/fr\/produit\/grille-demi-lune-en-fonte-medium\/\"]}]},{\"@type\":\"BreadcrumbList\",\"@id\":\"https:\/\/www.grills-saveurs.ch\/fr\/produit\/grille-demi-lune-en-fonte-medium\/#breadcrumb\",\"itemListElement\":[{\"@type\":\"ListItem\",\"position\":1,\"name\":\"Accueil\",\"item\":\"https:\/\/www.grills-saveurs.ch\/fr\/\"},{\"@type\":\"ListItem\",\"position\":2,\"name\":\"Shop \/ Boutique\",\"item\":\"https:\/\/www.grills-saveurs.ch\/fr\/boutique\/\"},{\"@type\":\"ListItem\",\"position\":3,\"name\":\"Grille Demi-Lune En Fonte Medium\"}]}]}<\/script>\n<!-- \/ Yoast SEO plugin. -->","yoast_head_json":{"title":"Grille Demi-Lune En Fonte Medium - Grills et Saveurs","description":"Avec cette grille demi-lune en fonte, vous pouvez griller quelque chose de d\u00e9licieux sur un c\u00f4t\u00e9 du Bastard et utiliser l\u2019autre c\u00f4t\u00e9 pour une autre technique de cuisson.","robots":{"index":"index","follow":"follow","max-snippet":"max-snippet:-1","max-image-preview":"max-image-preview:large","max-video-preview":"max-video-preview:-1"},"canonical":"https:\/\/www.grills-saveurs.ch\/fr\/produit\/grille-demi-lune-en-fonte-medium\/","og_locale":"fr_FR","og_type":"article","og_title":"Grille Demi-Lune En Fonte Medium - Grills et Saveurs","og_description":"Avec cette grille demi-lune en fonte, vous pouvez griller quelque chose de d\u00e9licieux sur un c\u00f4t\u00e9 du Bastard et utiliser l\u2019autre c\u00f4t\u00e9 pour une autre technique de cuisson.","og_url":"https:\/\/www.grills-saveurs.ch\/fr\/produit\/grille-demi-lune-en-fonte-medium\/","og_site_name":"Grills et Saveurs","article_modified_time":"2024-04-08T09:49:28+00:00","og_image":[{"width":683,"height":1024,"url":"https:\/\/www.grills-saveurs.ch\/fr\/wp-content\/uploads\/2022\/05\/2180.82_83_Rost-aus-Gusseisen-Halbmond_Large_XLarge-683x1024.png","type":"image\/png"}],"twitter_card":"summary_large_image","schema":{"@context":"https:\/\/schema.org","@graph":[{"@type":"WebSite","@id":"https:\/\/www.grills-saveurs.ch\/fr\/#website","url":"https:\/\/www.grills-saveurs.ch\/fr\/","name":"Grills et Saveurs","description":"Barbecues, Grills, Planchas, Chemin\u00e9es jardin - Lausanne, Suisse Romande","potentialAction":[{"@type":"SearchAction","target":{"@type":"EntryPoint","urlTemplate":"https:\/\/www.grills-saveurs.ch\/fr\/?s={search_term_string}"},"query-input":"required name=search_term_string"}],"inLanguage":"fr-FR"},{"@type":"ImageObject","@id":"https:\/\/www.grills-saveurs.ch\/fr\/produit\/grille-demi-lune-en-fonte-medium\/#primaryimage","inLanguage":"fr-FR","url":"https:\/\/www.grills-saveurs.ch\/fr\/wp-content\/uploads\/2022\/05\/2180.82_83_Rost-aus-Gusseisen-Halbmond_Large_XLarge.png","contentUrl":"https:\/\/www.grills-saveurs.ch\/fr\/wp-content\/uploads\/2022\/05\/2180.82_83_Rost-aus-Gusseisen-Halbmond_Large_XLarge.png","width":3744,"height":5616},{"@type":"WebPage","@id":"https:\/\/www.grills-saveurs.ch\/fr\/produit\/grille-demi-lune-en-fonte-medium\/#webpage","url":"https:\/\/www.grills-saveurs.ch\/fr\/produit\/grille-demi-lune-en-fonte-medium\/","name":"Grille Demi-Lune En Fonte Medium - Grills et Saveurs","isPartOf":{"@id":"https:\/\/www.grills-saveurs.ch\/fr\/#website"},"primaryImageOfPage":{"@id":"https:\/\/www.grills-saveurs.ch\/fr\/produit\/grille-demi-lune-en-fonte-medium\/#primaryimage"},"datePublished":"2023-05-01T13:30:41+00:00","dateModified":"2024-04-08T09:49:28+00:00","description":"Avec cette grille demi-lune en fonte, vous pouvez griller quelque chose de d\u00e9licieux sur un c\u00f4t\u00e9 du Bastard et utiliser l\u2019autre c\u00f4t\u00e9 pour une autre technique de cuisson.","breadcrumb":{"@id":"https:\/\/www.grills-saveurs.ch\/fr\/produit\/grille-demi-lune-en-fonte-medium\/#breadcrumb"},"inLanguage":"fr-FR","potentialAction":[{"@type":"ReadAction","target":["https:\/\/www.grills-saveurs.ch\/fr\/produit\/grille-demi-lune-en-fonte-medium\/"]}]},{"@type":"BreadcrumbList","@id":"https:\/\/www.grills-saveurs.ch\/fr\/produit\/grille-demi-lune-en-fonte-medium\/#breadcrumb","itemListElement":[{"@type":"ListItem","position":1,"name":"Accueil","item":"https:\/\/www.grills-saveurs.ch\/fr\/"},{"@type":"ListItem","position":2,"name":"Shop \/ Boutique","item":"https:\/\/www.grills-saveurs.ch\/fr\/boutique\/"},{"@type":"ListItem","position":3,"name":"Grille Demi-Lune En Fonte Medium"}]}]}},"_links":{"self":[{"href":"https:\/\/www.grills-saveurs.ch\/fr\/wp-json\/wp\/v2\/product\/8761"}],"collection":[{"href":"https:\/\/www.grills-saveurs.ch\/fr\/wp-json\/wp\/v2\/product"}],"about":[{"href":"https:\/\/www.grills-saveurs.ch\/fr\/wp-json\/wp\/v2\/types\/product"}],"wp:featuredmedia":[{"embeddable":true,"href":"https:\/\/www.grills-saveurs.ch\/fr\/wp-json\/wp\/v2\/media\/7798"}],"wp:attachment":[{"href":"https:\/\/www.grills-saveurs.ch\/fr\/wp-json\/wp\/v2\/media?parent=8761"}],"wp:term":[{"taxonomy":"product_cat","embeddable":true,"href":"https:\/\/www.grills-saveurs.ch\/fr\/wp-json\/wp\/v2\/product_cat?post=8761"},{"taxonomy":"product_tag","embeddable":true,"href":"https:\/\/www.grills-saveurs.ch\/fr\/wp-json\/wp\/v2\/product_tag?post=8761"}],"curies":[{"name":"wp","href":"https:\/\/api.w.org\/{rel}","templated":true}]}}