{"id":8763,"date":"2023-05-01T15:37:48","date_gmt":"2023-05-01T13:37:48","guid":{"rendered":"https:\/\/www.grills-saveurs.ch\/fr\/?post_type=product&#038;p=8763"},"modified":"2024-04-08T11:49:28","modified_gmt":"2024-04-08T09:49:28","slug":"grill-pin-6-pieces","status":"publish","type":"product","link":"https:\/\/www.grills-saveurs.ch\/fr\/produit\/grill-pin-6-pieces\/","title":{"rendered":"Grill Pin (6 pi\u00e8ces)"},"content":{"rendered":"<p>Vous avez du mal a\u0300 maintenir votre viande en temp\u00e9rature ? Ne cherchez pas plus loin, The Bastard Grill Pin fait justement cela ! En installant les Grill Pins sur votre gril, vous pouvez stabiliser la temp\u00e9rature de votre viande, ou de n\u2019importe quel autre aliment. Ainsi, il y aura une diffusion indirecte de la chaleur sur la surface plane de la viande, ce qui lui donnera une cuisson parfaite sans trop lui donner de couleur. Mais cela ne s\u2019arr\u00eate pas la\u0300 ! Ces Grils Pin de cuisson servent \u00e9galement de support a\u0300 plusieurs niveaux, ce qui permet de monter votre grille un peu plus haut et plus loin de la source directe de chaleur, pour un meilleur contr\u00f4le de la temp\u00e9rature. Non seulement les gril pins sont un accessoire indispensable, mais elles sont \u00e9galement livr\u00e9es dans une bo\u00eete m\u00e9tallique pratique pour un rangement en toute s\u00e9curit\u00e9.<\/p>\n","protected":false},"excerpt":{"rendered":"<p>R\u00e9f. 2181.22 &#8211; BB806<\/p>\n","protected":false},"featured_media":8764,"template":"","meta":[],"product_cat":[229,255],"product_tag":[],"yoast_head":"<!-- This site is optimized with the Yoast SEO plugin v18.2 - https:\/\/yoast.com\/wordpress\/plugins\/seo\/ -->\n<title>Grill Pin (6 pi\u00e8ces) - Grills et Saveurs<\/title>\n<meta name=\"description\" content=\"En installant les Grill Pins sur votre gril, vous pouvez stabiliser la temp\u00e9rature de votre viande, ou de n\u2019importe quel autre aliment.\" \/>\n<meta name=\"robots\" content=\"index, follow, max-snippet:-1, max-image-preview:large, max-video-preview:-1\" \/>\n<link rel=\"canonical\" href=\"https:\/\/www.grills-saveurs.ch\/fr\/produit\/grill-pin-6-pieces\/\" \/>\n<meta property=\"og:locale\" content=\"fr_FR\" \/>\n<meta property=\"og:type\" content=\"article\" \/>\n<meta property=\"og:title\" content=\"Grill Pin (6 pi\u00e8ces) - Grills et Saveurs\" \/>\n<meta property=\"og:description\" content=\"En installant les Grill Pins sur votre gril, vous pouvez stabiliser la temp\u00e9rature de votre viande, ou de n\u2019importe quel autre aliment.\" \/>\n<meta property=\"og:url\" content=\"https:\/\/www.grills-saveurs.ch\/fr\/produit\/grill-pin-6-pieces\/\" \/>\n<meta property=\"og:site_name\" content=\"Grills et Saveurs\" \/>\n<meta property=\"article:modified_time\" content=\"2024-04-08T09:49:28+00:00\" \/>\n<meta property=\"og:image\" content=\"https:\/\/www.grills-saveurs.ch\/fr\/wp-content\/uploads\/2023\/05\/2181.22_Grill-Pins.png\" \/>\n\t<meta property=\"og:image:width\" content=\"960\" \/>\n\t<meta property=\"og:image:height\" content=\"960\" \/>\n\t<meta property=\"og:image:type\" content=\"image\/png\" \/>\n<meta name=\"twitter:card\" content=\"summary_large_image\" \/>\n<meta name=\"twitter:label1\" content=\"Dur\u00e9e de lecture estim\u00e9e\" \/>\n\t<meta name=\"twitter:data1\" content=\"1 minute\" \/>\n<script type=\"application\/ld+json\" class=\"yoast-schema-graph\">{\"@context\":\"https:\/\/schema.org\",\"@graph\":[{\"@type\":\"WebSite\",\"@id\":\"https:\/\/www.grills-saveurs.ch\/fr\/#website\",\"url\":\"https:\/\/www.grills-saveurs.ch\/fr\/\",\"name\":\"Grills et Saveurs\",\"description\":\"Barbecues, Grills, Planchas, Chemin\u00e9es jardin - Lausanne, Suisse Romande\",\"potentialAction\":[{\"@type\":\"SearchAction\",\"target\":{\"@type\":\"EntryPoint\",\"urlTemplate\":\"https:\/\/www.grills-saveurs.ch\/fr\/?s={search_term_string}\"},\"query-input\":\"required name=search_term_string\"}],\"inLanguage\":\"fr-FR\"},{\"@type\":\"ImageObject\",\"@id\":\"https:\/\/www.grills-saveurs.ch\/fr\/produit\/grill-pin-6-pieces\/#primaryimage\",\"inLanguage\":\"fr-FR\",\"url\":\"https:\/\/www.grills-saveurs.ch\/fr\/wp-content\/uploads\/2023\/05\/2181.22_Grill-Pins.png\",\"contentUrl\":\"https:\/\/www.grills-saveurs.ch\/fr\/wp-content\/uploads\/2023\/05\/2181.22_Grill-Pins.png\",\"width\":960,\"height\":960},{\"@type\":\"WebPage\",\"@id\":\"https:\/\/www.grills-saveurs.ch\/fr\/produit\/grill-pin-6-pieces\/#webpage\",\"url\":\"https:\/\/www.grills-saveurs.ch\/fr\/produit\/grill-pin-6-pieces\/\",\"name\":\"Grill Pin (6 pi\u00e8ces) - Grills et Saveurs\",\"isPartOf\":{\"@id\":\"https:\/\/www.grills-saveurs.ch\/fr\/#website\"},\"primaryImageOfPage\":{\"@id\":\"https:\/\/www.grills-saveurs.ch\/fr\/produit\/grill-pin-6-pieces\/#primaryimage\"},\"datePublished\":\"2023-05-01T13:37:48+00:00\",\"dateModified\":\"2024-04-08T09:49:28+00:00\",\"description\":\"En installant les Grill Pins sur votre gril, vous pouvez stabiliser la temp\u00e9rature de votre viande, ou de n\u2019importe quel autre aliment.\",\"breadcrumb\":{\"@id\":\"https:\/\/www.grills-saveurs.ch\/fr\/produit\/grill-pin-6-pieces\/#breadcrumb\"},\"inLanguage\":\"fr-FR\",\"potentialAction\":[{\"@type\":\"ReadAction\",\"target\":[\"https:\/\/www.grills-saveurs.ch\/fr\/produit\/grill-pin-6-pieces\/\"]}]},{\"@type\":\"BreadcrumbList\",\"@id\":\"https:\/\/www.grills-saveurs.ch\/fr\/produit\/grill-pin-6-pieces\/#breadcrumb\",\"itemListElement\":[{\"@type\":\"ListItem\",\"position\":1,\"name\":\"Accueil\",\"item\":\"https:\/\/www.grills-saveurs.ch\/fr\/\"},{\"@type\":\"ListItem\",\"position\":2,\"name\":\"Shop \/ Boutique\",\"item\":\"https:\/\/www.grills-saveurs.ch\/fr\/boutique\/\"},{\"@type\":\"ListItem\",\"position\":3,\"name\":\"Grill Pin (6 pi\u00e8ces)\"}]}]}<\/script>\n<!-- \/ Yoast SEO plugin. -->","yoast_head_json":{"title":"Grill Pin (6 pi\u00e8ces) - Grills et Saveurs","description":"En installant les Grill Pins sur votre gril, vous pouvez stabiliser la temp\u00e9rature de votre viande, ou de n\u2019importe quel autre aliment.","robots":{"index":"index","follow":"follow","max-snippet":"max-snippet:-1","max-image-preview":"max-image-preview:large","max-video-preview":"max-video-preview:-1"},"canonical":"https:\/\/www.grills-saveurs.ch\/fr\/produit\/grill-pin-6-pieces\/","og_locale":"fr_FR","og_type":"article","og_title":"Grill Pin (6 pi\u00e8ces) - Grills et Saveurs","og_description":"En installant les Grill Pins sur votre gril, vous pouvez stabiliser la temp\u00e9rature de votre viande, ou de n\u2019importe quel autre aliment.","og_url":"https:\/\/www.grills-saveurs.ch\/fr\/produit\/grill-pin-6-pieces\/","og_site_name":"Grills et Saveurs","article_modified_time":"2024-04-08T09:49:28+00:00","og_image":[{"width":960,"height":960,"url":"https:\/\/www.grills-saveurs.ch\/fr\/wp-content\/uploads\/2023\/05\/2181.22_Grill-Pins.png","type":"image\/png"}],"twitter_card":"summary_large_image","twitter_misc":{"Dur\u00e9e de lecture estim\u00e9e":"1 minute"},"schema":{"@context":"https:\/\/schema.org","@graph":[{"@type":"WebSite","@id":"https:\/\/www.grills-saveurs.ch\/fr\/#website","url":"https:\/\/www.grills-saveurs.ch\/fr\/","name":"Grills et Saveurs","description":"Barbecues, Grills, Planchas, Chemin\u00e9es jardin - Lausanne, Suisse Romande","potentialAction":[{"@type":"SearchAction","target":{"@type":"EntryPoint","urlTemplate":"https:\/\/www.grills-saveurs.ch\/fr\/?s={search_term_string}"},"query-input":"required name=search_term_string"}],"inLanguage":"fr-FR"},{"@type":"ImageObject","@id":"https:\/\/www.grills-saveurs.ch\/fr\/produit\/grill-pin-6-pieces\/#primaryimage","inLanguage":"fr-FR","url":"https:\/\/www.grills-saveurs.ch\/fr\/wp-content\/uploads\/2023\/05\/2181.22_Grill-Pins.png","contentUrl":"https:\/\/www.grills-saveurs.ch\/fr\/wp-content\/uploads\/2023\/05\/2181.22_Grill-Pins.png","width":960,"height":960},{"@type":"WebPage","@id":"https:\/\/www.grills-saveurs.ch\/fr\/produit\/grill-pin-6-pieces\/#webpage","url":"https:\/\/www.grills-saveurs.ch\/fr\/produit\/grill-pin-6-pieces\/","name":"Grill Pin (6 pi\u00e8ces) - Grills et Saveurs","isPartOf":{"@id":"https:\/\/www.grills-saveurs.ch\/fr\/#website"},"primaryImageOfPage":{"@id":"https:\/\/www.grills-saveurs.ch\/fr\/produit\/grill-pin-6-pieces\/#primaryimage"},"datePublished":"2023-05-01T13:37:48+00:00","dateModified":"2024-04-08T09:49:28+00:00","description":"En installant les Grill Pins sur votre gril, vous pouvez stabiliser la temp\u00e9rature de votre viande, ou de n\u2019importe quel autre aliment.","breadcrumb":{"@id":"https:\/\/www.grills-saveurs.ch\/fr\/produit\/grill-pin-6-pieces\/#breadcrumb"},"inLanguage":"fr-FR","potentialAction":[{"@type":"ReadAction","target":["https:\/\/www.grills-saveurs.ch\/fr\/produit\/grill-pin-6-pieces\/"]}]},{"@type":"BreadcrumbList","@id":"https:\/\/www.grills-saveurs.ch\/fr\/produit\/grill-pin-6-pieces\/#breadcrumb","itemListElement":[{"@type":"ListItem","position":1,"name":"Accueil","item":"https:\/\/www.grills-saveurs.ch\/fr\/"},{"@type":"ListItem","position":2,"name":"Shop \/ Boutique","item":"https:\/\/www.grills-saveurs.ch\/fr\/boutique\/"},{"@type":"ListItem","position":3,"name":"Grill Pin (6 pi\u00e8ces)"}]}]}},"_links":{"self":[{"href":"https:\/\/www.grills-saveurs.ch\/fr\/wp-json\/wp\/v2\/product\/8763"}],"collection":[{"href":"https:\/\/www.grills-saveurs.ch\/fr\/wp-json\/wp\/v2\/product"}],"about":[{"href":"https:\/\/www.grills-saveurs.ch\/fr\/wp-json\/wp\/v2\/types\/product"}],"wp:featuredmedia":[{"embeddable":true,"href":"https:\/\/www.grills-saveurs.ch\/fr\/wp-json\/wp\/v2\/media\/8764"}],"wp:attachment":[{"href":"https:\/\/www.grills-saveurs.ch\/fr\/wp-json\/wp\/v2\/media?parent=8763"}],"wp:term":[{"taxonomy":"product_cat","embeddable":true,"href":"https:\/\/www.grills-saveurs.ch\/fr\/wp-json\/wp\/v2\/product_cat?post=8763"},{"taxonomy":"product_tag","embeddable":true,"href":"https:\/\/www.grills-saveurs.ch\/fr\/wp-json\/wp\/v2\/product_tag?post=8763"}],"curies":[{"name":"wp","href":"https:\/\/api.w.org\/{rel}","templated":true}]}}