{"id":8779,"date":"2023-05-01T16:00:08","date_gmt":"2023-05-01T14:00:08","guid":{"rendered":"https:\/\/www.grills-saveurs.ch\/fr\/?post_type=product&#038;p=8779"},"modified":"2025-03-22T17:49:57","modified_gmt":"2025-03-22T16:49:57","slug":"the-bastard-urban-medium-solo","status":"publish","type":"product","link":"https:\/\/www.grills-saveurs.ch\/fr\/produit\/the-bastard-urban-medium-solo\/","title":{"rendered":"The Bastard Urban Medium Solo"},"content":{"rendered":"<p>Mod\u00e8le embl\u00e9matique, The Bastard m\u00e9dium trouvera sa place dans tous les jardins. Il attire l\u2019attention sans prendre trop de place dans le jardin. Il n\u2019y a pas de limite en ce qui concerne la taille, et vous pouvez laisser libre cours \u00e0 votre cr\u00e9ativit\u00e9 pour cuisiner. Invitez donc vos voisins ou vos amis !<\/p>\n<p><strong>Les innovations :<\/strong><\/p>\n<ul>\n<li>Disque sup\u00e9rieur de pr\u00e9cision en fonte<\/li>\n<li>Syst\u00e8me de charni\u00e8re \u00e0 ouverture facile<\/li>\n<li>Grille de cuisson<\/li>\n<li>en acier inoxydable tr\u00e8s \u00e9paisse (6 mm)<\/li>\n<li>Am\u00e9lioration du design n\u00e9erlandais<\/li>\n<\/ul>\n<p><strong>Inclus<\/strong><\/p>\n<ul>\n<li>multilevel cooking system<\/li>\n<li>Panier \u00e0 charbon en acier inoxydable<\/li>\n<li>Bac \u00e0 cendres enacier inoxydable<\/li>\n<li>Le \u201c complet\u201d est livr\u00e9 avec un support et des tables lat\u00e9rales.<\/li>\n<\/ul>\n<p><strong>Les caract\u00e9ristiques<\/strong><\/p>\n<ul>\n<li>Grille \u00f8 40 cm<\/li>\n<li>Hauteur 122 cm<\/li>\n<li>Poids 79 KG<\/li>\n<li>Nombre de personnes 2 &#8211; 6<\/li>\n<\/ul>\n","protected":false},"excerpt":{"rendered":"<p>R\u00e9f. 2113.34 BU2004<\/p>\n","protected":false},"featured_media":8780,"template":"","meta":[],"product_cat":[260],"product_tag":[],"yoast_head":"<!-- This site is optimized with the Yoast SEO plugin v18.2 - https:\/\/yoast.com\/wordpress\/plugins\/seo\/ -->\n<title>The Bastard Urban Medium Solo - Grills et Saveurs<\/title>\n<meta name=\"description\" content=\"Mod\u00e8le embl\u00e9matique, The Bastard m\u00e9dium trouvera sa place dans tous les jardins. Il attire l\u2019attention sans prendre trop de place dans le jardin. Il n\u2019y a pas de limite en ce qui concerne la taille, et vous pouvez laisser libre cours \u00e0 votre cr\u00e9ativit\u00e9 pour cuisiner. Invitez donc vos voisins ou vos amis !\" \/>\n<meta name=\"robots\" content=\"index, follow, max-snippet:-1, max-image-preview:large, max-video-preview:-1\" \/>\n<link rel=\"canonical\" href=\"https:\/\/www.grills-saveurs.ch\/fr\/produit\/the-bastard-urban-medium-solo\/\" \/>\n<meta property=\"og:locale\" content=\"fr_FR\" \/>\n<meta property=\"og:type\" content=\"article\" \/>\n<meta property=\"og:title\" content=\"The Bastard Urban Medium Solo - Grills et Saveurs\" \/>\n<meta property=\"og:description\" content=\"Mod\u00e8le embl\u00e9matique, The Bastard m\u00e9dium trouvera sa place dans tous les jardins. Il attire l\u2019attention sans prendre trop de place dans le jardin. Il n\u2019y a pas de limite en ce qui concerne la taille, et vous pouvez laisser libre cours \u00e0 votre cr\u00e9ativit\u00e9 pour cuisiner. Invitez donc vos voisins ou vos amis !\" \/>\n<meta property=\"og:url\" content=\"https:\/\/www.grills-saveurs.ch\/fr\/produit\/the-bastard-urban-medium-solo\/\" \/>\n<meta property=\"og:site_name\" content=\"Grills et Saveurs\" \/>\n<meta property=\"article:modified_time\" content=\"2025-03-22T16:49:57+00:00\" \/>\n<meta property=\"og:image\" content=\"https:\/\/www.grills-saveurs.ch\/fr\/wp-content\/uploads\/2023\/05\/2113.34.21_Urban_Medium_Solo_01-1.png\" \/>\n\t<meta property=\"og:image:width\" content=\"900\" \/>\n\t<meta property=\"og:image:height\" content=\"1200\" \/>\n\t<meta property=\"og:image:type\" content=\"image\/png\" \/>\n<meta name=\"twitter:card\" content=\"summary_large_image\" \/>\n<meta name=\"twitter:label1\" content=\"Dur\u00e9e de lecture estim\u00e9e\" \/>\n\t<meta name=\"twitter:data1\" content=\"1 minute\" \/>\n<script type=\"application\/ld+json\" class=\"yoast-schema-graph\">{\"@context\":\"https:\/\/schema.org\",\"@graph\":[{\"@type\":\"WebSite\",\"@id\":\"https:\/\/www.grills-saveurs.ch\/fr\/#website\",\"url\":\"https:\/\/www.grills-saveurs.ch\/fr\/\",\"name\":\"Grills et Saveurs\",\"description\":\"Barbecues, Grills, Planchas, Chemin\u00e9es jardin - Lausanne, Suisse Romande\",\"potentialAction\":[{\"@type\":\"SearchAction\",\"target\":{\"@type\":\"EntryPoint\",\"urlTemplate\":\"https:\/\/www.grills-saveurs.ch\/fr\/?s={search_term_string}\"},\"query-input\":\"required name=search_term_string\"}],\"inLanguage\":\"fr-FR\"},{\"@type\":\"ImageObject\",\"@id\":\"https:\/\/www.grills-saveurs.ch\/fr\/produit\/the-bastard-urban-medium-solo\/#primaryimage\",\"inLanguage\":\"fr-FR\",\"url\":\"https:\/\/www.grills-saveurs.ch\/fr\/wp-content\/uploads\/2023\/05\/2113.34.21_Urban_Medium_Solo_01-1.png\",\"contentUrl\":\"https:\/\/www.grills-saveurs.ch\/fr\/wp-content\/uploads\/2023\/05\/2113.34.21_Urban_Medium_Solo_01-1.png\",\"width\":900,\"height\":1200},{\"@type\":\"WebPage\",\"@id\":\"https:\/\/www.grills-saveurs.ch\/fr\/produit\/the-bastard-urban-medium-solo\/#webpage\",\"url\":\"https:\/\/www.grills-saveurs.ch\/fr\/produit\/the-bastard-urban-medium-solo\/\",\"name\":\"The Bastard Urban Medium Solo - Grills et Saveurs\",\"isPartOf\":{\"@id\":\"https:\/\/www.grills-saveurs.ch\/fr\/#website\"},\"primaryImageOfPage\":{\"@id\":\"https:\/\/www.grills-saveurs.ch\/fr\/produit\/the-bastard-urban-medium-solo\/#primaryimage\"},\"datePublished\":\"2023-05-01T14:00:08+00:00\",\"dateModified\":\"2025-03-22T16:49:57+00:00\",\"description\":\"Mod\u00e8le embl\u00e9matique, The Bastard m\u00e9dium trouvera sa place dans tous les jardins. Il attire l\u2019attention sans prendre trop de place dans le jardin. Il n\u2019y a pas de limite en ce qui concerne la taille, et vous pouvez laisser libre cours \u00e0 votre cr\u00e9ativit\u00e9 pour cuisiner. Invitez donc vos voisins ou vos amis !\",\"breadcrumb\":{\"@id\":\"https:\/\/www.grills-saveurs.ch\/fr\/produit\/the-bastard-urban-medium-solo\/#breadcrumb\"},\"inLanguage\":\"fr-FR\",\"potentialAction\":[{\"@type\":\"ReadAction\",\"target\":[\"https:\/\/www.grills-saveurs.ch\/fr\/produit\/the-bastard-urban-medium-solo\/\"]}]},{\"@type\":\"BreadcrumbList\",\"@id\":\"https:\/\/www.grills-saveurs.ch\/fr\/produit\/the-bastard-urban-medium-solo\/#breadcrumb\",\"itemListElement\":[{\"@type\":\"ListItem\",\"position\":1,\"name\":\"Accueil\",\"item\":\"https:\/\/www.grills-saveurs.ch\/fr\/\"},{\"@type\":\"ListItem\",\"position\":2,\"name\":\"Shop \/ Boutique\",\"item\":\"https:\/\/www.grills-saveurs.ch\/fr\/boutique\/\"},{\"@type\":\"ListItem\",\"position\":3,\"name\":\"The Bastard Urban Medium Solo\"}]}]}<\/script>\n<!-- \/ Yoast SEO plugin. -->","yoast_head_json":{"title":"The Bastard Urban Medium Solo - Grills et Saveurs","description":"Mod\u00e8le embl\u00e9matique, The Bastard m\u00e9dium trouvera sa place dans tous les jardins. Il attire l\u2019attention sans prendre trop de place dans le jardin. Il n\u2019y a pas de limite en ce qui concerne la taille, et vous pouvez laisser libre cours \u00e0 votre cr\u00e9ativit\u00e9 pour cuisiner. Invitez donc vos voisins ou vos amis !","robots":{"index":"index","follow":"follow","max-snippet":"max-snippet:-1","max-image-preview":"max-image-preview:large","max-video-preview":"max-video-preview:-1"},"canonical":"https:\/\/www.grills-saveurs.ch\/fr\/produit\/the-bastard-urban-medium-solo\/","og_locale":"fr_FR","og_type":"article","og_title":"The Bastard Urban Medium Solo - Grills et Saveurs","og_description":"Mod\u00e8le embl\u00e9matique, The Bastard m\u00e9dium trouvera sa place dans tous les jardins. Il attire l\u2019attention sans prendre trop de place dans le jardin. Il n\u2019y a pas de limite en ce qui concerne la taille, et vous pouvez laisser libre cours \u00e0 votre cr\u00e9ativit\u00e9 pour cuisiner. Invitez donc vos voisins ou vos amis !","og_url":"https:\/\/www.grills-saveurs.ch\/fr\/produit\/the-bastard-urban-medium-solo\/","og_site_name":"Grills et Saveurs","article_modified_time":"2025-03-22T16:49:57+00:00","og_image":[{"width":900,"height":1200,"url":"https:\/\/www.grills-saveurs.ch\/fr\/wp-content\/uploads\/2023\/05\/2113.34.21_Urban_Medium_Solo_01-1.png","type":"image\/png"}],"twitter_card":"summary_large_image","twitter_misc":{"Dur\u00e9e de lecture estim\u00e9e":"1 minute"},"schema":{"@context":"https:\/\/schema.org","@graph":[{"@type":"WebSite","@id":"https:\/\/www.grills-saveurs.ch\/fr\/#website","url":"https:\/\/www.grills-saveurs.ch\/fr\/","name":"Grills et Saveurs","description":"Barbecues, Grills, Planchas, Chemin\u00e9es jardin - Lausanne, Suisse Romande","potentialAction":[{"@type":"SearchAction","target":{"@type":"EntryPoint","urlTemplate":"https:\/\/www.grills-saveurs.ch\/fr\/?s={search_term_string}"},"query-input":"required name=search_term_string"}],"inLanguage":"fr-FR"},{"@type":"ImageObject","@id":"https:\/\/www.grills-saveurs.ch\/fr\/produit\/the-bastard-urban-medium-solo\/#primaryimage","inLanguage":"fr-FR","url":"https:\/\/www.grills-saveurs.ch\/fr\/wp-content\/uploads\/2023\/05\/2113.34.21_Urban_Medium_Solo_01-1.png","contentUrl":"https:\/\/www.grills-saveurs.ch\/fr\/wp-content\/uploads\/2023\/05\/2113.34.21_Urban_Medium_Solo_01-1.png","width":900,"height":1200},{"@type":"WebPage","@id":"https:\/\/www.grills-saveurs.ch\/fr\/produit\/the-bastard-urban-medium-solo\/#webpage","url":"https:\/\/www.grills-saveurs.ch\/fr\/produit\/the-bastard-urban-medium-solo\/","name":"The Bastard Urban Medium Solo - Grills et Saveurs","isPartOf":{"@id":"https:\/\/www.grills-saveurs.ch\/fr\/#website"},"primaryImageOfPage":{"@id":"https:\/\/www.grills-saveurs.ch\/fr\/produit\/the-bastard-urban-medium-solo\/#primaryimage"},"datePublished":"2023-05-01T14:00:08+00:00","dateModified":"2025-03-22T16:49:57+00:00","description":"Mod\u00e8le embl\u00e9matique, The Bastard m\u00e9dium trouvera sa place dans tous les jardins. Il attire l\u2019attention sans prendre trop de place dans le jardin. Il n\u2019y a pas de limite en ce qui concerne la taille, et vous pouvez laisser libre cours \u00e0 votre cr\u00e9ativit\u00e9 pour cuisiner. Invitez donc vos voisins ou vos amis !","breadcrumb":{"@id":"https:\/\/www.grills-saveurs.ch\/fr\/produit\/the-bastard-urban-medium-solo\/#breadcrumb"},"inLanguage":"fr-FR","potentialAction":[{"@type":"ReadAction","target":["https:\/\/www.grills-saveurs.ch\/fr\/produit\/the-bastard-urban-medium-solo\/"]}]},{"@type":"BreadcrumbList","@id":"https:\/\/www.grills-saveurs.ch\/fr\/produit\/the-bastard-urban-medium-solo\/#breadcrumb","itemListElement":[{"@type":"ListItem","position":1,"name":"Accueil","item":"https:\/\/www.grills-saveurs.ch\/fr\/"},{"@type":"ListItem","position":2,"name":"Shop \/ Boutique","item":"https:\/\/www.grills-saveurs.ch\/fr\/boutique\/"},{"@type":"ListItem","position":3,"name":"The Bastard Urban Medium Solo"}]}]}},"_links":{"self":[{"href":"https:\/\/www.grills-saveurs.ch\/fr\/wp-json\/wp\/v2\/product\/8779"}],"collection":[{"href":"https:\/\/www.grills-saveurs.ch\/fr\/wp-json\/wp\/v2\/product"}],"about":[{"href":"https:\/\/www.grills-saveurs.ch\/fr\/wp-json\/wp\/v2\/types\/product"}],"wp:featuredmedia":[{"embeddable":true,"href":"https:\/\/www.grills-saveurs.ch\/fr\/wp-json\/wp\/v2\/media\/8780"}],"wp:attachment":[{"href":"https:\/\/www.grills-saveurs.ch\/fr\/wp-json\/wp\/v2\/media?parent=8779"}],"wp:term":[{"taxonomy":"product_cat","embeddable":true,"href":"https:\/\/www.grills-saveurs.ch\/fr\/wp-json\/wp\/v2\/product_cat?post=8779"},{"taxonomy":"product_tag","embeddable":true,"href":"https:\/\/www.grills-saveurs.ch\/fr\/wp-json\/wp\/v2\/product_tag?post=8779"}],"curies":[{"name":"wp","href":"https:\/\/api.w.org\/{rel}","templated":true}]}}