{"id":8795,"date":"2023-05-01T16:08:06","date_gmt":"2023-05-01T14:08:06","guid":{"rendered":"https:\/\/www.grills-saveurs.ch\/fr\/?post_type=product&#038;p=8795"},"modified":"2025-03-22T17:52:33","modified_gmt":"2025-03-22T16:52:33","slug":"the-bastard-classic-large","status":"publish","type":"product","link":"https:\/\/www.grills-saveurs.ch\/fr\/produit\/the-bastard-classic-large\/","title":{"rendered":"The Bastard Classic Large"},"content":{"rendered":"<p>\u201cImpressionnant\u201d, tel est l\u2019adjectif qui caract\u00e9rise le mieux \u201cThe Bastard Large\u201d. C\u2019est un atout, non seulement pour vous et votre famille, mais aussi pour votre jardin. Gr\u00e2ce \u00e0 sa taille, vous pourrez pr\u00e9senter sur votre table diff\u00e9rentes sortes de plats d\u00e9licieux pour toute votre famille et tous vos amis. Il est fait pour les vrais passionn\u00e9s de cuisine, il n\u2019est donc pas \u00e9tonnant que le Large soit notre Bastard le plus vendu.<\/p>\n<p><strong>Les innovations :<\/strong><\/p>\n<ul>\n<li>Disque sup\u00e9rieur de pr\u00e9cision en fonte<\/li>\n<li>Syst\u00e8me de charni\u00e8re \u00e0 ouverture facile<\/li>\n<li>Grille de cuisson<\/li>\n<li>en acier inoxydable tr\u00e8s \u00e9paisse (7 mm)<\/li>\n<li>Am\u00e9lioration du design n\u00e9erlandais<\/li>\n<\/ul>\n<p><strong>Inclus<\/strong><\/p>\n<ul>\n<li>multilevel cooking system<\/li>\n<li>Panier \u00e0 charbon en acier inoxydable<\/li>\n<li>Bac \u00e0 cendres enacier inoxydable<\/li>\n<li>Le \u201c complet\u201d est livr\u00e9 avec un support et des tables lat\u00e9rales.<\/li>\n<\/ul>\n<p><strong>Les caract\u00e9ristiques<\/strong><\/p>\n<ul>\n<li>Grille \u00f8 49 cm<\/li>\n<li>Hauteur 137 cm<\/li>\n<li>Poids 116 KG<\/li>\n<li>Nombre de personnes 2 &#8211; 8<\/li>\n<\/ul>\n","protected":false},"excerpt":{"rendered":"<p>R\u00e9f. 2110.03.22\tBC201<\/p>\n","protected":false},"featured_media":8796,"template":"","meta":[],"product_cat":[260],"product_tag":[],"yoast_head":"<!-- This site is optimized with the Yoast SEO plugin v18.2 - https:\/\/yoast.com\/wordpress\/plugins\/seo\/ -->\n<title>The Bastard Classic Large - Grills et Saveurs<\/title>\n<meta name=\"description\" content=\"The Bastard Urban Large Solo, noir mat\" \/>\n<meta name=\"robots\" content=\"index, follow, max-snippet:-1, max-image-preview:large, max-video-preview:-1\" \/>\n<link rel=\"canonical\" href=\"https:\/\/www.grills-saveurs.ch\/fr\/produit\/the-bastard-classic-large\/\" \/>\n<meta property=\"og:locale\" content=\"fr_FR\" \/>\n<meta property=\"og:type\" content=\"article\" \/>\n<meta property=\"og:title\" content=\"The Bastard Classic Large - Grills et Saveurs\" \/>\n<meta property=\"og:description\" content=\"The Bastard Urban Large Solo, noir mat\" \/>\n<meta property=\"og:url\" content=\"https:\/\/www.grills-saveurs.ch\/fr\/produit\/the-bastard-classic-large\/\" \/>\n<meta property=\"og:site_name\" content=\"Grills et Saveurs\" \/>\n<meta property=\"article:modified_time\" content=\"2025-03-22T16:52:33+00:00\" \/>\n<meta property=\"og:image\" content=\"https:\/\/www.grills-saveurs.ch\/fr\/wp-content\/uploads\/2023\/05\/2110.03.21_Classic_Large_01.png\" \/>\n\t<meta property=\"og:image:width\" content=\"1127\" \/>\n\t<meta property=\"og:image:height\" content=\"1200\" \/>\n\t<meta property=\"og:image:type\" content=\"image\/png\" \/>\n<meta name=\"twitter:card\" content=\"summary_large_image\" \/>\n<meta name=\"twitter:label1\" content=\"Dur\u00e9e de lecture estim\u00e9e\" \/>\n\t<meta name=\"twitter:data1\" content=\"1 minute\" \/>\n<script type=\"application\/ld+json\" class=\"yoast-schema-graph\">{\"@context\":\"https:\/\/schema.org\",\"@graph\":[{\"@type\":\"WebSite\",\"@id\":\"https:\/\/www.grills-saveurs.ch\/fr\/#website\",\"url\":\"https:\/\/www.grills-saveurs.ch\/fr\/\",\"name\":\"Grills et Saveurs\",\"description\":\"Barbecues, Grills, Planchas, Chemin\u00e9es jardin - Lausanne, Suisse Romande\",\"potentialAction\":[{\"@type\":\"SearchAction\",\"target\":{\"@type\":\"EntryPoint\",\"urlTemplate\":\"https:\/\/www.grills-saveurs.ch\/fr\/?s={search_term_string}\"},\"query-input\":\"required name=search_term_string\"}],\"inLanguage\":\"fr-FR\"},{\"@type\":\"ImageObject\",\"@id\":\"https:\/\/www.grills-saveurs.ch\/fr\/produit\/the-bastard-classic-large\/#primaryimage\",\"inLanguage\":\"fr-FR\",\"url\":\"https:\/\/www.grills-saveurs.ch\/fr\/wp-content\/uploads\/2023\/05\/2110.03.21_Classic_Large_01.png\",\"contentUrl\":\"https:\/\/www.grills-saveurs.ch\/fr\/wp-content\/uploads\/2023\/05\/2110.03.21_Classic_Large_01.png\",\"width\":1127,\"height\":1200},{\"@type\":\"WebPage\",\"@id\":\"https:\/\/www.grills-saveurs.ch\/fr\/produit\/the-bastard-classic-large\/#webpage\",\"url\":\"https:\/\/www.grills-saveurs.ch\/fr\/produit\/the-bastard-classic-large\/\",\"name\":\"The Bastard Classic Large - Grills et Saveurs\",\"isPartOf\":{\"@id\":\"https:\/\/www.grills-saveurs.ch\/fr\/#website\"},\"primaryImageOfPage\":{\"@id\":\"https:\/\/www.grills-saveurs.ch\/fr\/produit\/the-bastard-classic-large\/#primaryimage\"},\"datePublished\":\"2023-05-01T14:08:06+00:00\",\"dateModified\":\"2025-03-22T16:52:33+00:00\",\"description\":\"The Bastard Urban Large Solo, noir mat\",\"breadcrumb\":{\"@id\":\"https:\/\/www.grills-saveurs.ch\/fr\/produit\/the-bastard-classic-large\/#breadcrumb\"},\"inLanguage\":\"fr-FR\",\"potentialAction\":[{\"@type\":\"ReadAction\",\"target\":[\"https:\/\/www.grills-saveurs.ch\/fr\/produit\/the-bastard-classic-large\/\"]}]},{\"@type\":\"BreadcrumbList\",\"@id\":\"https:\/\/www.grills-saveurs.ch\/fr\/produit\/the-bastard-classic-large\/#breadcrumb\",\"itemListElement\":[{\"@type\":\"ListItem\",\"position\":1,\"name\":\"Accueil\",\"item\":\"https:\/\/www.grills-saveurs.ch\/fr\/\"},{\"@type\":\"ListItem\",\"position\":2,\"name\":\"Shop \/ Boutique\",\"item\":\"https:\/\/www.grills-saveurs.ch\/fr\/boutique\/\"},{\"@type\":\"ListItem\",\"position\":3,\"name\":\"The Bastard Classic Large\"}]}]}<\/script>\n<!-- \/ Yoast SEO plugin. -->","yoast_head_json":{"title":"The Bastard Classic Large - Grills et Saveurs","description":"The Bastard Urban Large Solo, noir mat","robots":{"index":"index","follow":"follow","max-snippet":"max-snippet:-1","max-image-preview":"max-image-preview:large","max-video-preview":"max-video-preview:-1"},"canonical":"https:\/\/www.grills-saveurs.ch\/fr\/produit\/the-bastard-classic-large\/","og_locale":"fr_FR","og_type":"article","og_title":"The Bastard Classic Large - Grills et Saveurs","og_description":"The Bastard Urban Large Solo, noir mat","og_url":"https:\/\/www.grills-saveurs.ch\/fr\/produit\/the-bastard-classic-large\/","og_site_name":"Grills et Saveurs","article_modified_time":"2025-03-22T16:52:33+00:00","og_image":[{"width":1127,"height":1200,"url":"https:\/\/www.grills-saveurs.ch\/fr\/wp-content\/uploads\/2023\/05\/2110.03.21_Classic_Large_01.png","type":"image\/png"}],"twitter_card":"summary_large_image","twitter_misc":{"Dur\u00e9e de lecture estim\u00e9e":"1 minute"},"schema":{"@context":"https:\/\/schema.org","@graph":[{"@type":"WebSite","@id":"https:\/\/www.grills-saveurs.ch\/fr\/#website","url":"https:\/\/www.grills-saveurs.ch\/fr\/","name":"Grills et Saveurs","description":"Barbecues, Grills, Planchas, Chemin\u00e9es jardin - Lausanne, Suisse Romande","potentialAction":[{"@type":"SearchAction","target":{"@type":"EntryPoint","urlTemplate":"https:\/\/www.grills-saveurs.ch\/fr\/?s={search_term_string}"},"query-input":"required name=search_term_string"}],"inLanguage":"fr-FR"},{"@type":"ImageObject","@id":"https:\/\/www.grills-saveurs.ch\/fr\/produit\/the-bastard-classic-large\/#primaryimage","inLanguage":"fr-FR","url":"https:\/\/www.grills-saveurs.ch\/fr\/wp-content\/uploads\/2023\/05\/2110.03.21_Classic_Large_01.png","contentUrl":"https:\/\/www.grills-saveurs.ch\/fr\/wp-content\/uploads\/2023\/05\/2110.03.21_Classic_Large_01.png","width":1127,"height":1200},{"@type":"WebPage","@id":"https:\/\/www.grills-saveurs.ch\/fr\/produit\/the-bastard-classic-large\/#webpage","url":"https:\/\/www.grills-saveurs.ch\/fr\/produit\/the-bastard-classic-large\/","name":"The Bastard Classic Large - Grills et Saveurs","isPartOf":{"@id":"https:\/\/www.grills-saveurs.ch\/fr\/#website"},"primaryImageOfPage":{"@id":"https:\/\/www.grills-saveurs.ch\/fr\/produit\/the-bastard-classic-large\/#primaryimage"},"datePublished":"2023-05-01T14:08:06+00:00","dateModified":"2025-03-22T16:52:33+00:00","description":"The Bastard Urban Large Solo, noir mat","breadcrumb":{"@id":"https:\/\/www.grills-saveurs.ch\/fr\/produit\/the-bastard-classic-large\/#breadcrumb"},"inLanguage":"fr-FR","potentialAction":[{"@type":"ReadAction","target":["https:\/\/www.grills-saveurs.ch\/fr\/produit\/the-bastard-classic-large\/"]}]},{"@type":"BreadcrumbList","@id":"https:\/\/www.grills-saveurs.ch\/fr\/produit\/the-bastard-classic-large\/#breadcrumb","itemListElement":[{"@type":"ListItem","position":1,"name":"Accueil","item":"https:\/\/www.grills-saveurs.ch\/fr\/"},{"@type":"ListItem","position":2,"name":"Shop \/ Boutique","item":"https:\/\/www.grills-saveurs.ch\/fr\/boutique\/"},{"@type":"ListItem","position":3,"name":"The Bastard Classic Large"}]}]}},"_links":{"self":[{"href":"https:\/\/www.grills-saveurs.ch\/fr\/wp-json\/wp\/v2\/product\/8795"}],"collection":[{"href":"https:\/\/www.grills-saveurs.ch\/fr\/wp-json\/wp\/v2\/product"}],"about":[{"href":"https:\/\/www.grills-saveurs.ch\/fr\/wp-json\/wp\/v2\/types\/product"}],"wp:featuredmedia":[{"embeddable":true,"href":"https:\/\/www.grills-saveurs.ch\/fr\/wp-json\/wp\/v2\/media\/8796"}],"wp:attachment":[{"href":"https:\/\/www.grills-saveurs.ch\/fr\/wp-json\/wp\/v2\/media?parent=8795"}],"wp:term":[{"taxonomy":"product_cat","embeddable":true,"href":"https:\/\/www.grills-saveurs.ch\/fr\/wp-json\/wp\/v2\/product_cat?post=8795"},{"taxonomy":"product_tag","embeddable":true,"href":"https:\/\/www.grills-saveurs.ch\/fr\/wp-json\/wp\/v2\/product_tag?post=8795"}],"curies":[{"name":"wp","href":"https:\/\/api.w.org\/{rel}","templated":true}]}}