{"id":8858,"date":"2023-05-12T14:46:28","date_gmt":"2023-05-12T12:46:28","guid":{"rendered":"https:\/\/www.grills-saveurs.ch\/fr\/?post_type=product&#038;p=8858"},"modified":"2024-06-22T09:38:11","modified_gmt":"2024-06-22T07:38:11","slug":"broil-king-smoke-offset-pellet-500","status":"publish","type":"product","link":"https:\/\/www.grills-saveurs.ch\/fr\/produit\/broil-king-smoke-offset-pellet-500\/","title":{"rendered":"Broil King &#8211; Smoke Offset 500"},"content":{"rendered":"<p>6\u00a0grilles de cuisson en fonte \u00e9maill\u00e9e mate<br \/>\nSurface de cuisson 80\u00a0x\u00a048,5\u00a0cm<br \/>\nCouvercle \u00e0 double paroi avec bande d\u2019\u00e9tanch\u00e9it\u00e9<br \/>\nThermom\u00e8tre Deluxe Accu-Temp\u2122<br \/>\nDeux chambres de cuisson robustes en acier de 2\u00a0mm<br \/>\nd\u2019\u00e9paisseur avec finition peinture poudr\u00e9e noire \u00e9poxy<br \/>\n3 Clapets d\u2019a\u00e9ration Roto-Draft\u2122 enti\u00e8rement r\u00e9glables<br \/>\nCouvercles \u00e0 ouverture lat\u00e9rale en acier avec poign\u00e9e en acier chrom\u00e9 Bac \u00e0 cendres amovible pour un nettoyage facile<br \/>\nPoign\u00e9e de couvercle en acier inoxydable<br \/>\nTablette frontale amovible noire<br \/>\nEtag\u00e8re suppl\u00e9mentaire<br \/>\nDeux roues, deux pieds r\u00e9glables en hauteur<\/p>\n<p><strong>Dimensions<\/strong><\/p>\n<p>Longueur: 164\u00a0cm<br \/>\nLargeur: 66\u00a0cm<br \/>\nHauteur: 130\u00a0cm<br \/>\nPoids: 90\u00a0kg<\/p>\n","protected":false},"excerpt":{"rendered":"<p>R\u00e9f. 958050<\/p>\n","protected":false},"featured_media":8860,"template":"","meta":[],"product_cat":[260],"product_tag":[187],"yoast_head":"<!-- This site is optimized with the Yoast SEO plugin v18.2 - https:\/\/yoast.com\/wordpress\/plugins\/seo\/ -->\n<title>Broil King - Smoke Offset 500 - Grills et Saveurs<\/title>\n<meta name=\"description\" content=\"Il suffit de le r\u00e9gler et de l\u2019oublier avec la commodit\u00e9, la technologie, la performance et la saveur qu\u2019offrent les grils de la s\u00e9rie Pellet de Broil King.\" \/>\n<meta name=\"robots\" content=\"index, follow, max-snippet:-1, max-image-preview:large, max-video-preview:-1\" \/>\n<link rel=\"canonical\" href=\"https:\/\/www.grills-saveurs.ch\/fr\/produit\/broil-king-smoke-offset-pellet-500\/\" \/>\n<meta property=\"og:locale\" content=\"fr_FR\" \/>\n<meta property=\"og:type\" content=\"article\" \/>\n<meta property=\"og:title\" content=\"Broil King - Smoke Offset 500 - Grills et Saveurs\" \/>\n<meta property=\"og:description\" content=\"Il suffit de le r\u00e9gler et de l\u2019oublier avec la commodit\u00e9, la technologie, la performance et la saveur qu\u2019offrent les grils de la s\u00e9rie Pellet de Broil King.\" \/>\n<meta property=\"og:url\" content=\"https:\/\/www.grills-saveurs.ch\/fr\/produit\/broil-king-smoke-offset-pellet-500\/\" \/>\n<meta property=\"og:site_name\" content=\"Grills et Saveurs\" \/>\n<meta property=\"article:modified_time\" content=\"2024-06-22T07:38:11+00:00\" \/>\n<meta property=\"og:image\" content=\"https:\/\/www.grills-saveurs.ch\/fr\/wp-content\/uploads\/2023\/05\/Regal-Charcoal-Offset-500_Front_01.jpg\" \/>\n\t<meta property=\"og:image:width\" content=\"600\" \/>\n\t<meta property=\"og:image:height\" content=\"600\" \/>\n\t<meta property=\"og:image:type\" content=\"image\/jpeg\" \/>\n<meta name=\"twitter:card\" content=\"summary_large_image\" \/>\n<meta name=\"twitter:label1\" content=\"Dur\u00e9e de lecture estim\u00e9e\" \/>\n\t<meta name=\"twitter:data1\" content=\"1 minute\" \/>\n<script type=\"application\/ld+json\" class=\"yoast-schema-graph\">{\"@context\":\"https:\/\/schema.org\",\"@graph\":[{\"@type\":\"WebSite\",\"@id\":\"https:\/\/www.grills-saveurs.ch\/fr\/#website\",\"url\":\"https:\/\/www.grills-saveurs.ch\/fr\/\",\"name\":\"Grills et Saveurs\",\"description\":\"Barbecues, Grills, Planchas, Chemin\u00e9es jardin - Lausanne, Suisse Romande\",\"potentialAction\":[{\"@type\":\"SearchAction\",\"target\":{\"@type\":\"EntryPoint\",\"urlTemplate\":\"https:\/\/www.grills-saveurs.ch\/fr\/?s={search_term_string}\"},\"query-input\":\"required name=search_term_string\"}],\"inLanguage\":\"fr-FR\"},{\"@type\":\"ImageObject\",\"@id\":\"https:\/\/www.grills-saveurs.ch\/fr\/produit\/broil-king-smoke-offset-pellet-500\/#primaryimage\",\"inLanguage\":\"fr-FR\",\"url\":\"https:\/\/www.grills-saveurs.ch\/fr\/wp-content\/uploads\/2023\/05\/Regal-Charcoal-Offset-500_Front_01.jpg\",\"contentUrl\":\"https:\/\/www.grills-saveurs.ch\/fr\/wp-content\/uploads\/2023\/05\/Regal-Charcoal-Offset-500_Front_01.jpg\",\"width\":600,\"height\":600},{\"@type\":\"WebPage\",\"@id\":\"https:\/\/www.grills-saveurs.ch\/fr\/produit\/broil-king-smoke-offset-pellet-500\/#webpage\",\"url\":\"https:\/\/www.grills-saveurs.ch\/fr\/produit\/broil-king-smoke-offset-pellet-500\/\",\"name\":\"Broil King - Smoke Offset 500 - Grills et Saveurs\",\"isPartOf\":{\"@id\":\"https:\/\/www.grills-saveurs.ch\/fr\/#website\"},\"primaryImageOfPage\":{\"@id\":\"https:\/\/www.grills-saveurs.ch\/fr\/produit\/broil-king-smoke-offset-pellet-500\/#primaryimage\"},\"datePublished\":\"2023-05-12T12:46:28+00:00\",\"dateModified\":\"2024-06-22T07:38:11+00:00\",\"description\":\"Il suffit de le r\u00e9gler et de l\u2019oublier avec la commodit\u00e9, la technologie, la performance et la saveur qu\u2019offrent les grils de la s\u00e9rie Pellet de Broil King.\",\"breadcrumb\":{\"@id\":\"https:\/\/www.grills-saveurs.ch\/fr\/produit\/broil-king-smoke-offset-pellet-500\/#breadcrumb\"},\"inLanguage\":\"fr-FR\",\"potentialAction\":[{\"@type\":\"ReadAction\",\"target\":[\"https:\/\/www.grills-saveurs.ch\/fr\/produit\/broil-king-smoke-offset-pellet-500\/\"]}]},{\"@type\":\"BreadcrumbList\",\"@id\":\"https:\/\/www.grills-saveurs.ch\/fr\/produit\/broil-king-smoke-offset-pellet-500\/#breadcrumb\",\"itemListElement\":[{\"@type\":\"ListItem\",\"position\":1,\"name\":\"Accueil\",\"item\":\"https:\/\/www.grills-saveurs.ch\/fr\/\"},{\"@type\":\"ListItem\",\"position\":2,\"name\":\"Shop \/ Boutique\",\"item\":\"https:\/\/www.grills-saveurs.ch\/fr\/boutique\/\"},{\"@type\":\"ListItem\",\"position\":3,\"name\":\"Broil King &#8211; Smoke Offset 500\"}]}]}<\/script>\n<!-- \/ Yoast SEO plugin. -->","yoast_head_json":{"title":"Broil King - Smoke Offset 500 - Grills et Saveurs","description":"Il suffit de le r\u00e9gler et de l\u2019oublier avec la commodit\u00e9, la technologie, la performance et la saveur qu\u2019offrent les grils de la s\u00e9rie Pellet de Broil King.","robots":{"index":"index","follow":"follow","max-snippet":"max-snippet:-1","max-image-preview":"max-image-preview:large","max-video-preview":"max-video-preview:-1"},"canonical":"https:\/\/www.grills-saveurs.ch\/fr\/produit\/broil-king-smoke-offset-pellet-500\/","og_locale":"fr_FR","og_type":"article","og_title":"Broil King - Smoke Offset 500 - Grills et Saveurs","og_description":"Il suffit de le r\u00e9gler et de l\u2019oublier avec la commodit\u00e9, la technologie, la performance et la saveur qu\u2019offrent les grils de la s\u00e9rie Pellet de Broil King.","og_url":"https:\/\/www.grills-saveurs.ch\/fr\/produit\/broil-king-smoke-offset-pellet-500\/","og_site_name":"Grills et Saveurs","article_modified_time":"2024-06-22T07:38:11+00:00","og_image":[{"width":600,"height":600,"url":"https:\/\/www.grills-saveurs.ch\/fr\/wp-content\/uploads\/2023\/05\/Regal-Charcoal-Offset-500_Front_01.jpg","type":"image\/jpeg"}],"twitter_card":"summary_large_image","twitter_misc":{"Dur\u00e9e de lecture estim\u00e9e":"1 minute"},"schema":{"@context":"https:\/\/schema.org","@graph":[{"@type":"WebSite","@id":"https:\/\/www.grills-saveurs.ch\/fr\/#website","url":"https:\/\/www.grills-saveurs.ch\/fr\/","name":"Grills et Saveurs","description":"Barbecues, Grills, Planchas, Chemin\u00e9es jardin - Lausanne, Suisse Romande","potentialAction":[{"@type":"SearchAction","target":{"@type":"EntryPoint","urlTemplate":"https:\/\/www.grills-saveurs.ch\/fr\/?s={search_term_string}"},"query-input":"required name=search_term_string"}],"inLanguage":"fr-FR"},{"@type":"ImageObject","@id":"https:\/\/www.grills-saveurs.ch\/fr\/produit\/broil-king-smoke-offset-pellet-500\/#primaryimage","inLanguage":"fr-FR","url":"https:\/\/www.grills-saveurs.ch\/fr\/wp-content\/uploads\/2023\/05\/Regal-Charcoal-Offset-500_Front_01.jpg","contentUrl":"https:\/\/www.grills-saveurs.ch\/fr\/wp-content\/uploads\/2023\/05\/Regal-Charcoal-Offset-500_Front_01.jpg","width":600,"height":600},{"@type":"WebPage","@id":"https:\/\/www.grills-saveurs.ch\/fr\/produit\/broil-king-smoke-offset-pellet-500\/#webpage","url":"https:\/\/www.grills-saveurs.ch\/fr\/produit\/broil-king-smoke-offset-pellet-500\/","name":"Broil King - Smoke Offset 500 - Grills et Saveurs","isPartOf":{"@id":"https:\/\/www.grills-saveurs.ch\/fr\/#website"},"primaryImageOfPage":{"@id":"https:\/\/www.grills-saveurs.ch\/fr\/produit\/broil-king-smoke-offset-pellet-500\/#primaryimage"},"datePublished":"2023-05-12T12:46:28+00:00","dateModified":"2024-06-22T07:38:11+00:00","description":"Il suffit de le r\u00e9gler et de l\u2019oublier avec la commodit\u00e9, la technologie, la performance et la saveur qu\u2019offrent les grils de la s\u00e9rie Pellet de Broil King.","breadcrumb":{"@id":"https:\/\/www.grills-saveurs.ch\/fr\/produit\/broil-king-smoke-offset-pellet-500\/#breadcrumb"},"inLanguage":"fr-FR","potentialAction":[{"@type":"ReadAction","target":["https:\/\/www.grills-saveurs.ch\/fr\/produit\/broil-king-smoke-offset-pellet-500\/"]}]},{"@type":"BreadcrumbList","@id":"https:\/\/www.grills-saveurs.ch\/fr\/produit\/broil-king-smoke-offset-pellet-500\/#breadcrumb","itemListElement":[{"@type":"ListItem","position":1,"name":"Accueil","item":"https:\/\/www.grills-saveurs.ch\/fr\/"},{"@type":"ListItem","position":2,"name":"Shop \/ Boutique","item":"https:\/\/www.grills-saveurs.ch\/fr\/boutique\/"},{"@type":"ListItem","position":3,"name":"Broil King &#8211; Smoke Offset 500"}]}]}},"_links":{"self":[{"href":"https:\/\/www.grills-saveurs.ch\/fr\/wp-json\/wp\/v2\/product\/8858"}],"collection":[{"href":"https:\/\/www.grills-saveurs.ch\/fr\/wp-json\/wp\/v2\/product"}],"about":[{"href":"https:\/\/www.grills-saveurs.ch\/fr\/wp-json\/wp\/v2\/types\/product"}],"wp:featuredmedia":[{"embeddable":true,"href":"https:\/\/www.grills-saveurs.ch\/fr\/wp-json\/wp\/v2\/media\/8860"}],"wp:attachment":[{"href":"https:\/\/www.grills-saveurs.ch\/fr\/wp-json\/wp\/v2\/media?parent=8858"}],"wp:term":[{"taxonomy":"product_cat","embeddable":true,"href":"https:\/\/www.grills-saveurs.ch\/fr\/wp-json\/wp\/v2\/product_cat?post=8858"},{"taxonomy":"product_tag","embeddable":true,"href":"https:\/\/www.grills-saveurs.ch\/fr\/wp-json\/wp\/v2\/product_tag?post=8858"}],"curies":[{"name":"wp","href":"https:\/\/api.w.org\/{rel}","templated":true}]}}