{"id":8865,"date":"2023-05-12T15:06:49","date_gmt":"2023-05-12T13:06:49","guid":{"rendered":"https:\/\/www.grills-saveurs.ch\/fr\/?post_type=product&#038;p=8865"},"modified":"2024-03-21T09:33:34","modified_gmt":"2024-03-21T08:33:34","slug":"kit-de-stockage-de-pellets-serie-500","status":"publish","type":"product","link":"https:\/\/www.grills-saveurs.ch\/fr\/produit\/kit-de-stockage-de-pellets-serie-500\/","title":{"rendered":"Kit de stockage de pellets s\u00e9rie 500"},"content":{"rendered":"<p>Etag\u00e8re avant pour le Regal\u2122 Pellet s\u00e9rie 500.<br \/>\nCette \u00e9tag\u00e8re offre un espace suppl\u00e9mentaire et des crochets pour vos ustensiles.<\/p>\n","protected":false},"excerpt":{"rendered":"<p>R\u00e9f. 60685<\/p>\n","protected":false},"featured_media":8866,"template":"","meta":[],"product_cat":[251,194,198,212],"product_tag":[187],"yoast_head":"<!-- This site is optimized with the Yoast SEO plugin v18.2 - https:\/\/yoast.com\/wordpress\/plugins\/seo\/ -->\n<title>Kit de stockage de pellets s\u00e9rie 500 - Grills et Saveurs<\/title>\n<meta name=\"description\" content=\"Etag\u00e8re avant pour le Regal\u2122 Pellet s\u00e9rie 500.Cette \u00e9tag\u00e8re offre un espace suppl\u00e9mentaire et des crochets pour vos ustensiles.\" \/>\n<meta name=\"robots\" content=\"index, follow, max-snippet:-1, max-image-preview:large, max-video-preview:-1\" \/>\n<link rel=\"canonical\" href=\"https:\/\/www.grills-saveurs.ch\/fr\/produit\/kit-de-stockage-de-pellets-serie-500\/\" \/>\n<meta property=\"og:locale\" content=\"fr_FR\" \/>\n<meta property=\"og:type\" content=\"article\" \/>\n<meta property=\"og:title\" content=\"Kit de stockage de pellets s\u00e9rie 500 - Grills et Saveurs\" \/>\n<meta property=\"og:description\" content=\"Etag\u00e8re avant pour le Regal\u2122 Pellet s\u00e9rie 500.Cette \u00e9tag\u00e8re offre un espace suppl\u00e9mentaire et des crochets pour vos ustensiles.\" \/>\n<meta property=\"og:url\" content=\"https:\/\/www.grills-saveurs.ch\/fr\/produit\/kit-de-stockage-de-pellets-serie-500\/\" \/>\n<meta property=\"og:site_name\" content=\"Grills et Saveurs\" \/>\n<meta property=\"article:modified_time\" content=\"2024-03-21T08:33:34+00:00\" \/>\n<meta property=\"og:image\" content=\"https:\/\/www.grills-saveurs.ch\/fr\/wp-content\/uploads\/2023\/05\/BK_60685-Pellet-Shelf-Kit_item_01.jpg\" \/>\n\t<meta property=\"og:image:width\" content=\"600\" \/>\n\t<meta property=\"og:image:height\" content=\"600\" \/>\n\t<meta property=\"og:image:type\" content=\"image\/jpeg\" \/>\n<meta name=\"twitter:card\" content=\"summary_large_image\" \/>\n<script type=\"application\/ld+json\" class=\"yoast-schema-graph\">{\"@context\":\"https:\/\/schema.org\",\"@graph\":[{\"@type\":\"WebSite\",\"@id\":\"https:\/\/www.grills-saveurs.ch\/fr\/#website\",\"url\":\"https:\/\/www.grills-saveurs.ch\/fr\/\",\"name\":\"Grills et Saveurs\",\"description\":\"Barbecues, Grills, Planchas, Chemin\u00e9es jardin - Lausanne, Suisse Romande\",\"potentialAction\":[{\"@type\":\"SearchAction\",\"target\":{\"@type\":\"EntryPoint\",\"urlTemplate\":\"https:\/\/www.grills-saveurs.ch\/fr\/?s={search_term_string}\"},\"query-input\":\"required name=search_term_string\"}],\"inLanguage\":\"fr-FR\"},{\"@type\":\"ImageObject\",\"@id\":\"https:\/\/www.grills-saveurs.ch\/fr\/produit\/kit-de-stockage-de-pellets-serie-500\/#primaryimage\",\"inLanguage\":\"fr-FR\",\"url\":\"https:\/\/www.grills-saveurs.ch\/fr\/wp-content\/uploads\/2023\/05\/BK_60685-Pellet-Shelf-Kit_item_01.jpg\",\"contentUrl\":\"https:\/\/www.grills-saveurs.ch\/fr\/wp-content\/uploads\/2023\/05\/BK_60685-Pellet-Shelf-Kit_item_01.jpg\",\"width\":600,\"height\":600},{\"@type\":\"WebPage\",\"@id\":\"https:\/\/www.grills-saveurs.ch\/fr\/produit\/kit-de-stockage-de-pellets-serie-500\/#webpage\",\"url\":\"https:\/\/www.grills-saveurs.ch\/fr\/produit\/kit-de-stockage-de-pellets-serie-500\/\",\"name\":\"Kit de stockage de pellets s\u00e9rie 500 - Grills et Saveurs\",\"isPartOf\":{\"@id\":\"https:\/\/www.grills-saveurs.ch\/fr\/#website\"},\"primaryImageOfPage\":{\"@id\":\"https:\/\/www.grills-saveurs.ch\/fr\/produit\/kit-de-stockage-de-pellets-serie-500\/#primaryimage\"},\"datePublished\":\"2023-05-12T13:06:49+00:00\",\"dateModified\":\"2024-03-21T08:33:34+00:00\",\"description\":\"Etag\u00e8re avant pour le Regal\u2122 Pellet s\u00e9rie 500.Cette \u00e9tag\u00e8re offre un espace suppl\u00e9mentaire et des crochets pour vos ustensiles.\",\"breadcrumb\":{\"@id\":\"https:\/\/www.grills-saveurs.ch\/fr\/produit\/kit-de-stockage-de-pellets-serie-500\/#breadcrumb\"},\"inLanguage\":\"fr-FR\",\"potentialAction\":[{\"@type\":\"ReadAction\",\"target\":[\"https:\/\/www.grills-saveurs.ch\/fr\/produit\/kit-de-stockage-de-pellets-serie-500\/\"]}]},{\"@type\":\"BreadcrumbList\",\"@id\":\"https:\/\/www.grills-saveurs.ch\/fr\/produit\/kit-de-stockage-de-pellets-serie-500\/#breadcrumb\",\"itemListElement\":[{\"@type\":\"ListItem\",\"position\":1,\"name\":\"Accueil\",\"item\":\"https:\/\/www.grills-saveurs.ch\/fr\/\"},{\"@type\":\"ListItem\",\"position\":2,\"name\":\"Shop \/ Boutique\",\"item\":\"https:\/\/www.grills-saveurs.ch\/fr\/boutique\/\"},{\"@type\":\"ListItem\",\"position\":3,\"name\":\"Kit de stockage de pellets s\u00e9rie 500\"}]}]}<\/script>\n<!-- \/ Yoast SEO plugin. -->","yoast_head_json":{"title":"Kit de stockage de pellets s\u00e9rie 500 - Grills et Saveurs","description":"Etag\u00e8re avant pour le Regal\u2122 Pellet s\u00e9rie 500.Cette \u00e9tag\u00e8re offre un espace suppl\u00e9mentaire et des crochets pour vos ustensiles.","robots":{"index":"index","follow":"follow","max-snippet":"max-snippet:-1","max-image-preview":"max-image-preview:large","max-video-preview":"max-video-preview:-1"},"canonical":"https:\/\/www.grills-saveurs.ch\/fr\/produit\/kit-de-stockage-de-pellets-serie-500\/","og_locale":"fr_FR","og_type":"article","og_title":"Kit de stockage de pellets s\u00e9rie 500 - Grills et Saveurs","og_description":"Etag\u00e8re avant pour le Regal\u2122 Pellet s\u00e9rie 500.Cette \u00e9tag\u00e8re offre un espace suppl\u00e9mentaire et des crochets pour vos ustensiles.","og_url":"https:\/\/www.grills-saveurs.ch\/fr\/produit\/kit-de-stockage-de-pellets-serie-500\/","og_site_name":"Grills et Saveurs","article_modified_time":"2024-03-21T08:33:34+00:00","og_image":[{"width":600,"height":600,"url":"https:\/\/www.grills-saveurs.ch\/fr\/wp-content\/uploads\/2023\/05\/BK_60685-Pellet-Shelf-Kit_item_01.jpg","type":"image\/jpeg"}],"twitter_card":"summary_large_image","schema":{"@context":"https:\/\/schema.org","@graph":[{"@type":"WebSite","@id":"https:\/\/www.grills-saveurs.ch\/fr\/#website","url":"https:\/\/www.grills-saveurs.ch\/fr\/","name":"Grills et Saveurs","description":"Barbecues, Grills, Planchas, Chemin\u00e9es jardin - Lausanne, Suisse Romande","potentialAction":[{"@type":"SearchAction","target":{"@type":"EntryPoint","urlTemplate":"https:\/\/www.grills-saveurs.ch\/fr\/?s={search_term_string}"},"query-input":"required name=search_term_string"}],"inLanguage":"fr-FR"},{"@type":"ImageObject","@id":"https:\/\/www.grills-saveurs.ch\/fr\/produit\/kit-de-stockage-de-pellets-serie-500\/#primaryimage","inLanguage":"fr-FR","url":"https:\/\/www.grills-saveurs.ch\/fr\/wp-content\/uploads\/2023\/05\/BK_60685-Pellet-Shelf-Kit_item_01.jpg","contentUrl":"https:\/\/www.grills-saveurs.ch\/fr\/wp-content\/uploads\/2023\/05\/BK_60685-Pellet-Shelf-Kit_item_01.jpg","width":600,"height":600},{"@type":"WebPage","@id":"https:\/\/www.grills-saveurs.ch\/fr\/produit\/kit-de-stockage-de-pellets-serie-500\/#webpage","url":"https:\/\/www.grills-saveurs.ch\/fr\/produit\/kit-de-stockage-de-pellets-serie-500\/","name":"Kit de stockage de pellets s\u00e9rie 500 - Grills et Saveurs","isPartOf":{"@id":"https:\/\/www.grills-saveurs.ch\/fr\/#website"},"primaryImageOfPage":{"@id":"https:\/\/www.grills-saveurs.ch\/fr\/produit\/kit-de-stockage-de-pellets-serie-500\/#primaryimage"},"datePublished":"2023-05-12T13:06:49+00:00","dateModified":"2024-03-21T08:33:34+00:00","description":"Etag\u00e8re avant pour le Regal\u2122 Pellet s\u00e9rie 500.Cette \u00e9tag\u00e8re offre un espace suppl\u00e9mentaire et des crochets pour vos ustensiles.","breadcrumb":{"@id":"https:\/\/www.grills-saveurs.ch\/fr\/produit\/kit-de-stockage-de-pellets-serie-500\/#breadcrumb"},"inLanguage":"fr-FR","potentialAction":[{"@type":"ReadAction","target":["https:\/\/www.grills-saveurs.ch\/fr\/produit\/kit-de-stockage-de-pellets-serie-500\/"]}]},{"@type":"BreadcrumbList","@id":"https:\/\/www.grills-saveurs.ch\/fr\/produit\/kit-de-stockage-de-pellets-serie-500\/#breadcrumb","itemListElement":[{"@type":"ListItem","position":1,"name":"Accueil","item":"https:\/\/www.grills-saveurs.ch\/fr\/"},{"@type":"ListItem","position":2,"name":"Shop \/ Boutique","item":"https:\/\/www.grills-saveurs.ch\/fr\/boutique\/"},{"@type":"ListItem","position":3,"name":"Kit de stockage de pellets s\u00e9rie 500"}]}]}},"_links":{"self":[{"href":"https:\/\/www.grills-saveurs.ch\/fr\/wp-json\/wp\/v2\/product\/8865"}],"collection":[{"href":"https:\/\/www.grills-saveurs.ch\/fr\/wp-json\/wp\/v2\/product"}],"about":[{"href":"https:\/\/www.grills-saveurs.ch\/fr\/wp-json\/wp\/v2\/types\/product"}],"wp:featuredmedia":[{"embeddable":true,"href":"https:\/\/www.grills-saveurs.ch\/fr\/wp-json\/wp\/v2\/media\/8866"}],"wp:attachment":[{"href":"https:\/\/www.grills-saveurs.ch\/fr\/wp-json\/wp\/v2\/media?parent=8865"}],"wp:term":[{"taxonomy":"product_cat","embeddable":true,"href":"https:\/\/www.grills-saveurs.ch\/fr\/wp-json\/wp\/v2\/product_cat?post=8865"},{"taxonomy":"product_tag","embeddable":true,"href":"https:\/\/www.grills-saveurs.ch\/fr\/wp-json\/wp\/v2\/product_tag?post=8865"}],"curies":[{"name":"wp","href":"https:\/\/api.w.org\/{rel}","templated":true}]}}