{"id":8898,"date":"2023-05-17T09:54:11","date_gmt":"2023-05-17T07:54:11","guid":{"rendered":"https:\/\/www.grills-saveurs.ch\/fr\/?post_type=product&#038;p=8898"},"modified":"2024-03-13T21:00:27","modified_gmt":"2024-03-13T20:00:27","slug":"support-a-ailes-de-poulet","status":"publish","type":"product","link":"https:\/\/www.grills-saveurs.ch\/fr\/produit\/support-a-ailes-de-poulet\/","title":{"rendered":"Support \u00e0 ailes de poulet"},"content":{"rendered":"<p>L\u2019ensemble du support \u00e0 ailes de poulet contient un plateau en inox et le support en question. Les diff\u00e9rents morceaux de poulet sont accroch\u00e9s dans le support et ne sont donc pas en contact avec la grille du barbecue, ce qui \u00e9vite \u00e0 la viande de s\u2019embraser ou d\u2019attacher. <\/p>\n<p>Dimensions env. 17, 5 x 33 x 15\u00a0cm.<\/p>\n","protected":false},"excerpt":{"rendered":"<p>R\u00e9f. 64152<\/p>\n","protected":false},"featured_media":8899,"template":"","meta":[],"product_cat":[251,212],"product_tag":[187],"yoast_head":"<!-- This site is optimized with the Yoast SEO plugin v18.2 - https:\/\/yoast.com\/wordpress\/plugins\/seo\/ -->\n<title>Support \u00e0 ailes de poulet - Grills et Saveurs<\/title>\n<meta name=\"description\" content=\"L\u2019ensemble du support \u00e0 ailes de poulet contient un plateau en inox et le support en question.\" \/>\n<meta name=\"robots\" content=\"index, follow, max-snippet:-1, max-image-preview:large, max-video-preview:-1\" \/>\n<link rel=\"canonical\" href=\"https:\/\/www.grills-saveurs.ch\/fr\/produit\/support-a-ailes-de-poulet\/\" \/>\n<meta property=\"og:locale\" content=\"fr_FR\" \/>\n<meta property=\"og:type\" content=\"article\" \/>\n<meta property=\"og:title\" content=\"Support \u00e0 ailes de poulet - Grills et Saveurs\" \/>\n<meta property=\"og:description\" content=\"L\u2019ensemble du support \u00e0 ailes de poulet contient un plateau en inox et le support en question.\" \/>\n<meta property=\"og:url\" content=\"https:\/\/www.grills-saveurs.ch\/fr\/produit\/support-a-ailes-de-poulet\/\" \/>\n<meta property=\"og:site_name\" content=\"Grills et Saveurs\" \/>\n<meta property=\"article:modified_time\" content=\"2024-03-13T20:00:27+00:00\" \/>\n<meta property=\"og:image\" content=\"https:\/\/www.grills-saveurs.ch\/fr\/wp-content\/uploads\/2023\/05\/accessory_64152-10.jpg\" \/>\n\t<meta property=\"og:image:width\" content=\"600\" \/>\n\t<meta property=\"og:image:height\" content=\"600\" \/>\n\t<meta property=\"og:image:type\" content=\"image\/jpeg\" \/>\n<meta name=\"twitter:card\" content=\"summary_large_image\" \/>\n<meta name=\"twitter:label1\" content=\"Dur\u00e9e de lecture estim\u00e9e\" \/>\n\t<meta name=\"twitter:data1\" content=\"1 minute\" \/>\n<script type=\"application\/ld+json\" class=\"yoast-schema-graph\">{\"@context\":\"https:\/\/schema.org\",\"@graph\":[{\"@type\":\"WebSite\",\"@id\":\"https:\/\/www.grills-saveurs.ch\/fr\/#website\",\"url\":\"https:\/\/www.grills-saveurs.ch\/fr\/\",\"name\":\"Grills et Saveurs\",\"description\":\"Barbecues, Grills, Planchas, Chemin\u00e9es jardin - Lausanne, Suisse Romande\",\"potentialAction\":[{\"@type\":\"SearchAction\",\"target\":{\"@type\":\"EntryPoint\",\"urlTemplate\":\"https:\/\/www.grills-saveurs.ch\/fr\/?s={search_term_string}\"},\"query-input\":\"required name=search_term_string\"}],\"inLanguage\":\"fr-FR\"},{\"@type\":\"ImageObject\",\"@id\":\"https:\/\/www.grills-saveurs.ch\/fr\/produit\/support-a-ailes-de-poulet\/#primaryimage\",\"inLanguage\":\"fr-FR\",\"url\":\"https:\/\/www.grills-saveurs.ch\/fr\/wp-content\/uploads\/2023\/05\/accessory_64152-10.jpg\",\"contentUrl\":\"https:\/\/www.grills-saveurs.ch\/fr\/wp-content\/uploads\/2023\/05\/accessory_64152-10.jpg\",\"width\":600,\"height\":600},{\"@type\":\"WebPage\",\"@id\":\"https:\/\/www.grills-saveurs.ch\/fr\/produit\/support-a-ailes-de-poulet\/#webpage\",\"url\":\"https:\/\/www.grills-saveurs.ch\/fr\/produit\/support-a-ailes-de-poulet\/\",\"name\":\"Support \u00e0 ailes de poulet - Grills et Saveurs\",\"isPartOf\":{\"@id\":\"https:\/\/www.grills-saveurs.ch\/fr\/#website\"},\"primaryImageOfPage\":{\"@id\":\"https:\/\/www.grills-saveurs.ch\/fr\/produit\/support-a-ailes-de-poulet\/#primaryimage\"},\"datePublished\":\"2023-05-17T07:54:11+00:00\",\"dateModified\":\"2024-03-13T20:00:27+00:00\",\"description\":\"L\u2019ensemble du support \u00e0 ailes de poulet contient un plateau en inox et le support en question.\",\"breadcrumb\":{\"@id\":\"https:\/\/www.grills-saveurs.ch\/fr\/produit\/support-a-ailes-de-poulet\/#breadcrumb\"},\"inLanguage\":\"fr-FR\",\"potentialAction\":[{\"@type\":\"ReadAction\",\"target\":[\"https:\/\/www.grills-saveurs.ch\/fr\/produit\/support-a-ailes-de-poulet\/\"]}]},{\"@type\":\"BreadcrumbList\",\"@id\":\"https:\/\/www.grills-saveurs.ch\/fr\/produit\/support-a-ailes-de-poulet\/#breadcrumb\",\"itemListElement\":[{\"@type\":\"ListItem\",\"position\":1,\"name\":\"Accueil\",\"item\":\"https:\/\/www.grills-saveurs.ch\/fr\/\"},{\"@type\":\"ListItem\",\"position\":2,\"name\":\"Shop \/ Boutique\",\"item\":\"https:\/\/www.grills-saveurs.ch\/fr\/boutique\/\"},{\"@type\":\"ListItem\",\"position\":3,\"name\":\"Support \u00e0 ailes de poulet\"}]}]}<\/script>\n<!-- \/ Yoast SEO plugin. -->","yoast_head_json":{"title":"Support \u00e0 ailes de poulet - Grills et Saveurs","description":"L\u2019ensemble du support \u00e0 ailes de poulet contient un plateau en inox et le support en question.","robots":{"index":"index","follow":"follow","max-snippet":"max-snippet:-1","max-image-preview":"max-image-preview:large","max-video-preview":"max-video-preview:-1"},"canonical":"https:\/\/www.grills-saveurs.ch\/fr\/produit\/support-a-ailes-de-poulet\/","og_locale":"fr_FR","og_type":"article","og_title":"Support \u00e0 ailes de poulet - Grills et Saveurs","og_description":"L\u2019ensemble du support \u00e0 ailes de poulet contient un plateau en inox et le support en question.","og_url":"https:\/\/www.grills-saveurs.ch\/fr\/produit\/support-a-ailes-de-poulet\/","og_site_name":"Grills et Saveurs","article_modified_time":"2024-03-13T20:00:27+00:00","og_image":[{"width":600,"height":600,"url":"https:\/\/www.grills-saveurs.ch\/fr\/wp-content\/uploads\/2023\/05\/accessory_64152-10.jpg","type":"image\/jpeg"}],"twitter_card":"summary_large_image","twitter_misc":{"Dur\u00e9e de lecture estim\u00e9e":"1 minute"},"schema":{"@context":"https:\/\/schema.org","@graph":[{"@type":"WebSite","@id":"https:\/\/www.grills-saveurs.ch\/fr\/#website","url":"https:\/\/www.grills-saveurs.ch\/fr\/","name":"Grills et Saveurs","description":"Barbecues, Grills, Planchas, Chemin\u00e9es jardin - Lausanne, Suisse Romande","potentialAction":[{"@type":"SearchAction","target":{"@type":"EntryPoint","urlTemplate":"https:\/\/www.grills-saveurs.ch\/fr\/?s={search_term_string}"},"query-input":"required name=search_term_string"}],"inLanguage":"fr-FR"},{"@type":"ImageObject","@id":"https:\/\/www.grills-saveurs.ch\/fr\/produit\/support-a-ailes-de-poulet\/#primaryimage","inLanguage":"fr-FR","url":"https:\/\/www.grills-saveurs.ch\/fr\/wp-content\/uploads\/2023\/05\/accessory_64152-10.jpg","contentUrl":"https:\/\/www.grills-saveurs.ch\/fr\/wp-content\/uploads\/2023\/05\/accessory_64152-10.jpg","width":600,"height":600},{"@type":"WebPage","@id":"https:\/\/www.grills-saveurs.ch\/fr\/produit\/support-a-ailes-de-poulet\/#webpage","url":"https:\/\/www.grills-saveurs.ch\/fr\/produit\/support-a-ailes-de-poulet\/","name":"Support \u00e0 ailes de poulet - Grills et Saveurs","isPartOf":{"@id":"https:\/\/www.grills-saveurs.ch\/fr\/#website"},"primaryImageOfPage":{"@id":"https:\/\/www.grills-saveurs.ch\/fr\/produit\/support-a-ailes-de-poulet\/#primaryimage"},"datePublished":"2023-05-17T07:54:11+00:00","dateModified":"2024-03-13T20:00:27+00:00","description":"L\u2019ensemble du support \u00e0 ailes de poulet contient un plateau en inox et le support en question.","breadcrumb":{"@id":"https:\/\/www.grills-saveurs.ch\/fr\/produit\/support-a-ailes-de-poulet\/#breadcrumb"},"inLanguage":"fr-FR","potentialAction":[{"@type":"ReadAction","target":["https:\/\/www.grills-saveurs.ch\/fr\/produit\/support-a-ailes-de-poulet\/"]}]},{"@type":"BreadcrumbList","@id":"https:\/\/www.grills-saveurs.ch\/fr\/produit\/support-a-ailes-de-poulet\/#breadcrumb","itemListElement":[{"@type":"ListItem","position":1,"name":"Accueil","item":"https:\/\/www.grills-saveurs.ch\/fr\/"},{"@type":"ListItem","position":2,"name":"Shop \/ Boutique","item":"https:\/\/www.grills-saveurs.ch\/fr\/boutique\/"},{"@type":"ListItem","position":3,"name":"Support \u00e0 ailes de poulet"}]}]}},"_links":{"self":[{"href":"https:\/\/www.grills-saveurs.ch\/fr\/wp-json\/wp\/v2\/product\/8898"}],"collection":[{"href":"https:\/\/www.grills-saveurs.ch\/fr\/wp-json\/wp\/v2\/product"}],"about":[{"href":"https:\/\/www.grills-saveurs.ch\/fr\/wp-json\/wp\/v2\/types\/product"}],"wp:featuredmedia":[{"embeddable":true,"href":"https:\/\/www.grills-saveurs.ch\/fr\/wp-json\/wp\/v2\/media\/8899"}],"wp:attachment":[{"href":"https:\/\/www.grills-saveurs.ch\/fr\/wp-json\/wp\/v2\/media?parent=8898"}],"wp:term":[{"taxonomy":"product_cat","embeddable":true,"href":"https:\/\/www.grills-saveurs.ch\/fr\/wp-json\/wp\/v2\/product_cat?post=8898"},{"taxonomy":"product_tag","embeddable":true,"href":"https:\/\/www.grills-saveurs.ch\/fr\/wp-json\/wp\/v2\/product_tag?post=8898"}],"curies":[{"name":"wp","href":"https:\/\/api.w.org\/{rel}","templated":true}]}}