{"id":8911,"date":"2023-05-17T10:07:59","date_gmt":"2023-05-17T08:07:59","guid":{"rendered":"https:\/\/www.grills-saveurs.ch\/fr\/?post_type=product&#038;p=8911"},"modified":"2024-03-21T09:24:44","modified_gmt":"2024-03-21T08:24:44","slug":"rotisserie-a-ribs","status":"publish","type":"product","link":"https:\/\/www.grills-saveurs.ch\/fr\/produit\/rotisserie-a-ribs\/","title":{"rendered":"R\u00f4tisserie \u00e0 ribs"},"content":{"rendered":"<p>La r\u00f4tissoire en fonte est \u00e9quip\u00e9e d\u2019un support \u00e0 c\u00f4telettes, qui emp\u00eache la viande d\u2019entrer en contact avec le fond du plat. Con\u00e7ue pour reposer directement sur la grille ou sur le Flav-R-Wave\u2122.<\/p>\n<p>Dimensions env. 14,0 x 40,6 x 10,2\u00a0cm.<\/p>\n","protected":false},"excerpt":{"rendered":"<p>R\u00e9f. 69615<\/p>\n","protected":false},"featured_media":8912,"template":"","meta":[],"product_cat":[251,212],"product_tag":[187],"yoast_head":"<!-- This site is optimized with the Yoast SEO plugin v18.2 - https:\/\/yoast.com\/wordpress\/plugins\/seo\/ -->\n<title>R\u00f4tisserie \u00e0 ribs - Grills et Saveurs<\/title>\n<meta name=\"description\" content=\"La r\u00f4tissoire en fonte est \u00e9quip\u00e9e d\u2019un support \u00e0 c\u00f4telettes, qui emp\u00eache la viande d\u2019entrer en contact avec le fond du plat. Con\u00e7ue pour reposer directement sur la grille ou sur le Flav-R-Wave\u2122.\" \/>\n<meta name=\"robots\" content=\"index, follow, max-snippet:-1, max-image-preview:large, max-video-preview:-1\" \/>\n<link rel=\"canonical\" href=\"https:\/\/www.grills-saveurs.ch\/fr\/produit\/rotisserie-a-ribs\/\" \/>\n<meta property=\"og:locale\" content=\"fr_FR\" \/>\n<meta property=\"og:type\" content=\"article\" \/>\n<meta property=\"og:title\" content=\"R\u00f4tisserie \u00e0 ribs - Grills et Saveurs\" \/>\n<meta property=\"og:description\" content=\"La r\u00f4tissoire en fonte est \u00e9quip\u00e9e d\u2019un support \u00e0 c\u00f4telettes, qui emp\u00eache la viande d\u2019entrer en contact avec le fond du plat. Con\u00e7ue pour reposer directement sur la grille ou sur le Flav-R-Wave\u2122.\" \/>\n<meta property=\"og:url\" content=\"https:\/\/www.grills-saveurs.ch\/fr\/produit\/rotisserie-a-ribs\/\" \/>\n<meta property=\"og:site_name\" content=\"Grills et Saveurs\" \/>\n<meta property=\"article:modified_time\" content=\"2024-03-21T08:24:44+00:00\" \/>\n<meta property=\"og:image\" content=\"https:\/\/www.grills-saveurs.ch\/fr\/wp-content\/uploads\/2023\/05\/feature_img_69615_02-11.jpg\" \/>\n\t<meta property=\"og:image:width\" content=\"600\" \/>\n\t<meta property=\"og:image:height\" content=\"600\" \/>\n\t<meta property=\"og:image:type\" content=\"image\/jpeg\" \/>\n<meta name=\"twitter:card\" content=\"summary_large_image\" \/>\n<meta name=\"twitter:label1\" content=\"Dur\u00e9e de lecture estim\u00e9e\" \/>\n\t<meta name=\"twitter:data1\" content=\"1 minute\" \/>\n<script type=\"application\/ld+json\" class=\"yoast-schema-graph\">{\"@context\":\"https:\/\/schema.org\",\"@graph\":[{\"@type\":\"WebSite\",\"@id\":\"https:\/\/www.grills-saveurs.ch\/fr\/#website\",\"url\":\"https:\/\/www.grills-saveurs.ch\/fr\/\",\"name\":\"Grills et Saveurs\",\"description\":\"Barbecues, Grills, Planchas, Chemin\u00e9es jardin - Lausanne, Suisse Romande\",\"potentialAction\":[{\"@type\":\"SearchAction\",\"target\":{\"@type\":\"EntryPoint\",\"urlTemplate\":\"https:\/\/www.grills-saveurs.ch\/fr\/?s={search_term_string}\"},\"query-input\":\"required name=search_term_string\"}],\"inLanguage\":\"fr-FR\"},{\"@type\":\"ImageObject\",\"@id\":\"https:\/\/www.grills-saveurs.ch\/fr\/produit\/rotisserie-a-ribs\/#primaryimage\",\"inLanguage\":\"fr-FR\",\"url\":\"https:\/\/www.grills-saveurs.ch\/fr\/wp-content\/uploads\/2023\/05\/feature_img_69615_02-11.jpg\",\"contentUrl\":\"https:\/\/www.grills-saveurs.ch\/fr\/wp-content\/uploads\/2023\/05\/feature_img_69615_02-11.jpg\",\"width\":600,\"height\":600},{\"@type\":\"WebPage\",\"@id\":\"https:\/\/www.grills-saveurs.ch\/fr\/produit\/rotisserie-a-ribs\/#webpage\",\"url\":\"https:\/\/www.grills-saveurs.ch\/fr\/produit\/rotisserie-a-ribs\/\",\"name\":\"R\u00f4tisserie \u00e0 ribs - Grills et Saveurs\",\"isPartOf\":{\"@id\":\"https:\/\/www.grills-saveurs.ch\/fr\/#website\"},\"primaryImageOfPage\":{\"@id\":\"https:\/\/www.grills-saveurs.ch\/fr\/produit\/rotisserie-a-ribs\/#primaryimage\"},\"datePublished\":\"2023-05-17T08:07:59+00:00\",\"dateModified\":\"2024-03-21T08:24:44+00:00\",\"description\":\"La r\u00f4tissoire en fonte est \u00e9quip\u00e9e d\u2019un support \u00e0 c\u00f4telettes, qui emp\u00eache la viande d\u2019entrer en contact avec le fond du plat. Con\u00e7ue pour reposer directement sur la grille ou sur le Flav-R-Wave\u2122.\",\"breadcrumb\":{\"@id\":\"https:\/\/www.grills-saveurs.ch\/fr\/produit\/rotisserie-a-ribs\/#breadcrumb\"},\"inLanguage\":\"fr-FR\",\"potentialAction\":[{\"@type\":\"ReadAction\",\"target\":[\"https:\/\/www.grills-saveurs.ch\/fr\/produit\/rotisserie-a-ribs\/\"]}]},{\"@type\":\"BreadcrumbList\",\"@id\":\"https:\/\/www.grills-saveurs.ch\/fr\/produit\/rotisserie-a-ribs\/#breadcrumb\",\"itemListElement\":[{\"@type\":\"ListItem\",\"position\":1,\"name\":\"Accueil\",\"item\":\"https:\/\/www.grills-saveurs.ch\/fr\/\"},{\"@type\":\"ListItem\",\"position\":2,\"name\":\"Shop \/ Boutique\",\"item\":\"https:\/\/www.grills-saveurs.ch\/fr\/boutique\/\"},{\"@type\":\"ListItem\",\"position\":3,\"name\":\"R\u00f4tisserie \u00e0 ribs\"}]}]}<\/script>\n<!-- \/ Yoast SEO plugin. -->","yoast_head_json":{"title":"R\u00f4tisserie \u00e0 ribs - Grills et Saveurs","description":"La r\u00f4tissoire en fonte est \u00e9quip\u00e9e d\u2019un support \u00e0 c\u00f4telettes, qui emp\u00eache la viande d\u2019entrer en contact avec le fond du plat. Con\u00e7ue pour reposer directement sur la grille ou sur le Flav-R-Wave\u2122.","robots":{"index":"index","follow":"follow","max-snippet":"max-snippet:-1","max-image-preview":"max-image-preview:large","max-video-preview":"max-video-preview:-1"},"canonical":"https:\/\/www.grills-saveurs.ch\/fr\/produit\/rotisserie-a-ribs\/","og_locale":"fr_FR","og_type":"article","og_title":"R\u00f4tisserie \u00e0 ribs - Grills et Saveurs","og_description":"La r\u00f4tissoire en fonte est \u00e9quip\u00e9e d\u2019un support \u00e0 c\u00f4telettes, qui emp\u00eache la viande d\u2019entrer en contact avec le fond du plat. Con\u00e7ue pour reposer directement sur la grille ou sur le Flav-R-Wave\u2122.","og_url":"https:\/\/www.grills-saveurs.ch\/fr\/produit\/rotisserie-a-ribs\/","og_site_name":"Grills et Saveurs","article_modified_time":"2024-03-21T08:24:44+00:00","og_image":[{"width":600,"height":600,"url":"https:\/\/www.grills-saveurs.ch\/fr\/wp-content\/uploads\/2023\/05\/feature_img_69615_02-11.jpg","type":"image\/jpeg"}],"twitter_card":"summary_large_image","twitter_misc":{"Dur\u00e9e de lecture estim\u00e9e":"1 minute"},"schema":{"@context":"https:\/\/schema.org","@graph":[{"@type":"WebSite","@id":"https:\/\/www.grills-saveurs.ch\/fr\/#website","url":"https:\/\/www.grills-saveurs.ch\/fr\/","name":"Grills et Saveurs","description":"Barbecues, Grills, Planchas, Chemin\u00e9es jardin - Lausanne, Suisse Romande","potentialAction":[{"@type":"SearchAction","target":{"@type":"EntryPoint","urlTemplate":"https:\/\/www.grills-saveurs.ch\/fr\/?s={search_term_string}"},"query-input":"required name=search_term_string"}],"inLanguage":"fr-FR"},{"@type":"ImageObject","@id":"https:\/\/www.grills-saveurs.ch\/fr\/produit\/rotisserie-a-ribs\/#primaryimage","inLanguage":"fr-FR","url":"https:\/\/www.grills-saveurs.ch\/fr\/wp-content\/uploads\/2023\/05\/feature_img_69615_02-11.jpg","contentUrl":"https:\/\/www.grills-saveurs.ch\/fr\/wp-content\/uploads\/2023\/05\/feature_img_69615_02-11.jpg","width":600,"height":600},{"@type":"WebPage","@id":"https:\/\/www.grills-saveurs.ch\/fr\/produit\/rotisserie-a-ribs\/#webpage","url":"https:\/\/www.grills-saveurs.ch\/fr\/produit\/rotisserie-a-ribs\/","name":"R\u00f4tisserie \u00e0 ribs - Grills et Saveurs","isPartOf":{"@id":"https:\/\/www.grills-saveurs.ch\/fr\/#website"},"primaryImageOfPage":{"@id":"https:\/\/www.grills-saveurs.ch\/fr\/produit\/rotisserie-a-ribs\/#primaryimage"},"datePublished":"2023-05-17T08:07:59+00:00","dateModified":"2024-03-21T08:24:44+00:00","description":"La r\u00f4tissoire en fonte est \u00e9quip\u00e9e d\u2019un support \u00e0 c\u00f4telettes, qui emp\u00eache la viande d\u2019entrer en contact avec le fond du plat. Con\u00e7ue pour reposer directement sur la grille ou sur le Flav-R-Wave\u2122.","breadcrumb":{"@id":"https:\/\/www.grills-saveurs.ch\/fr\/produit\/rotisserie-a-ribs\/#breadcrumb"},"inLanguage":"fr-FR","potentialAction":[{"@type":"ReadAction","target":["https:\/\/www.grills-saveurs.ch\/fr\/produit\/rotisserie-a-ribs\/"]}]},{"@type":"BreadcrumbList","@id":"https:\/\/www.grills-saveurs.ch\/fr\/produit\/rotisserie-a-ribs\/#breadcrumb","itemListElement":[{"@type":"ListItem","position":1,"name":"Accueil","item":"https:\/\/www.grills-saveurs.ch\/fr\/"},{"@type":"ListItem","position":2,"name":"Shop \/ Boutique","item":"https:\/\/www.grills-saveurs.ch\/fr\/boutique\/"},{"@type":"ListItem","position":3,"name":"R\u00f4tisserie \u00e0 ribs"}]}]}},"_links":{"self":[{"href":"https:\/\/www.grills-saveurs.ch\/fr\/wp-json\/wp\/v2\/product\/8911"}],"collection":[{"href":"https:\/\/www.grills-saveurs.ch\/fr\/wp-json\/wp\/v2\/product"}],"about":[{"href":"https:\/\/www.grills-saveurs.ch\/fr\/wp-json\/wp\/v2\/types\/product"}],"wp:featuredmedia":[{"embeddable":true,"href":"https:\/\/www.grills-saveurs.ch\/fr\/wp-json\/wp\/v2\/media\/8912"}],"wp:attachment":[{"href":"https:\/\/www.grills-saveurs.ch\/fr\/wp-json\/wp\/v2\/media?parent=8911"}],"wp:term":[{"taxonomy":"product_cat","embeddable":true,"href":"https:\/\/www.grills-saveurs.ch\/fr\/wp-json\/wp\/v2\/product_cat?post=8911"},{"taxonomy":"product_tag","embeddable":true,"href":"https:\/\/www.grills-saveurs.ch\/fr\/wp-json\/wp\/v2\/product_tag?post=8911"}],"curies":[{"name":"wp","href":"https:\/\/api.w.org\/{rel}","templated":true}]}}