{"id":8926,"date":"2023-05-17T10:21:07","date_gmt":"2023-05-17T08:21:07","guid":{"rendered":"https:\/\/www.grills-saveurs.ch\/fr\/?post_type=product&#038;p=8926"},"modified":"2024-03-14T09:47:40","modified_gmt":"2024-03-14T08:47:40","slug":"kit-de-rotisserie-premium-universal-avec-moteur-electrique","status":"publish","type":"product","link":"https:\/\/www.grills-saveurs.ch\/fr\/produit\/kit-de-rotisserie-premium-universal-avec-moteur-electrique\/","title":{"rendered":"Kit de r\u00f4tisserie premium universal avec moteur \u00e9lectrique"},"content":{"rendered":"<p>Kit r\u00f4tisserie avec tournebroche pour les appareils Broil King\u00ae, comprenant un moteur \u00e9lectrique, une tige, un contrepoids, des fourches, un support, des vis et des \u00e9crous.<\/p>\n","protected":false},"excerpt":{"rendered":"<p>R\u00e9f. 60526<\/p>\n","protected":false},"featured_media":8925,"template":"","meta":[],"product_cat":[251,212],"product_tag":[187],"yoast_head":"<!-- This site is optimized with the Yoast SEO plugin v18.2 - https:\/\/yoast.com\/wordpress\/plugins\/seo\/ -->\n<title>Kit de r\u00f4tisserie premium universal avec moteur \u00e9lectrique - Grills et Saveurs<\/title>\n<meta name=\"description\" content=\"Kit r\u00f4tisserie avec tournebroche pour les appareils Broil King\u00ae, comprenant un moteur \u00e9lectrique, une tige, un contrepoids, des fourches, un support, des vis et des \u00e9crous.\" \/>\n<meta name=\"robots\" content=\"index, follow, max-snippet:-1, max-image-preview:large, max-video-preview:-1\" \/>\n<link rel=\"canonical\" href=\"https:\/\/www.grills-saveurs.ch\/fr\/produit\/kit-de-rotisserie-premium-universal-avec-moteur-electrique\/\" \/>\n<meta property=\"og:locale\" content=\"fr_FR\" \/>\n<meta property=\"og:type\" content=\"article\" \/>\n<meta property=\"og:title\" content=\"Kit de r\u00f4tisserie premium universal avec moteur \u00e9lectrique - Grills et Saveurs\" \/>\n<meta property=\"og:description\" content=\"Kit r\u00f4tisserie avec tournebroche pour les appareils Broil King\u00ae, comprenant un moteur \u00e9lectrique, une tige, un contrepoids, des fourches, un support, des vis et des \u00e9crous.\" \/>\n<meta property=\"og:url\" content=\"https:\/\/www.grills-saveurs.ch\/fr\/produit\/kit-de-rotisserie-premium-universal-avec-moteur-electrique\/\" \/>\n<meta property=\"og:site_name\" content=\"Grills et Saveurs\" \/>\n<meta property=\"article:modified_time\" content=\"2024-03-14T08:47:40+00:00\" \/>\n<meta property=\"og:image\" content=\"https:\/\/www.grills-saveurs.ch\/fr\/wp-content\/uploads\/2023\/05\/Capture-de\u0301cran-2023-05-17-a\u0300-10.20.00.png\" \/>\n\t<meta property=\"og:image:width\" content=\"1274\" \/>\n\t<meta property=\"og:image:height\" content=\"1096\" \/>\n\t<meta property=\"og:image:type\" content=\"image\/png\" \/>\n<meta name=\"twitter:card\" content=\"summary_large_image\" \/>\n<meta name=\"twitter:label1\" content=\"Dur\u00e9e de lecture estim\u00e9e\" \/>\n\t<meta name=\"twitter:data1\" content=\"1 minute\" \/>\n<script type=\"application\/ld+json\" class=\"yoast-schema-graph\">{\"@context\":\"https:\/\/schema.org\",\"@graph\":[{\"@type\":\"WebSite\",\"@id\":\"https:\/\/www.grills-saveurs.ch\/fr\/#website\",\"url\":\"https:\/\/www.grills-saveurs.ch\/fr\/\",\"name\":\"Grills et Saveurs\",\"description\":\"Barbecues, Grills, Planchas, Chemin\u00e9es jardin - Lausanne, Suisse Romande\",\"potentialAction\":[{\"@type\":\"SearchAction\",\"target\":{\"@type\":\"EntryPoint\",\"urlTemplate\":\"https:\/\/www.grills-saveurs.ch\/fr\/?s={search_term_string}\"},\"query-input\":\"required name=search_term_string\"}],\"inLanguage\":\"fr-FR\"},{\"@type\":\"ImageObject\",\"@id\":\"https:\/\/www.grills-saveurs.ch\/fr\/produit\/kit-de-rotisserie-premium-universal-avec-moteur-electrique\/#primaryimage\",\"inLanguage\":\"fr-FR\",\"url\":\"https:\/\/www.grills-saveurs.ch\/fr\/wp-content\/uploads\/2023\/05\/Capture-de\u0301cran-2023-05-17-a\u0300-10.20.00.png\",\"contentUrl\":\"https:\/\/www.grills-saveurs.ch\/fr\/wp-content\/uploads\/2023\/05\/Capture-de\u0301cran-2023-05-17-a\u0300-10.20.00.png\",\"width\":1274,\"height\":1096},{\"@type\":\"WebPage\",\"@id\":\"https:\/\/www.grills-saveurs.ch\/fr\/produit\/kit-de-rotisserie-premium-universal-avec-moteur-electrique\/#webpage\",\"url\":\"https:\/\/www.grills-saveurs.ch\/fr\/produit\/kit-de-rotisserie-premium-universal-avec-moteur-electrique\/\",\"name\":\"Kit de r\u00f4tisserie premium universal avec moteur \u00e9lectrique - Grills et Saveurs\",\"isPartOf\":{\"@id\":\"https:\/\/www.grills-saveurs.ch\/fr\/#website\"},\"primaryImageOfPage\":{\"@id\":\"https:\/\/www.grills-saveurs.ch\/fr\/produit\/kit-de-rotisserie-premium-universal-avec-moteur-electrique\/#primaryimage\"},\"datePublished\":\"2023-05-17T08:21:07+00:00\",\"dateModified\":\"2024-03-14T08:47:40+00:00\",\"description\":\"Kit r\u00f4tisserie avec tournebroche pour les appareils Broil King\u00ae, comprenant un moteur \u00e9lectrique, une tige, un contrepoids, des fourches, un support, des vis et des \u00e9crous.\",\"breadcrumb\":{\"@id\":\"https:\/\/www.grills-saveurs.ch\/fr\/produit\/kit-de-rotisserie-premium-universal-avec-moteur-electrique\/#breadcrumb\"},\"inLanguage\":\"fr-FR\",\"potentialAction\":[{\"@type\":\"ReadAction\",\"target\":[\"https:\/\/www.grills-saveurs.ch\/fr\/produit\/kit-de-rotisserie-premium-universal-avec-moteur-electrique\/\"]}]},{\"@type\":\"BreadcrumbList\",\"@id\":\"https:\/\/www.grills-saveurs.ch\/fr\/produit\/kit-de-rotisserie-premium-universal-avec-moteur-electrique\/#breadcrumb\",\"itemListElement\":[{\"@type\":\"ListItem\",\"position\":1,\"name\":\"Accueil\",\"item\":\"https:\/\/www.grills-saveurs.ch\/fr\/\"},{\"@type\":\"ListItem\",\"position\":2,\"name\":\"Shop \/ Boutique\",\"item\":\"https:\/\/www.grills-saveurs.ch\/fr\/boutique\/\"},{\"@type\":\"ListItem\",\"position\":3,\"name\":\"Kit de r\u00f4tisserie premium universal avec moteur \u00e9lectrique\"}]}]}<\/script>\n<!-- \/ Yoast SEO plugin. -->","yoast_head_json":{"title":"Kit de r\u00f4tisserie premium universal avec moteur \u00e9lectrique - Grills et Saveurs","description":"Kit r\u00f4tisserie avec tournebroche pour les appareils Broil King\u00ae, comprenant un moteur \u00e9lectrique, une tige, un contrepoids, des fourches, un support, des vis et des \u00e9crous.","robots":{"index":"index","follow":"follow","max-snippet":"max-snippet:-1","max-image-preview":"max-image-preview:large","max-video-preview":"max-video-preview:-1"},"canonical":"https:\/\/www.grills-saveurs.ch\/fr\/produit\/kit-de-rotisserie-premium-universal-avec-moteur-electrique\/","og_locale":"fr_FR","og_type":"article","og_title":"Kit de r\u00f4tisserie premium universal avec moteur \u00e9lectrique - Grills et Saveurs","og_description":"Kit r\u00f4tisserie avec tournebroche pour les appareils Broil King\u00ae, comprenant un moteur \u00e9lectrique, une tige, un contrepoids, des fourches, un support, des vis et des \u00e9crous.","og_url":"https:\/\/www.grills-saveurs.ch\/fr\/produit\/kit-de-rotisserie-premium-universal-avec-moteur-electrique\/","og_site_name":"Grills et Saveurs","article_modified_time":"2024-03-14T08:47:40+00:00","og_image":[{"width":1274,"height":1096,"url":"https:\/\/www.grills-saveurs.ch\/fr\/wp-content\/uploads\/2023\/05\/Capture-de\u0301cran-2023-05-17-a\u0300-10.20.00.png","type":"image\/png"}],"twitter_card":"summary_large_image","twitter_misc":{"Dur\u00e9e de lecture estim\u00e9e":"1 minute"},"schema":{"@context":"https:\/\/schema.org","@graph":[{"@type":"WebSite","@id":"https:\/\/www.grills-saveurs.ch\/fr\/#website","url":"https:\/\/www.grills-saveurs.ch\/fr\/","name":"Grills et Saveurs","description":"Barbecues, Grills, Planchas, Chemin\u00e9es jardin - Lausanne, Suisse Romande","potentialAction":[{"@type":"SearchAction","target":{"@type":"EntryPoint","urlTemplate":"https:\/\/www.grills-saveurs.ch\/fr\/?s={search_term_string}"},"query-input":"required name=search_term_string"}],"inLanguage":"fr-FR"},{"@type":"ImageObject","@id":"https:\/\/www.grills-saveurs.ch\/fr\/produit\/kit-de-rotisserie-premium-universal-avec-moteur-electrique\/#primaryimage","inLanguage":"fr-FR","url":"https:\/\/www.grills-saveurs.ch\/fr\/wp-content\/uploads\/2023\/05\/Capture-de\u0301cran-2023-05-17-a\u0300-10.20.00.png","contentUrl":"https:\/\/www.grills-saveurs.ch\/fr\/wp-content\/uploads\/2023\/05\/Capture-de\u0301cran-2023-05-17-a\u0300-10.20.00.png","width":1274,"height":1096},{"@type":"WebPage","@id":"https:\/\/www.grills-saveurs.ch\/fr\/produit\/kit-de-rotisserie-premium-universal-avec-moteur-electrique\/#webpage","url":"https:\/\/www.grills-saveurs.ch\/fr\/produit\/kit-de-rotisserie-premium-universal-avec-moteur-electrique\/","name":"Kit de r\u00f4tisserie premium universal avec moteur \u00e9lectrique - Grills et Saveurs","isPartOf":{"@id":"https:\/\/www.grills-saveurs.ch\/fr\/#website"},"primaryImageOfPage":{"@id":"https:\/\/www.grills-saveurs.ch\/fr\/produit\/kit-de-rotisserie-premium-universal-avec-moteur-electrique\/#primaryimage"},"datePublished":"2023-05-17T08:21:07+00:00","dateModified":"2024-03-14T08:47:40+00:00","description":"Kit r\u00f4tisserie avec tournebroche pour les appareils Broil King\u00ae, comprenant un moteur \u00e9lectrique, une tige, un contrepoids, des fourches, un support, des vis et des \u00e9crous.","breadcrumb":{"@id":"https:\/\/www.grills-saveurs.ch\/fr\/produit\/kit-de-rotisserie-premium-universal-avec-moteur-electrique\/#breadcrumb"},"inLanguage":"fr-FR","potentialAction":[{"@type":"ReadAction","target":["https:\/\/www.grills-saveurs.ch\/fr\/produit\/kit-de-rotisserie-premium-universal-avec-moteur-electrique\/"]}]},{"@type":"BreadcrumbList","@id":"https:\/\/www.grills-saveurs.ch\/fr\/produit\/kit-de-rotisserie-premium-universal-avec-moteur-electrique\/#breadcrumb","itemListElement":[{"@type":"ListItem","position":1,"name":"Accueil","item":"https:\/\/www.grills-saveurs.ch\/fr\/"},{"@type":"ListItem","position":2,"name":"Shop \/ Boutique","item":"https:\/\/www.grills-saveurs.ch\/fr\/boutique\/"},{"@type":"ListItem","position":3,"name":"Kit de r\u00f4tisserie premium universal avec moteur \u00e9lectrique"}]}]}},"_links":{"self":[{"href":"https:\/\/www.grills-saveurs.ch\/fr\/wp-json\/wp\/v2\/product\/8926"}],"collection":[{"href":"https:\/\/www.grills-saveurs.ch\/fr\/wp-json\/wp\/v2\/product"}],"about":[{"href":"https:\/\/www.grills-saveurs.ch\/fr\/wp-json\/wp\/v2\/types\/product"}],"wp:featuredmedia":[{"embeddable":true,"href":"https:\/\/www.grills-saveurs.ch\/fr\/wp-json\/wp\/v2\/media\/8925"}],"wp:attachment":[{"href":"https:\/\/www.grills-saveurs.ch\/fr\/wp-json\/wp\/v2\/media?parent=8926"}],"wp:term":[{"taxonomy":"product_cat","embeddable":true,"href":"https:\/\/www.grills-saveurs.ch\/fr\/wp-json\/wp\/v2\/product_cat?post=8926"},{"taxonomy":"product_tag","embeddable":true,"href":"https:\/\/www.grills-saveurs.ch\/fr\/wp-json\/wp\/v2\/product_tag?post=8926"}],"curies":[{"name":"wp","href":"https:\/\/api.w.org\/{rel}","templated":true}]}}