{"id":8929,"date":"2023-05-17T10:25:48","date_gmt":"2023-05-17T08:25:48","guid":{"rendered":"https:\/\/www.grills-saveurs.ch\/fr\/?post_type=product&#038;p=8929"},"modified":"2024-03-14T09:38:55","modified_gmt":"2024-03-14T08:38:55","slug":"fourchettes-pour-emince-de-porc","status":"publish","type":"product","link":"https:\/\/www.grills-saveurs.ch\/fr\/produit\/fourchettes-pour-emince-de-porc\/","title":{"rendered":"Fourchettes pour \u00e9minc\u00e9 de porc"},"content":{"rendered":"<p>Ces fourchettes sont con\u00e7ues pour tenir les grosses pi\u00e8ces de viande ou pour effilocher de la poitrine de b\u0153uf ou des r\u00f4tis de porc afin d\u2019obtenir un savoureux \u00abpulled pork\/beef\u00bb. Le support en silicone permet d\u2019accrocher les deux fourchettes ensemble. Ce support r\u00e9sis-te \u00e0 des temp\u00e9ratures allant jusqu\u2019\u00e0 260\u00b0\u00a0C. Dimensions env. 21,5\u00a0cm.<\/p>\n","protected":false},"excerpt":{"rendered":"<p>R\u00e9f. 64070<\/p>\n","protected":false},"featured_media":8930,"template":"","meta":[],"product_cat":[251,212],"product_tag":[187],"yoast_head":"<!-- This site is optimized with the Yoast SEO plugin v18.2 - https:\/\/yoast.com\/wordpress\/plugins\/seo\/ -->\n<title>Fourchettes pour \u00e9minc\u00e9 de porc - Grills et Saveurs<\/title>\n<meta name=\"description\" content=\"Ces fourchettes sont con\u00e7ues pour tenir les grosses pi\u00e8ces de viande ou pour effilocher de la poitrine de b\u0153uf ou des r\u00f4tis de porc afin d\u2019obtenir un savoureux \u00abpulled pork\/beef\u00bb. Le support en silicone permet d\u2019accrocher les deux fourchettes ensemble. Ce support r\u00e9sis-te \u00e0 des temp\u00e9ratures allant jusqu\u2019\u00e0 260\u00b0\u00a0C. Dimensions env. 21,5\u00a0cm.\" \/>\n<meta name=\"robots\" content=\"index, follow, max-snippet:-1, max-image-preview:large, max-video-preview:-1\" \/>\n<link rel=\"canonical\" href=\"https:\/\/www.grills-saveurs.ch\/fr\/produit\/fourchettes-pour-emince-de-porc\/\" \/>\n<meta property=\"og:locale\" content=\"fr_FR\" \/>\n<meta property=\"og:type\" content=\"article\" \/>\n<meta property=\"og:title\" content=\"Fourchettes pour \u00e9minc\u00e9 de porc - Grills et Saveurs\" \/>\n<meta property=\"og:description\" content=\"Ces fourchettes sont con\u00e7ues pour tenir les grosses pi\u00e8ces de viande ou pour effilocher de la poitrine de b\u0153uf ou des r\u00f4tis de porc afin d\u2019obtenir un savoureux \u00abpulled pork\/beef\u00bb. Le support en silicone permet d\u2019accrocher les deux fourchettes ensemble. Ce support r\u00e9sis-te \u00e0 des temp\u00e9ratures allant jusqu\u2019\u00e0 260\u00b0\u00a0C. Dimensions env. 21,5\u00a0cm.\" \/>\n<meta property=\"og:url\" content=\"https:\/\/www.grills-saveurs.ch\/fr\/produit\/fourchettes-pour-emince-de-porc\/\" \/>\n<meta property=\"og:site_name\" content=\"Grills et Saveurs\" \/>\n<meta property=\"article:modified_time\" content=\"2024-03-14T08:38:55+00:00\" \/>\n<meta property=\"og:image\" content=\"https:\/\/www.grills-saveurs.ch\/fr\/wp-content\/uploads\/2023\/05\/feature_img_64070_02-10.jpg\" \/>\n\t<meta property=\"og:image:width\" content=\"600\" \/>\n\t<meta property=\"og:image:height\" content=\"600\" \/>\n\t<meta property=\"og:image:type\" content=\"image\/jpeg\" \/>\n<meta name=\"twitter:card\" content=\"summary_large_image\" \/>\n<meta name=\"twitter:label1\" content=\"Dur\u00e9e de lecture estim\u00e9e\" \/>\n\t<meta name=\"twitter:data1\" content=\"1 minute\" \/>\n<script type=\"application\/ld+json\" class=\"yoast-schema-graph\">{\"@context\":\"https:\/\/schema.org\",\"@graph\":[{\"@type\":\"WebSite\",\"@id\":\"https:\/\/www.grills-saveurs.ch\/fr\/#website\",\"url\":\"https:\/\/www.grills-saveurs.ch\/fr\/\",\"name\":\"Grills et Saveurs\",\"description\":\"Barbecues, Grills, Planchas, Chemin\u00e9es jardin - Lausanne, Suisse Romande\",\"potentialAction\":[{\"@type\":\"SearchAction\",\"target\":{\"@type\":\"EntryPoint\",\"urlTemplate\":\"https:\/\/www.grills-saveurs.ch\/fr\/?s={search_term_string}\"},\"query-input\":\"required name=search_term_string\"}],\"inLanguage\":\"fr-FR\"},{\"@type\":\"ImageObject\",\"@id\":\"https:\/\/www.grills-saveurs.ch\/fr\/produit\/fourchettes-pour-emince-de-porc\/#primaryimage\",\"inLanguage\":\"fr-FR\",\"url\":\"https:\/\/www.grills-saveurs.ch\/fr\/wp-content\/uploads\/2023\/05\/feature_img_64070_02-10.jpg\",\"contentUrl\":\"https:\/\/www.grills-saveurs.ch\/fr\/wp-content\/uploads\/2023\/05\/feature_img_64070_02-10.jpg\",\"width\":600,\"height\":600},{\"@type\":\"WebPage\",\"@id\":\"https:\/\/www.grills-saveurs.ch\/fr\/produit\/fourchettes-pour-emince-de-porc\/#webpage\",\"url\":\"https:\/\/www.grills-saveurs.ch\/fr\/produit\/fourchettes-pour-emince-de-porc\/\",\"name\":\"Fourchettes pour \u00e9minc\u00e9 de porc - Grills et Saveurs\",\"isPartOf\":{\"@id\":\"https:\/\/www.grills-saveurs.ch\/fr\/#website\"},\"primaryImageOfPage\":{\"@id\":\"https:\/\/www.grills-saveurs.ch\/fr\/produit\/fourchettes-pour-emince-de-porc\/#primaryimage\"},\"datePublished\":\"2023-05-17T08:25:48+00:00\",\"dateModified\":\"2024-03-14T08:38:55+00:00\",\"description\":\"Ces fourchettes sont con\u00e7ues pour tenir les grosses pi\u00e8ces de viande ou pour effilocher de la poitrine de b\u0153uf ou des r\u00f4tis de porc afin d\u2019obtenir un savoureux \u00abpulled pork\/beef\u00bb. Le support en silicone permet d\u2019accrocher les deux fourchettes ensemble. Ce support r\u00e9sis-te \u00e0 des temp\u00e9ratures allant jusqu\u2019\u00e0 260\u00b0\u00a0C. Dimensions env. 21,5\u00a0cm.\",\"breadcrumb\":{\"@id\":\"https:\/\/www.grills-saveurs.ch\/fr\/produit\/fourchettes-pour-emince-de-porc\/#breadcrumb\"},\"inLanguage\":\"fr-FR\",\"potentialAction\":[{\"@type\":\"ReadAction\",\"target\":[\"https:\/\/www.grills-saveurs.ch\/fr\/produit\/fourchettes-pour-emince-de-porc\/\"]}]},{\"@type\":\"BreadcrumbList\",\"@id\":\"https:\/\/www.grills-saveurs.ch\/fr\/produit\/fourchettes-pour-emince-de-porc\/#breadcrumb\",\"itemListElement\":[{\"@type\":\"ListItem\",\"position\":1,\"name\":\"Accueil\",\"item\":\"https:\/\/www.grills-saveurs.ch\/fr\/\"},{\"@type\":\"ListItem\",\"position\":2,\"name\":\"Shop \/ Boutique\",\"item\":\"https:\/\/www.grills-saveurs.ch\/fr\/boutique\/\"},{\"@type\":\"ListItem\",\"position\":3,\"name\":\"Fourchettes pour \u00e9minc\u00e9 de porc\"}]}]}<\/script>\n<!-- \/ Yoast SEO plugin. -->","yoast_head_json":{"title":"Fourchettes pour \u00e9minc\u00e9 de porc - Grills et Saveurs","description":"Ces fourchettes sont con\u00e7ues pour tenir les grosses pi\u00e8ces de viande ou pour effilocher de la poitrine de b\u0153uf ou des r\u00f4tis de porc afin d\u2019obtenir un savoureux \u00abpulled pork\/beef\u00bb. Le support en silicone permet d\u2019accrocher les deux fourchettes ensemble. Ce support r\u00e9sis-te \u00e0 des temp\u00e9ratures allant jusqu\u2019\u00e0 260\u00b0\u00a0C. Dimensions env. 21,5\u00a0cm.","robots":{"index":"index","follow":"follow","max-snippet":"max-snippet:-1","max-image-preview":"max-image-preview:large","max-video-preview":"max-video-preview:-1"},"canonical":"https:\/\/www.grills-saveurs.ch\/fr\/produit\/fourchettes-pour-emince-de-porc\/","og_locale":"fr_FR","og_type":"article","og_title":"Fourchettes pour \u00e9minc\u00e9 de porc - Grills et Saveurs","og_description":"Ces fourchettes sont con\u00e7ues pour tenir les grosses pi\u00e8ces de viande ou pour effilocher de la poitrine de b\u0153uf ou des r\u00f4tis de porc afin d\u2019obtenir un savoureux \u00abpulled pork\/beef\u00bb. Le support en silicone permet d\u2019accrocher les deux fourchettes ensemble. Ce support r\u00e9sis-te \u00e0 des temp\u00e9ratures allant jusqu\u2019\u00e0 260\u00b0\u00a0C. Dimensions env. 21,5\u00a0cm.","og_url":"https:\/\/www.grills-saveurs.ch\/fr\/produit\/fourchettes-pour-emince-de-porc\/","og_site_name":"Grills et Saveurs","article_modified_time":"2024-03-14T08:38:55+00:00","og_image":[{"width":600,"height":600,"url":"https:\/\/www.grills-saveurs.ch\/fr\/wp-content\/uploads\/2023\/05\/feature_img_64070_02-10.jpg","type":"image\/jpeg"}],"twitter_card":"summary_large_image","twitter_misc":{"Dur\u00e9e de lecture estim\u00e9e":"1 minute"},"schema":{"@context":"https:\/\/schema.org","@graph":[{"@type":"WebSite","@id":"https:\/\/www.grills-saveurs.ch\/fr\/#website","url":"https:\/\/www.grills-saveurs.ch\/fr\/","name":"Grills et Saveurs","description":"Barbecues, Grills, Planchas, Chemin\u00e9es jardin - Lausanne, Suisse Romande","potentialAction":[{"@type":"SearchAction","target":{"@type":"EntryPoint","urlTemplate":"https:\/\/www.grills-saveurs.ch\/fr\/?s={search_term_string}"},"query-input":"required name=search_term_string"}],"inLanguage":"fr-FR"},{"@type":"ImageObject","@id":"https:\/\/www.grills-saveurs.ch\/fr\/produit\/fourchettes-pour-emince-de-porc\/#primaryimage","inLanguage":"fr-FR","url":"https:\/\/www.grills-saveurs.ch\/fr\/wp-content\/uploads\/2023\/05\/feature_img_64070_02-10.jpg","contentUrl":"https:\/\/www.grills-saveurs.ch\/fr\/wp-content\/uploads\/2023\/05\/feature_img_64070_02-10.jpg","width":600,"height":600},{"@type":"WebPage","@id":"https:\/\/www.grills-saveurs.ch\/fr\/produit\/fourchettes-pour-emince-de-porc\/#webpage","url":"https:\/\/www.grills-saveurs.ch\/fr\/produit\/fourchettes-pour-emince-de-porc\/","name":"Fourchettes pour \u00e9minc\u00e9 de porc - Grills et Saveurs","isPartOf":{"@id":"https:\/\/www.grills-saveurs.ch\/fr\/#website"},"primaryImageOfPage":{"@id":"https:\/\/www.grills-saveurs.ch\/fr\/produit\/fourchettes-pour-emince-de-porc\/#primaryimage"},"datePublished":"2023-05-17T08:25:48+00:00","dateModified":"2024-03-14T08:38:55+00:00","description":"Ces fourchettes sont con\u00e7ues pour tenir les grosses pi\u00e8ces de viande ou pour effilocher de la poitrine de b\u0153uf ou des r\u00f4tis de porc afin d\u2019obtenir un savoureux \u00abpulled pork\/beef\u00bb. Le support en silicone permet d\u2019accrocher les deux fourchettes ensemble. Ce support r\u00e9sis-te \u00e0 des temp\u00e9ratures allant jusqu\u2019\u00e0 260\u00b0\u00a0C. Dimensions env. 21,5\u00a0cm.","breadcrumb":{"@id":"https:\/\/www.grills-saveurs.ch\/fr\/produit\/fourchettes-pour-emince-de-porc\/#breadcrumb"},"inLanguage":"fr-FR","potentialAction":[{"@type":"ReadAction","target":["https:\/\/www.grills-saveurs.ch\/fr\/produit\/fourchettes-pour-emince-de-porc\/"]}]},{"@type":"BreadcrumbList","@id":"https:\/\/www.grills-saveurs.ch\/fr\/produit\/fourchettes-pour-emince-de-porc\/#breadcrumb","itemListElement":[{"@type":"ListItem","position":1,"name":"Accueil","item":"https:\/\/www.grills-saveurs.ch\/fr\/"},{"@type":"ListItem","position":2,"name":"Shop \/ Boutique","item":"https:\/\/www.grills-saveurs.ch\/fr\/boutique\/"},{"@type":"ListItem","position":3,"name":"Fourchettes pour \u00e9minc\u00e9 de porc"}]}]}},"_links":{"self":[{"href":"https:\/\/www.grills-saveurs.ch\/fr\/wp-json\/wp\/v2\/product\/8929"}],"collection":[{"href":"https:\/\/www.grills-saveurs.ch\/fr\/wp-json\/wp\/v2\/product"}],"about":[{"href":"https:\/\/www.grills-saveurs.ch\/fr\/wp-json\/wp\/v2\/types\/product"}],"wp:featuredmedia":[{"embeddable":true,"href":"https:\/\/www.grills-saveurs.ch\/fr\/wp-json\/wp\/v2\/media\/8930"}],"wp:attachment":[{"href":"https:\/\/www.grills-saveurs.ch\/fr\/wp-json\/wp\/v2\/media?parent=8929"}],"wp:term":[{"taxonomy":"product_cat","embeddable":true,"href":"https:\/\/www.grills-saveurs.ch\/fr\/wp-json\/wp\/v2\/product_cat?post=8929"},{"taxonomy":"product_tag","embeddable":true,"href":"https:\/\/www.grills-saveurs.ch\/fr\/wp-json\/wp\/v2\/product_tag?post=8929"}],"curies":[{"name":"wp","href":"https:\/\/api.w.org\/{rel}","templated":true}]}}