{"id":9088,"date":"2024-03-27T15:21:47","date_gmt":"2024-03-27T14:21:47","guid":{"rendered":"https:\/\/www.grills-saveurs.ch\/fr\/?post_type=product&#038;p=9088"},"modified":"2024-04-08T09:24:10","modified_gmt":"2024-04-08T07:24:10","slug":"gant-pour-barbecue","status":"publish","type":"product","link":"https:\/\/www.grills-saveurs.ch\/fr\/produit\/gant-pour-barbecue\/","title":{"rendered":"Gant pour barbecue"},"content":{"rendered":"<p>Les incrustations en silicone offrent une grande dext\u00e9rit\u00e9 \u00e0 l\u2019usage de ce gant. Gant souple et r\u00e9sistant \u00e0 la chaleur\u2026 un must pour tous les amateurs de barbecue. Facile \u00e0 nettoyer.<\/p>\n","protected":false},"excerpt":{"rendered":"<p>Les incrustations en silicone offrent une grande dext\u00e9rit\u00e9 \u00e0 l\u2019usage de ce gant. Gant souple et r\u00e9sistant \u00e0 la chaleur\u2026 un must pour tous les amateurs de barbecue. Facile \u00e0 nettoyer.<\/p>\n","protected":false},"featured_media":9089,"template":"","meta":[],"product_cat":[198,212],"product_tag":[],"yoast_head":"<!-- This site is optimized with the Yoast SEO plugin v18.2 - https:\/\/yoast.com\/wordpress\/plugins\/seo\/ -->\n<title>Gant pour barbecue - Grills et Saveurs<\/title>\n<meta name=\"description\" content=\"Les incrustations en silicone offrent une grande dext\u00e9rit\u00e9 \u00e0 l\u2019usage de ce gant. Gant souple et r\u00e9sistant \u00e0 la chaleur\u2026 un must pour tous les amateurs de barbecue. Facile \u00e0 nettoyer.\" \/>\n<meta name=\"robots\" content=\"index, follow, max-snippet:-1, max-image-preview:large, max-video-preview:-1\" \/>\n<link rel=\"canonical\" href=\"https:\/\/www.grills-saveurs.ch\/fr\/produit\/gant-pour-barbecue\/\" \/>\n<meta property=\"og:locale\" content=\"fr_FR\" \/>\n<meta property=\"og:type\" content=\"article\" \/>\n<meta property=\"og:title\" content=\"Gant pour barbecue - Grills et Saveurs\" \/>\n<meta property=\"og:description\" content=\"Les incrustations en silicone offrent une grande dext\u00e9rit\u00e9 \u00e0 l\u2019usage de ce gant. Gant souple et r\u00e9sistant \u00e0 la chaleur\u2026 un must pour tous les amateurs de barbecue. Facile \u00e0 nettoyer.\" \/>\n<meta property=\"og:url\" content=\"https:\/\/www.grills-saveurs.ch\/fr\/produit\/gant-pour-barbecue\/\" \/>\n<meta property=\"og:site_name\" content=\"Grills et Saveurs\" \/>\n<meta property=\"article:modified_time\" content=\"2024-04-08T07:24:10+00:00\" \/>\n<meta property=\"og:image\" content=\"https:\/\/www.grills-saveurs.ch\/fr\/wp-content\/uploads\/2024\/03\/692b6fcb574fc62d47a8b505936da337ab4b.jpg\" \/>\n\t<meta property=\"og:image:width\" content=\"720\" \/>\n\t<meta property=\"og:image:height\" content=\"720\" \/>\n\t<meta property=\"og:image:type\" content=\"image\/jpeg\" \/>\n<meta name=\"twitter:card\" content=\"summary_large_image\" \/>\n<script type=\"application\/ld+json\" class=\"yoast-schema-graph\">{\"@context\":\"https:\/\/schema.org\",\"@graph\":[{\"@type\":\"WebSite\",\"@id\":\"https:\/\/www.grills-saveurs.ch\/fr\/#website\",\"url\":\"https:\/\/www.grills-saveurs.ch\/fr\/\",\"name\":\"Grills et Saveurs\",\"description\":\"Barbecues, Grills, Planchas, Chemin\u00e9es jardin - Lausanne, Suisse Romande\",\"potentialAction\":[{\"@type\":\"SearchAction\",\"target\":{\"@type\":\"EntryPoint\",\"urlTemplate\":\"https:\/\/www.grills-saveurs.ch\/fr\/?s={search_term_string}\"},\"query-input\":\"required name=search_term_string\"}],\"inLanguage\":\"fr-FR\"},{\"@type\":\"ImageObject\",\"@id\":\"https:\/\/www.grills-saveurs.ch\/fr\/produit\/gant-pour-barbecue\/#primaryimage\",\"inLanguage\":\"fr-FR\",\"url\":\"https:\/\/www.grills-saveurs.ch\/fr\/wp-content\/uploads\/2024\/03\/692b6fcb574fc62d47a8b505936da337ab4b.jpg\",\"contentUrl\":\"https:\/\/www.grills-saveurs.ch\/fr\/wp-content\/uploads\/2024\/03\/692b6fcb574fc62d47a8b505936da337ab4b.jpg\",\"width\":720,\"height\":720},{\"@type\":\"WebPage\",\"@id\":\"https:\/\/www.grills-saveurs.ch\/fr\/produit\/gant-pour-barbecue\/#webpage\",\"url\":\"https:\/\/www.grills-saveurs.ch\/fr\/produit\/gant-pour-barbecue\/\",\"name\":\"Gant pour barbecue - Grills et Saveurs\",\"isPartOf\":{\"@id\":\"https:\/\/www.grills-saveurs.ch\/fr\/#website\"},\"primaryImageOfPage\":{\"@id\":\"https:\/\/www.grills-saveurs.ch\/fr\/produit\/gant-pour-barbecue\/#primaryimage\"},\"datePublished\":\"2024-03-27T14:21:47+00:00\",\"dateModified\":\"2024-04-08T07:24:10+00:00\",\"description\":\"Les incrustations en silicone offrent une grande dext\u00e9rit\u00e9 \u00e0 l\u2019usage de ce gant. Gant souple et r\u00e9sistant \u00e0 la chaleur\u2026 un must pour tous les amateurs de barbecue. Facile \u00e0 nettoyer.\",\"breadcrumb\":{\"@id\":\"https:\/\/www.grills-saveurs.ch\/fr\/produit\/gant-pour-barbecue\/#breadcrumb\"},\"inLanguage\":\"fr-FR\",\"potentialAction\":[{\"@type\":\"ReadAction\",\"target\":[\"https:\/\/www.grills-saveurs.ch\/fr\/produit\/gant-pour-barbecue\/\"]}]},{\"@type\":\"BreadcrumbList\",\"@id\":\"https:\/\/www.grills-saveurs.ch\/fr\/produit\/gant-pour-barbecue\/#breadcrumb\",\"itemListElement\":[{\"@type\":\"ListItem\",\"position\":1,\"name\":\"Accueil\",\"item\":\"https:\/\/www.grills-saveurs.ch\/fr\/\"},{\"@type\":\"ListItem\",\"position\":2,\"name\":\"Shop \/ Boutique\",\"item\":\"https:\/\/www.grills-saveurs.ch\/fr\/boutique\/\"},{\"@type\":\"ListItem\",\"position\":3,\"name\":\"Gant pour barbecue\"}]}]}<\/script>\n<!-- \/ Yoast SEO plugin. -->","yoast_head_json":{"title":"Gant pour barbecue - Grills et Saveurs","description":"Les incrustations en silicone offrent une grande dext\u00e9rit\u00e9 \u00e0 l\u2019usage de ce gant. Gant souple et r\u00e9sistant \u00e0 la chaleur\u2026 un must pour tous les amateurs de barbecue. Facile \u00e0 nettoyer.","robots":{"index":"index","follow":"follow","max-snippet":"max-snippet:-1","max-image-preview":"max-image-preview:large","max-video-preview":"max-video-preview:-1"},"canonical":"https:\/\/www.grills-saveurs.ch\/fr\/produit\/gant-pour-barbecue\/","og_locale":"fr_FR","og_type":"article","og_title":"Gant pour barbecue - Grills et Saveurs","og_description":"Les incrustations en silicone offrent une grande dext\u00e9rit\u00e9 \u00e0 l\u2019usage de ce gant. Gant souple et r\u00e9sistant \u00e0 la chaleur\u2026 un must pour tous les amateurs de barbecue. Facile \u00e0 nettoyer.","og_url":"https:\/\/www.grills-saveurs.ch\/fr\/produit\/gant-pour-barbecue\/","og_site_name":"Grills et Saveurs","article_modified_time":"2024-04-08T07:24:10+00:00","og_image":[{"width":720,"height":720,"url":"https:\/\/www.grills-saveurs.ch\/fr\/wp-content\/uploads\/2024\/03\/692b6fcb574fc62d47a8b505936da337ab4b.jpg","type":"image\/jpeg"}],"twitter_card":"summary_large_image","schema":{"@context":"https:\/\/schema.org","@graph":[{"@type":"WebSite","@id":"https:\/\/www.grills-saveurs.ch\/fr\/#website","url":"https:\/\/www.grills-saveurs.ch\/fr\/","name":"Grills et Saveurs","description":"Barbecues, Grills, Planchas, Chemin\u00e9es jardin - Lausanne, Suisse Romande","potentialAction":[{"@type":"SearchAction","target":{"@type":"EntryPoint","urlTemplate":"https:\/\/www.grills-saveurs.ch\/fr\/?s={search_term_string}"},"query-input":"required name=search_term_string"}],"inLanguage":"fr-FR"},{"@type":"ImageObject","@id":"https:\/\/www.grills-saveurs.ch\/fr\/produit\/gant-pour-barbecue\/#primaryimage","inLanguage":"fr-FR","url":"https:\/\/www.grills-saveurs.ch\/fr\/wp-content\/uploads\/2024\/03\/692b6fcb574fc62d47a8b505936da337ab4b.jpg","contentUrl":"https:\/\/www.grills-saveurs.ch\/fr\/wp-content\/uploads\/2024\/03\/692b6fcb574fc62d47a8b505936da337ab4b.jpg","width":720,"height":720},{"@type":"WebPage","@id":"https:\/\/www.grills-saveurs.ch\/fr\/produit\/gant-pour-barbecue\/#webpage","url":"https:\/\/www.grills-saveurs.ch\/fr\/produit\/gant-pour-barbecue\/","name":"Gant pour barbecue - Grills et Saveurs","isPartOf":{"@id":"https:\/\/www.grills-saveurs.ch\/fr\/#website"},"primaryImageOfPage":{"@id":"https:\/\/www.grills-saveurs.ch\/fr\/produit\/gant-pour-barbecue\/#primaryimage"},"datePublished":"2024-03-27T14:21:47+00:00","dateModified":"2024-04-08T07:24:10+00:00","description":"Les incrustations en silicone offrent une grande dext\u00e9rit\u00e9 \u00e0 l\u2019usage de ce gant. Gant souple et r\u00e9sistant \u00e0 la chaleur\u2026 un must pour tous les amateurs de barbecue. Facile \u00e0 nettoyer.","breadcrumb":{"@id":"https:\/\/www.grills-saveurs.ch\/fr\/produit\/gant-pour-barbecue\/#breadcrumb"},"inLanguage":"fr-FR","potentialAction":[{"@type":"ReadAction","target":["https:\/\/www.grills-saveurs.ch\/fr\/produit\/gant-pour-barbecue\/"]}]},{"@type":"BreadcrumbList","@id":"https:\/\/www.grills-saveurs.ch\/fr\/produit\/gant-pour-barbecue\/#breadcrumb","itemListElement":[{"@type":"ListItem","position":1,"name":"Accueil","item":"https:\/\/www.grills-saveurs.ch\/fr\/"},{"@type":"ListItem","position":2,"name":"Shop \/ Boutique","item":"https:\/\/www.grills-saveurs.ch\/fr\/boutique\/"},{"@type":"ListItem","position":3,"name":"Gant pour barbecue"}]}]}},"_links":{"self":[{"href":"https:\/\/www.grills-saveurs.ch\/fr\/wp-json\/wp\/v2\/product\/9088"}],"collection":[{"href":"https:\/\/www.grills-saveurs.ch\/fr\/wp-json\/wp\/v2\/product"}],"about":[{"href":"https:\/\/www.grills-saveurs.ch\/fr\/wp-json\/wp\/v2\/types\/product"}],"wp:featuredmedia":[{"embeddable":true,"href":"https:\/\/www.grills-saveurs.ch\/fr\/wp-json\/wp\/v2\/media\/9089"}],"wp:attachment":[{"href":"https:\/\/www.grills-saveurs.ch\/fr\/wp-json\/wp\/v2\/media?parent=9088"}],"wp:term":[{"taxonomy":"product_cat","embeddable":true,"href":"https:\/\/www.grills-saveurs.ch\/fr\/wp-json\/wp\/v2\/product_cat?post=9088"},{"taxonomy":"product_tag","embeddable":true,"href":"https:\/\/www.grills-saveurs.ch\/fr\/wp-json\/wp\/v2\/product_tag?post=9088"}],"curies":[{"name":"wp","href":"https:\/\/api.w.org\/{rel}","templated":true}]}}