{"id":9095,"date":"2024-04-08T09:24:10","date_gmt":"2024-04-08T07:24:10","guid":{"rendered":"https:\/\/www.grills-saveurs.ch\/fr\/?post_type=product&#038;p=9095"},"modified":"2024-04-08T09:24:10","modified_gmt":"2024-04-08T07:24:10","slug":"thermometre-numerique","status":"publish","type":"product","link":"https:\/\/www.grills-saveurs.ch\/fr\/produit\/thermometre-numerique\/","title":{"rendered":"Thermom\u00e8tre num\u00e9rique"},"content":{"rendered":"<p>Surveillez la cuisson de l\u2019ensemble de votre barbecue.<\/p>\n<p>Ce thermom\u00e8tre lit 2 temp\u00e9ratures en m\u00eame temps, pour cuire correctement deux pi\u00e8ces de viande. Compte \u00e0 rebours int\u00e9gr\u00e9 et pr\u00e9programmation pour une large gamme de cuisson pour chaque type de viande. Ecran r\u00e9tro-\u00e9clair\u00e9. Piles non fournies.<\/p>\n","protected":false},"excerpt":{"rendered":"<p>Surveillez la cuisson de l\u2019ensemble de votre barbecue. Ce thermom\u00e8tre lit 2 temp\u00e9ratures en m\u00eame temps, pour cuire correctement deux pi\u00e8ces de viande. Compte \u00e0 rebours int\u00e9gr\u00e9 et pr\u00e9programmation pour une large gamme de cuisson pour chaque type de viande. Ecran r\u00e9tro-\u00e9clair\u00e9. Piles non fournies.<\/p>\n","protected":false},"featured_media":9097,"template":"","meta":[],"product_cat":[189,198],"product_tag":[],"yoast_head":"<!-- This site is optimized with the Yoast SEO plugin v18.2 - https:\/\/yoast.com\/wordpress\/plugins\/seo\/ -->\n<title>Thermom\u00e8tre num\u00e9rique - Grills et Saveurs<\/title>\n<meta name=\"robots\" content=\"index, follow, max-snippet:-1, max-image-preview:large, max-video-preview:-1\" \/>\n<link rel=\"canonical\" href=\"https:\/\/www.grills-saveurs.ch\/fr\/produit\/thermometre-numerique\/\" \/>\n<meta property=\"og:locale\" content=\"fr_FR\" \/>\n<meta property=\"og:type\" content=\"article\" \/>\n<meta property=\"og:title\" content=\"Thermom\u00e8tre num\u00e9rique - Grills et Saveurs\" \/>\n<meta property=\"og:description\" content=\"Surveillez la cuisson de l\u2019ensemble de votre barbecue. Ce thermom\u00e8tre lit 2 temp\u00e9ratures en m\u00eame temps, pour cuire correctement deux pi\u00e8ces de viande. Compte \u00e0 rebours int\u00e9gr\u00e9 et pr\u00e9programmation pour une large gamme de cuisson pour chaque type de viande. Ecran r\u00e9tro-\u00e9clair\u00e9. Piles non fournies.\" \/>\n<meta property=\"og:url\" content=\"https:\/\/www.grills-saveurs.ch\/fr\/produit\/thermometre-numerique\/\" \/>\n<meta property=\"og:site_name\" content=\"Grills et Saveurs\" \/>\n<meta property=\"og:image\" content=\"https:\/\/www.grills-saveurs.ch\/fr\/wp-content\/uploads\/2024\/03\/61935-2.jpg\" \/>\n\t<meta property=\"og:image:width\" content=\"600\" \/>\n\t<meta property=\"og:image:height\" content=\"600\" \/>\n\t<meta property=\"og:image:type\" content=\"image\/jpeg\" \/>\n<meta name=\"twitter:card\" content=\"summary_large_image\" \/>\n<script type=\"application\/ld+json\" class=\"yoast-schema-graph\">{\"@context\":\"https:\/\/schema.org\",\"@graph\":[{\"@type\":\"WebSite\",\"@id\":\"https:\/\/www.grills-saveurs.ch\/fr\/#website\",\"url\":\"https:\/\/www.grills-saveurs.ch\/fr\/\",\"name\":\"Grills et Saveurs\",\"description\":\"Barbecues, Grills, Planchas, Chemin\u00e9es jardin - Lausanne, Suisse Romande\",\"potentialAction\":[{\"@type\":\"SearchAction\",\"target\":{\"@type\":\"EntryPoint\",\"urlTemplate\":\"https:\/\/www.grills-saveurs.ch\/fr\/?s={search_term_string}\"},\"query-input\":\"required name=search_term_string\"}],\"inLanguage\":\"fr-FR\"},{\"@type\":\"ImageObject\",\"@id\":\"https:\/\/www.grills-saveurs.ch\/fr\/produit\/thermometre-numerique\/#primaryimage\",\"inLanguage\":\"fr-FR\",\"url\":\"https:\/\/www.grills-saveurs.ch\/fr\/wp-content\/uploads\/2024\/03\/61935-2.jpg\",\"contentUrl\":\"https:\/\/www.grills-saveurs.ch\/fr\/wp-content\/uploads\/2024\/03\/61935-2.jpg\",\"width\":600,\"height\":600},{\"@type\":\"WebPage\",\"@id\":\"https:\/\/www.grills-saveurs.ch\/fr\/produit\/thermometre-numerique\/#webpage\",\"url\":\"https:\/\/www.grills-saveurs.ch\/fr\/produit\/thermometre-numerique\/\",\"name\":\"Thermom\u00e8tre num\u00e9rique - Grills et Saveurs\",\"isPartOf\":{\"@id\":\"https:\/\/www.grills-saveurs.ch\/fr\/#website\"},\"primaryImageOfPage\":{\"@id\":\"https:\/\/www.grills-saveurs.ch\/fr\/produit\/thermometre-numerique\/#primaryimage\"},\"datePublished\":\"2024-04-08T07:24:10+00:00\",\"dateModified\":\"2024-04-08T07:24:10+00:00\",\"breadcrumb\":{\"@id\":\"https:\/\/www.grills-saveurs.ch\/fr\/produit\/thermometre-numerique\/#breadcrumb\"},\"inLanguage\":\"fr-FR\",\"potentialAction\":[{\"@type\":\"ReadAction\",\"target\":[\"https:\/\/www.grills-saveurs.ch\/fr\/produit\/thermometre-numerique\/\"]}]},{\"@type\":\"BreadcrumbList\",\"@id\":\"https:\/\/www.grills-saveurs.ch\/fr\/produit\/thermometre-numerique\/#breadcrumb\",\"itemListElement\":[{\"@type\":\"ListItem\",\"position\":1,\"name\":\"Accueil\",\"item\":\"https:\/\/www.grills-saveurs.ch\/fr\/\"},{\"@type\":\"ListItem\",\"position\":2,\"name\":\"Shop \/ Boutique\",\"item\":\"https:\/\/www.grills-saveurs.ch\/fr\/boutique\/\"},{\"@type\":\"ListItem\",\"position\":3,\"name\":\"Thermom\u00e8tre num\u00e9rique\"}]}]}<\/script>\n<!-- \/ Yoast SEO plugin. -->","yoast_head_json":{"title":"Thermom\u00e8tre num\u00e9rique - Grills et Saveurs","robots":{"index":"index","follow":"follow","max-snippet":"max-snippet:-1","max-image-preview":"max-image-preview:large","max-video-preview":"max-video-preview:-1"},"canonical":"https:\/\/www.grills-saveurs.ch\/fr\/produit\/thermometre-numerique\/","og_locale":"fr_FR","og_type":"article","og_title":"Thermom\u00e8tre num\u00e9rique - Grills et Saveurs","og_description":"Surveillez la cuisson de l\u2019ensemble de votre barbecue. Ce thermom\u00e8tre lit 2 temp\u00e9ratures en m\u00eame temps, pour cuire correctement deux pi\u00e8ces de viande. Compte \u00e0 rebours int\u00e9gr\u00e9 et pr\u00e9programmation pour une large gamme de cuisson pour chaque type de viande. Ecran r\u00e9tro-\u00e9clair\u00e9. Piles non fournies.","og_url":"https:\/\/www.grills-saveurs.ch\/fr\/produit\/thermometre-numerique\/","og_site_name":"Grills et Saveurs","og_image":[{"width":600,"height":600,"url":"https:\/\/www.grills-saveurs.ch\/fr\/wp-content\/uploads\/2024\/03\/61935-2.jpg","type":"image\/jpeg"}],"twitter_card":"summary_large_image","schema":{"@context":"https:\/\/schema.org","@graph":[{"@type":"WebSite","@id":"https:\/\/www.grills-saveurs.ch\/fr\/#website","url":"https:\/\/www.grills-saveurs.ch\/fr\/","name":"Grills et Saveurs","description":"Barbecues, Grills, Planchas, Chemin\u00e9es jardin - Lausanne, Suisse Romande","potentialAction":[{"@type":"SearchAction","target":{"@type":"EntryPoint","urlTemplate":"https:\/\/www.grills-saveurs.ch\/fr\/?s={search_term_string}"},"query-input":"required name=search_term_string"}],"inLanguage":"fr-FR"},{"@type":"ImageObject","@id":"https:\/\/www.grills-saveurs.ch\/fr\/produit\/thermometre-numerique\/#primaryimage","inLanguage":"fr-FR","url":"https:\/\/www.grills-saveurs.ch\/fr\/wp-content\/uploads\/2024\/03\/61935-2.jpg","contentUrl":"https:\/\/www.grills-saveurs.ch\/fr\/wp-content\/uploads\/2024\/03\/61935-2.jpg","width":600,"height":600},{"@type":"WebPage","@id":"https:\/\/www.grills-saveurs.ch\/fr\/produit\/thermometre-numerique\/#webpage","url":"https:\/\/www.grills-saveurs.ch\/fr\/produit\/thermometre-numerique\/","name":"Thermom\u00e8tre num\u00e9rique - Grills et Saveurs","isPartOf":{"@id":"https:\/\/www.grills-saveurs.ch\/fr\/#website"},"primaryImageOfPage":{"@id":"https:\/\/www.grills-saveurs.ch\/fr\/produit\/thermometre-numerique\/#primaryimage"},"datePublished":"2024-04-08T07:24:10+00:00","dateModified":"2024-04-08T07:24:10+00:00","breadcrumb":{"@id":"https:\/\/www.grills-saveurs.ch\/fr\/produit\/thermometre-numerique\/#breadcrumb"},"inLanguage":"fr-FR","potentialAction":[{"@type":"ReadAction","target":["https:\/\/www.grills-saveurs.ch\/fr\/produit\/thermometre-numerique\/"]}]},{"@type":"BreadcrumbList","@id":"https:\/\/www.grills-saveurs.ch\/fr\/produit\/thermometre-numerique\/#breadcrumb","itemListElement":[{"@type":"ListItem","position":1,"name":"Accueil","item":"https:\/\/www.grills-saveurs.ch\/fr\/"},{"@type":"ListItem","position":2,"name":"Shop \/ Boutique","item":"https:\/\/www.grills-saveurs.ch\/fr\/boutique\/"},{"@type":"ListItem","position":3,"name":"Thermom\u00e8tre num\u00e9rique"}]}]}},"_links":{"self":[{"href":"https:\/\/www.grills-saveurs.ch\/fr\/wp-json\/wp\/v2\/product\/9095"}],"collection":[{"href":"https:\/\/www.grills-saveurs.ch\/fr\/wp-json\/wp\/v2\/product"}],"about":[{"href":"https:\/\/www.grills-saveurs.ch\/fr\/wp-json\/wp\/v2\/types\/product"}],"wp:featuredmedia":[{"embeddable":true,"href":"https:\/\/www.grills-saveurs.ch\/fr\/wp-json\/wp\/v2\/media\/9097"}],"wp:attachment":[{"href":"https:\/\/www.grills-saveurs.ch\/fr\/wp-json\/wp\/v2\/media?parent=9095"}],"wp:term":[{"taxonomy":"product_cat","embeddable":true,"href":"https:\/\/www.grills-saveurs.ch\/fr\/wp-json\/wp\/v2\/product_cat?post=9095"},{"taxonomy":"product_tag","embeddable":true,"href":"https:\/\/www.grills-saveurs.ch\/fr\/wp-json\/wp\/v2\/product_tag?post=9095"}],"curies":[{"name":"wp","href":"https:\/\/api.w.org\/{rel}","templated":true}]}}