{"id":9101,"date":"2024-04-08T09:24:09","date_gmt":"2024-04-08T07:24:09","guid":{"rendered":"https:\/\/www.grills-saveurs.ch\/fr\/?post_type=product&#038;p=9101"},"modified":"2024-04-08T09:24:10","modified_gmt":"2024-04-08T07:24:10","slug":"pelle-a-pizza","status":"publish","type":"product","link":"https:\/\/www.grills-saveurs.ch\/fr\/produit\/pelle-a-pizza\/","title":{"rendered":"Pelle \u00e0 pizza"},"content":{"rendered":"<p>Tout pizzaiollo peut jurer que l\u2019ingr\u00e9dient le plus important apr\u00e8s la p\u00e2te est une grande pelle \u00e0 Pizza en acier inoxydable. Con\u00e7ue avec une poign\u00e9e rabattable pour \u00e9conomiser de l\u2019espace et simplifier son rangement, la pelle \u00e0 Pizza Broil King\u2122 est un must pour les amateurs de Pizza. Poign\u00e9e pliante, grande pelle de 29,8 cm, facile \u00e0 nettoyer. Longueur Hors tout : 64,8 cm.<\/p>\n","protected":false},"excerpt":{"rendered":"<p>Tout pizzaiollo peut jurer que l\u2019ingr\u00e9dient le plus important apr\u00e8s la p\u00e2te est une grande pelle \u00e0 Pizza en acier inoxydable. Con\u00e7ue avec une poign\u00e9e rabattable pour \u00e9conomiser de l\u2019espace et simplifier son rangement, la pelle \u00e0 Pizza Broil King\u2122 est un must pour les amateurs de Pizza. Poign\u00e9e pliante, grande pelle de 29,8 cm, &hellip;<\/p>\n","protected":false},"featured_media":9102,"template":"","meta":[],"product_cat":[189,198,212],"product_tag":[],"yoast_head":"<!-- This site is optimized with the Yoast SEO plugin v18.2 - https:\/\/yoast.com\/wordpress\/plugins\/seo\/ -->\n<title>Pelle \u00e0 pizza - Grills et Saveurs<\/title>\n<meta name=\"description\" content=\"Tout pizzaiollo peut jurer que l\u2019ingr\u00e9dient le plus important apr\u00e8s la p\u00e2te est une grande pelle \u00e0 Pizza en acier inoxydable. Con\u00e7ue avec une poign\u00e9e rabattable pour \u00e9conomiser de l\u2019espace et simplifier son rangement, la pelle \u00e0 Pizza Broil King\u2122 est un must pour les amateurs de Pizza. Poign\u00e9e pliante, grande pelle de 29,8 cm, facile \u00e0 nettoyer. Longueur Hors tout : 64,8 cm.\" \/>\n<meta name=\"robots\" content=\"index, follow, max-snippet:-1, max-image-preview:large, max-video-preview:-1\" \/>\n<link rel=\"canonical\" href=\"https:\/\/www.grills-saveurs.ch\/fr\/produit\/pelle-a-pizza\/\" \/>\n<meta property=\"og:locale\" content=\"fr_FR\" \/>\n<meta property=\"og:type\" content=\"article\" \/>\n<meta property=\"og:title\" content=\"Pelle \u00e0 pizza - Grills et Saveurs\" \/>\n<meta property=\"og:description\" content=\"Tout pizzaiollo peut jurer que l\u2019ingr\u00e9dient le plus important apr\u00e8s la p\u00e2te est une grande pelle \u00e0 Pizza en acier inoxydable. Con\u00e7ue avec une poign\u00e9e rabattable pour \u00e9conomiser de l\u2019espace et simplifier son rangement, la pelle \u00e0 Pizza Broil King\u2122 est un must pour les amateurs de Pizza. Poign\u00e9e pliante, grande pelle de 29,8 cm, facile \u00e0 nettoyer. Longueur Hors tout : 64,8 cm.\" \/>\n<meta property=\"og:url\" content=\"https:\/\/www.grills-saveurs.ch\/fr\/produit\/pelle-a-pizza\/\" \/>\n<meta property=\"og:site_name\" content=\"Grills et Saveurs\" \/>\n<meta property=\"article:modified_time\" content=\"2024-04-08T07:24:10+00:00\" \/>\n<meta property=\"og:image\" content=\"https:\/\/www.grills-saveurs.ch\/fr\/wp-content\/uploads\/2024\/03\/accessory_69800-12.jpg\" \/>\n\t<meta property=\"og:image:width\" content=\"600\" \/>\n\t<meta property=\"og:image:height\" content=\"600\" \/>\n\t<meta property=\"og:image:type\" content=\"image\/jpeg\" \/>\n<meta name=\"twitter:card\" content=\"summary_large_image\" \/>\n<script type=\"application\/ld+json\" class=\"yoast-schema-graph\">{\"@context\":\"https:\/\/schema.org\",\"@graph\":[{\"@type\":\"WebSite\",\"@id\":\"https:\/\/www.grills-saveurs.ch\/fr\/#website\",\"url\":\"https:\/\/www.grills-saveurs.ch\/fr\/\",\"name\":\"Grills et Saveurs\",\"description\":\"Barbecues, Grills, Planchas, Chemin\u00e9es jardin - Lausanne, Suisse Romande\",\"potentialAction\":[{\"@type\":\"SearchAction\",\"target\":{\"@type\":\"EntryPoint\",\"urlTemplate\":\"https:\/\/www.grills-saveurs.ch\/fr\/?s={search_term_string}\"},\"query-input\":\"required name=search_term_string\"}],\"inLanguage\":\"fr-FR\"},{\"@type\":\"ImageObject\",\"@id\":\"https:\/\/www.grills-saveurs.ch\/fr\/produit\/pelle-a-pizza\/#primaryimage\",\"inLanguage\":\"fr-FR\",\"url\":\"https:\/\/www.grills-saveurs.ch\/fr\/wp-content\/uploads\/2024\/03\/accessory_69800-12.jpg\",\"contentUrl\":\"https:\/\/www.grills-saveurs.ch\/fr\/wp-content\/uploads\/2024\/03\/accessory_69800-12.jpg\",\"width\":600,\"height\":600},{\"@type\":\"WebPage\",\"@id\":\"https:\/\/www.grills-saveurs.ch\/fr\/produit\/pelle-a-pizza\/#webpage\",\"url\":\"https:\/\/www.grills-saveurs.ch\/fr\/produit\/pelle-a-pizza\/\",\"name\":\"Pelle \u00e0 pizza - Grills et Saveurs\",\"isPartOf\":{\"@id\":\"https:\/\/www.grills-saveurs.ch\/fr\/#website\"},\"primaryImageOfPage\":{\"@id\":\"https:\/\/www.grills-saveurs.ch\/fr\/produit\/pelle-a-pizza\/#primaryimage\"},\"datePublished\":\"2024-04-08T07:24:09+00:00\",\"dateModified\":\"2024-04-08T07:24:10+00:00\",\"description\":\"Tout pizzaiollo peut jurer que l\u2019ingr\u00e9dient le plus important apr\u00e8s la p\u00e2te est une grande pelle \u00e0 Pizza en acier inoxydable. Con\u00e7ue avec une poign\u00e9e rabattable pour \u00e9conomiser de l\u2019espace et simplifier son rangement, la pelle \u00e0 Pizza Broil King\u2122 est un must pour les amateurs de Pizza. Poign\u00e9e pliante, grande pelle de 29,8 cm, facile \u00e0 nettoyer. Longueur Hors tout : 64,8 cm.\",\"breadcrumb\":{\"@id\":\"https:\/\/www.grills-saveurs.ch\/fr\/produit\/pelle-a-pizza\/#breadcrumb\"},\"inLanguage\":\"fr-FR\",\"potentialAction\":[{\"@type\":\"ReadAction\",\"target\":[\"https:\/\/www.grills-saveurs.ch\/fr\/produit\/pelle-a-pizza\/\"]}]},{\"@type\":\"BreadcrumbList\",\"@id\":\"https:\/\/www.grills-saveurs.ch\/fr\/produit\/pelle-a-pizza\/#breadcrumb\",\"itemListElement\":[{\"@type\":\"ListItem\",\"position\":1,\"name\":\"Accueil\",\"item\":\"https:\/\/www.grills-saveurs.ch\/fr\/\"},{\"@type\":\"ListItem\",\"position\":2,\"name\":\"Shop \/ Boutique\",\"item\":\"https:\/\/www.grills-saveurs.ch\/fr\/boutique\/\"},{\"@type\":\"ListItem\",\"position\":3,\"name\":\"Pelle \u00e0 pizza\"}]}]}<\/script>\n<!-- \/ Yoast SEO plugin. -->","yoast_head_json":{"title":"Pelle \u00e0 pizza - Grills et Saveurs","description":"Tout pizzaiollo peut jurer que l\u2019ingr\u00e9dient le plus important apr\u00e8s la p\u00e2te est une grande pelle \u00e0 Pizza en acier inoxydable. Con\u00e7ue avec une poign\u00e9e rabattable pour \u00e9conomiser de l\u2019espace et simplifier son rangement, la pelle \u00e0 Pizza Broil King\u2122 est un must pour les amateurs de Pizza. Poign\u00e9e pliante, grande pelle de 29,8 cm, facile \u00e0 nettoyer. Longueur Hors tout : 64,8 cm.","robots":{"index":"index","follow":"follow","max-snippet":"max-snippet:-1","max-image-preview":"max-image-preview:large","max-video-preview":"max-video-preview:-1"},"canonical":"https:\/\/www.grills-saveurs.ch\/fr\/produit\/pelle-a-pizza\/","og_locale":"fr_FR","og_type":"article","og_title":"Pelle \u00e0 pizza - Grills et Saveurs","og_description":"Tout pizzaiollo peut jurer que l\u2019ingr\u00e9dient le plus important apr\u00e8s la p\u00e2te est une grande pelle \u00e0 Pizza en acier inoxydable. Con\u00e7ue avec une poign\u00e9e rabattable pour \u00e9conomiser de l\u2019espace et simplifier son rangement, la pelle \u00e0 Pizza Broil King\u2122 est un must pour les amateurs de Pizza. Poign\u00e9e pliante, grande pelle de 29,8 cm, facile \u00e0 nettoyer. Longueur Hors tout : 64,8 cm.","og_url":"https:\/\/www.grills-saveurs.ch\/fr\/produit\/pelle-a-pizza\/","og_site_name":"Grills et Saveurs","article_modified_time":"2024-04-08T07:24:10+00:00","og_image":[{"width":600,"height":600,"url":"https:\/\/www.grills-saveurs.ch\/fr\/wp-content\/uploads\/2024\/03\/accessory_69800-12.jpg","type":"image\/jpeg"}],"twitter_card":"summary_large_image","schema":{"@context":"https:\/\/schema.org","@graph":[{"@type":"WebSite","@id":"https:\/\/www.grills-saveurs.ch\/fr\/#website","url":"https:\/\/www.grills-saveurs.ch\/fr\/","name":"Grills et Saveurs","description":"Barbecues, Grills, Planchas, Chemin\u00e9es jardin - Lausanne, Suisse Romande","potentialAction":[{"@type":"SearchAction","target":{"@type":"EntryPoint","urlTemplate":"https:\/\/www.grills-saveurs.ch\/fr\/?s={search_term_string}"},"query-input":"required name=search_term_string"}],"inLanguage":"fr-FR"},{"@type":"ImageObject","@id":"https:\/\/www.grills-saveurs.ch\/fr\/produit\/pelle-a-pizza\/#primaryimage","inLanguage":"fr-FR","url":"https:\/\/www.grills-saveurs.ch\/fr\/wp-content\/uploads\/2024\/03\/accessory_69800-12.jpg","contentUrl":"https:\/\/www.grills-saveurs.ch\/fr\/wp-content\/uploads\/2024\/03\/accessory_69800-12.jpg","width":600,"height":600},{"@type":"WebPage","@id":"https:\/\/www.grills-saveurs.ch\/fr\/produit\/pelle-a-pizza\/#webpage","url":"https:\/\/www.grills-saveurs.ch\/fr\/produit\/pelle-a-pizza\/","name":"Pelle \u00e0 pizza - Grills et Saveurs","isPartOf":{"@id":"https:\/\/www.grills-saveurs.ch\/fr\/#website"},"primaryImageOfPage":{"@id":"https:\/\/www.grills-saveurs.ch\/fr\/produit\/pelle-a-pizza\/#primaryimage"},"datePublished":"2024-04-08T07:24:09+00:00","dateModified":"2024-04-08T07:24:10+00:00","description":"Tout pizzaiollo peut jurer que l\u2019ingr\u00e9dient le plus important apr\u00e8s la p\u00e2te est une grande pelle \u00e0 Pizza en acier inoxydable. Con\u00e7ue avec une poign\u00e9e rabattable pour \u00e9conomiser de l\u2019espace et simplifier son rangement, la pelle \u00e0 Pizza Broil King\u2122 est un must pour les amateurs de Pizza. Poign\u00e9e pliante, grande pelle de 29,8 cm, facile \u00e0 nettoyer. Longueur Hors tout : 64,8 cm.","breadcrumb":{"@id":"https:\/\/www.grills-saveurs.ch\/fr\/produit\/pelle-a-pizza\/#breadcrumb"},"inLanguage":"fr-FR","potentialAction":[{"@type":"ReadAction","target":["https:\/\/www.grills-saveurs.ch\/fr\/produit\/pelle-a-pizza\/"]}]},{"@type":"BreadcrumbList","@id":"https:\/\/www.grills-saveurs.ch\/fr\/produit\/pelle-a-pizza\/#breadcrumb","itemListElement":[{"@type":"ListItem","position":1,"name":"Accueil","item":"https:\/\/www.grills-saveurs.ch\/fr\/"},{"@type":"ListItem","position":2,"name":"Shop \/ Boutique","item":"https:\/\/www.grills-saveurs.ch\/fr\/boutique\/"},{"@type":"ListItem","position":3,"name":"Pelle \u00e0 pizza"}]}]}},"_links":{"self":[{"href":"https:\/\/www.grills-saveurs.ch\/fr\/wp-json\/wp\/v2\/product\/9101"}],"collection":[{"href":"https:\/\/www.grills-saveurs.ch\/fr\/wp-json\/wp\/v2\/product"}],"about":[{"href":"https:\/\/www.grills-saveurs.ch\/fr\/wp-json\/wp\/v2\/types\/product"}],"wp:featuredmedia":[{"embeddable":true,"href":"https:\/\/www.grills-saveurs.ch\/fr\/wp-json\/wp\/v2\/media\/9102"}],"wp:attachment":[{"href":"https:\/\/www.grills-saveurs.ch\/fr\/wp-json\/wp\/v2\/media?parent=9101"}],"wp:term":[{"taxonomy":"product_cat","embeddable":true,"href":"https:\/\/www.grills-saveurs.ch\/fr\/wp-json\/wp\/v2\/product_cat?post=9101"},{"taxonomy":"product_tag","embeddable":true,"href":"https:\/\/www.grills-saveurs.ch\/fr\/wp-json\/wp\/v2\/product_tag?post=9101"}],"curies":[{"name":"wp","href":"https:\/\/api.w.org\/{rel}","templated":true}]}}