{"id":9108,"date":"2024-04-08T09:24:10","date_gmt":"2024-04-08T07:24:10","guid":{"rendered":"https:\/\/www.grills-saveurs.ch\/fr\/?post_type=product&#038;p=9108"},"modified":"2024-04-08T09:24:11","modified_gmt":"2024-04-08T07:24:11","slug":"couteau-a-pizza-mezzaluna","status":"publish","type":"product","link":"https:\/\/www.grills-saveurs.ch\/fr\/produit\/couteau-a-pizza-mezzaluna\/","title":{"rendered":"Couteau \u00e0 pizza Mezzaluna"},"content":{"rendered":"<p>\u00abMezzaluna\u00bb signifie demi-lune, soit la forme de ce coupe-pizza professionnel de 15 po (38,1 cm). Inclinez la lame de la Mezzaluna en coupant la pizza, et les garnitures resteront en place. Une pression \u00e9gale est appliqu\u00e9e des deux c\u00f4t\u00e9s de la lame pour une coupe nette.<\/p>\n","protected":false},"excerpt":{"rendered":"<p>\u00abMezzaluna\u00bb signifie demi-lune, soit la forme de ce coupe-pizza professionnel de 15 po (38,1 cm). Inclinez la lame de la Mezzaluna en coupant la pizza, et les garnitures resteront en place. Une pression \u00e9gale est appliqu\u00e9e des deux c\u00f4t\u00e9s de la lame pour une coupe nette.<\/p>\n","protected":false},"featured_media":9112,"template":"","meta":[],"product_cat":[189,198,212],"product_tag":[],"yoast_head":"<!-- This site is optimized with the Yoast SEO plugin v18.2 - https:\/\/yoast.com\/wordpress\/plugins\/seo\/ -->\n<title>Couteau \u00e0 pizza Mezzaluna - Grills et Saveurs<\/title>\n<meta name=\"description\" content=\"\u00abMezzaluna\u00bb signifie demi-lune, soit la forme de ce coupe-pizza professionnel de 15 po (38,1 cm). Inclinez la lame de la Mezzaluna en coupant la pizza, et les garnitures resteront en place. Une pression \u00e9gale est appliqu\u00e9e des deux c\u00f4t\u00e9s de la lame pour une coupe nette.\" \/>\n<meta name=\"robots\" content=\"index, follow, max-snippet:-1, max-image-preview:large, max-video-preview:-1\" \/>\n<link rel=\"canonical\" href=\"https:\/\/www.grills-saveurs.ch\/fr\/produit\/couteau-a-pizza-mezzaluna\/\" \/>\n<meta property=\"og:locale\" content=\"fr_FR\" \/>\n<meta property=\"og:type\" content=\"article\" \/>\n<meta property=\"og:title\" content=\"Couteau \u00e0 pizza Mezzaluna - Grills et Saveurs\" \/>\n<meta property=\"og:description\" content=\"\u00abMezzaluna\u00bb signifie demi-lune, soit la forme de ce coupe-pizza professionnel de 15 po (38,1 cm). Inclinez la lame de la Mezzaluna en coupant la pizza, et les garnitures resteront en place. Une pression \u00e9gale est appliqu\u00e9e des deux c\u00f4t\u00e9s de la lame pour une coupe nette.\" \/>\n<meta property=\"og:url\" content=\"https:\/\/www.grills-saveurs.ch\/fr\/produit\/couteau-a-pizza-mezzaluna\/\" \/>\n<meta property=\"og:site_name\" content=\"Grills et Saveurs\" \/>\n<meta property=\"article:modified_time\" content=\"2024-04-08T07:24:11+00:00\" \/>\n<meta property=\"og:image\" content=\"https:\/\/www.grills-saveurs.ch\/fr\/wp-content\/uploads\/2024\/03\/accessory_69805-11.jpg\" \/>\n\t<meta property=\"og:image:width\" content=\"600\" \/>\n\t<meta property=\"og:image:height\" content=\"600\" \/>\n\t<meta property=\"og:image:type\" content=\"image\/jpeg\" \/>\n<meta name=\"twitter:card\" content=\"summary_large_image\" \/>\n<script type=\"application\/ld+json\" class=\"yoast-schema-graph\">{\"@context\":\"https:\/\/schema.org\",\"@graph\":[{\"@type\":\"WebSite\",\"@id\":\"https:\/\/www.grills-saveurs.ch\/fr\/#website\",\"url\":\"https:\/\/www.grills-saveurs.ch\/fr\/\",\"name\":\"Grills et Saveurs\",\"description\":\"Barbecues, Grills, Planchas, Chemin\u00e9es jardin - Lausanne, Suisse Romande\",\"potentialAction\":[{\"@type\":\"SearchAction\",\"target\":{\"@type\":\"EntryPoint\",\"urlTemplate\":\"https:\/\/www.grills-saveurs.ch\/fr\/?s={search_term_string}\"},\"query-input\":\"required name=search_term_string\"}],\"inLanguage\":\"fr-FR\"},{\"@type\":\"ImageObject\",\"@id\":\"https:\/\/www.grills-saveurs.ch\/fr\/produit\/couteau-a-pizza-mezzaluna\/#primaryimage\",\"inLanguage\":\"fr-FR\",\"url\":\"https:\/\/www.grills-saveurs.ch\/fr\/wp-content\/uploads\/2024\/03\/accessory_69805-11.jpg\",\"contentUrl\":\"https:\/\/www.grills-saveurs.ch\/fr\/wp-content\/uploads\/2024\/03\/accessory_69805-11.jpg\",\"width\":600,\"height\":600},{\"@type\":\"WebPage\",\"@id\":\"https:\/\/www.grills-saveurs.ch\/fr\/produit\/couteau-a-pizza-mezzaluna\/#webpage\",\"url\":\"https:\/\/www.grills-saveurs.ch\/fr\/produit\/couteau-a-pizza-mezzaluna\/\",\"name\":\"Couteau \u00e0 pizza Mezzaluna - Grills et Saveurs\",\"isPartOf\":{\"@id\":\"https:\/\/www.grills-saveurs.ch\/fr\/#website\"},\"primaryImageOfPage\":{\"@id\":\"https:\/\/www.grills-saveurs.ch\/fr\/produit\/couteau-a-pizza-mezzaluna\/#primaryimage\"},\"datePublished\":\"2024-04-08T07:24:10+00:00\",\"dateModified\":\"2024-04-08T07:24:11+00:00\",\"description\":\"\u00abMezzaluna\u00bb signifie demi-lune, soit la forme de ce coupe-pizza professionnel de 15 po (38,1 cm). Inclinez la lame de la Mezzaluna en coupant la pizza, et les garnitures resteront en place. Une pression \u00e9gale est appliqu\u00e9e des deux c\u00f4t\u00e9s de la lame pour une coupe nette.\",\"breadcrumb\":{\"@id\":\"https:\/\/www.grills-saveurs.ch\/fr\/produit\/couteau-a-pizza-mezzaluna\/#breadcrumb\"},\"inLanguage\":\"fr-FR\",\"potentialAction\":[{\"@type\":\"ReadAction\",\"target\":[\"https:\/\/www.grills-saveurs.ch\/fr\/produit\/couteau-a-pizza-mezzaluna\/\"]}]},{\"@type\":\"BreadcrumbList\",\"@id\":\"https:\/\/www.grills-saveurs.ch\/fr\/produit\/couteau-a-pizza-mezzaluna\/#breadcrumb\",\"itemListElement\":[{\"@type\":\"ListItem\",\"position\":1,\"name\":\"Accueil\",\"item\":\"https:\/\/www.grills-saveurs.ch\/fr\/\"},{\"@type\":\"ListItem\",\"position\":2,\"name\":\"Shop \/ Boutique\",\"item\":\"https:\/\/www.grills-saveurs.ch\/fr\/boutique\/\"},{\"@type\":\"ListItem\",\"position\":3,\"name\":\"Couteau \u00e0 pizza Mezzaluna\"}]}]}<\/script>\n<!-- \/ Yoast SEO plugin. -->","yoast_head_json":{"title":"Couteau \u00e0 pizza Mezzaluna - Grills et Saveurs","description":"\u00abMezzaluna\u00bb signifie demi-lune, soit la forme de ce coupe-pizza professionnel de 15 po (38,1 cm). Inclinez la lame de la Mezzaluna en coupant la pizza, et les garnitures resteront en place. Une pression \u00e9gale est appliqu\u00e9e des deux c\u00f4t\u00e9s de la lame pour une coupe nette.","robots":{"index":"index","follow":"follow","max-snippet":"max-snippet:-1","max-image-preview":"max-image-preview:large","max-video-preview":"max-video-preview:-1"},"canonical":"https:\/\/www.grills-saveurs.ch\/fr\/produit\/couteau-a-pizza-mezzaluna\/","og_locale":"fr_FR","og_type":"article","og_title":"Couteau \u00e0 pizza Mezzaluna - Grills et Saveurs","og_description":"\u00abMezzaluna\u00bb signifie demi-lune, soit la forme de ce coupe-pizza professionnel de 15 po (38,1 cm). Inclinez la lame de la Mezzaluna en coupant la pizza, et les garnitures resteront en place. Une pression \u00e9gale est appliqu\u00e9e des deux c\u00f4t\u00e9s de la lame pour une coupe nette.","og_url":"https:\/\/www.grills-saveurs.ch\/fr\/produit\/couteau-a-pizza-mezzaluna\/","og_site_name":"Grills et Saveurs","article_modified_time":"2024-04-08T07:24:11+00:00","og_image":[{"width":600,"height":600,"url":"https:\/\/www.grills-saveurs.ch\/fr\/wp-content\/uploads\/2024\/03\/accessory_69805-11.jpg","type":"image\/jpeg"}],"twitter_card":"summary_large_image","schema":{"@context":"https:\/\/schema.org","@graph":[{"@type":"WebSite","@id":"https:\/\/www.grills-saveurs.ch\/fr\/#website","url":"https:\/\/www.grills-saveurs.ch\/fr\/","name":"Grills et Saveurs","description":"Barbecues, Grills, Planchas, Chemin\u00e9es jardin - Lausanne, Suisse Romande","potentialAction":[{"@type":"SearchAction","target":{"@type":"EntryPoint","urlTemplate":"https:\/\/www.grills-saveurs.ch\/fr\/?s={search_term_string}"},"query-input":"required name=search_term_string"}],"inLanguage":"fr-FR"},{"@type":"ImageObject","@id":"https:\/\/www.grills-saveurs.ch\/fr\/produit\/couteau-a-pizza-mezzaluna\/#primaryimage","inLanguage":"fr-FR","url":"https:\/\/www.grills-saveurs.ch\/fr\/wp-content\/uploads\/2024\/03\/accessory_69805-11.jpg","contentUrl":"https:\/\/www.grills-saveurs.ch\/fr\/wp-content\/uploads\/2024\/03\/accessory_69805-11.jpg","width":600,"height":600},{"@type":"WebPage","@id":"https:\/\/www.grills-saveurs.ch\/fr\/produit\/couteau-a-pizza-mezzaluna\/#webpage","url":"https:\/\/www.grills-saveurs.ch\/fr\/produit\/couteau-a-pizza-mezzaluna\/","name":"Couteau \u00e0 pizza Mezzaluna - Grills et Saveurs","isPartOf":{"@id":"https:\/\/www.grills-saveurs.ch\/fr\/#website"},"primaryImageOfPage":{"@id":"https:\/\/www.grills-saveurs.ch\/fr\/produit\/couteau-a-pizza-mezzaluna\/#primaryimage"},"datePublished":"2024-04-08T07:24:10+00:00","dateModified":"2024-04-08T07:24:11+00:00","description":"\u00abMezzaluna\u00bb signifie demi-lune, soit la forme de ce coupe-pizza professionnel de 15 po (38,1 cm). Inclinez la lame de la Mezzaluna en coupant la pizza, et les garnitures resteront en place. Une pression \u00e9gale est appliqu\u00e9e des deux c\u00f4t\u00e9s de la lame pour une coupe nette.","breadcrumb":{"@id":"https:\/\/www.grills-saveurs.ch\/fr\/produit\/couteau-a-pizza-mezzaluna\/#breadcrumb"},"inLanguage":"fr-FR","potentialAction":[{"@type":"ReadAction","target":["https:\/\/www.grills-saveurs.ch\/fr\/produit\/couteau-a-pizza-mezzaluna\/"]}]},{"@type":"BreadcrumbList","@id":"https:\/\/www.grills-saveurs.ch\/fr\/produit\/couteau-a-pizza-mezzaluna\/#breadcrumb","itemListElement":[{"@type":"ListItem","position":1,"name":"Accueil","item":"https:\/\/www.grills-saveurs.ch\/fr\/"},{"@type":"ListItem","position":2,"name":"Shop \/ Boutique","item":"https:\/\/www.grills-saveurs.ch\/fr\/boutique\/"},{"@type":"ListItem","position":3,"name":"Couteau \u00e0 pizza Mezzaluna"}]}]}},"_links":{"self":[{"href":"https:\/\/www.grills-saveurs.ch\/fr\/wp-json\/wp\/v2\/product\/9108"}],"collection":[{"href":"https:\/\/www.grills-saveurs.ch\/fr\/wp-json\/wp\/v2\/product"}],"about":[{"href":"https:\/\/www.grills-saveurs.ch\/fr\/wp-json\/wp\/v2\/types\/product"}],"wp:featuredmedia":[{"embeddable":true,"href":"https:\/\/www.grills-saveurs.ch\/fr\/wp-json\/wp\/v2\/media\/9112"}],"wp:attachment":[{"href":"https:\/\/www.grills-saveurs.ch\/fr\/wp-json\/wp\/v2\/media?parent=9108"}],"wp:term":[{"taxonomy":"product_cat","embeddable":true,"href":"https:\/\/www.grills-saveurs.ch\/fr\/wp-json\/wp\/v2\/product_cat?post=9108"},{"taxonomy":"product_tag","embeddable":true,"href":"https:\/\/www.grills-saveurs.ch\/fr\/wp-json\/wp\/v2\/product_tag?post=9108"}],"curies":[{"name":"wp","href":"https:\/\/api.w.org\/{rel}","templated":true}]}}