{"id":9113,"date":"2024-04-08T09:24:11","date_gmt":"2024-04-08T07:24:11","guid":{"rendered":"https:\/\/www.grills-saveurs.ch\/fr\/?post_type=product&#038;p=9113"},"modified":"2024-04-08T09:24:11","modified_gmt":"2024-04-08T07:24:11","slug":"plaque-en-fonte-pour-serie-monarch","status":"publish","type":"product","link":"https:\/\/www.grills-saveurs.ch\/fr\/produit\/plaque-en-fonte-pour-serie-monarch\/","title":{"rendered":"Plaque en fonte pour s\u00e9rie Monarch"},"content":{"rendered":"<p>Plancha en fonte \u00e9maill\u00e9e r\u00e9versible. A utiliser \u00e0 la place d\u2019une section de vos grilles de cuisson \u2013 Une face lisse pour faire des cr\u00eapes ou vos \u0153ufs \u2013 Une face rainur\u00e9e parfaite pour marquer la viande.<\/p>\n<p>La plancha en fonte 11223\u00a0 convient aux mod\u00e8les BROIL KING Monarch\u2122 et\u00a0 Royal\u2122 \u2013\u00a0Dimensions : 37 x 27,3 cm \u2013<\/p>\n","protected":false},"excerpt":{"rendered":"<p>Plancha en fonte \u00e9maill\u00e9e r\u00e9versible. A utiliser \u00e0 la place d\u2019une section de vos grilles de cuisson \u2013 Une face lisse pour faire des cr\u00eapes ou vos \u0153ufs \u2013 Une face rainur\u00e9e parfaite pour marquer la viande. La plancha en fonte 11223\u00a0 convient aux mod\u00e8les BROIL KING Monarch\u2122 et\u00a0 Royal\u2122 \u2013\u00a0Dimensions : 37 x 27,3 &hellip;<\/p>\n","protected":false},"featured_media":9114,"template":"","meta":[],"product_cat":[189,198,212],"product_tag":[],"yoast_head":"<!-- This site is optimized with the Yoast SEO plugin v18.2 - https:\/\/yoast.com\/wordpress\/plugins\/seo\/ -->\n<title>Plaque en fonte pour s\u00e9rie Monarch - Grills et Saveurs<\/title>\n<meta name=\"description\" content=\"Plancha en fonte \u00e9maill\u00e9e r\u00e9versible. A utiliser \u00e0 la place d\u2019une section de vos grilles de cuisson \u2013 Une face lisse pour faire des cr\u00eapes ou vos \u0153ufs \u2013 Une face rainur\u00e9e parfaite pour marquer la viande.La plancha en fonte 11223 convient aux mod\u00e8les BROIL KING Monarch\u2122 et Royal\u2122 \u2013 Dimensions : 37 x 27,3 cm \u2013\" \/>\n<meta name=\"robots\" content=\"index, follow, max-snippet:-1, max-image-preview:large, max-video-preview:-1\" \/>\n<link rel=\"canonical\" href=\"https:\/\/www.grills-saveurs.ch\/fr\/produit\/plaque-en-fonte-pour-serie-monarch\/\" \/>\n<meta property=\"og:locale\" content=\"fr_FR\" \/>\n<meta property=\"og:type\" content=\"article\" \/>\n<meta property=\"og:title\" content=\"Plaque en fonte pour s\u00e9rie Monarch - Grills et Saveurs\" \/>\n<meta property=\"og:description\" content=\"Plancha en fonte \u00e9maill\u00e9e r\u00e9versible. A utiliser \u00e0 la place d\u2019une section de vos grilles de cuisson \u2013 Une face lisse pour faire des cr\u00eapes ou vos \u0153ufs \u2013 Une face rainur\u00e9e parfaite pour marquer la viande.La plancha en fonte 11223 convient aux mod\u00e8les BROIL KING Monarch\u2122 et Royal\u2122 \u2013 Dimensions : 37 x 27,3 cm \u2013\" \/>\n<meta property=\"og:url\" content=\"https:\/\/www.grills-saveurs.ch\/fr\/produit\/plaque-en-fonte-pour-serie-monarch\/\" \/>\n<meta property=\"og:site_name\" content=\"Grills et Saveurs\" \/>\n<meta property=\"og:image\" content=\"https:\/\/www.grills-saveurs.ch\/fr\/wp-content\/uploads\/2024\/03\/accessory_11223-4.jpg\" \/>\n\t<meta property=\"og:image:width\" content=\"600\" \/>\n\t<meta property=\"og:image:height\" content=\"600\" \/>\n\t<meta property=\"og:image:type\" content=\"image\/jpeg\" \/>\n<meta name=\"twitter:card\" content=\"summary_large_image\" \/>\n<script type=\"application\/ld+json\" class=\"yoast-schema-graph\">{\"@context\":\"https:\/\/schema.org\",\"@graph\":[{\"@type\":\"WebSite\",\"@id\":\"https:\/\/www.grills-saveurs.ch\/fr\/#website\",\"url\":\"https:\/\/www.grills-saveurs.ch\/fr\/\",\"name\":\"Grills et Saveurs\",\"description\":\"Barbecues, Grills, Planchas, Chemin\u00e9es jardin - Lausanne, Suisse Romande\",\"potentialAction\":[{\"@type\":\"SearchAction\",\"target\":{\"@type\":\"EntryPoint\",\"urlTemplate\":\"https:\/\/www.grills-saveurs.ch\/fr\/?s={search_term_string}\"},\"query-input\":\"required name=search_term_string\"}],\"inLanguage\":\"fr-FR\"},{\"@type\":\"ImageObject\",\"@id\":\"https:\/\/www.grills-saveurs.ch\/fr\/produit\/plaque-en-fonte-pour-serie-monarch\/#primaryimage\",\"inLanguage\":\"fr-FR\",\"url\":\"https:\/\/www.grills-saveurs.ch\/fr\/wp-content\/uploads\/2024\/03\/accessory_11223-4.jpg\",\"contentUrl\":\"https:\/\/www.grills-saveurs.ch\/fr\/wp-content\/uploads\/2024\/03\/accessory_11223-4.jpg\",\"width\":600,\"height\":600},{\"@type\":\"WebPage\",\"@id\":\"https:\/\/www.grills-saveurs.ch\/fr\/produit\/plaque-en-fonte-pour-serie-monarch\/#webpage\",\"url\":\"https:\/\/www.grills-saveurs.ch\/fr\/produit\/plaque-en-fonte-pour-serie-monarch\/\",\"name\":\"Plaque en fonte pour s\u00e9rie Monarch - Grills et Saveurs\",\"isPartOf\":{\"@id\":\"https:\/\/www.grills-saveurs.ch\/fr\/#website\"},\"primaryImageOfPage\":{\"@id\":\"https:\/\/www.grills-saveurs.ch\/fr\/produit\/plaque-en-fonte-pour-serie-monarch\/#primaryimage\"},\"datePublished\":\"2024-04-08T07:24:11+00:00\",\"dateModified\":\"2024-04-08T07:24:11+00:00\",\"description\":\"Plancha en fonte \u00e9maill\u00e9e r\u00e9versible. A utiliser \u00e0 la place d\u2019une section de vos grilles de cuisson \u2013 Une face lisse pour faire des cr\u00eapes ou vos \u0153ufs \u2013 Une face rainur\u00e9e parfaite pour marquer la viande.La plancha en fonte 11223 convient aux mod\u00e8les BROIL KING Monarch\u2122 et Royal\u2122 \u2013 Dimensions : 37 x 27,3 cm \u2013\",\"breadcrumb\":{\"@id\":\"https:\/\/www.grills-saveurs.ch\/fr\/produit\/plaque-en-fonte-pour-serie-monarch\/#breadcrumb\"},\"inLanguage\":\"fr-FR\",\"potentialAction\":[{\"@type\":\"ReadAction\",\"target\":[\"https:\/\/www.grills-saveurs.ch\/fr\/produit\/plaque-en-fonte-pour-serie-monarch\/\"]}]},{\"@type\":\"BreadcrumbList\",\"@id\":\"https:\/\/www.grills-saveurs.ch\/fr\/produit\/plaque-en-fonte-pour-serie-monarch\/#breadcrumb\",\"itemListElement\":[{\"@type\":\"ListItem\",\"position\":1,\"name\":\"Accueil\",\"item\":\"https:\/\/www.grills-saveurs.ch\/fr\/\"},{\"@type\":\"ListItem\",\"position\":2,\"name\":\"Shop \/ Boutique\",\"item\":\"https:\/\/www.grills-saveurs.ch\/fr\/boutique\/\"},{\"@type\":\"ListItem\",\"position\":3,\"name\":\"Plaque en fonte pour s\u00e9rie Monarch\"}]}]}<\/script>\n<!-- \/ Yoast SEO plugin. -->","yoast_head_json":{"title":"Plaque en fonte pour s\u00e9rie Monarch - Grills et Saveurs","description":"Plancha en fonte \u00e9maill\u00e9e r\u00e9versible. A utiliser \u00e0 la place d\u2019une section de vos grilles de cuisson \u2013 Une face lisse pour faire des cr\u00eapes ou vos \u0153ufs \u2013 Une face rainur\u00e9e parfaite pour marquer la viande.La plancha en fonte 11223 convient aux mod\u00e8les BROIL KING Monarch\u2122 et Royal\u2122 \u2013 Dimensions : 37 x 27,3 cm \u2013","robots":{"index":"index","follow":"follow","max-snippet":"max-snippet:-1","max-image-preview":"max-image-preview:large","max-video-preview":"max-video-preview:-1"},"canonical":"https:\/\/www.grills-saveurs.ch\/fr\/produit\/plaque-en-fonte-pour-serie-monarch\/","og_locale":"fr_FR","og_type":"article","og_title":"Plaque en fonte pour s\u00e9rie Monarch - Grills et Saveurs","og_description":"Plancha en fonte \u00e9maill\u00e9e r\u00e9versible. A utiliser \u00e0 la place d\u2019une section de vos grilles de cuisson \u2013 Une face lisse pour faire des cr\u00eapes ou vos \u0153ufs \u2013 Une face rainur\u00e9e parfaite pour marquer la viande.La plancha en fonte 11223 convient aux mod\u00e8les BROIL KING Monarch\u2122 et Royal\u2122 \u2013 Dimensions : 37 x 27,3 cm \u2013","og_url":"https:\/\/www.grills-saveurs.ch\/fr\/produit\/plaque-en-fonte-pour-serie-monarch\/","og_site_name":"Grills et Saveurs","og_image":[{"width":600,"height":600,"url":"https:\/\/www.grills-saveurs.ch\/fr\/wp-content\/uploads\/2024\/03\/accessory_11223-4.jpg","type":"image\/jpeg"}],"twitter_card":"summary_large_image","schema":{"@context":"https:\/\/schema.org","@graph":[{"@type":"WebSite","@id":"https:\/\/www.grills-saveurs.ch\/fr\/#website","url":"https:\/\/www.grills-saveurs.ch\/fr\/","name":"Grills et Saveurs","description":"Barbecues, Grills, Planchas, Chemin\u00e9es jardin - Lausanne, Suisse Romande","potentialAction":[{"@type":"SearchAction","target":{"@type":"EntryPoint","urlTemplate":"https:\/\/www.grills-saveurs.ch\/fr\/?s={search_term_string}"},"query-input":"required name=search_term_string"}],"inLanguage":"fr-FR"},{"@type":"ImageObject","@id":"https:\/\/www.grills-saveurs.ch\/fr\/produit\/plaque-en-fonte-pour-serie-monarch\/#primaryimage","inLanguage":"fr-FR","url":"https:\/\/www.grills-saveurs.ch\/fr\/wp-content\/uploads\/2024\/03\/accessory_11223-4.jpg","contentUrl":"https:\/\/www.grills-saveurs.ch\/fr\/wp-content\/uploads\/2024\/03\/accessory_11223-4.jpg","width":600,"height":600},{"@type":"WebPage","@id":"https:\/\/www.grills-saveurs.ch\/fr\/produit\/plaque-en-fonte-pour-serie-monarch\/#webpage","url":"https:\/\/www.grills-saveurs.ch\/fr\/produit\/plaque-en-fonte-pour-serie-monarch\/","name":"Plaque en fonte pour s\u00e9rie Monarch - Grills et Saveurs","isPartOf":{"@id":"https:\/\/www.grills-saveurs.ch\/fr\/#website"},"primaryImageOfPage":{"@id":"https:\/\/www.grills-saveurs.ch\/fr\/produit\/plaque-en-fonte-pour-serie-monarch\/#primaryimage"},"datePublished":"2024-04-08T07:24:11+00:00","dateModified":"2024-04-08T07:24:11+00:00","description":"Plancha en fonte \u00e9maill\u00e9e r\u00e9versible. A utiliser \u00e0 la place d\u2019une section de vos grilles de cuisson \u2013 Une face lisse pour faire des cr\u00eapes ou vos \u0153ufs \u2013 Une face rainur\u00e9e parfaite pour marquer la viande.La plancha en fonte 11223 convient aux mod\u00e8les BROIL KING Monarch\u2122 et Royal\u2122 \u2013 Dimensions : 37 x 27,3 cm \u2013","breadcrumb":{"@id":"https:\/\/www.grills-saveurs.ch\/fr\/produit\/plaque-en-fonte-pour-serie-monarch\/#breadcrumb"},"inLanguage":"fr-FR","potentialAction":[{"@type":"ReadAction","target":["https:\/\/www.grills-saveurs.ch\/fr\/produit\/plaque-en-fonte-pour-serie-monarch\/"]}]},{"@type":"BreadcrumbList","@id":"https:\/\/www.grills-saveurs.ch\/fr\/produit\/plaque-en-fonte-pour-serie-monarch\/#breadcrumb","itemListElement":[{"@type":"ListItem","position":1,"name":"Accueil","item":"https:\/\/www.grills-saveurs.ch\/fr\/"},{"@type":"ListItem","position":2,"name":"Shop \/ Boutique","item":"https:\/\/www.grills-saveurs.ch\/fr\/boutique\/"},{"@type":"ListItem","position":3,"name":"Plaque en fonte pour s\u00e9rie Monarch"}]}]}},"_links":{"self":[{"href":"https:\/\/www.grills-saveurs.ch\/fr\/wp-json\/wp\/v2\/product\/9113"}],"collection":[{"href":"https:\/\/www.grills-saveurs.ch\/fr\/wp-json\/wp\/v2\/product"}],"about":[{"href":"https:\/\/www.grills-saveurs.ch\/fr\/wp-json\/wp\/v2\/types\/product"}],"wp:featuredmedia":[{"embeddable":true,"href":"https:\/\/www.grills-saveurs.ch\/fr\/wp-json\/wp\/v2\/media\/9114"}],"wp:attachment":[{"href":"https:\/\/www.grills-saveurs.ch\/fr\/wp-json\/wp\/v2\/media?parent=9113"}],"wp:term":[{"taxonomy":"product_cat","embeddable":true,"href":"https:\/\/www.grills-saveurs.ch\/fr\/wp-json\/wp\/v2\/product_cat?post=9113"},{"taxonomy":"product_tag","embeddable":true,"href":"https:\/\/www.grills-saveurs.ch\/fr\/wp-json\/wp\/v2\/product_tag?post=9113"}],"curies":[{"name":"wp","href":"https:\/\/api.w.org\/{rel}","templated":true}]}}