{"id":9117,"date":"2024-04-08T09:24:11","date_gmt":"2024-04-08T07:24:11","guid":{"rendered":"https:\/\/www.grills-saveurs.ch\/fr\/?post_type=product&#038;p=9117"},"modified":"2024-04-08T09:24:11","modified_gmt":"2024-04-08T07:24:11","slug":"set-pierre-a-pizza","status":"publish","type":"product","link":"https:\/\/www.grills-saveurs.ch\/fr\/produit\/set-pierre-a-pizza\/","title":{"rendered":"Set pierre \u00e0 pizza"},"content":{"rendered":"<p>Le set Pierre \u00e0 Pizza de la s\u00e9rie Imperial de Broil King\u2122 est compos\u00e9 d\u2019une pierre \u00e0 pizza d\u2019un diam\u00e8tre de 33 cm, capable de supporter des changements de temp\u00e9rature rapide, d\u2019un bandeau en acier inoxydable avec poign\u00e9e pour aider au d\u00e9placement de la pierre, et d\u2019une pelle en bois.<\/p>\n","protected":false},"excerpt":{"rendered":"<p>Le set Pierre \u00e0 Pizza de la s\u00e9rie Imperial de Broil King\u2122 est compos\u00e9 d\u2019une pierre \u00e0 pizza d\u2019un diam\u00e8tre de 33 cm, capable de supporter des changements de temp\u00e9rature rapide, d\u2019un bandeau en acier inoxydable avec poign\u00e9e pour aider au d\u00e9placement de la pierre, et d\u2019une pelle en bois.<\/p>\n","protected":false},"featured_media":9120,"template":"","meta":[],"product_cat":[189,198,212],"product_tag":[],"yoast_head":"<!-- This site is optimized with the Yoast SEO plugin v18.2 - https:\/\/yoast.com\/wordpress\/plugins\/seo\/ -->\n<title>Set pierre \u00e0 pizza - Grills et Saveurs<\/title>\n<meta name=\"description\" content=\"Le set Pierre \u00e0 Pizza de la s\u00e9rie Imperial de Broil King\u2122 est compos\u00e9 d\u2019une pierre \u00e0 pizza d\u2019un diam\u00e8tre de 33 cm, capable de supporter des changements de temp\u00e9rature rapide, d\u2019un bandeau en acier inoxydable avec poign\u00e9e pour aider au d\u00e9placement de la pierre, et d\u2019une pelle en bois.\" \/>\n<meta name=\"robots\" content=\"index, follow, max-snippet:-1, max-image-preview:large, max-video-preview:-1\" \/>\n<link rel=\"canonical\" href=\"https:\/\/www.grills-saveurs.ch\/fr\/produit\/set-pierre-a-pizza\/\" \/>\n<meta property=\"og:locale\" content=\"fr_FR\" \/>\n<meta property=\"og:type\" content=\"article\" \/>\n<meta property=\"og:title\" content=\"Set pierre \u00e0 pizza - Grills et Saveurs\" \/>\n<meta property=\"og:description\" content=\"Le set Pierre \u00e0 Pizza de la s\u00e9rie Imperial de Broil King\u2122 est compos\u00e9 d\u2019une pierre \u00e0 pizza d\u2019un diam\u00e8tre de 33 cm, capable de supporter des changements de temp\u00e9rature rapide, d\u2019un bandeau en acier inoxydable avec poign\u00e9e pour aider au d\u00e9placement de la pierre, et d\u2019une pelle en bois.\" \/>\n<meta property=\"og:url\" content=\"https:\/\/www.grills-saveurs.ch\/fr\/produit\/set-pierre-a-pizza\/\" \/>\n<meta property=\"og:site_name\" content=\"Grills et Saveurs\" \/>\n<meta property=\"og:image\" content=\"https:\/\/www.grills-saveurs.ch\/fr\/wp-content\/uploads\/2024\/03\/accessory_69816-5.jpg\" \/>\n\t<meta property=\"og:image:width\" content=\"600\" \/>\n\t<meta property=\"og:image:height\" content=\"600\" \/>\n\t<meta property=\"og:image:type\" content=\"image\/jpeg\" \/>\n<meta name=\"twitter:card\" content=\"summary_large_image\" \/>\n<script type=\"application\/ld+json\" class=\"yoast-schema-graph\">{\"@context\":\"https:\/\/schema.org\",\"@graph\":[{\"@type\":\"WebSite\",\"@id\":\"https:\/\/www.grills-saveurs.ch\/fr\/#website\",\"url\":\"https:\/\/www.grills-saveurs.ch\/fr\/\",\"name\":\"Grills et Saveurs\",\"description\":\"Barbecues, Grills, Planchas, Chemin\u00e9es jardin - Lausanne, Suisse Romande\",\"potentialAction\":[{\"@type\":\"SearchAction\",\"target\":{\"@type\":\"EntryPoint\",\"urlTemplate\":\"https:\/\/www.grills-saveurs.ch\/fr\/?s={search_term_string}\"},\"query-input\":\"required name=search_term_string\"}],\"inLanguage\":\"fr-FR\"},{\"@type\":\"ImageObject\",\"@id\":\"https:\/\/www.grills-saveurs.ch\/fr\/produit\/set-pierre-a-pizza\/#primaryimage\",\"inLanguage\":\"fr-FR\",\"url\":\"https:\/\/www.grills-saveurs.ch\/fr\/wp-content\/uploads\/2024\/03\/accessory_69816-5.jpg\",\"contentUrl\":\"https:\/\/www.grills-saveurs.ch\/fr\/wp-content\/uploads\/2024\/03\/accessory_69816-5.jpg\",\"width\":600,\"height\":600},{\"@type\":\"WebPage\",\"@id\":\"https:\/\/www.grills-saveurs.ch\/fr\/produit\/set-pierre-a-pizza\/#webpage\",\"url\":\"https:\/\/www.grills-saveurs.ch\/fr\/produit\/set-pierre-a-pizza\/\",\"name\":\"Set pierre \u00e0 pizza - Grills et Saveurs\",\"isPartOf\":{\"@id\":\"https:\/\/www.grills-saveurs.ch\/fr\/#website\"},\"primaryImageOfPage\":{\"@id\":\"https:\/\/www.grills-saveurs.ch\/fr\/produit\/set-pierre-a-pizza\/#primaryimage\"},\"datePublished\":\"2024-04-08T07:24:11+00:00\",\"dateModified\":\"2024-04-08T07:24:11+00:00\",\"description\":\"Le set Pierre \u00e0 Pizza de la s\u00e9rie Imperial de Broil King\u2122 est compos\u00e9 d\u2019une pierre \u00e0 pizza d\u2019un diam\u00e8tre de 33 cm, capable de supporter des changements de temp\u00e9rature rapide, d\u2019un bandeau en acier inoxydable avec poign\u00e9e pour aider au d\u00e9placement de la pierre, et d\u2019une pelle en bois.\",\"breadcrumb\":{\"@id\":\"https:\/\/www.grills-saveurs.ch\/fr\/produit\/set-pierre-a-pizza\/#breadcrumb\"},\"inLanguage\":\"fr-FR\",\"potentialAction\":[{\"@type\":\"ReadAction\",\"target\":[\"https:\/\/www.grills-saveurs.ch\/fr\/produit\/set-pierre-a-pizza\/\"]}]},{\"@type\":\"BreadcrumbList\",\"@id\":\"https:\/\/www.grills-saveurs.ch\/fr\/produit\/set-pierre-a-pizza\/#breadcrumb\",\"itemListElement\":[{\"@type\":\"ListItem\",\"position\":1,\"name\":\"Accueil\",\"item\":\"https:\/\/www.grills-saveurs.ch\/fr\/\"},{\"@type\":\"ListItem\",\"position\":2,\"name\":\"Shop \/ Boutique\",\"item\":\"https:\/\/www.grills-saveurs.ch\/fr\/boutique\/\"},{\"@type\":\"ListItem\",\"position\":3,\"name\":\"Set pierre \u00e0 pizza\"}]}]}<\/script>\n<!-- \/ Yoast SEO plugin. -->","yoast_head_json":{"title":"Set pierre \u00e0 pizza - Grills et Saveurs","description":"Le set Pierre \u00e0 Pizza de la s\u00e9rie Imperial de Broil King\u2122 est compos\u00e9 d\u2019une pierre \u00e0 pizza d\u2019un diam\u00e8tre de 33 cm, capable de supporter des changements de temp\u00e9rature rapide, d\u2019un bandeau en acier inoxydable avec poign\u00e9e pour aider au d\u00e9placement de la pierre, et d\u2019une pelle en bois.","robots":{"index":"index","follow":"follow","max-snippet":"max-snippet:-1","max-image-preview":"max-image-preview:large","max-video-preview":"max-video-preview:-1"},"canonical":"https:\/\/www.grills-saveurs.ch\/fr\/produit\/set-pierre-a-pizza\/","og_locale":"fr_FR","og_type":"article","og_title":"Set pierre \u00e0 pizza - Grills et Saveurs","og_description":"Le set Pierre \u00e0 Pizza de la s\u00e9rie Imperial de Broil King\u2122 est compos\u00e9 d\u2019une pierre \u00e0 pizza d\u2019un diam\u00e8tre de 33 cm, capable de supporter des changements de temp\u00e9rature rapide, d\u2019un bandeau en acier inoxydable avec poign\u00e9e pour aider au d\u00e9placement de la pierre, et d\u2019une pelle en bois.","og_url":"https:\/\/www.grills-saveurs.ch\/fr\/produit\/set-pierre-a-pizza\/","og_site_name":"Grills et Saveurs","og_image":[{"width":600,"height":600,"url":"https:\/\/www.grills-saveurs.ch\/fr\/wp-content\/uploads\/2024\/03\/accessory_69816-5.jpg","type":"image\/jpeg"}],"twitter_card":"summary_large_image","schema":{"@context":"https:\/\/schema.org","@graph":[{"@type":"WebSite","@id":"https:\/\/www.grills-saveurs.ch\/fr\/#website","url":"https:\/\/www.grills-saveurs.ch\/fr\/","name":"Grills et Saveurs","description":"Barbecues, Grills, Planchas, Chemin\u00e9es jardin - Lausanne, Suisse Romande","potentialAction":[{"@type":"SearchAction","target":{"@type":"EntryPoint","urlTemplate":"https:\/\/www.grills-saveurs.ch\/fr\/?s={search_term_string}"},"query-input":"required name=search_term_string"}],"inLanguage":"fr-FR"},{"@type":"ImageObject","@id":"https:\/\/www.grills-saveurs.ch\/fr\/produit\/set-pierre-a-pizza\/#primaryimage","inLanguage":"fr-FR","url":"https:\/\/www.grills-saveurs.ch\/fr\/wp-content\/uploads\/2024\/03\/accessory_69816-5.jpg","contentUrl":"https:\/\/www.grills-saveurs.ch\/fr\/wp-content\/uploads\/2024\/03\/accessory_69816-5.jpg","width":600,"height":600},{"@type":"WebPage","@id":"https:\/\/www.grills-saveurs.ch\/fr\/produit\/set-pierre-a-pizza\/#webpage","url":"https:\/\/www.grills-saveurs.ch\/fr\/produit\/set-pierre-a-pizza\/","name":"Set pierre \u00e0 pizza - Grills et Saveurs","isPartOf":{"@id":"https:\/\/www.grills-saveurs.ch\/fr\/#website"},"primaryImageOfPage":{"@id":"https:\/\/www.grills-saveurs.ch\/fr\/produit\/set-pierre-a-pizza\/#primaryimage"},"datePublished":"2024-04-08T07:24:11+00:00","dateModified":"2024-04-08T07:24:11+00:00","description":"Le set Pierre \u00e0 Pizza de la s\u00e9rie Imperial de Broil King\u2122 est compos\u00e9 d\u2019une pierre \u00e0 pizza d\u2019un diam\u00e8tre de 33 cm, capable de supporter des changements de temp\u00e9rature rapide, d\u2019un bandeau en acier inoxydable avec poign\u00e9e pour aider au d\u00e9placement de la pierre, et d\u2019une pelle en bois.","breadcrumb":{"@id":"https:\/\/www.grills-saveurs.ch\/fr\/produit\/set-pierre-a-pizza\/#breadcrumb"},"inLanguage":"fr-FR","potentialAction":[{"@type":"ReadAction","target":["https:\/\/www.grills-saveurs.ch\/fr\/produit\/set-pierre-a-pizza\/"]}]},{"@type":"BreadcrumbList","@id":"https:\/\/www.grills-saveurs.ch\/fr\/produit\/set-pierre-a-pizza\/#breadcrumb","itemListElement":[{"@type":"ListItem","position":1,"name":"Accueil","item":"https:\/\/www.grills-saveurs.ch\/fr\/"},{"@type":"ListItem","position":2,"name":"Shop \/ Boutique","item":"https:\/\/www.grills-saveurs.ch\/fr\/boutique\/"},{"@type":"ListItem","position":3,"name":"Set pierre \u00e0 pizza"}]}]}},"_links":{"self":[{"href":"https:\/\/www.grills-saveurs.ch\/fr\/wp-json\/wp\/v2\/product\/9117"}],"collection":[{"href":"https:\/\/www.grills-saveurs.ch\/fr\/wp-json\/wp\/v2\/product"}],"about":[{"href":"https:\/\/www.grills-saveurs.ch\/fr\/wp-json\/wp\/v2\/types\/product"}],"wp:featuredmedia":[{"embeddable":true,"href":"https:\/\/www.grills-saveurs.ch\/fr\/wp-json\/wp\/v2\/media\/9120"}],"wp:attachment":[{"href":"https:\/\/www.grills-saveurs.ch\/fr\/wp-json\/wp\/v2\/media?parent=9117"}],"wp:term":[{"taxonomy":"product_cat","embeddable":true,"href":"https:\/\/www.grills-saveurs.ch\/fr\/wp-json\/wp\/v2\/product_cat?post=9117"},{"taxonomy":"product_tag","embeddable":true,"href":"https:\/\/www.grills-saveurs.ch\/fr\/wp-json\/wp\/v2\/product_tag?post=9117"}],"curies":[{"name":"wp","href":"https:\/\/api.w.org\/{rel}","templated":true}]}}