{"id":9121,"date":"2024-04-08T09:24:11","date_gmt":"2024-04-08T07:24:11","guid":{"rendered":"https:\/\/www.grills-saveurs.ch\/fr\/?post_type=product&#038;p=9121"},"modified":"2024-04-08T09:24:11","modified_gmt":"2024-04-08T07:24:11","slug":"grand-wok-a-legumes","status":"publish","type":"product","link":"https:\/\/www.grills-saveurs.ch\/fr\/produit\/grand-wok-a-legumes\/","title":{"rendered":"Grand wok \u00e0 l\u00e9gumes"},"content":{"rendered":"<p>Avec le wok Broil King, vous avez la possibilit\u00e9 de pr\u00e9parer de d\u00e9licieux l\u00e9gumes ainsi que des plats de viande sur le gril carr\u00e9. La conception des trous de la plaque de cuisson allie fonctionnalit\u00e9 et facilit\u00e9 et rapidit\u00e9 de nettoyage. Deux poign\u00e9es int\u00e9gr\u00e9es rendent la manipulation simple et confortable. De plus, gr\u00e2ce \u00e0 sa fabrication en acier inoxydable, il convainc par sa longue dur\u00e9e de vie et sa robustesse.<\/p>\n<ul class=\"bpaSX8t_ bpaWeO0A\">\n<li class=\"bpacbGuz\">Wok pour barbecue en Acier inoxydable<\/li>\n<li class=\"bpacbGuz\">Base carr\u00e9e<\/li>\n<li class=\"bpacbGuz\">Fabriqu\u00e9 en acier inoxydable<\/li>\n<li class=\"bpacbGuz\">Facile \u00e0 nettoyer<\/li>\n<\/ul>\n","protected":false},"excerpt":{"rendered":"<p>Avec le wok Broil King, vous avez la possibilit\u00e9 de pr\u00e9parer de d\u00e9licieux l\u00e9gumes ainsi que des plats de viande sur le gril carr\u00e9. La conception des trous de la plaque de cuisson allie fonctionnalit\u00e9 et facilit\u00e9 et rapidit\u00e9 de nettoyage. Deux poign\u00e9es int\u00e9gr\u00e9es rendent la manipulation simple et confortable. De plus, gr\u00e2ce \u00e0 sa &hellip;<\/p>\n","protected":false},"featured_media":9122,"template":"","meta":[],"product_cat":[189,198,212],"product_tag":[],"yoast_head":"<!-- This site is optimized with the Yoast SEO plugin v18.2 - https:\/\/yoast.com\/wordpress\/plugins\/seo\/ -->\n<title>Grand wok \u00e0 l\u00e9gumes - Grills et Saveurs<\/title>\n<meta name=\"description\" content=\"Avec le wok Broil King, vous avez la possibilit\u00e9 de pr\u00e9parer de d\u00e9licieux l\u00e9gumes ainsi que des plats de viande sur le gril carr\u00e9. La conception des trous de la plaque de cuisson allie fonctionnalit\u00e9 et facilit\u00e9 et rapidit\u00e9 de nettoyage. Deux poign\u00e9es int\u00e9gr\u00e9es rendent la manipulation simple et confortable. De plus, gr\u00e2ce \u00e0 sa fabrication en acier inoxydable, il convainc par sa longue dur\u00e9e de vie et sa robustesse.\" \/>\n<meta name=\"robots\" content=\"index, follow, max-snippet:-1, max-image-preview:large, max-video-preview:-1\" \/>\n<link rel=\"canonical\" href=\"https:\/\/www.grills-saveurs.ch\/fr\/produit\/grand-wok-a-legumes\/\" \/>\n<meta property=\"og:locale\" content=\"fr_FR\" \/>\n<meta property=\"og:type\" content=\"article\" \/>\n<meta property=\"og:title\" content=\"Grand wok \u00e0 l\u00e9gumes - Grills et Saveurs\" \/>\n<meta property=\"og:description\" content=\"Avec le wok Broil King, vous avez la possibilit\u00e9 de pr\u00e9parer de d\u00e9licieux l\u00e9gumes ainsi que des plats de viande sur le gril carr\u00e9. La conception des trous de la plaque de cuisson allie fonctionnalit\u00e9 et facilit\u00e9 et rapidit\u00e9 de nettoyage. Deux poign\u00e9es int\u00e9gr\u00e9es rendent la manipulation simple et confortable. De plus, gr\u00e2ce \u00e0 sa fabrication en acier inoxydable, il convainc par sa longue dur\u00e9e de vie et sa robustesse.\" \/>\n<meta property=\"og:url\" content=\"https:\/\/www.grills-saveurs.ch\/fr\/produit\/grand-wok-a-legumes\/\" \/>\n<meta property=\"og:site_name\" content=\"Grills et Saveurs\" \/>\n<meta property=\"og:image\" content=\"https:\/\/www.grills-saveurs.ch\/fr\/wp-content\/uploads\/2024\/03\/58442058_xxl3.jpg\" \/>\n\t<meta property=\"og:image:width\" content=\"2145\" \/>\n\t<meta property=\"og:image:height\" content=\"900\" \/>\n\t<meta property=\"og:image:type\" content=\"image\/jpeg\" \/>\n<meta name=\"twitter:card\" content=\"summary_large_image\" \/>\n<script type=\"application\/ld+json\" class=\"yoast-schema-graph\">{\"@context\":\"https:\/\/schema.org\",\"@graph\":[{\"@type\":\"WebSite\",\"@id\":\"https:\/\/www.grills-saveurs.ch\/fr\/#website\",\"url\":\"https:\/\/www.grills-saveurs.ch\/fr\/\",\"name\":\"Grills et Saveurs\",\"description\":\"Barbecues, Grills, Planchas, Chemin\u00e9es jardin - Lausanne, Suisse Romande\",\"potentialAction\":[{\"@type\":\"SearchAction\",\"target\":{\"@type\":\"EntryPoint\",\"urlTemplate\":\"https:\/\/www.grills-saveurs.ch\/fr\/?s={search_term_string}\"},\"query-input\":\"required name=search_term_string\"}],\"inLanguage\":\"fr-FR\"},{\"@type\":\"ImageObject\",\"@id\":\"https:\/\/www.grills-saveurs.ch\/fr\/produit\/grand-wok-a-legumes\/#primaryimage\",\"inLanguage\":\"fr-FR\",\"url\":\"https:\/\/www.grills-saveurs.ch\/fr\/wp-content\/uploads\/2024\/03\/58442058_xxl3.jpg\",\"contentUrl\":\"https:\/\/www.grills-saveurs.ch\/fr\/wp-content\/uploads\/2024\/03\/58442058_xxl3.jpg\",\"width\":2145,\"height\":900},{\"@type\":\"WebPage\",\"@id\":\"https:\/\/www.grills-saveurs.ch\/fr\/produit\/grand-wok-a-legumes\/#webpage\",\"url\":\"https:\/\/www.grills-saveurs.ch\/fr\/produit\/grand-wok-a-legumes\/\",\"name\":\"Grand wok \u00e0 l\u00e9gumes - Grills et Saveurs\",\"isPartOf\":{\"@id\":\"https:\/\/www.grills-saveurs.ch\/fr\/#website\"},\"primaryImageOfPage\":{\"@id\":\"https:\/\/www.grills-saveurs.ch\/fr\/produit\/grand-wok-a-legumes\/#primaryimage\"},\"datePublished\":\"2024-04-08T07:24:11+00:00\",\"dateModified\":\"2024-04-08T07:24:11+00:00\",\"description\":\"Avec le wok Broil King, vous avez la possibilit\u00e9 de pr\u00e9parer de d\u00e9licieux l\u00e9gumes ainsi que des plats de viande sur le gril carr\u00e9. La conception des trous de la plaque de cuisson allie fonctionnalit\u00e9 et facilit\u00e9 et rapidit\u00e9 de nettoyage. Deux poign\u00e9es int\u00e9gr\u00e9es rendent la manipulation simple et confortable. De plus, gr\u00e2ce \u00e0 sa fabrication en acier inoxydable, il convainc par sa longue dur\u00e9e de vie et sa robustesse.\",\"breadcrumb\":{\"@id\":\"https:\/\/www.grills-saveurs.ch\/fr\/produit\/grand-wok-a-legumes\/#breadcrumb\"},\"inLanguage\":\"fr-FR\",\"potentialAction\":[{\"@type\":\"ReadAction\",\"target\":[\"https:\/\/www.grills-saveurs.ch\/fr\/produit\/grand-wok-a-legumes\/\"]}]},{\"@type\":\"BreadcrumbList\",\"@id\":\"https:\/\/www.grills-saveurs.ch\/fr\/produit\/grand-wok-a-legumes\/#breadcrumb\",\"itemListElement\":[{\"@type\":\"ListItem\",\"position\":1,\"name\":\"Accueil\",\"item\":\"https:\/\/www.grills-saveurs.ch\/fr\/\"},{\"@type\":\"ListItem\",\"position\":2,\"name\":\"Shop \/ Boutique\",\"item\":\"https:\/\/www.grills-saveurs.ch\/fr\/boutique\/\"},{\"@type\":\"ListItem\",\"position\":3,\"name\":\"Grand wok \u00e0 l\u00e9gumes\"}]}]}<\/script>\n<!-- \/ Yoast SEO plugin. -->","yoast_head_json":{"title":"Grand wok \u00e0 l\u00e9gumes - Grills et Saveurs","description":"Avec le wok Broil King, vous avez la possibilit\u00e9 de pr\u00e9parer de d\u00e9licieux l\u00e9gumes ainsi que des plats de viande sur le gril carr\u00e9. La conception des trous de la plaque de cuisson allie fonctionnalit\u00e9 et facilit\u00e9 et rapidit\u00e9 de nettoyage. Deux poign\u00e9es int\u00e9gr\u00e9es rendent la manipulation simple et confortable. De plus, gr\u00e2ce \u00e0 sa fabrication en acier inoxydable, il convainc par sa longue dur\u00e9e de vie et sa robustesse.","robots":{"index":"index","follow":"follow","max-snippet":"max-snippet:-1","max-image-preview":"max-image-preview:large","max-video-preview":"max-video-preview:-1"},"canonical":"https:\/\/www.grills-saveurs.ch\/fr\/produit\/grand-wok-a-legumes\/","og_locale":"fr_FR","og_type":"article","og_title":"Grand wok \u00e0 l\u00e9gumes - Grills et Saveurs","og_description":"Avec le wok Broil King, vous avez la possibilit\u00e9 de pr\u00e9parer de d\u00e9licieux l\u00e9gumes ainsi que des plats de viande sur le gril carr\u00e9. La conception des trous de la plaque de cuisson allie fonctionnalit\u00e9 et facilit\u00e9 et rapidit\u00e9 de nettoyage. Deux poign\u00e9es int\u00e9gr\u00e9es rendent la manipulation simple et confortable. De plus, gr\u00e2ce \u00e0 sa fabrication en acier inoxydable, il convainc par sa longue dur\u00e9e de vie et sa robustesse.","og_url":"https:\/\/www.grills-saveurs.ch\/fr\/produit\/grand-wok-a-legumes\/","og_site_name":"Grills et Saveurs","og_image":[{"width":2145,"height":900,"url":"https:\/\/www.grills-saveurs.ch\/fr\/wp-content\/uploads\/2024\/03\/58442058_xxl3.jpg","type":"image\/jpeg"}],"twitter_card":"summary_large_image","schema":{"@context":"https:\/\/schema.org","@graph":[{"@type":"WebSite","@id":"https:\/\/www.grills-saveurs.ch\/fr\/#website","url":"https:\/\/www.grills-saveurs.ch\/fr\/","name":"Grills et Saveurs","description":"Barbecues, Grills, Planchas, Chemin\u00e9es jardin - Lausanne, Suisse Romande","potentialAction":[{"@type":"SearchAction","target":{"@type":"EntryPoint","urlTemplate":"https:\/\/www.grills-saveurs.ch\/fr\/?s={search_term_string}"},"query-input":"required name=search_term_string"}],"inLanguage":"fr-FR"},{"@type":"ImageObject","@id":"https:\/\/www.grills-saveurs.ch\/fr\/produit\/grand-wok-a-legumes\/#primaryimage","inLanguage":"fr-FR","url":"https:\/\/www.grills-saveurs.ch\/fr\/wp-content\/uploads\/2024\/03\/58442058_xxl3.jpg","contentUrl":"https:\/\/www.grills-saveurs.ch\/fr\/wp-content\/uploads\/2024\/03\/58442058_xxl3.jpg","width":2145,"height":900},{"@type":"WebPage","@id":"https:\/\/www.grills-saveurs.ch\/fr\/produit\/grand-wok-a-legumes\/#webpage","url":"https:\/\/www.grills-saveurs.ch\/fr\/produit\/grand-wok-a-legumes\/","name":"Grand wok \u00e0 l\u00e9gumes - Grills et Saveurs","isPartOf":{"@id":"https:\/\/www.grills-saveurs.ch\/fr\/#website"},"primaryImageOfPage":{"@id":"https:\/\/www.grills-saveurs.ch\/fr\/produit\/grand-wok-a-legumes\/#primaryimage"},"datePublished":"2024-04-08T07:24:11+00:00","dateModified":"2024-04-08T07:24:11+00:00","description":"Avec le wok Broil King, vous avez la possibilit\u00e9 de pr\u00e9parer de d\u00e9licieux l\u00e9gumes ainsi que des plats de viande sur le gril carr\u00e9. La conception des trous de la plaque de cuisson allie fonctionnalit\u00e9 et facilit\u00e9 et rapidit\u00e9 de nettoyage. Deux poign\u00e9es int\u00e9gr\u00e9es rendent la manipulation simple et confortable. De plus, gr\u00e2ce \u00e0 sa fabrication en acier inoxydable, il convainc par sa longue dur\u00e9e de vie et sa robustesse.","breadcrumb":{"@id":"https:\/\/www.grills-saveurs.ch\/fr\/produit\/grand-wok-a-legumes\/#breadcrumb"},"inLanguage":"fr-FR","potentialAction":[{"@type":"ReadAction","target":["https:\/\/www.grills-saveurs.ch\/fr\/produit\/grand-wok-a-legumes\/"]}]},{"@type":"BreadcrumbList","@id":"https:\/\/www.grills-saveurs.ch\/fr\/produit\/grand-wok-a-legumes\/#breadcrumb","itemListElement":[{"@type":"ListItem","position":1,"name":"Accueil","item":"https:\/\/www.grills-saveurs.ch\/fr\/"},{"@type":"ListItem","position":2,"name":"Shop \/ Boutique","item":"https:\/\/www.grills-saveurs.ch\/fr\/boutique\/"},{"@type":"ListItem","position":3,"name":"Grand wok \u00e0 l\u00e9gumes"}]}]}},"_links":{"self":[{"href":"https:\/\/www.grills-saveurs.ch\/fr\/wp-json\/wp\/v2\/product\/9121"}],"collection":[{"href":"https:\/\/www.grills-saveurs.ch\/fr\/wp-json\/wp\/v2\/product"}],"about":[{"href":"https:\/\/www.grills-saveurs.ch\/fr\/wp-json\/wp\/v2\/types\/product"}],"wp:featuredmedia":[{"embeddable":true,"href":"https:\/\/www.grills-saveurs.ch\/fr\/wp-json\/wp\/v2\/media\/9122"}],"wp:attachment":[{"href":"https:\/\/www.grills-saveurs.ch\/fr\/wp-json\/wp\/v2\/media?parent=9121"}],"wp:term":[{"taxonomy":"product_cat","embeddable":true,"href":"https:\/\/www.grills-saveurs.ch\/fr\/wp-json\/wp\/v2\/product_cat?post=9121"},{"taxonomy":"product_tag","embeddable":true,"href":"https:\/\/www.grills-saveurs.ch\/fr\/wp-json\/wp\/v2\/product_tag?post=9121"}],"curies":[{"name":"wp","href":"https:\/\/api.w.org\/{rel}","templated":true}]}}