{"id":9136,"date":"2024-04-08T09:24:12","date_gmt":"2024-04-08T07:24:12","guid":{"rendered":"https:\/\/www.grills-saveurs.ch\/fr\/?post_type=product&#038;p=9136"},"modified":"2024-04-08T09:24:12","modified_gmt":"2024-04-08T07:24:12","slug":"kit-pour-marinade","status":"publish","type":"product","link":"https:\/\/www.grills-saveurs.ch\/fr\/produit\/kit-pour-marinade\/","title":{"rendered":"Kit pour marinade"},"content":{"rendered":"<p>Cet ensemble comprend un bol de 300 ml \/ 1,25 tasse. Une version moderne d\u2019un classique de la grillade. La brosse \u00e0 badigeonner en silicone et le bol de badigeonnage en acier inoxydable peuvent \u00eatre utilis\u00e9s sur la surface du gril ou le br\u00fbleur lat\u00e9ral pour appliquer de la sauce chaude sur les aliments sur le gril. Le silicone est r\u00e9sistant \u00e0 la chaleur jusqu\u2019\u00e0 500\u00b0F.<\/p>\n","protected":false},"excerpt":{"rendered":"<p>Cet ensemble comprend un bol de 300 ml \/ 1,25 tasse. Une version moderne d\u2019un classique de la grillade. La brosse \u00e0 badigeonner en silicone et le bol de badigeonnage en acier inoxydable peuvent \u00eatre utilis\u00e9s sur la surface du gril ou le br\u00fbleur lat\u00e9ral pour appliquer de la sauce chaude sur les aliments sur &hellip;<\/p>\n","protected":false},"featured_media":9137,"template":"","meta":[],"product_cat":[189,198,212],"product_tag":[],"yoast_head":"<!-- This site is optimized with the Yoast SEO plugin v18.2 - https:\/\/yoast.com\/wordpress\/plugins\/seo\/ -->\n<title>Kit pour marinade - Grills et Saveurs<\/title>\n<meta name=\"description\" content=\"Cet ensemble comprend un bol de 300 ml \/ 1,25 tasse. Une version moderne d\u2019un classique de la grillade. La brosse \u00e0 badigeonner en silicone et le bol de badigeonnage en acier inoxydable peuvent \u00eatre utilis\u00e9s sur la surface du gril ou le br\u00fbleur lat\u00e9ral pour appliquer de la sauce chaude sur les aliments sur le gril. Le silicone est r\u00e9sistant \u00e0 la chaleur jusqu\u2019\u00e0 500\u00b0F.\" \/>\n<meta name=\"robots\" content=\"index, follow, max-snippet:-1, max-image-preview:large, max-video-preview:-1\" \/>\n<link rel=\"canonical\" href=\"https:\/\/www.grills-saveurs.ch\/fr\/produit\/kit-pour-marinade\/\" \/>\n<meta property=\"og:locale\" content=\"fr_FR\" \/>\n<meta property=\"og:type\" content=\"article\" \/>\n<meta property=\"og:title\" content=\"Kit pour marinade - Grills et Saveurs\" \/>\n<meta property=\"og:description\" content=\"Cet ensemble comprend un bol de 300 ml \/ 1,25 tasse. Une version moderne d\u2019un classique de la grillade. La brosse \u00e0 badigeonner en silicone et le bol de badigeonnage en acier inoxydable peuvent \u00eatre utilis\u00e9s sur la surface du gril ou le br\u00fbleur lat\u00e9ral pour appliquer de la sauce chaude sur les aliments sur le gril. Le silicone est r\u00e9sistant \u00e0 la chaleur jusqu\u2019\u00e0 500\u00b0F.\" \/>\n<meta property=\"og:url\" content=\"https:\/\/www.grills-saveurs.ch\/fr\/produit\/kit-pour-marinade\/\" \/>\n<meta property=\"og:site_name\" content=\"Grills et Saveurs\" \/>\n<meta property=\"og:image\" content=\"https:\/\/www.grills-saveurs.ch\/fr\/wp-content\/uploads\/2024\/03\/accessory_61490.jpg\" \/>\n\t<meta property=\"og:image:width\" content=\"600\" \/>\n\t<meta property=\"og:image:height\" content=\"600\" \/>\n\t<meta property=\"og:image:type\" content=\"image\/jpeg\" \/>\n<meta name=\"twitter:card\" content=\"summary_large_image\" \/>\n<script type=\"application\/ld+json\" class=\"yoast-schema-graph\">{\"@context\":\"https:\/\/schema.org\",\"@graph\":[{\"@type\":\"WebSite\",\"@id\":\"https:\/\/www.grills-saveurs.ch\/fr\/#website\",\"url\":\"https:\/\/www.grills-saveurs.ch\/fr\/\",\"name\":\"Grills et Saveurs\",\"description\":\"Barbecues, Grills, Planchas, Chemin\u00e9es jardin - Lausanne, Suisse Romande\",\"potentialAction\":[{\"@type\":\"SearchAction\",\"target\":{\"@type\":\"EntryPoint\",\"urlTemplate\":\"https:\/\/www.grills-saveurs.ch\/fr\/?s={search_term_string}\"},\"query-input\":\"required name=search_term_string\"}],\"inLanguage\":\"fr-FR\"},{\"@type\":\"ImageObject\",\"@id\":\"https:\/\/www.grills-saveurs.ch\/fr\/produit\/kit-pour-marinade\/#primaryimage\",\"inLanguage\":\"fr-FR\",\"url\":\"https:\/\/www.grills-saveurs.ch\/fr\/wp-content\/uploads\/2024\/03\/accessory_61490.jpg\",\"contentUrl\":\"https:\/\/www.grills-saveurs.ch\/fr\/wp-content\/uploads\/2024\/03\/accessory_61490.jpg\",\"width\":600,\"height\":600},{\"@type\":\"WebPage\",\"@id\":\"https:\/\/www.grills-saveurs.ch\/fr\/produit\/kit-pour-marinade\/#webpage\",\"url\":\"https:\/\/www.grills-saveurs.ch\/fr\/produit\/kit-pour-marinade\/\",\"name\":\"Kit pour marinade - Grills et Saveurs\",\"isPartOf\":{\"@id\":\"https:\/\/www.grills-saveurs.ch\/fr\/#website\"},\"primaryImageOfPage\":{\"@id\":\"https:\/\/www.grills-saveurs.ch\/fr\/produit\/kit-pour-marinade\/#primaryimage\"},\"datePublished\":\"2024-04-08T07:24:12+00:00\",\"dateModified\":\"2024-04-08T07:24:12+00:00\",\"description\":\"Cet ensemble comprend un bol de 300 ml \/ 1,25 tasse. Une version moderne d\u2019un classique de la grillade. La brosse \u00e0 badigeonner en silicone et le bol de badigeonnage en acier inoxydable peuvent \u00eatre utilis\u00e9s sur la surface du gril ou le br\u00fbleur lat\u00e9ral pour appliquer de la sauce chaude sur les aliments sur le gril. Le silicone est r\u00e9sistant \u00e0 la chaleur jusqu\u2019\u00e0 500\u00b0F.\",\"breadcrumb\":{\"@id\":\"https:\/\/www.grills-saveurs.ch\/fr\/produit\/kit-pour-marinade\/#breadcrumb\"},\"inLanguage\":\"fr-FR\",\"potentialAction\":[{\"@type\":\"ReadAction\",\"target\":[\"https:\/\/www.grills-saveurs.ch\/fr\/produit\/kit-pour-marinade\/\"]}]},{\"@type\":\"BreadcrumbList\",\"@id\":\"https:\/\/www.grills-saveurs.ch\/fr\/produit\/kit-pour-marinade\/#breadcrumb\",\"itemListElement\":[{\"@type\":\"ListItem\",\"position\":1,\"name\":\"Accueil\",\"item\":\"https:\/\/www.grills-saveurs.ch\/fr\/\"},{\"@type\":\"ListItem\",\"position\":2,\"name\":\"Shop \/ Boutique\",\"item\":\"https:\/\/www.grills-saveurs.ch\/fr\/boutique\/\"},{\"@type\":\"ListItem\",\"position\":3,\"name\":\"Kit pour marinade\"}]}]}<\/script>\n<!-- \/ Yoast SEO plugin. -->","yoast_head_json":{"title":"Kit pour marinade - Grills et Saveurs","description":"Cet ensemble comprend un bol de 300 ml \/ 1,25 tasse. Une version moderne d\u2019un classique de la grillade. La brosse \u00e0 badigeonner en silicone et le bol de badigeonnage en acier inoxydable peuvent \u00eatre utilis\u00e9s sur la surface du gril ou le br\u00fbleur lat\u00e9ral pour appliquer de la sauce chaude sur les aliments sur le gril. Le silicone est r\u00e9sistant \u00e0 la chaleur jusqu\u2019\u00e0 500\u00b0F.","robots":{"index":"index","follow":"follow","max-snippet":"max-snippet:-1","max-image-preview":"max-image-preview:large","max-video-preview":"max-video-preview:-1"},"canonical":"https:\/\/www.grills-saveurs.ch\/fr\/produit\/kit-pour-marinade\/","og_locale":"fr_FR","og_type":"article","og_title":"Kit pour marinade - Grills et Saveurs","og_description":"Cet ensemble comprend un bol de 300 ml \/ 1,25 tasse. Une version moderne d\u2019un classique de la grillade. La brosse \u00e0 badigeonner en silicone et le bol de badigeonnage en acier inoxydable peuvent \u00eatre utilis\u00e9s sur la surface du gril ou le br\u00fbleur lat\u00e9ral pour appliquer de la sauce chaude sur les aliments sur le gril. Le silicone est r\u00e9sistant \u00e0 la chaleur jusqu\u2019\u00e0 500\u00b0F.","og_url":"https:\/\/www.grills-saveurs.ch\/fr\/produit\/kit-pour-marinade\/","og_site_name":"Grills et Saveurs","og_image":[{"width":600,"height":600,"url":"https:\/\/www.grills-saveurs.ch\/fr\/wp-content\/uploads\/2024\/03\/accessory_61490.jpg","type":"image\/jpeg"}],"twitter_card":"summary_large_image","schema":{"@context":"https:\/\/schema.org","@graph":[{"@type":"WebSite","@id":"https:\/\/www.grills-saveurs.ch\/fr\/#website","url":"https:\/\/www.grills-saveurs.ch\/fr\/","name":"Grills et Saveurs","description":"Barbecues, Grills, Planchas, Chemin\u00e9es jardin - Lausanne, Suisse Romande","potentialAction":[{"@type":"SearchAction","target":{"@type":"EntryPoint","urlTemplate":"https:\/\/www.grills-saveurs.ch\/fr\/?s={search_term_string}"},"query-input":"required name=search_term_string"}],"inLanguage":"fr-FR"},{"@type":"ImageObject","@id":"https:\/\/www.grills-saveurs.ch\/fr\/produit\/kit-pour-marinade\/#primaryimage","inLanguage":"fr-FR","url":"https:\/\/www.grills-saveurs.ch\/fr\/wp-content\/uploads\/2024\/03\/accessory_61490.jpg","contentUrl":"https:\/\/www.grills-saveurs.ch\/fr\/wp-content\/uploads\/2024\/03\/accessory_61490.jpg","width":600,"height":600},{"@type":"WebPage","@id":"https:\/\/www.grills-saveurs.ch\/fr\/produit\/kit-pour-marinade\/#webpage","url":"https:\/\/www.grills-saveurs.ch\/fr\/produit\/kit-pour-marinade\/","name":"Kit pour marinade - Grills et Saveurs","isPartOf":{"@id":"https:\/\/www.grills-saveurs.ch\/fr\/#website"},"primaryImageOfPage":{"@id":"https:\/\/www.grills-saveurs.ch\/fr\/produit\/kit-pour-marinade\/#primaryimage"},"datePublished":"2024-04-08T07:24:12+00:00","dateModified":"2024-04-08T07:24:12+00:00","description":"Cet ensemble comprend un bol de 300 ml \/ 1,25 tasse. Une version moderne d\u2019un classique de la grillade. La brosse \u00e0 badigeonner en silicone et le bol de badigeonnage en acier inoxydable peuvent \u00eatre utilis\u00e9s sur la surface du gril ou le br\u00fbleur lat\u00e9ral pour appliquer de la sauce chaude sur les aliments sur le gril. Le silicone est r\u00e9sistant \u00e0 la chaleur jusqu\u2019\u00e0 500\u00b0F.","breadcrumb":{"@id":"https:\/\/www.grills-saveurs.ch\/fr\/produit\/kit-pour-marinade\/#breadcrumb"},"inLanguage":"fr-FR","potentialAction":[{"@type":"ReadAction","target":["https:\/\/www.grills-saveurs.ch\/fr\/produit\/kit-pour-marinade\/"]}]},{"@type":"BreadcrumbList","@id":"https:\/\/www.grills-saveurs.ch\/fr\/produit\/kit-pour-marinade\/#breadcrumb","itemListElement":[{"@type":"ListItem","position":1,"name":"Accueil","item":"https:\/\/www.grills-saveurs.ch\/fr\/"},{"@type":"ListItem","position":2,"name":"Shop \/ Boutique","item":"https:\/\/www.grills-saveurs.ch\/fr\/boutique\/"},{"@type":"ListItem","position":3,"name":"Kit pour marinade"}]}]}},"_links":{"self":[{"href":"https:\/\/www.grills-saveurs.ch\/fr\/wp-json\/wp\/v2\/product\/9136"}],"collection":[{"href":"https:\/\/www.grills-saveurs.ch\/fr\/wp-json\/wp\/v2\/product"}],"about":[{"href":"https:\/\/www.grills-saveurs.ch\/fr\/wp-json\/wp\/v2\/types\/product"}],"wp:featuredmedia":[{"embeddable":true,"href":"https:\/\/www.grills-saveurs.ch\/fr\/wp-json\/wp\/v2\/media\/9137"}],"wp:attachment":[{"href":"https:\/\/www.grills-saveurs.ch\/fr\/wp-json\/wp\/v2\/media?parent=9136"}],"wp:term":[{"taxonomy":"product_cat","embeddable":true,"href":"https:\/\/www.grills-saveurs.ch\/fr\/wp-json\/wp\/v2\/product_cat?post=9136"},{"taxonomy":"product_tag","embeddable":true,"href":"https:\/\/www.grills-saveurs.ch\/fr\/wp-json\/wp\/v2\/product_tag?post=9136"}],"curies":[{"name":"wp","href":"https:\/\/api.w.org\/{rel}","templated":true}]}}