{"id":9140,"date":"2024-04-08T09:24:12","date_gmt":"2024-04-08T07:24:12","guid":{"rendered":"https:\/\/www.grills-saveurs.ch\/fr\/?post_type=product&#038;p=9140"},"modified":"2024-04-08T09:24:12","modified_gmt":"2024-04-08T07:24:12","slug":"pelles-a-pellets","status":"publish","type":"product","link":"https:\/\/www.grills-saveurs.ch\/fr\/produit\/pelles-a-pellets\/","title":{"rendered":"Pelles \u00e0 Pellets"},"content":{"rendered":"<p>Cette pelle pratique permet de facilement ajouter des pellets dans le barbecue \u00e0 Pellets. En acier inoxydable avec poign\u00e9e en r\u00e9sine, cette pelle offre des graduations permettant de mesurer la quantit\u00e9 de pellets d\u00e9sir\u00e9e ainsi qu\u2019un tamis int\u00e9gr\u00e9 pour \u00e9liminer la poussi\u00e8re.<\/p>\n","protected":false},"excerpt":{"rendered":"<p>Cette pelle pratique permet de facilement ajouter des pellets dans le barbecue \u00e0 Pellets. En acier inoxydable avec poign\u00e9e en r\u00e9sine, cette pelle offre des graduations permettant de mesurer la quantit\u00e9 de pellets d\u00e9sir\u00e9e ainsi qu\u2019un tamis int\u00e9gr\u00e9 pour \u00e9liminer la poussi\u00e8re.<\/p>\n","protected":false},"featured_media":9141,"template":"","meta":[],"product_cat":[189,198,212],"product_tag":[],"yoast_head":"<!-- This site is optimized with the Yoast SEO plugin v18.2 - https:\/\/yoast.com\/wordpress\/plugins\/seo\/ -->\n<title>Pelles \u00e0 Pellets - Grills et Saveurs<\/title>\n<meta name=\"description\" content=\"Cette pelle pratique permet de facilement ajouter des pellets dans le barbecue \u00e0 Pellets. En acier inoxydable avec poign\u00e9e en r\u00e9sine, cette pelle offre des graduations permettant de mesurer la quantit\u00e9 de pellets d\u00e9sir\u00e9e ainsi qu\u2019un tamis int\u00e9gr\u00e9 pour \u00e9liminer la poussi\u00e8re.\" \/>\n<meta name=\"robots\" content=\"index, follow, max-snippet:-1, max-image-preview:large, max-video-preview:-1\" \/>\n<link rel=\"canonical\" href=\"https:\/\/www.grills-saveurs.ch\/fr\/produit\/pelles-a-pellets\/\" \/>\n<meta property=\"og:locale\" content=\"fr_FR\" \/>\n<meta property=\"og:type\" content=\"article\" \/>\n<meta property=\"og:title\" content=\"Pelles \u00e0 Pellets - Grills et Saveurs\" \/>\n<meta property=\"og:description\" content=\"Cette pelle pratique permet de facilement ajouter des pellets dans le barbecue \u00e0 Pellets. En acier inoxydable avec poign\u00e9e en r\u00e9sine, cette pelle offre des graduations permettant de mesurer la quantit\u00e9 de pellets d\u00e9sir\u00e9e ainsi qu\u2019un tamis int\u00e9gr\u00e9 pour \u00e9liminer la poussi\u00e8re.\" \/>\n<meta property=\"og:url\" content=\"https:\/\/www.grills-saveurs.ch\/fr\/produit\/pelles-a-pellets\/\" \/>\n<meta property=\"og:site_name\" content=\"Grills et Saveurs\" \/>\n<meta property=\"og:image\" content=\"https:\/\/www.grills-saveurs.ch\/fr\/wp-content\/uploads\/2024\/03\/63946-1.jpg\" \/>\n\t<meta property=\"og:image:width\" content=\"600\" \/>\n\t<meta property=\"og:image:height\" content=\"600\" \/>\n\t<meta property=\"og:image:type\" content=\"image\/jpeg\" \/>\n<meta name=\"twitter:card\" content=\"summary_large_image\" \/>\n<script type=\"application\/ld+json\" class=\"yoast-schema-graph\">{\"@context\":\"https:\/\/schema.org\",\"@graph\":[{\"@type\":\"WebSite\",\"@id\":\"https:\/\/www.grills-saveurs.ch\/fr\/#website\",\"url\":\"https:\/\/www.grills-saveurs.ch\/fr\/\",\"name\":\"Grills et Saveurs\",\"description\":\"Barbecues, Grills, Planchas, Chemin\u00e9es jardin - Lausanne, Suisse Romande\",\"potentialAction\":[{\"@type\":\"SearchAction\",\"target\":{\"@type\":\"EntryPoint\",\"urlTemplate\":\"https:\/\/www.grills-saveurs.ch\/fr\/?s={search_term_string}\"},\"query-input\":\"required name=search_term_string\"}],\"inLanguage\":\"fr-FR\"},{\"@type\":\"ImageObject\",\"@id\":\"https:\/\/www.grills-saveurs.ch\/fr\/produit\/pelles-a-pellets\/#primaryimage\",\"inLanguage\":\"fr-FR\",\"url\":\"https:\/\/www.grills-saveurs.ch\/fr\/wp-content\/uploads\/2024\/03\/63946-1.jpg\",\"contentUrl\":\"https:\/\/www.grills-saveurs.ch\/fr\/wp-content\/uploads\/2024\/03\/63946-1.jpg\",\"width\":600,\"height\":600},{\"@type\":\"WebPage\",\"@id\":\"https:\/\/www.grills-saveurs.ch\/fr\/produit\/pelles-a-pellets\/#webpage\",\"url\":\"https:\/\/www.grills-saveurs.ch\/fr\/produit\/pelles-a-pellets\/\",\"name\":\"Pelles \u00e0 Pellets - Grills et Saveurs\",\"isPartOf\":{\"@id\":\"https:\/\/www.grills-saveurs.ch\/fr\/#website\"},\"primaryImageOfPage\":{\"@id\":\"https:\/\/www.grills-saveurs.ch\/fr\/produit\/pelles-a-pellets\/#primaryimage\"},\"datePublished\":\"2024-04-08T07:24:12+00:00\",\"dateModified\":\"2024-04-08T07:24:12+00:00\",\"description\":\"Cette pelle pratique permet de facilement ajouter des pellets dans le barbecue \u00e0 Pellets. En acier inoxydable avec poign\u00e9e en r\u00e9sine, cette pelle offre des graduations permettant de mesurer la quantit\u00e9 de pellets d\u00e9sir\u00e9e ainsi qu\u2019un tamis int\u00e9gr\u00e9 pour \u00e9liminer la poussi\u00e8re.\",\"breadcrumb\":{\"@id\":\"https:\/\/www.grills-saveurs.ch\/fr\/produit\/pelles-a-pellets\/#breadcrumb\"},\"inLanguage\":\"fr-FR\",\"potentialAction\":[{\"@type\":\"ReadAction\",\"target\":[\"https:\/\/www.grills-saveurs.ch\/fr\/produit\/pelles-a-pellets\/\"]}]},{\"@type\":\"BreadcrumbList\",\"@id\":\"https:\/\/www.grills-saveurs.ch\/fr\/produit\/pelles-a-pellets\/#breadcrumb\",\"itemListElement\":[{\"@type\":\"ListItem\",\"position\":1,\"name\":\"Accueil\",\"item\":\"https:\/\/www.grills-saveurs.ch\/fr\/\"},{\"@type\":\"ListItem\",\"position\":2,\"name\":\"Shop \/ Boutique\",\"item\":\"https:\/\/www.grills-saveurs.ch\/fr\/boutique\/\"},{\"@type\":\"ListItem\",\"position\":3,\"name\":\"Pelles \u00e0 Pellets\"}]}]}<\/script>\n<!-- \/ Yoast SEO plugin. -->","yoast_head_json":{"title":"Pelles \u00e0 Pellets - Grills et Saveurs","description":"Cette pelle pratique permet de facilement ajouter des pellets dans le barbecue \u00e0 Pellets. En acier inoxydable avec poign\u00e9e en r\u00e9sine, cette pelle offre des graduations permettant de mesurer la quantit\u00e9 de pellets d\u00e9sir\u00e9e ainsi qu\u2019un tamis int\u00e9gr\u00e9 pour \u00e9liminer la poussi\u00e8re.","robots":{"index":"index","follow":"follow","max-snippet":"max-snippet:-1","max-image-preview":"max-image-preview:large","max-video-preview":"max-video-preview:-1"},"canonical":"https:\/\/www.grills-saveurs.ch\/fr\/produit\/pelles-a-pellets\/","og_locale":"fr_FR","og_type":"article","og_title":"Pelles \u00e0 Pellets - Grills et Saveurs","og_description":"Cette pelle pratique permet de facilement ajouter des pellets dans le barbecue \u00e0 Pellets. En acier inoxydable avec poign\u00e9e en r\u00e9sine, cette pelle offre des graduations permettant de mesurer la quantit\u00e9 de pellets d\u00e9sir\u00e9e ainsi qu\u2019un tamis int\u00e9gr\u00e9 pour \u00e9liminer la poussi\u00e8re.","og_url":"https:\/\/www.grills-saveurs.ch\/fr\/produit\/pelles-a-pellets\/","og_site_name":"Grills et Saveurs","og_image":[{"width":600,"height":600,"url":"https:\/\/www.grills-saveurs.ch\/fr\/wp-content\/uploads\/2024\/03\/63946-1.jpg","type":"image\/jpeg"}],"twitter_card":"summary_large_image","schema":{"@context":"https:\/\/schema.org","@graph":[{"@type":"WebSite","@id":"https:\/\/www.grills-saveurs.ch\/fr\/#website","url":"https:\/\/www.grills-saveurs.ch\/fr\/","name":"Grills et Saveurs","description":"Barbecues, Grills, Planchas, Chemin\u00e9es jardin - Lausanne, Suisse Romande","potentialAction":[{"@type":"SearchAction","target":{"@type":"EntryPoint","urlTemplate":"https:\/\/www.grills-saveurs.ch\/fr\/?s={search_term_string}"},"query-input":"required name=search_term_string"}],"inLanguage":"fr-FR"},{"@type":"ImageObject","@id":"https:\/\/www.grills-saveurs.ch\/fr\/produit\/pelles-a-pellets\/#primaryimage","inLanguage":"fr-FR","url":"https:\/\/www.grills-saveurs.ch\/fr\/wp-content\/uploads\/2024\/03\/63946-1.jpg","contentUrl":"https:\/\/www.grills-saveurs.ch\/fr\/wp-content\/uploads\/2024\/03\/63946-1.jpg","width":600,"height":600},{"@type":"WebPage","@id":"https:\/\/www.grills-saveurs.ch\/fr\/produit\/pelles-a-pellets\/#webpage","url":"https:\/\/www.grills-saveurs.ch\/fr\/produit\/pelles-a-pellets\/","name":"Pelles \u00e0 Pellets - Grills et Saveurs","isPartOf":{"@id":"https:\/\/www.grills-saveurs.ch\/fr\/#website"},"primaryImageOfPage":{"@id":"https:\/\/www.grills-saveurs.ch\/fr\/produit\/pelles-a-pellets\/#primaryimage"},"datePublished":"2024-04-08T07:24:12+00:00","dateModified":"2024-04-08T07:24:12+00:00","description":"Cette pelle pratique permet de facilement ajouter des pellets dans le barbecue \u00e0 Pellets. En acier inoxydable avec poign\u00e9e en r\u00e9sine, cette pelle offre des graduations permettant de mesurer la quantit\u00e9 de pellets d\u00e9sir\u00e9e ainsi qu\u2019un tamis int\u00e9gr\u00e9 pour \u00e9liminer la poussi\u00e8re.","breadcrumb":{"@id":"https:\/\/www.grills-saveurs.ch\/fr\/produit\/pelles-a-pellets\/#breadcrumb"},"inLanguage":"fr-FR","potentialAction":[{"@type":"ReadAction","target":["https:\/\/www.grills-saveurs.ch\/fr\/produit\/pelles-a-pellets\/"]}]},{"@type":"BreadcrumbList","@id":"https:\/\/www.grills-saveurs.ch\/fr\/produit\/pelles-a-pellets\/#breadcrumb","itemListElement":[{"@type":"ListItem","position":1,"name":"Accueil","item":"https:\/\/www.grills-saveurs.ch\/fr\/"},{"@type":"ListItem","position":2,"name":"Shop \/ Boutique","item":"https:\/\/www.grills-saveurs.ch\/fr\/boutique\/"},{"@type":"ListItem","position":3,"name":"Pelles \u00e0 Pellets"}]}]}},"_links":{"self":[{"href":"https:\/\/www.grills-saveurs.ch\/fr\/wp-json\/wp\/v2\/product\/9140"}],"collection":[{"href":"https:\/\/www.grills-saveurs.ch\/fr\/wp-json\/wp\/v2\/product"}],"about":[{"href":"https:\/\/www.grills-saveurs.ch\/fr\/wp-json\/wp\/v2\/types\/product"}],"wp:featuredmedia":[{"embeddable":true,"href":"https:\/\/www.grills-saveurs.ch\/fr\/wp-json\/wp\/v2\/media\/9141"}],"wp:attachment":[{"href":"https:\/\/www.grills-saveurs.ch\/fr\/wp-json\/wp\/v2\/media?parent=9140"}],"wp:term":[{"taxonomy":"product_cat","embeddable":true,"href":"https:\/\/www.grills-saveurs.ch\/fr\/wp-json\/wp\/v2\/product_cat?post=9140"},{"taxonomy":"product_tag","embeddable":true,"href":"https:\/\/www.grills-saveurs.ch\/fr\/wp-json\/wp\/v2\/product_tag?post=9140"}],"curies":[{"name":"wp","href":"https:\/\/api.w.org\/{rel}","templated":true}]}}