{"id":9144,"date":"2024-04-08T09:24:12","date_gmt":"2024-04-08T07:24:12","guid":{"rendered":"https:\/\/www.grills-saveurs.ch\/fr\/?post_type=product&#038;p=9144"},"modified":"2024-04-08T09:24:12","modified_gmt":"2024-04-08T07:24:12","slug":"spatule-extra-longue","status":"publish","type":"product","link":"https:\/\/www.grills-saveurs.ch\/fr\/produit\/spatule-extra-longue\/","title":{"rendered":"Spatule extra longue"},"content":{"rendered":"<p>La spatule g\u00e9ante en acier inoxydable de Broil King est con\u00e7ue \u00e0 partir des m\u00eames mat\u00e9riaux de qualit\u00e9 qu\u2019une spatule professionnelle en acier inoxydable. Elle est pourvue d\u2019une lame pratiquement deux fois la longueur de la spatule professionnelle, id\u00e9ale pour retourner les hamburgers ou pour ramasser les gros aliments sur le barbecue. Fabriqu\u00e9e en acier inoxydable \u00e0 haute teneur de 1,8 mm, elle est pourvue d\u2019un ouvre-bouteille int\u00e9gr\u00e9, d\u2019un crochet de suspension et d\u2019une poign\u00e9e en r\u00e9sine de haute densit\u00e9 avec la marque Broil King incrust\u00e9e dans l\u2019acier inoxydable.<\/p>\n","protected":false},"excerpt":{"rendered":"<p>La spatule g\u00e9ante en acier inoxydable de Broil King est con\u00e7ue \u00e0 partir des m\u00eames mat\u00e9riaux de qualit\u00e9 qu\u2019une spatule professionnelle en acier inoxydable. Elle est pourvue d\u2019une lame pratiquement deux fois la longueur de la spatule professionnelle, id\u00e9ale pour retourner les hamburgers ou pour ramasser les gros aliments sur le barbecue. Fabriqu\u00e9e en acier &hellip;<\/p>\n","protected":false},"featured_media":9146,"template":"","meta":[],"product_cat":[189,198,212],"product_tag":[],"yoast_head":"<!-- This site is optimized with the Yoast SEO plugin v18.2 - https:\/\/yoast.com\/wordpress\/plugins\/seo\/ -->\n<title>Spatule extra longue - Grills et Saveurs<\/title>\n<meta name=\"description\" content=\"La spatule g\u00e9ante en acier inoxydable de Broil King est con\u00e7ue \u00e0 partir des m\u00eames mat\u00e9riaux de qualit\u00e9 qu\u2019une spatule professionnelle en acier inoxydable. Elle est pourvue d\u2019une lame pratiquement deux fois la longueur de la spatule professionnelle, id\u00e9ale pour retourner les hamburgers ou pour ramasser les gros aliments sur le barbecue. Fabriqu\u00e9e en acier inoxydable \u00e0 haute teneur de 1,8 mm, elle est pourvue d\u2019un ouvre-bouteille int\u00e9gr\u00e9, d\u2019un crochet de suspension et d\u2019une poign\u00e9e en r\u00e9sine de haute densit\u00e9 avec la marque Broil King incrust\u00e9e dans l\u2019acier inoxydable.\" \/>\n<meta name=\"robots\" content=\"index, follow, max-snippet:-1, max-image-preview:large, max-video-preview:-1\" \/>\n<link rel=\"canonical\" href=\"https:\/\/www.grills-saveurs.ch\/fr\/produit\/spatule-extra-longue\/\" \/>\n<meta property=\"og:locale\" content=\"fr_FR\" \/>\n<meta property=\"og:type\" content=\"article\" \/>\n<meta property=\"og:title\" content=\"Spatule extra longue - Grills et Saveurs\" \/>\n<meta property=\"og:description\" content=\"La spatule g\u00e9ante en acier inoxydable de Broil King est con\u00e7ue \u00e0 partir des m\u00eames mat\u00e9riaux de qualit\u00e9 qu\u2019une spatule professionnelle en acier inoxydable. Elle est pourvue d\u2019une lame pratiquement deux fois la longueur de la spatule professionnelle, id\u00e9ale pour retourner les hamburgers ou pour ramasser les gros aliments sur le barbecue. Fabriqu\u00e9e en acier inoxydable \u00e0 haute teneur de 1,8 mm, elle est pourvue d\u2019un ouvre-bouteille int\u00e9gr\u00e9, d\u2019un crochet de suspension et d\u2019une poign\u00e9e en r\u00e9sine de haute densit\u00e9 avec la marque Broil King incrust\u00e9e dans l\u2019acier inoxydable.\" \/>\n<meta property=\"og:url\" content=\"https:\/\/www.grills-saveurs.ch\/fr\/produit\/spatule-extra-longue\/\" \/>\n<meta property=\"og:site_name\" content=\"Grills et Saveurs\" \/>\n<meta property=\"og:image\" content=\"https:\/\/www.grills-saveurs.ch\/fr\/wp-content\/uploads\/2024\/03\/accessory_64010-12.jpg\" \/>\n\t<meta property=\"og:image:width\" content=\"600\" \/>\n\t<meta property=\"og:image:height\" content=\"600\" \/>\n\t<meta property=\"og:image:type\" content=\"image\/jpeg\" \/>\n<meta name=\"twitter:card\" content=\"summary_large_image\" \/>\n<meta name=\"twitter:label1\" content=\"Dur\u00e9e de lecture estim\u00e9e\" \/>\n\t<meta name=\"twitter:data1\" content=\"1 minute\" \/>\n<script type=\"application\/ld+json\" class=\"yoast-schema-graph\">{\"@context\":\"https:\/\/schema.org\",\"@graph\":[{\"@type\":\"WebSite\",\"@id\":\"https:\/\/www.grills-saveurs.ch\/fr\/#website\",\"url\":\"https:\/\/www.grills-saveurs.ch\/fr\/\",\"name\":\"Grills et Saveurs\",\"description\":\"Barbecues, Grills, Planchas, Chemin\u00e9es jardin - Lausanne, Suisse Romande\",\"potentialAction\":[{\"@type\":\"SearchAction\",\"target\":{\"@type\":\"EntryPoint\",\"urlTemplate\":\"https:\/\/www.grills-saveurs.ch\/fr\/?s={search_term_string}\"},\"query-input\":\"required name=search_term_string\"}],\"inLanguage\":\"fr-FR\"},{\"@type\":\"ImageObject\",\"@id\":\"https:\/\/www.grills-saveurs.ch\/fr\/produit\/spatule-extra-longue\/#primaryimage\",\"inLanguage\":\"fr-FR\",\"url\":\"https:\/\/www.grills-saveurs.ch\/fr\/wp-content\/uploads\/2024\/03\/accessory_64010-12.jpg\",\"contentUrl\":\"https:\/\/www.grills-saveurs.ch\/fr\/wp-content\/uploads\/2024\/03\/accessory_64010-12.jpg\",\"width\":600,\"height\":600},{\"@type\":\"WebPage\",\"@id\":\"https:\/\/www.grills-saveurs.ch\/fr\/produit\/spatule-extra-longue\/#webpage\",\"url\":\"https:\/\/www.grills-saveurs.ch\/fr\/produit\/spatule-extra-longue\/\",\"name\":\"Spatule extra longue - Grills et Saveurs\",\"isPartOf\":{\"@id\":\"https:\/\/www.grills-saveurs.ch\/fr\/#website\"},\"primaryImageOfPage\":{\"@id\":\"https:\/\/www.grills-saveurs.ch\/fr\/produit\/spatule-extra-longue\/#primaryimage\"},\"datePublished\":\"2024-04-08T07:24:12+00:00\",\"dateModified\":\"2024-04-08T07:24:12+00:00\",\"description\":\"La spatule g\u00e9ante en acier inoxydable de Broil King est con\u00e7ue \u00e0 partir des m\u00eames mat\u00e9riaux de qualit\u00e9 qu\u2019une spatule professionnelle en acier inoxydable. Elle est pourvue d\u2019une lame pratiquement deux fois la longueur de la spatule professionnelle, id\u00e9ale pour retourner les hamburgers ou pour ramasser les gros aliments sur le barbecue. Fabriqu\u00e9e en acier inoxydable \u00e0 haute teneur de 1,8 mm, elle est pourvue d\u2019un ouvre-bouteille int\u00e9gr\u00e9, d\u2019un crochet de suspension et d\u2019une poign\u00e9e en r\u00e9sine de haute densit\u00e9 avec la marque Broil King incrust\u00e9e dans l\u2019acier inoxydable.\",\"breadcrumb\":{\"@id\":\"https:\/\/www.grills-saveurs.ch\/fr\/produit\/spatule-extra-longue\/#breadcrumb\"},\"inLanguage\":\"fr-FR\",\"potentialAction\":[{\"@type\":\"ReadAction\",\"target\":[\"https:\/\/www.grills-saveurs.ch\/fr\/produit\/spatule-extra-longue\/\"]}]},{\"@type\":\"BreadcrumbList\",\"@id\":\"https:\/\/www.grills-saveurs.ch\/fr\/produit\/spatule-extra-longue\/#breadcrumb\",\"itemListElement\":[{\"@type\":\"ListItem\",\"position\":1,\"name\":\"Accueil\",\"item\":\"https:\/\/www.grills-saveurs.ch\/fr\/\"},{\"@type\":\"ListItem\",\"position\":2,\"name\":\"Shop \/ Boutique\",\"item\":\"https:\/\/www.grills-saveurs.ch\/fr\/boutique\/\"},{\"@type\":\"ListItem\",\"position\":3,\"name\":\"Spatule extra longue\"}]}]}<\/script>\n<!-- \/ Yoast SEO plugin. -->","yoast_head_json":{"title":"Spatule extra longue - Grills et Saveurs","description":"La spatule g\u00e9ante en acier inoxydable de Broil King est con\u00e7ue \u00e0 partir des m\u00eames mat\u00e9riaux de qualit\u00e9 qu\u2019une spatule professionnelle en acier inoxydable. Elle est pourvue d\u2019une lame pratiquement deux fois la longueur de la spatule professionnelle, id\u00e9ale pour retourner les hamburgers ou pour ramasser les gros aliments sur le barbecue. Fabriqu\u00e9e en acier inoxydable \u00e0 haute teneur de 1,8 mm, elle est pourvue d\u2019un ouvre-bouteille int\u00e9gr\u00e9, d\u2019un crochet de suspension et d\u2019une poign\u00e9e en r\u00e9sine de haute densit\u00e9 avec la marque Broil King incrust\u00e9e dans l\u2019acier inoxydable.","robots":{"index":"index","follow":"follow","max-snippet":"max-snippet:-1","max-image-preview":"max-image-preview:large","max-video-preview":"max-video-preview:-1"},"canonical":"https:\/\/www.grills-saveurs.ch\/fr\/produit\/spatule-extra-longue\/","og_locale":"fr_FR","og_type":"article","og_title":"Spatule extra longue - Grills et Saveurs","og_description":"La spatule g\u00e9ante en acier inoxydable de Broil King est con\u00e7ue \u00e0 partir des m\u00eames mat\u00e9riaux de qualit\u00e9 qu\u2019une spatule professionnelle en acier inoxydable. Elle est pourvue d\u2019une lame pratiquement deux fois la longueur de la spatule professionnelle, id\u00e9ale pour retourner les hamburgers ou pour ramasser les gros aliments sur le barbecue. Fabriqu\u00e9e en acier inoxydable \u00e0 haute teneur de 1,8 mm, elle est pourvue d\u2019un ouvre-bouteille int\u00e9gr\u00e9, d\u2019un crochet de suspension et d\u2019une poign\u00e9e en r\u00e9sine de haute densit\u00e9 avec la marque Broil King incrust\u00e9e dans l\u2019acier inoxydable.","og_url":"https:\/\/www.grills-saveurs.ch\/fr\/produit\/spatule-extra-longue\/","og_site_name":"Grills et Saveurs","og_image":[{"width":600,"height":600,"url":"https:\/\/www.grills-saveurs.ch\/fr\/wp-content\/uploads\/2024\/03\/accessory_64010-12.jpg","type":"image\/jpeg"}],"twitter_card":"summary_large_image","twitter_misc":{"Dur\u00e9e de lecture estim\u00e9e":"1 minute"},"schema":{"@context":"https:\/\/schema.org","@graph":[{"@type":"WebSite","@id":"https:\/\/www.grills-saveurs.ch\/fr\/#website","url":"https:\/\/www.grills-saveurs.ch\/fr\/","name":"Grills et Saveurs","description":"Barbecues, Grills, Planchas, Chemin\u00e9es jardin - Lausanne, Suisse Romande","potentialAction":[{"@type":"SearchAction","target":{"@type":"EntryPoint","urlTemplate":"https:\/\/www.grills-saveurs.ch\/fr\/?s={search_term_string}"},"query-input":"required name=search_term_string"}],"inLanguage":"fr-FR"},{"@type":"ImageObject","@id":"https:\/\/www.grills-saveurs.ch\/fr\/produit\/spatule-extra-longue\/#primaryimage","inLanguage":"fr-FR","url":"https:\/\/www.grills-saveurs.ch\/fr\/wp-content\/uploads\/2024\/03\/accessory_64010-12.jpg","contentUrl":"https:\/\/www.grills-saveurs.ch\/fr\/wp-content\/uploads\/2024\/03\/accessory_64010-12.jpg","width":600,"height":600},{"@type":"WebPage","@id":"https:\/\/www.grills-saveurs.ch\/fr\/produit\/spatule-extra-longue\/#webpage","url":"https:\/\/www.grills-saveurs.ch\/fr\/produit\/spatule-extra-longue\/","name":"Spatule extra longue - Grills et Saveurs","isPartOf":{"@id":"https:\/\/www.grills-saveurs.ch\/fr\/#website"},"primaryImageOfPage":{"@id":"https:\/\/www.grills-saveurs.ch\/fr\/produit\/spatule-extra-longue\/#primaryimage"},"datePublished":"2024-04-08T07:24:12+00:00","dateModified":"2024-04-08T07:24:12+00:00","description":"La spatule g\u00e9ante en acier inoxydable de Broil King est con\u00e7ue \u00e0 partir des m\u00eames mat\u00e9riaux de qualit\u00e9 qu\u2019une spatule professionnelle en acier inoxydable. Elle est pourvue d\u2019une lame pratiquement deux fois la longueur de la spatule professionnelle, id\u00e9ale pour retourner les hamburgers ou pour ramasser les gros aliments sur le barbecue. Fabriqu\u00e9e en acier inoxydable \u00e0 haute teneur de 1,8 mm, elle est pourvue d\u2019un ouvre-bouteille int\u00e9gr\u00e9, d\u2019un crochet de suspension et d\u2019une poign\u00e9e en r\u00e9sine de haute densit\u00e9 avec la marque Broil King incrust\u00e9e dans l\u2019acier inoxydable.","breadcrumb":{"@id":"https:\/\/www.grills-saveurs.ch\/fr\/produit\/spatule-extra-longue\/#breadcrumb"},"inLanguage":"fr-FR","potentialAction":[{"@type":"ReadAction","target":["https:\/\/www.grills-saveurs.ch\/fr\/produit\/spatule-extra-longue\/"]}]},{"@type":"BreadcrumbList","@id":"https:\/\/www.grills-saveurs.ch\/fr\/produit\/spatule-extra-longue\/#breadcrumb","itemListElement":[{"@type":"ListItem","position":1,"name":"Accueil","item":"https:\/\/www.grills-saveurs.ch\/fr\/"},{"@type":"ListItem","position":2,"name":"Shop \/ Boutique","item":"https:\/\/www.grills-saveurs.ch\/fr\/boutique\/"},{"@type":"ListItem","position":3,"name":"Spatule extra longue"}]}]}},"_links":{"self":[{"href":"https:\/\/www.grills-saveurs.ch\/fr\/wp-json\/wp\/v2\/product\/9144"}],"collection":[{"href":"https:\/\/www.grills-saveurs.ch\/fr\/wp-json\/wp\/v2\/product"}],"about":[{"href":"https:\/\/www.grills-saveurs.ch\/fr\/wp-json\/wp\/v2\/types\/product"}],"wp:featuredmedia":[{"embeddable":true,"href":"https:\/\/www.grills-saveurs.ch\/fr\/wp-json\/wp\/v2\/media\/9146"}],"wp:attachment":[{"href":"https:\/\/www.grills-saveurs.ch\/fr\/wp-json\/wp\/v2\/media?parent=9144"}],"wp:term":[{"taxonomy":"product_cat","embeddable":true,"href":"https:\/\/www.grills-saveurs.ch\/fr\/wp-json\/wp\/v2\/product_cat?post=9144"},{"taxonomy":"product_tag","embeddable":true,"href":"https:\/\/www.grills-saveurs.ch\/fr\/wp-json\/wp\/v2\/product_tag?post=9144"}],"curies":[{"name":"wp","href":"https:\/\/api.w.org\/{rel}","templated":true}]}}