{"id":9149,"date":"2024-03-28T15:45:49","date_gmt":"2024-03-28T14:45:49","guid":{"rendered":"https:\/\/www.grills-saveurs.ch\/fr\/?post_type=product&#038;p=9149"},"modified":"2024-04-08T09:24:12","modified_gmt":"2024-04-08T07:24:12","slug":"cuiseur-a-vapeur-pour-rotissoire-en-acier-inoxydable","status":"publish","type":"product","link":"https:\/\/www.grills-saveurs.ch\/fr\/produit\/cuiseur-a-vapeur-pour-rotissoire-en-acier-inoxydable\/","title":{"rendered":"Cuiseur \u00e0 vapeur pour r\u00f4tissoire en acier inoxydable"},"content":{"rendered":"<p>Plat \u00e0 usage multiple en acier inoxydable pour r\u00f4tir des pizzas, pour cuire des l\u00e9gumes \u00e0 la vapeur, pour les fruits de mer, pour le r\u00f4tissage du poulet, etc. Un plat avec des usages illimit\u00e9s. 13 po (33,02cm) de diam\u00e8tre.<\/p>\n","protected":false},"excerpt":{"rendered":"<p>Plat \u00e0 usage multiple en acier inoxydable pour r\u00f4tir des pizzas, pour cuire des l\u00e9gumes \u00e0 la vapeur, pour les fruits de mer, pour le r\u00f4tissage du poulet, etc. Un plat avec des usages illimit\u00e9s. 13 po (33,02cm) de diam\u00e8tre.<\/p>\n","protected":false},"featured_media":9153,"template":"","meta":[],"product_cat":[189,198,212],"product_tag":[],"yoast_head":"<!-- This site is optimized with the Yoast SEO plugin v18.2 - https:\/\/yoast.com\/wordpress\/plugins\/seo\/ -->\n<title>Cuiseur \u00e0 vapeur pour r\u00f4tissoire en acier inoxydable - Grills et Saveurs<\/title>\n<meta name=\"description\" content=\"Plat \u00e0 usage multiple en acier inoxydable pour r\u00f4tir des pizzas, pour cuire des l\u00e9gumes \u00e0 la vapeur, pour les fruits de mer, pour le r\u00f4tissage du poulet, etc. Un plat avec des usages illimit\u00e9s. 13 po (33,02cm) de diam\u00e8tre.\" \/>\n<meta name=\"robots\" content=\"index, follow, max-snippet:-1, max-image-preview:large, max-video-preview:-1\" \/>\n<link rel=\"canonical\" href=\"https:\/\/www.grills-saveurs.ch\/fr\/produit\/cuiseur-a-vapeur-pour-rotissoire-en-acier-inoxydable\/\" \/>\n<meta property=\"og:locale\" content=\"fr_FR\" \/>\n<meta property=\"og:type\" content=\"article\" \/>\n<meta property=\"og:title\" content=\"Cuiseur \u00e0 vapeur pour r\u00f4tissoire en acier inoxydable - Grills et Saveurs\" \/>\n<meta property=\"og:description\" content=\"Plat \u00e0 usage multiple en acier inoxydable pour r\u00f4tir des pizzas, pour cuire des l\u00e9gumes \u00e0 la vapeur, pour les fruits de mer, pour le r\u00f4tissage du poulet, etc. Un plat avec des usages illimit\u00e9s. 13 po (33,02cm) de diam\u00e8tre.\" \/>\n<meta property=\"og:url\" content=\"https:\/\/www.grills-saveurs.ch\/fr\/produit\/cuiseur-a-vapeur-pour-rotissoire-en-acier-inoxydable\/\" \/>\n<meta property=\"og:site_name\" content=\"Grills et Saveurs\" \/>\n<meta property=\"article:modified_time\" content=\"2024-04-08T07:24:12+00:00\" \/>\n<meta property=\"og:image\" content=\"https:\/\/www.grills-saveurs.ch\/fr\/wp-content\/uploads\/2024\/03\/accessory_69824-10.jpg\" \/>\n\t<meta property=\"og:image:width\" content=\"600\" \/>\n\t<meta property=\"og:image:height\" content=\"600\" \/>\n\t<meta property=\"og:image:type\" content=\"image\/jpeg\" \/>\n<meta name=\"twitter:card\" content=\"summary_large_image\" \/>\n<script type=\"application\/ld+json\" class=\"yoast-schema-graph\">{\"@context\":\"https:\/\/schema.org\",\"@graph\":[{\"@type\":\"WebSite\",\"@id\":\"https:\/\/www.grills-saveurs.ch\/fr\/#website\",\"url\":\"https:\/\/www.grills-saveurs.ch\/fr\/\",\"name\":\"Grills et Saveurs\",\"description\":\"Barbecues, Grills, Planchas, Chemin\u00e9es jardin - Lausanne, Suisse Romande\",\"potentialAction\":[{\"@type\":\"SearchAction\",\"target\":{\"@type\":\"EntryPoint\",\"urlTemplate\":\"https:\/\/www.grills-saveurs.ch\/fr\/?s={search_term_string}\"},\"query-input\":\"required name=search_term_string\"}],\"inLanguage\":\"fr-FR\"},{\"@type\":\"ImageObject\",\"@id\":\"https:\/\/www.grills-saveurs.ch\/fr\/produit\/cuiseur-a-vapeur-pour-rotissoire-en-acier-inoxydable\/#primaryimage\",\"inLanguage\":\"fr-FR\",\"url\":\"https:\/\/www.grills-saveurs.ch\/fr\/wp-content\/uploads\/2024\/03\/accessory_69824-10.jpg\",\"contentUrl\":\"https:\/\/www.grills-saveurs.ch\/fr\/wp-content\/uploads\/2024\/03\/accessory_69824-10.jpg\",\"width\":600,\"height\":600},{\"@type\":\"WebPage\",\"@id\":\"https:\/\/www.grills-saveurs.ch\/fr\/produit\/cuiseur-a-vapeur-pour-rotissoire-en-acier-inoxydable\/#webpage\",\"url\":\"https:\/\/www.grills-saveurs.ch\/fr\/produit\/cuiseur-a-vapeur-pour-rotissoire-en-acier-inoxydable\/\",\"name\":\"Cuiseur \u00e0 vapeur pour r\u00f4tissoire en acier inoxydable - Grills et Saveurs\",\"isPartOf\":{\"@id\":\"https:\/\/www.grills-saveurs.ch\/fr\/#website\"},\"primaryImageOfPage\":{\"@id\":\"https:\/\/www.grills-saveurs.ch\/fr\/produit\/cuiseur-a-vapeur-pour-rotissoire-en-acier-inoxydable\/#primaryimage\"},\"datePublished\":\"2024-03-28T14:45:49+00:00\",\"dateModified\":\"2024-04-08T07:24:12+00:00\",\"description\":\"Plat \u00e0 usage multiple en acier inoxydable pour r\u00f4tir des pizzas, pour cuire des l\u00e9gumes \u00e0 la vapeur, pour les fruits de mer, pour le r\u00f4tissage du poulet, etc. Un plat avec des usages illimit\u00e9s. 13 po (33,02cm) de diam\u00e8tre.\",\"breadcrumb\":{\"@id\":\"https:\/\/www.grills-saveurs.ch\/fr\/produit\/cuiseur-a-vapeur-pour-rotissoire-en-acier-inoxydable\/#breadcrumb\"},\"inLanguage\":\"fr-FR\",\"potentialAction\":[{\"@type\":\"ReadAction\",\"target\":[\"https:\/\/www.grills-saveurs.ch\/fr\/produit\/cuiseur-a-vapeur-pour-rotissoire-en-acier-inoxydable\/\"]}]},{\"@type\":\"BreadcrumbList\",\"@id\":\"https:\/\/www.grills-saveurs.ch\/fr\/produit\/cuiseur-a-vapeur-pour-rotissoire-en-acier-inoxydable\/#breadcrumb\",\"itemListElement\":[{\"@type\":\"ListItem\",\"position\":1,\"name\":\"Accueil\",\"item\":\"https:\/\/www.grills-saveurs.ch\/fr\/\"},{\"@type\":\"ListItem\",\"position\":2,\"name\":\"Shop \/ Boutique\",\"item\":\"https:\/\/www.grills-saveurs.ch\/fr\/boutique\/\"},{\"@type\":\"ListItem\",\"position\":3,\"name\":\"Cuiseur \u00e0 vapeur pour r\u00f4tissoire en acier inoxydable\"}]}]}<\/script>\n<!-- \/ Yoast SEO plugin. -->","yoast_head_json":{"title":"Cuiseur \u00e0 vapeur pour r\u00f4tissoire en acier inoxydable - Grills et Saveurs","description":"Plat \u00e0 usage multiple en acier inoxydable pour r\u00f4tir des pizzas, pour cuire des l\u00e9gumes \u00e0 la vapeur, pour les fruits de mer, pour le r\u00f4tissage du poulet, etc. Un plat avec des usages illimit\u00e9s. 13 po (33,02cm) de diam\u00e8tre.","robots":{"index":"index","follow":"follow","max-snippet":"max-snippet:-1","max-image-preview":"max-image-preview:large","max-video-preview":"max-video-preview:-1"},"canonical":"https:\/\/www.grills-saveurs.ch\/fr\/produit\/cuiseur-a-vapeur-pour-rotissoire-en-acier-inoxydable\/","og_locale":"fr_FR","og_type":"article","og_title":"Cuiseur \u00e0 vapeur pour r\u00f4tissoire en acier inoxydable - Grills et Saveurs","og_description":"Plat \u00e0 usage multiple en acier inoxydable pour r\u00f4tir des pizzas, pour cuire des l\u00e9gumes \u00e0 la vapeur, pour les fruits de mer, pour le r\u00f4tissage du poulet, etc. Un plat avec des usages illimit\u00e9s. 13 po (33,02cm) de diam\u00e8tre.","og_url":"https:\/\/www.grills-saveurs.ch\/fr\/produit\/cuiseur-a-vapeur-pour-rotissoire-en-acier-inoxydable\/","og_site_name":"Grills et Saveurs","article_modified_time":"2024-04-08T07:24:12+00:00","og_image":[{"width":600,"height":600,"url":"https:\/\/www.grills-saveurs.ch\/fr\/wp-content\/uploads\/2024\/03\/accessory_69824-10.jpg","type":"image\/jpeg"}],"twitter_card":"summary_large_image","schema":{"@context":"https:\/\/schema.org","@graph":[{"@type":"WebSite","@id":"https:\/\/www.grills-saveurs.ch\/fr\/#website","url":"https:\/\/www.grills-saveurs.ch\/fr\/","name":"Grills et Saveurs","description":"Barbecues, Grills, Planchas, Chemin\u00e9es jardin - Lausanne, Suisse Romande","potentialAction":[{"@type":"SearchAction","target":{"@type":"EntryPoint","urlTemplate":"https:\/\/www.grills-saveurs.ch\/fr\/?s={search_term_string}"},"query-input":"required name=search_term_string"}],"inLanguage":"fr-FR"},{"@type":"ImageObject","@id":"https:\/\/www.grills-saveurs.ch\/fr\/produit\/cuiseur-a-vapeur-pour-rotissoire-en-acier-inoxydable\/#primaryimage","inLanguage":"fr-FR","url":"https:\/\/www.grills-saveurs.ch\/fr\/wp-content\/uploads\/2024\/03\/accessory_69824-10.jpg","contentUrl":"https:\/\/www.grills-saveurs.ch\/fr\/wp-content\/uploads\/2024\/03\/accessory_69824-10.jpg","width":600,"height":600},{"@type":"WebPage","@id":"https:\/\/www.grills-saveurs.ch\/fr\/produit\/cuiseur-a-vapeur-pour-rotissoire-en-acier-inoxydable\/#webpage","url":"https:\/\/www.grills-saveurs.ch\/fr\/produit\/cuiseur-a-vapeur-pour-rotissoire-en-acier-inoxydable\/","name":"Cuiseur \u00e0 vapeur pour r\u00f4tissoire en acier inoxydable - Grills et Saveurs","isPartOf":{"@id":"https:\/\/www.grills-saveurs.ch\/fr\/#website"},"primaryImageOfPage":{"@id":"https:\/\/www.grills-saveurs.ch\/fr\/produit\/cuiseur-a-vapeur-pour-rotissoire-en-acier-inoxydable\/#primaryimage"},"datePublished":"2024-03-28T14:45:49+00:00","dateModified":"2024-04-08T07:24:12+00:00","description":"Plat \u00e0 usage multiple en acier inoxydable pour r\u00f4tir des pizzas, pour cuire des l\u00e9gumes \u00e0 la vapeur, pour les fruits de mer, pour le r\u00f4tissage du poulet, etc. Un plat avec des usages illimit\u00e9s. 13 po (33,02cm) de diam\u00e8tre.","breadcrumb":{"@id":"https:\/\/www.grills-saveurs.ch\/fr\/produit\/cuiseur-a-vapeur-pour-rotissoire-en-acier-inoxydable\/#breadcrumb"},"inLanguage":"fr-FR","potentialAction":[{"@type":"ReadAction","target":["https:\/\/www.grills-saveurs.ch\/fr\/produit\/cuiseur-a-vapeur-pour-rotissoire-en-acier-inoxydable\/"]}]},{"@type":"BreadcrumbList","@id":"https:\/\/www.grills-saveurs.ch\/fr\/produit\/cuiseur-a-vapeur-pour-rotissoire-en-acier-inoxydable\/#breadcrumb","itemListElement":[{"@type":"ListItem","position":1,"name":"Accueil","item":"https:\/\/www.grills-saveurs.ch\/fr\/"},{"@type":"ListItem","position":2,"name":"Shop \/ Boutique","item":"https:\/\/www.grills-saveurs.ch\/fr\/boutique\/"},{"@type":"ListItem","position":3,"name":"Cuiseur \u00e0 vapeur pour r\u00f4tissoire en acier inoxydable"}]}]}},"_links":{"self":[{"href":"https:\/\/www.grills-saveurs.ch\/fr\/wp-json\/wp\/v2\/product\/9149"}],"collection":[{"href":"https:\/\/www.grills-saveurs.ch\/fr\/wp-json\/wp\/v2\/product"}],"about":[{"href":"https:\/\/www.grills-saveurs.ch\/fr\/wp-json\/wp\/v2\/types\/product"}],"wp:featuredmedia":[{"embeddable":true,"href":"https:\/\/www.grills-saveurs.ch\/fr\/wp-json\/wp\/v2\/media\/9153"}],"wp:attachment":[{"href":"https:\/\/www.grills-saveurs.ch\/fr\/wp-json\/wp\/v2\/media?parent=9149"}],"wp:term":[{"taxonomy":"product_cat","embeddable":true,"href":"https:\/\/www.grills-saveurs.ch\/fr\/wp-json\/wp\/v2\/product_cat?post=9149"},{"taxonomy":"product_tag","embeddable":true,"href":"https:\/\/www.grills-saveurs.ch\/fr\/wp-json\/wp\/v2\/product_tag?post=9149"}],"curies":[{"name":"wp","href":"https:\/\/api.w.org\/{rel}","templated":true}]}}