{"id":9164,"date":"2024-04-08T09:24:13","date_gmt":"2024-04-08T07:24:13","guid":{"rendered":"https:\/\/www.grills-saveurs.ch\/fr\/?post_type=product&#038;p=9164"},"modified":"2024-04-08T09:24:13","modified_gmt":"2024-04-08T07:24:13","slug":"brosse-a-gril-imperial","status":"publish","type":"product","link":"https:\/\/www.grills-saveurs.ch\/fr\/produit\/brosse-a-gril-imperial\/","title":{"rendered":"BROSSE \u00c0 GRIL IMPERIAL"},"content":{"rendered":"<p>La brosse professionnelle pour barbecue Broil King en acier inoxydable se distingue par la conception nouvelle de sa t\u00eate, recourb\u00e9e pour suivre le coup de pinceau naturel de la brosse. Son \u00ab garde-salet\u00e9 \u00bb emp\u00eache la salet\u00e9 d\u2019\u00eatre projet\u00e9e en arri\u00e8re pendant le nettoyage des grilles. Elle est aussi dot\u00e9e d\u2019un crochet qui convient \u00e0 la plupart des barbecues Broil King.<\/p>\n","protected":false},"excerpt":{"rendered":"<p>La brosse professionnelle pour barbecue Broil King en acier inoxydable se distingue par la conception nouvelle de sa t\u00eate, recourb\u00e9e pour suivre le coup de pinceau naturel de la brosse. Son \u00ab garde-salet\u00e9 \u00bb emp\u00eache la salet\u00e9 d\u2019\u00eatre projet\u00e9e en arri\u00e8re pendant le nettoyage des grilles. Elle est aussi dot\u00e9e d\u2019un crochet qui convient \u00e0 &hellip;<\/p>\n","protected":false},"featured_media":9167,"template":"","meta":[],"product_cat":[189,198,212],"product_tag":[],"yoast_head":"<!-- This site is optimized with the Yoast SEO plugin v18.2 - https:\/\/yoast.com\/wordpress\/plugins\/seo\/ -->\n<title>BROSSE \u00c0 GRIL IMPERIAL - Grills et Saveurs<\/title>\n<meta name=\"description\" content=\"La brosse professionnelle pour barbecue Broil King en acier inoxydable se distingue par la conception nouvelle de sa t\u00eate, recourb\u00e9e pour suivre le coup de pinceau naturel de la brosse. Son \u00ab garde-salet\u00e9 \u00bb emp\u00eache la salet\u00e9 d\u2019\u00eatre projet\u00e9e en arri\u00e8re pendant le nettoyage des grilles. Elle est aussi dot\u00e9e d\u2019un crochet qui convient \u00e0 la plupart des barbecues Broil King.\" \/>\n<meta name=\"robots\" content=\"index, follow, max-snippet:-1, max-image-preview:large, max-video-preview:-1\" \/>\n<link rel=\"canonical\" href=\"https:\/\/www.grills-saveurs.ch\/fr\/produit\/brosse-a-gril-imperial\/\" \/>\n<meta property=\"og:locale\" content=\"fr_FR\" \/>\n<meta property=\"og:type\" content=\"article\" \/>\n<meta property=\"og:title\" content=\"BROSSE \u00c0 GRIL IMPERIAL - Grills et Saveurs\" \/>\n<meta property=\"og:description\" content=\"La brosse professionnelle pour barbecue Broil King en acier inoxydable se distingue par la conception nouvelle de sa t\u00eate, recourb\u00e9e pour suivre le coup de pinceau naturel de la brosse. Son \u00ab garde-salet\u00e9 \u00bb emp\u00eache la salet\u00e9 d\u2019\u00eatre projet\u00e9e en arri\u00e8re pendant le nettoyage des grilles. Elle est aussi dot\u00e9e d\u2019un crochet qui convient \u00e0 la plupart des barbecues Broil King.\" \/>\n<meta property=\"og:url\" content=\"https:\/\/www.grills-saveurs.ch\/fr\/produit\/brosse-a-gril-imperial\/\" \/>\n<meta property=\"og:site_name\" content=\"Grills et Saveurs\" \/>\n<meta property=\"og:image\" content=\"https:\/\/www.grills-saveurs.ch\/fr\/wp-content\/uploads\/2024\/03\/accessory_64014-10.jpg\" \/>\n\t<meta property=\"og:image:width\" content=\"600\" \/>\n\t<meta property=\"og:image:height\" content=\"600\" \/>\n\t<meta property=\"og:image:type\" content=\"image\/jpeg\" \/>\n<meta name=\"twitter:card\" content=\"summary_large_image\" \/>\n<script type=\"application\/ld+json\" class=\"yoast-schema-graph\">{\"@context\":\"https:\/\/schema.org\",\"@graph\":[{\"@type\":\"WebSite\",\"@id\":\"https:\/\/www.grills-saveurs.ch\/fr\/#website\",\"url\":\"https:\/\/www.grills-saveurs.ch\/fr\/\",\"name\":\"Grills et Saveurs\",\"description\":\"Barbecues, Grills, Planchas, Chemin\u00e9es jardin - Lausanne, Suisse Romande\",\"potentialAction\":[{\"@type\":\"SearchAction\",\"target\":{\"@type\":\"EntryPoint\",\"urlTemplate\":\"https:\/\/www.grills-saveurs.ch\/fr\/?s={search_term_string}\"},\"query-input\":\"required name=search_term_string\"}],\"inLanguage\":\"fr-FR\"},{\"@type\":\"ImageObject\",\"@id\":\"https:\/\/www.grills-saveurs.ch\/fr\/produit\/brosse-a-gril-imperial\/#primaryimage\",\"inLanguage\":\"fr-FR\",\"url\":\"https:\/\/www.grills-saveurs.ch\/fr\/wp-content\/uploads\/2024\/03\/accessory_64014-10.jpg\",\"contentUrl\":\"https:\/\/www.grills-saveurs.ch\/fr\/wp-content\/uploads\/2024\/03\/accessory_64014-10.jpg\",\"width\":600,\"height\":600},{\"@type\":\"WebPage\",\"@id\":\"https:\/\/www.grills-saveurs.ch\/fr\/produit\/brosse-a-gril-imperial\/#webpage\",\"url\":\"https:\/\/www.grills-saveurs.ch\/fr\/produit\/brosse-a-gril-imperial\/\",\"name\":\"BROSSE \u00c0 GRIL IMPERIAL - Grills et Saveurs\",\"isPartOf\":{\"@id\":\"https:\/\/www.grills-saveurs.ch\/fr\/#website\"},\"primaryImageOfPage\":{\"@id\":\"https:\/\/www.grills-saveurs.ch\/fr\/produit\/brosse-a-gril-imperial\/#primaryimage\"},\"datePublished\":\"2024-04-08T07:24:13+00:00\",\"dateModified\":\"2024-04-08T07:24:13+00:00\",\"description\":\"La brosse professionnelle pour barbecue Broil King en acier inoxydable se distingue par la conception nouvelle de sa t\u00eate, recourb\u00e9e pour suivre le coup de pinceau naturel de la brosse. Son \u00ab garde-salet\u00e9 \u00bb emp\u00eache la salet\u00e9 d\u2019\u00eatre projet\u00e9e en arri\u00e8re pendant le nettoyage des grilles. Elle est aussi dot\u00e9e d\u2019un crochet qui convient \u00e0 la plupart des barbecues Broil King.\",\"breadcrumb\":{\"@id\":\"https:\/\/www.grills-saveurs.ch\/fr\/produit\/brosse-a-gril-imperial\/#breadcrumb\"},\"inLanguage\":\"fr-FR\",\"potentialAction\":[{\"@type\":\"ReadAction\",\"target\":[\"https:\/\/www.grills-saveurs.ch\/fr\/produit\/brosse-a-gril-imperial\/\"]}]},{\"@type\":\"BreadcrumbList\",\"@id\":\"https:\/\/www.grills-saveurs.ch\/fr\/produit\/brosse-a-gril-imperial\/#breadcrumb\",\"itemListElement\":[{\"@type\":\"ListItem\",\"position\":1,\"name\":\"Accueil\",\"item\":\"https:\/\/www.grills-saveurs.ch\/fr\/\"},{\"@type\":\"ListItem\",\"position\":2,\"name\":\"Shop \/ Boutique\",\"item\":\"https:\/\/www.grills-saveurs.ch\/fr\/boutique\/\"},{\"@type\":\"ListItem\",\"position\":3,\"name\":\"BROSSE \u00c0 GRIL IMPERIAL\"}]}]}<\/script>\n<!-- \/ Yoast SEO plugin. -->","yoast_head_json":{"title":"BROSSE \u00c0 GRIL IMPERIAL - Grills et Saveurs","description":"La brosse professionnelle pour barbecue Broil King en acier inoxydable se distingue par la conception nouvelle de sa t\u00eate, recourb\u00e9e pour suivre le coup de pinceau naturel de la brosse. Son \u00ab garde-salet\u00e9 \u00bb emp\u00eache la salet\u00e9 d\u2019\u00eatre projet\u00e9e en arri\u00e8re pendant le nettoyage des grilles. Elle est aussi dot\u00e9e d\u2019un crochet qui convient \u00e0 la plupart des barbecues Broil King.","robots":{"index":"index","follow":"follow","max-snippet":"max-snippet:-1","max-image-preview":"max-image-preview:large","max-video-preview":"max-video-preview:-1"},"canonical":"https:\/\/www.grills-saveurs.ch\/fr\/produit\/brosse-a-gril-imperial\/","og_locale":"fr_FR","og_type":"article","og_title":"BROSSE \u00c0 GRIL IMPERIAL - Grills et Saveurs","og_description":"La brosse professionnelle pour barbecue Broil King en acier inoxydable se distingue par la conception nouvelle de sa t\u00eate, recourb\u00e9e pour suivre le coup de pinceau naturel de la brosse. Son \u00ab garde-salet\u00e9 \u00bb emp\u00eache la salet\u00e9 d\u2019\u00eatre projet\u00e9e en arri\u00e8re pendant le nettoyage des grilles. Elle est aussi dot\u00e9e d\u2019un crochet qui convient \u00e0 la plupart des barbecues Broil King.","og_url":"https:\/\/www.grills-saveurs.ch\/fr\/produit\/brosse-a-gril-imperial\/","og_site_name":"Grills et Saveurs","og_image":[{"width":600,"height":600,"url":"https:\/\/www.grills-saveurs.ch\/fr\/wp-content\/uploads\/2024\/03\/accessory_64014-10.jpg","type":"image\/jpeg"}],"twitter_card":"summary_large_image","schema":{"@context":"https:\/\/schema.org","@graph":[{"@type":"WebSite","@id":"https:\/\/www.grills-saveurs.ch\/fr\/#website","url":"https:\/\/www.grills-saveurs.ch\/fr\/","name":"Grills et Saveurs","description":"Barbecues, Grills, Planchas, Chemin\u00e9es jardin - Lausanne, Suisse Romande","potentialAction":[{"@type":"SearchAction","target":{"@type":"EntryPoint","urlTemplate":"https:\/\/www.grills-saveurs.ch\/fr\/?s={search_term_string}"},"query-input":"required name=search_term_string"}],"inLanguage":"fr-FR"},{"@type":"ImageObject","@id":"https:\/\/www.grills-saveurs.ch\/fr\/produit\/brosse-a-gril-imperial\/#primaryimage","inLanguage":"fr-FR","url":"https:\/\/www.grills-saveurs.ch\/fr\/wp-content\/uploads\/2024\/03\/accessory_64014-10.jpg","contentUrl":"https:\/\/www.grills-saveurs.ch\/fr\/wp-content\/uploads\/2024\/03\/accessory_64014-10.jpg","width":600,"height":600},{"@type":"WebPage","@id":"https:\/\/www.grills-saveurs.ch\/fr\/produit\/brosse-a-gril-imperial\/#webpage","url":"https:\/\/www.grills-saveurs.ch\/fr\/produit\/brosse-a-gril-imperial\/","name":"BROSSE \u00c0 GRIL IMPERIAL - Grills et Saveurs","isPartOf":{"@id":"https:\/\/www.grills-saveurs.ch\/fr\/#website"},"primaryImageOfPage":{"@id":"https:\/\/www.grills-saveurs.ch\/fr\/produit\/brosse-a-gril-imperial\/#primaryimage"},"datePublished":"2024-04-08T07:24:13+00:00","dateModified":"2024-04-08T07:24:13+00:00","description":"La brosse professionnelle pour barbecue Broil King en acier inoxydable se distingue par la conception nouvelle de sa t\u00eate, recourb\u00e9e pour suivre le coup de pinceau naturel de la brosse. Son \u00ab garde-salet\u00e9 \u00bb emp\u00eache la salet\u00e9 d\u2019\u00eatre projet\u00e9e en arri\u00e8re pendant le nettoyage des grilles. Elle est aussi dot\u00e9e d\u2019un crochet qui convient \u00e0 la plupart des barbecues Broil King.","breadcrumb":{"@id":"https:\/\/www.grills-saveurs.ch\/fr\/produit\/brosse-a-gril-imperial\/#breadcrumb"},"inLanguage":"fr-FR","potentialAction":[{"@type":"ReadAction","target":["https:\/\/www.grills-saveurs.ch\/fr\/produit\/brosse-a-gril-imperial\/"]}]},{"@type":"BreadcrumbList","@id":"https:\/\/www.grills-saveurs.ch\/fr\/produit\/brosse-a-gril-imperial\/#breadcrumb","itemListElement":[{"@type":"ListItem","position":1,"name":"Accueil","item":"https:\/\/www.grills-saveurs.ch\/fr\/"},{"@type":"ListItem","position":2,"name":"Shop \/ Boutique","item":"https:\/\/www.grills-saveurs.ch\/fr\/boutique\/"},{"@type":"ListItem","position":3,"name":"BROSSE \u00c0 GRIL IMPERIAL"}]}]}},"_links":{"self":[{"href":"https:\/\/www.grills-saveurs.ch\/fr\/wp-json\/wp\/v2\/product\/9164"}],"collection":[{"href":"https:\/\/www.grills-saveurs.ch\/fr\/wp-json\/wp\/v2\/product"}],"about":[{"href":"https:\/\/www.grills-saveurs.ch\/fr\/wp-json\/wp\/v2\/types\/product"}],"wp:featuredmedia":[{"embeddable":true,"href":"https:\/\/www.grills-saveurs.ch\/fr\/wp-json\/wp\/v2\/media\/9167"}],"wp:attachment":[{"href":"https:\/\/www.grills-saveurs.ch\/fr\/wp-json\/wp\/v2\/media?parent=9164"}],"wp:term":[{"taxonomy":"product_cat","embeddable":true,"href":"https:\/\/www.grills-saveurs.ch\/fr\/wp-json\/wp\/v2\/product_cat?post=9164"},{"taxonomy":"product_tag","embeddable":true,"href":"https:\/\/www.grills-saveurs.ch\/fr\/wp-json\/wp\/v2\/product_tag?post=9164"}],"curies":[{"name":"wp","href":"https:\/\/api.w.org\/{rel}","templated":true}]}}