{"id":9169,"date":"2024-04-08T09:24:14","date_gmt":"2024-04-08T07:24:14","guid":{"rendered":"https:\/\/www.grills-saveurs.ch\/fr\/?post_type=product&#038;p=9169"},"modified":"2024-04-08T09:24:14","modified_gmt":"2024-04-08T07:24:14","slug":"copeaux-de-bois-mesquite","status":"publish","type":"product","link":"https:\/\/www.grills-saveurs.ch\/fr\/produit\/copeaux-de-bois-mesquite\/","title":{"rendered":"Copeaux de bois Mesquite"},"content":{"rendered":"<p>Ajoutez une saveur de boucane de bois \u00e0 vos aliments grill\u00e9s. Essayez-les avec le b\u0153uf, le porc, le poulet et le poisson. Ces copeaux de bois aromatiques sont disponibles dans une vari\u00e9t\u00e9 d\u2019assaisonnements et de saveurs. Utiliser avec un bo\u00eetier de fumage ou ajouter directement au charbon.<\/p>\n","protected":false},"excerpt":{"rendered":"<p>Ajoutez une saveur de boucane de bois \u00e0 vos aliments grill\u00e9s. Essayez-les avec le b\u0153uf, le porc, le poulet et le poisson. Ces copeaux de bois aromatiques sont disponibles dans une vari\u00e9t\u00e9 d\u2019assaisonnements et de saveurs. Utiliser avec un bo\u00eetier de fumage ou ajouter directement au charbon.<\/p>\n","protected":false},"featured_media":9174,"template":"","meta":[],"product_cat":[189,198,212],"product_tag":[],"yoast_head":"<!-- This site is optimized with the Yoast SEO plugin v18.2 - https:\/\/yoast.com\/wordpress\/plugins\/seo\/ -->\n<title>Copeaux de bois Mesquite - Grills et Saveurs<\/title>\n<meta name=\"description\" content=\"Ajoutez une saveur de boucane de bois \u00e0 vos aliments grill\u00e9s. Essayez-les avec le b\u0153uf, le porc, le poulet et le poisson. Ces copeaux de bois aromatiques sont disponibles dans une vari\u00e9t\u00e9 d\u2019assaisonnements et de saveurs. Utiliser avec un bo\u00eetier de fumage ou ajouter directement au charbon.\" \/>\n<meta name=\"robots\" content=\"index, follow, max-snippet:-1, max-image-preview:large, max-video-preview:-1\" \/>\n<link rel=\"canonical\" href=\"https:\/\/www.grills-saveurs.ch\/fr\/produit\/copeaux-de-bois-mesquite\/\" \/>\n<meta property=\"og:locale\" content=\"fr_FR\" \/>\n<meta property=\"og:type\" content=\"article\" \/>\n<meta property=\"og:title\" content=\"Copeaux de bois Mesquite - Grills et Saveurs\" \/>\n<meta property=\"og:description\" content=\"Ajoutez une saveur de boucane de bois \u00e0 vos aliments grill\u00e9s. Essayez-les avec le b\u0153uf, le porc, le poulet et le poisson. Ces copeaux de bois aromatiques sont disponibles dans une vari\u00e9t\u00e9 d\u2019assaisonnements et de saveurs. Utiliser avec un bo\u00eetier de fumage ou ajouter directement au charbon.\" \/>\n<meta property=\"og:url\" content=\"https:\/\/www.grills-saveurs.ch\/fr\/produit\/copeaux-de-bois-mesquite\/\" \/>\n<meta property=\"og:site_name\" content=\"Grills et Saveurs\" \/>\n<meta property=\"og:image\" content=\"https:\/\/www.grills-saveurs.ch\/fr\/wp-content\/uploads\/2024\/03\/accessory_63200-10.jpg\" \/>\n\t<meta property=\"og:image:width\" content=\"600\" \/>\n\t<meta property=\"og:image:height\" content=\"600\" \/>\n\t<meta property=\"og:image:type\" content=\"image\/jpeg\" \/>\n<meta name=\"twitter:card\" content=\"summary_large_image\" \/>\n<script type=\"application\/ld+json\" class=\"yoast-schema-graph\">{\"@context\":\"https:\/\/schema.org\",\"@graph\":[{\"@type\":\"WebSite\",\"@id\":\"https:\/\/www.grills-saveurs.ch\/fr\/#website\",\"url\":\"https:\/\/www.grills-saveurs.ch\/fr\/\",\"name\":\"Grills et Saveurs\",\"description\":\"Barbecues, Grills, Planchas, Chemin\u00e9es jardin - Lausanne, Suisse Romande\",\"potentialAction\":[{\"@type\":\"SearchAction\",\"target\":{\"@type\":\"EntryPoint\",\"urlTemplate\":\"https:\/\/www.grills-saveurs.ch\/fr\/?s={search_term_string}\"},\"query-input\":\"required name=search_term_string\"}],\"inLanguage\":\"fr-FR\"},{\"@type\":\"ImageObject\",\"@id\":\"https:\/\/www.grills-saveurs.ch\/fr\/produit\/copeaux-de-bois-mesquite\/#primaryimage\",\"inLanguage\":\"fr-FR\",\"url\":\"https:\/\/www.grills-saveurs.ch\/fr\/wp-content\/uploads\/2024\/03\/accessory_63200-10.jpg\",\"contentUrl\":\"https:\/\/www.grills-saveurs.ch\/fr\/wp-content\/uploads\/2024\/03\/accessory_63200-10.jpg\",\"width\":600,\"height\":600},{\"@type\":\"WebPage\",\"@id\":\"https:\/\/www.grills-saveurs.ch\/fr\/produit\/copeaux-de-bois-mesquite\/#webpage\",\"url\":\"https:\/\/www.grills-saveurs.ch\/fr\/produit\/copeaux-de-bois-mesquite\/\",\"name\":\"Copeaux de bois Mesquite - Grills et Saveurs\",\"isPartOf\":{\"@id\":\"https:\/\/www.grills-saveurs.ch\/fr\/#website\"},\"primaryImageOfPage\":{\"@id\":\"https:\/\/www.grills-saveurs.ch\/fr\/produit\/copeaux-de-bois-mesquite\/#primaryimage\"},\"datePublished\":\"2024-04-08T07:24:14+00:00\",\"dateModified\":\"2024-04-08T07:24:14+00:00\",\"description\":\"Ajoutez une saveur de boucane de bois \u00e0 vos aliments grill\u00e9s. Essayez-les avec le b\u0153uf, le porc, le poulet et le poisson. Ces copeaux de bois aromatiques sont disponibles dans une vari\u00e9t\u00e9 d\u2019assaisonnements et de saveurs. Utiliser avec un bo\u00eetier de fumage ou ajouter directement au charbon.\",\"breadcrumb\":{\"@id\":\"https:\/\/www.grills-saveurs.ch\/fr\/produit\/copeaux-de-bois-mesquite\/#breadcrumb\"},\"inLanguage\":\"fr-FR\",\"potentialAction\":[{\"@type\":\"ReadAction\",\"target\":[\"https:\/\/www.grills-saveurs.ch\/fr\/produit\/copeaux-de-bois-mesquite\/\"]}]},{\"@type\":\"BreadcrumbList\",\"@id\":\"https:\/\/www.grills-saveurs.ch\/fr\/produit\/copeaux-de-bois-mesquite\/#breadcrumb\",\"itemListElement\":[{\"@type\":\"ListItem\",\"position\":1,\"name\":\"Accueil\",\"item\":\"https:\/\/www.grills-saveurs.ch\/fr\/\"},{\"@type\":\"ListItem\",\"position\":2,\"name\":\"Shop \/ Boutique\",\"item\":\"https:\/\/www.grills-saveurs.ch\/fr\/boutique\/\"},{\"@type\":\"ListItem\",\"position\":3,\"name\":\"Copeaux de bois Mesquite\"}]}]}<\/script>\n<!-- \/ Yoast SEO plugin. -->","yoast_head_json":{"title":"Copeaux de bois Mesquite - Grills et Saveurs","description":"Ajoutez une saveur de boucane de bois \u00e0 vos aliments grill\u00e9s. Essayez-les avec le b\u0153uf, le porc, le poulet et le poisson. Ces copeaux de bois aromatiques sont disponibles dans une vari\u00e9t\u00e9 d\u2019assaisonnements et de saveurs. Utiliser avec un bo\u00eetier de fumage ou ajouter directement au charbon.","robots":{"index":"index","follow":"follow","max-snippet":"max-snippet:-1","max-image-preview":"max-image-preview:large","max-video-preview":"max-video-preview:-1"},"canonical":"https:\/\/www.grills-saveurs.ch\/fr\/produit\/copeaux-de-bois-mesquite\/","og_locale":"fr_FR","og_type":"article","og_title":"Copeaux de bois Mesquite - Grills et Saveurs","og_description":"Ajoutez une saveur de boucane de bois \u00e0 vos aliments grill\u00e9s. Essayez-les avec le b\u0153uf, le porc, le poulet et le poisson. Ces copeaux de bois aromatiques sont disponibles dans une vari\u00e9t\u00e9 d\u2019assaisonnements et de saveurs. Utiliser avec un bo\u00eetier de fumage ou ajouter directement au charbon.","og_url":"https:\/\/www.grills-saveurs.ch\/fr\/produit\/copeaux-de-bois-mesquite\/","og_site_name":"Grills et Saveurs","og_image":[{"width":600,"height":600,"url":"https:\/\/www.grills-saveurs.ch\/fr\/wp-content\/uploads\/2024\/03\/accessory_63200-10.jpg","type":"image\/jpeg"}],"twitter_card":"summary_large_image","schema":{"@context":"https:\/\/schema.org","@graph":[{"@type":"WebSite","@id":"https:\/\/www.grills-saveurs.ch\/fr\/#website","url":"https:\/\/www.grills-saveurs.ch\/fr\/","name":"Grills et Saveurs","description":"Barbecues, Grills, Planchas, Chemin\u00e9es jardin - Lausanne, Suisse Romande","potentialAction":[{"@type":"SearchAction","target":{"@type":"EntryPoint","urlTemplate":"https:\/\/www.grills-saveurs.ch\/fr\/?s={search_term_string}"},"query-input":"required name=search_term_string"}],"inLanguage":"fr-FR"},{"@type":"ImageObject","@id":"https:\/\/www.grills-saveurs.ch\/fr\/produit\/copeaux-de-bois-mesquite\/#primaryimage","inLanguage":"fr-FR","url":"https:\/\/www.grills-saveurs.ch\/fr\/wp-content\/uploads\/2024\/03\/accessory_63200-10.jpg","contentUrl":"https:\/\/www.grills-saveurs.ch\/fr\/wp-content\/uploads\/2024\/03\/accessory_63200-10.jpg","width":600,"height":600},{"@type":"WebPage","@id":"https:\/\/www.grills-saveurs.ch\/fr\/produit\/copeaux-de-bois-mesquite\/#webpage","url":"https:\/\/www.grills-saveurs.ch\/fr\/produit\/copeaux-de-bois-mesquite\/","name":"Copeaux de bois Mesquite - Grills et Saveurs","isPartOf":{"@id":"https:\/\/www.grills-saveurs.ch\/fr\/#website"},"primaryImageOfPage":{"@id":"https:\/\/www.grills-saveurs.ch\/fr\/produit\/copeaux-de-bois-mesquite\/#primaryimage"},"datePublished":"2024-04-08T07:24:14+00:00","dateModified":"2024-04-08T07:24:14+00:00","description":"Ajoutez une saveur de boucane de bois \u00e0 vos aliments grill\u00e9s. Essayez-les avec le b\u0153uf, le porc, le poulet et le poisson. Ces copeaux de bois aromatiques sont disponibles dans une vari\u00e9t\u00e9 d\u2019assaisonnements et de saveurs. Utiliser avec un bo\u00eetier de fumage ou ajouter directement au charbon.","breadcrumb":{"@id":"https:\/\/www.grills-saveurs.ch\/fr\/produit\/copeaux-de-bois-mesquite\/#breadcrumb"},"inLanguage":"fr-FR","potentialAction":[{"@type":"ReadAction","target":["https:\/\/www.grills-saveurs.ch\/fr\/produit\/copeaux-de-bois-mesquite\/"]}]},{"@type":"BreadcrumbList","@id":"https:\/\/www.grills-saveurs.ch\/fr\/produit\/copeaux-de-bois-mesquite\/#breadcrumb","itemListElement":[{"@type":"ListItem","position":1,"name":"Accueil","item":"https:\/\/www.grills-saveurs.ch\/fr\/"},{"@type":"ListItem","position":2,"name":"Shop \/ Boutique","item":"https:\/\/www.grills-saveurs.ch\/fr\/boutique\/"},{"@type":"ListItem","position":3,"name":"Copeaux de bois Mesquite"}]}]}},"_links":{"self":[{"href":"https:\/\/www.grills-saveurs.ch\/fr\/wp-json\/wp\/v2\/product\/9169"}],"collection":[{"href":"https:\/\/www.grills-saveurs.ch\/fr\/wp-json\/wp\/v2\/product"}],"about":[{"href":"https:\/\/www.grills-saveurs.ch\/fr\/wp-json\/wp\/v2\/types\/product"}],"wp:featuredmedia":[{"embeddable":true,"href":"https:\/\/www.grills-saveurs.ch\/fr\/wp-json\/wp\/v2\/media\/9174"}],"wp:attachment":[{"href":"https:\/\/www.grills-saveurs.ch\/fr\/wp-json\/wp\/v2\/media?parent=9169"}],"wp:term":[{"taxonomy":"product_cat","embeddable":true,"href":"https:\/\/www.grills-saveurs.ch\/fr\/wp-json\/wp\/v2\/product_cat?post=9169"},{"taxonomy":"product_tag","embeddable":true,"href":"https:\/\/www.grills-saveurs.ch\/fr\/wp-json\/wp\/v2\/product_tag?post=9169"}],"curies":[{"name":"wp","href":"https:\/\/api.w.org\/{rel}","templated":true}]}}