{"id":9183,"date":"2024-03-29T16:01:50","date_gmt":"2024-03-29T15:01:50","guid":{"rendered":"https:\/\/www.grills-saveurs.ch\/fr\/?post_type=product&#038;p=9183"},"modified":"2024-04-08T09:24:14","modified_gmt":"2024-04-08T07:24:14","slug":"planche-a-decouper-deluxe","status":"publish","type":"product","link":"https:\/\/www.grills-saveurs.ch\/fr\/produit\/planche-a-decouper-deluxe\/","title":{"rendered":"Planche \u00e0 d\u00e9couper Deluxe"},"content":{"rendered":"<p>Cette planche essentielle comprend une planche \u00e0 d\u00e9couper double-face en r\u00e9sine pour les viandes crues, et une planche \u00e0 d\u00e9couper en bambou pour la preparation de viandes cuites ou de l\u00e9gumes. La planche \u00e0 d\u00e9couper dispose d\u2019une grande rainure pour pi\u00e9ger les jus de caisson et un bec verseur facile pour les jeter apr\u00e8s la grillade. Les pieds de silicone emp\u00eachent la planche de glisser. 30,5 cm x 51 cm.<\/p>\n","protected":false},"excerpt":{"rendered":"<p>Cette planche essentielle comprend une planche \u00e0 d\u00e9couper double-face en r\u00e9sine pour les viandes crues, et une planche \u00e0 d\u00e9couper en bambou pour la preparation de viandes cuites ou de l\u00e9gumes. La planche \u00e0 d\u00e9couper dispose d\u2019une grande rainure pour pi\u00e9ger les jus de caisson et un bec verseur facile pour les jeter apr\u00e8s la &hellip;<\/p>\n","protected":false},"featured_media":9184,"template":"","meta":[],"product_cat":[189,198,212],"product_tag":[],"yoast_head":"<!-- This site is optimized with the Yoast SEO plugin v18.2 - https:\/\/yoast.com\/wordpress\/plugins\/seo\/ -->\n<title>Planche \u00e0 d\u00e9couper Deluxe - Grills et Saveurs<\/title>\n<meta name=\"description\" content=\"Cette planche essentielle comprend une planche \u00e0 d\u00e9couper double-face en r\u00e9sine pour les viandes crues, et une planche \u00e0 d\u00e9couper en bambou pour la preparation de viandes cuites ou de l\u00e9gumes. La planche \u00e0 d\u00e9couper dispose d\u2019une grande rainure pour pi\u00e9ger les jus de caisson et un bec verseur facile pour les jeter apr\u00e8s la grillade. Les pieds de silicone emp\u00eachent la planche de glisser. 30,5 cm x 51 cm.\" \/>\n<meta name=\"robots\" content=\"index, follow, max-snippet:-1, max-image-preview:large, max-video-preview:-1\" \/>\n<link rel=\"canonical\" href=\"https:\/\/www.grills-saveurs.ch\/fr\/produit\/planche-a-decouper-deluxe\/\" \/>\n<meta property=\"og:locale\" content=\"fr_FR\" \/>\n<meta property=\"og:type\" content=\"article\" \/>\n<meta property=\"og:title\" content=\"Planche \u00e0 d\u00e9couper Deluxe - Grills et Saveurs\" \/>\n<meta property=\"og:description\" content=\"Cette planche essentielle comprend une planche \u00e0 d\u00e9couper double-face en r\u00e9sine pour les viandes crues, et une planche \u00e0 d\u00e9couper en bambou pour la preparation de viandes cuites ou de l\u00e9gumes. La planche \u00e0 d\u00e9couper dispose d\u2019une grande rainure pour pi\u00e9ger les jus de caisson et un bec verseur facile pour les jeter apr\u00e8s la grillade. Les pieds de silicone emp\u00eachent la planche de glisser. 30,5 cm x 51 cm.\" \/>\n<meta property=\"og:url\" content=\"https:\/\/www.grills-saveurs.ch\/fr\/produit\/planche-a-decouper-deluxe\/\" \/>\n<meta property=\"og:site_name\" content=\"Grills et Saveurs\" \/>\n<meta property=\"article:modified_time\" content=\"2024-04-08T07:24:14+00:00\" \/>\n<meta property=\"og:image\" content=\"https:\/\/www.grills-saveurs.ch\/fr\/wp-content\/uploads\/2024\/03\/accessory_68426.jpg\" \/>\n\t<meta property=\"og:image:width\" content=\"600\" \/>\n\t<meta property=\"og:image:height\" content=\"600\" \/>\n\t<meta property=\"og:image:type\" content=\"image\/jpeg\" \/>\n<meta name=\"twitter:card\" content=\"summary_large_image\" \/>\n<script type=\"application\/ld+json\" class=\"yoast-schema-graph\">{\"@context\":\"https:\/\/schema.org\",\"@graph\":[{\"@type\":\"WebSite\",\"@id\":\"https:\/\/www.grills-saveurs.ch\/fr\/#website\",\"url\":\"https:\/\/www.grills-saveurs.ch\/fr\/\",\"name\":\"Grills et Saveurs\",\"description\":\"Barbecues, Grills, Planchas, Chemin\u00e9es jardin - Lausanne, Suisse Romande\",\"potentialAction\":[{\"@type\":\"SearchAction\",\"target\":{\"@type\":\"EntryPoint\",\"urlTemplate\":\"https:\/\/www.grills-saveurs.ch\/fr\/?s={search_term_string}\"},\"query-input\":\"required name=search_term_string\"}],\"inLanguage\":\"fr-FR\"},{\"@type\":\"ImageObject\",\"@id\":\"https:\/\/www.grills-saveurs.ch\/fr\/produit\/planche-a-decouper-deluxe\/#primaryimage\",\"inLanguage\":\"fr-FR\",\"url\":\"https:\/\/www.grills-saveurs.ch\/fr\/wp-content\/uploads\/2024\/03\/accessory_68426.jpg\",\"contentUrl\":\"https:\/\/www.grills-saveurs.ch\/fr\/wp-content\/uploads\/2024\/03\/accessory_68426.jpg\",\"width\":600,\"height\":600},{\"@type\":\"WebPage\",\"@id\":\"https:\/\/www.grills-saveurs.ch\/fr\/produit\/planche-a-decouper-deluxe\/#webpage\",\"url\":\"https:\/\/www.grills-saveurs.ch\/fr\/produit\/planche-a-decouper-deluxe\/\",\"name\":\"Planche \u00e0 d\u00e9couper Deluxe - Grills et Saveurs\",\"isPartOf\":{\"@id\":\"https:\/\/www.grills-saveurs.ch\/fr\/#website\"},\"primaryImageOfPage\":{\"@id\":\"https:\/\/www.grills-saveurs.ch\/fr\/produit\/planche-a-decouper-deluxe\/#primaryimage\"},\"datePublished\":\"2024-03-29T15:01:50+00:00\",\"dateModified\":\"2024-04-08T07:24:14+00:00\",\"description\":\"Cette planche essentielle comprend une planche \u00e0 d\u00e9couper double-face en r\u00e9sine pour les viandes crues, et une planche \u00e0 d\u00e9couper en bambou pour la preparation de viandes cuites ou de l\u00e9gumes. La planche \u00e0 d\u00e9couper dispose d\u2019une grande rainure pour pi\u00e9ger les jus de caisson et un bec verseur facile pour les jeter apr\u00e8s la grillade. Les pieds de silicone emp\u00eachent la planche de glisser. 30,5 cm x 51 cm.\",\"breadcrumb\":{\"@id\":\"https:\/\/www.grills-saveurs.ch\/fr\/produit\/planche-a-decouper-deluxe\/#breadcrumb\"},\"inLanguage\":\"fr-FR\",\"potentialAction\":[{\"@type\":\"ReadAction\",\"target\":[\"https:\/\/www.grills-saveurs.ch\/fr\/produit\/planche-a-decouper-deluxe\/\"]}]},{\"@type\":\"BreadcrumbList\",\"@id\":\"https:\/\/www.grills-saveurs.ch\/fr\/produit\/planche-a-decouper-deluxe\/#breadcrumb\",\"itemListElement\":[{\"@type\":\"ListItem\",\"position\":1,\"name\":\"Accueil\",\"item\":\"https:\/\/www.grills-saveurs.ch\/fr\/\"},{\"@type\":\"ListItem\",\"position\":2,\"name\":\"Shop \/ Boutique\",\"item\":\"https:\/\/www.grills-saveurs.ch\/fr\/boutique\/\"},{\"@type\":\"ListItem\",\"position\":3,\"name\":\"Planche \u00e0 d\u00e9couper Deluxe\"}]}]}<\/script>\n<!-- \/ Yoast SEO plugin. -->","yoast_head_json":{"title":"Planche \u00e0 d\u00e9couper Deluxe - Grills et Saveurs","description":"Cette planche essentielle comprend une planche \u00e0 d\u00e9couper double-face en r\u00e9sine pour les viandes crues, et une planche \u00e0 d\u00e9couper en bambou pour la preparation de viandes cuites ou de l\u00e9gumes. La planche \u00e0 d\u00e9couper dispose d\u2019une grande rainure pour pi\u00e9ger les jus de caisson et un bec verseur facile pour les jeter apr\u00e8s la grillade. Les pieds de silicone emp\u00eachent la planche de glisser. 30,5 cm x 51 cm.","robots":{"index":"index","follow":"follow","max-snippet":"max-snippet:-1","max-image-preview":"max-image-preview:large","max-video-preview":"max-video-preview:-1"},"canonical":"https:\/\/www.grills-saveurs.ch\/fr\/produit\/planche-a-decouper-deluxe\/","og_locale":"fr_FR","og_type":"article","og_title":"Planche \u00e0 d\u00e9couper Deluxe - Grills et Saveurs","og_description":"Cette planche essentielle comprend une planche \u00e0 d\u00e9couper double-face en r\u00e9sine pour les viandes crues, et une planche \u00e0 d\u00e9couper en bambou pour la preparation de viandes cuites ou de l\u00e9gumes. La planche \u00e0 d\u00e9couper dispose d\u2019une grande rainure pour pi\u00e9ger les jus de caisson et un bec verseur facile pour les jeter apr\u00e8s la grillade. Les pieds de silicone emp\u00eachent la planche de glisser. 30,5 cm x 51 cm.","og_url":"https:\/\/www.grills-saveurs.ch\/fr\/produit\/planche-a-decouper-deluxe\/","og_site_name":"Grills et Saveurs","article_modified_time":"2024-04-08T07:24:14+00:00","og_image":[{"width":600,"height":600,"url":"https:\/\/www.grills-saveurs.ch\/fr\/wp-content\/uploads\/2024\/03\/accessory_68426.jpg","type":"image\/jpeg"}],"twitter_card":"summary_large_image","schema":{"@context":"https:\/\/schema.org","@graph":[{"@type":"WebSite","@id":"https:\/\/www.grills-saveurs.ch\/fr\/#website","url":"https:\/\/www.grills-saveurs.ch\/fr\/","name":"Grills et Saveurs","description":"Barbecues, Grills, Planchas, Chemin\u00e9es jardin - Lausanne, Suisse Romande","potentialAction":[{"@type":"SearchAction","target":{"@type":"EntryPoint","urlTemplate":"https:\/\/www.grills-saveurs.ch\/fr\/?s={search_term_string}"},"query-input":"required name=search_term_string"}],"inLanguage":"fr-FR"},{"@type":"ImageObject","@id":"https:\/\/www.grills-saveurs.ch\/fr\/produit\/planche-a-decouper-deluxe\/#primaryimage","inLanguage":"fr-FR","url":"https:\/\/www.grills-saveurs.ch\/fr\/wp-content\/uploads\/2024\/03\/accessory_68426.jpg","contentUrl":"https:\/\/www.grills-saveurs.ch\/fr\/wp-content\/uploads\/2024\/03\/accessory_68426.jpg","width":600,"height":600},{"@type":"WebPage","@id":"https:\/\/www.grills-saveurs.ch\/fr\/produit\/planche-a-decouper-deluxe\/#webpage","url":"https:\/\/www.grills-saveurs.ch\/fr\/produit\/planche-a-decouper-deluxe\/","name":"Planche \u00e0 d\u00e9couper Deluxe - Grills et Saveurs","isPartOf":{"@id":"https:\/\/www.grills-saveurs.ch\/fr\/#website"},"primaryImageOfPage":{"@id":"https:\/\/www.grills-saveurs.ch\/fr\/produit\/planche-a-decouper-deluxe\/#primaryimage"},"datePublished":"2024-03-29T15:01:50+00:00","dateModified":"2024-04-08T07:24:14+00:00","description":"Cette planche essentielle comprend une planche \u00e0 d\u00e9couper double-face en r\u00e9sine pour les viandes crues, et une planche \u00e0 d\u00e9couper en bambou pour la preparation de viandes cuites ou de l\u00e9gumes. La planche \u00e0 d\u00e9couper dispose d\u2019une grande rainure pour pi\u00e9ger les jus de caisson et un bec verseur facile pour les jeter apr\u00e8s la grillade. Les pieds de silicone emp\u00eachent la planche de glisser. 30,5 cm x 51 cm.","breadcrumb":{"@id":"https:\/\/www.grills-saveurs.ch\/fr\/produit\/planche-a-decouper-deluxe\/#breadcrumb"},"inLanguage":"fr-FR","potentialAction":[{"@type":"ReadAction","target":["https:\/\/www.grills-saveurs.ch\/fr\/produit\/planche-a-decouper-deluxe\/"]}]},{"@type":"BreadcrumbList","@id":"https:\/\/www.grills-saveurs.ch\/fr\/produit\/planche-a-decouper-deluxe\/#breadcrumb","itemListElement":[{"@type":"ListItem","position":1,"name":"Accueil","item":"https:\/\/www.grills-saveurs.ch\/fr\/"},{"@type":"ListItem","position":2,"name":"Shop \/ Boutique","item":"https:\/\/www.grills-saveurs.ch\/fr\/boutique\/"},{"@type":"ListItem","position":3,"name":"Planche \u00e0 d\u00e9couper Deluxe"}]}]}},"_links":{"self":[{"href":"https:\/\/www.grills-saveurs.ch\/fr\/wp-json\/wp\/v2\/product\/9183"}],"collection":[{"href":"https:\/\/www.grills-saveurs.ch\/fr\/wp-json\/wp\/v2\/product"}],"about":[{"href":"https:\/\/www.grills-saveurs.ch\/fr\/wp-json\/wp\/v2\/types\/product"}],"wp:featuredmedia":[{"embeddable":true,"href":"https:\/\/www.grills-saveurs.ch\/fr\/wp-json\/wp\/v2\/media\/9184"}],"wp:attachment":[{"href":"https:\/\/www.grills-saveurs.ch\/fr\/wp-json\/wp\/v2\/media?parent=9183"}],"wp:term":[{"taxonomy":"product_cat","embeddable":true,"href":"https:\/\/www.grills-saveurs.ch\/fr\/wp-json\/wp\/v2\/product_cat?post=9183"},{"taxonomy":"product_tag","embeddable":true,"href":"https:\/\/www.grills-saveurs.ch\/fr\/wp-json\/wp\/v2\/product_tag?post=9183"}],"curies":[{"name":"wp","href":"https:\/\/api.w.org\/{rel}","templated":true}]}}