{"id":9229,"date":"2024-04-08T09:24:16","date_gmt":"2024-04-08T07:24:16","guid":{"rendered":"https:\/\/www.grills-saveurs.ch\/fr\/?post_type=product&#038;p=9229"},"modified":"2024-04-08T16:59:49","modified_gmt":"2024-04-08T14:59:49","slug":"ensemble-de-roulettes-pour-les-barbecues-a-granules-des-series-crown-baron-regal","status":"publish","type":"product","link":"https:\/\/www.grills-saveurs.ch\/fr\/produit\/ensemble-de-roulettes-pour-les-barbecues-a-granules-des-series-crown-baron-regal\/","title":{"rendered":"Ensemble de roulettes pour les barbecues \u00e0 granules des s\u00e9ries Crown \/ Regal"},"content":{"rendered":"<p>Remplacez les pieds de votre barbecue \u00e0 granules Broil King par des roulettes pour en augmenter la mobilit\u00e9. Nos barbecues \u00e0 granules de bois sont lourds, c\u2019est la raison pour laquelle ils retiennent si bien la chaleur et saisissent \u00e0 la perfection. Ces roulettes sont indispensables si votre barbecue doit \u00eatre d\u00e9plac\u00e9 sur le patio, dans votre cour arri\u00e8re ou pour les rassemblements d\u2019avant-match. Chaque ensemble de roulettes est con\u00e7u pour les barbecues Pellet Regal et Baron de Broil King, mais elles conviennent \u00e9galement aux barbecues au charbon de bois de la s\u00e9rie Smoke de Broil King. Chaque ensemble comprend deux pieds et deux roulettes verrouillables.<\/p>\n<p>Convient aux barbecues Pellet Regal<sup>MC<\/sup>, Baron<sup>MC<\/sup>\u00a0\/ Crown<sup>MC<\/sup>\u00a0et aux barbecues de la s\u00e9rie Smoke.<\/p>\n","protected":false},"excerpt":{"rendered":"<p>Remplacez les pieds de votre barbecue \u00e0 granules Broil King par des roulettes pour en augmenter la mobilit\u00e9. Nos barbecues \u00e0 granules de bois sont lourds, c\u2019est la raison pour laquelle ils retiennent si bien la chaleur et saisissent \u00e0 la perfection. Ces roulettes sont indispensables si votre barbecue doit \u00eatre d\u00e9plac\u00e9 sur le patio, &hellip;<\/p>\n","protected":false},"featured_media":9231,"template":"","meta":[],"product_cat":[189,194,198,212],"product_tag":[],"yoast_head":"<!-- This site is optimized with the Yoast SEO plugin v18.2 - https:\/\/yoast.com\/wordpress\/plugins\/seo\/ -->\n<title>Ensemble de roulettes pour les barbecues \u00e0 granules des s\u00e9ries Crown \/ Regal - Grills et Saveurs<\/title>\n<meta name=\"description\" content=\"Remplacez les pieds de votre barbecue \u00e0 granules Broil King par des roulettes pour en augmenter la mobilit\u00e9. Nos barbecues \u00e0 granules de bois sont lourds, c\u2019est la raison pour laquelle ils retiennent si bien la chaleur et saisissent \u00e0 la perfection. Ces roulettes sont indispensables si votre barbecue doit \u00eatre d\u00e9plac\u00e9 sur le patio, dans votre cour arri\u00e8re ou pour les rassemblements d\u2019avant-match. Chaque ensemble de roulettes est con\u00e7u pour les barbecues Pellet Regal et Baron de Broil King, mais elles conviennent \u00e9galement aux barbecues au charbon de bois de la s\u00e9rie Smoke de Broil King. Chaque ensemble comprend deux pieds et deux roulettes verrouillables.Convient aux barbecues Pellet RegalMC, BaronMC \/ CrownMC et aux barbecues de la s\u00e9rie Smoke.\" \/>\n<meta name=\"robots\" content=\"index, follow, max-snippet:-1, max-image-preview:large, max-video-preview:-1\" \/>\n<link rel=\"canonical\" href=\"https:\/\/www.grills-saveurs.ch\/fr\/produit\/ensemble-de-roulettes-pour-les-barbecues-a-granules-des-series-crown-baron-regal\/\" \/>\n<meta property=\"og:locale\" content=\"fr_FR\" \/>\n<meta property=\"og:type\" content=\"article\" \/>\n<meta property=\"og:title\" content=\"Ensemble de roulettes pour les barbecues \u00e0 granules des s\u00e9ries Crown \/ Regal - Grills et Saveurs\" \/>\n<meta property=\"og:description\" content=\"Remplacez les pieds de votre barbecue \u00e0 granules Broil King par des roulettes pour en augmenter la mobilit\u00e9. Nos barbecues \u00e0 granules de bois sont lourds, c\u2019est la raison pour laquelle ils retiennent si bien la chaleur et saisissent \u00e0 la perfection. Ces roulettes sont indispensables si votre barbecue doit \u00eatre d\u00e9plac\u00e9 sur le patio, dans votre cour arri\u00e8re ou pour les rassemblements d\u2019avant-match. Chaque ensemble de roulettes est con\u00e7u pour les barbecues Pellet Regal et Baron de Broil King, mais elles conviennent \u00e9galement aux barbecues au charbon de bois de la s\u00e9rie Smoke de Broil King. Chaque ensemble comprend deux pieds et deux roulettes verrouillables.Convient aux barbecues Pellet RegalMC, BaronMC \/ CrownMC et aux barbecues de la s\u00e9rie Smoke.\" \/>\n<meta property=\"og:url\" content=\"https:\/\/www.grills-saveurs.ch\/fr\/produit\/ensemble-de-roulettes-pour-les-barbecues-a-granules-des-series-crown-baron-regal\/\" \/>\n<meta property=\"og:site_name\" content=\"Grills et Saveurs\" \/>\n<meta property=\"article:modified_time\" content=\"2024-04-08T14:59:49+00:00\" \/>\n<meta property=\"og:image\" content=\"https:\/\/www.grills-saveurs.ch\/fr\/wp-content\/uploads\/2024\/04\/60690-01-768x768-1.jpg\" \/>\n\t<meta property=\"og:image:width\" content=\"768\" \/>\n\t<meta property=\"og:image:height\" content=\"768\" \/>\n\t<meta property=\"og:image:type\" content=\"image\/jpeg\" \/>\n<meta name=\"twitter:card\" content=\"summary_large_image\" \/>\n<meta name=\"twitter:label1\" content=\"Dur\u00e9e de lecture estim\u00e9e\" \/>\n\t<meta name=\"twitter:data1\" content=\"1 minute\" \/>\n<script type=\"application\/ld+json\" class=\"yoast-schema-graph\">{\"@context\":\"https:\/\/schema.org\",\"@graph\":[{\"@type\":\"WebSite\",\"@id\":\"https:\/\/www.grills-saveurs.ch\/fr\/#website\",\"url\":\"https:\/\/www.grills-saveurs.ch\/fr\/\",\"name\":\"Grills et Saveurs\",\"description\":\"Barbecues, Grills, Planchas, Chemin\u00e9es jardin - Lausanne, Suisse Romande\",\"potentialAction\":[{\"@type\":\"SearchAction\",\"target\":{\"@type\":\"EntryPoint\",\"urlTemplate\":\"https:\/\/www.grills-saveurs.ch\/fr\/?s={search_term_string}\"},\"query-input\":\"required name=search_term_string\"}],\"inLanguage\":\"fr-FR\"},{\"@type\":\"ImageObject\",\"@id\":\"https:\/\/www.grills-saveurs.ch\/fr\/produit\/ensemble-de-roulettes-pour-les-barbecues-a-granules-des-series-crown-baron-regal\/#primaryimage\",\"inLanguage\":\"fr-FR\",\"url\":\"https:\/\/www.grills-saveurs.ch\/fr\/wp-content\/uploads\/2024\/04\/60690-01-768x768-1.jpg\",\"contentUrl\":\"https:\/\/www.grills-saveurs.ch\/fr\/wp-content\/uploads\/2024\/04\/60690-01-768x768-1.jpg\",\"width\":768,\"height\":768},{\"@type\":\"WebPage\",\"@id\":\"https:\/\/www.grills-saveurs.ch\/fr\/produit\/ensemble-de-roulettes-pour-les-barbecues-a-granules-des-series-crown-baron-regal\/#webpage\",\"url\":\"https:\/\/www.grills-saveurs.ch\/fr\/produit\/ensemble-de-roulettes-pour-les-barbecues-a-granules-des-series-crown-baron-regal\/\",\"name\":\"Ensemble de roulettes pour les barbecues \u00e0 granules des s\u00e9ries Crown \/ Regal - Grills et Saveurs\",\"isPartOf\":{\"@id\":\"https:\/\/www.grills-saveurs.ch\/fr\/#website\"},\"primaryImageOfPage\":{\"@id\":\"https:\/\/www.grills-saveurs.ch\/fr\/produit\/ensemble-de-roulettes-pour-les-barbecues-a-granules-des-series-crown-baron-regal\/#primaryimage\"},\"datePublished\":\"2024-04-08T07:24:16+00:00\",\"dateModified\":\"2024-04-08T14:59:49+00:00\",\"description\":\"Remplacez les pieds de votre barbecue \u00e0 granules Broil King par des roulettes pour en augmenter la mobilit\u00e9. Nos barbecues \u00e0 granules de bois sont lourds, c\u2019est la raison pour laquelle ils retiennent si bien la chaleur et saisissent \u00e0 la perfection. Ces roulettes sont indispensables si votre barbecue doit \u00eatre d\u00e9plac\u00e9 sur le patio, dans votre cour arri\u00e8re ou pour les rassemblements d\u2019avant-match. Chaque ensemble de roulettes est con\u00e7u pour les barbecues Pellet Regal et Baron de Broil King, mais elles conviennent \u00e9galement aux barbecues au charbon de bois de la s\u00e9rie Smoke de Broil King. Chaque ensemble comprend deux pieds et deux roulettes verrouillables.Convient aux barbecues Pellet RegalMC, BaronMC \/ CrownMC et aux barbecues de la s\u00e9rie Smoke.\",\"breadcrumb\":{\"@id\":\"https:\/\/www.grills-saveurs.ch\/fr\/produit\/ensemble-de-roulettes-pour-les-barbecues-a-granules-des-series-crown-baron-regal\/#breadcrumb\"},\"inLanguage\":\"fr-FR\",\"potentialAction\":[{\"@type\":\"ReadAction\",\"target\":[\"https:\/\/www.grills-saveurs.ch\/fr\/produit\/ensemble-de-roulettes-pour-les-barbecues-a-granules-des-series-crown-baron-regal\/\"]}]},{\"@type\":\"BreadcrumbList\",\"@id\":\"https:\/\/www.grills-saveurs.ch\/fr\/produit\/ensemble-de-roulettes-pour-les-barbecues-a-granules-des-series-crown-baron-regal\/#breadcrumb\",\"itemListElement\":[{\"@type\":\"ListItem\",\"position\":1,\"name\":\"Accueil\",\"item\":\"https:\/\/www.grills-saveurs.ch\/fr\/\"},{\"@type\":\"ListItem\",\"position\":2,\"name\":\"Shop \/ Boutique\",\"item\":\"https:\/\/www.grills-saveurs.ch\/fr\/boutique\/\"},{\"@type\":\"ListItem\",\"position\":3,\"name\":\"Ensemble de roulettes pour les barbecues \u00e0 granules des s\u00e9ries Crown \/ Regal\"}]}]}<\/script>\n<!-- \/ Yoast SEO plugin. -->","yoast_head_json":{"title":"Ensemble de roulettes pour les barbecues \u00e0 granules des s\u00e9ries Crown \/ Regal - Grills et Saveurs","description":"Remplacez les pieds de votre barbecue \u00e0 granules Broil King par des roulettes pour en augmenter la mobilit\u00e9. Nos barbecues \u00e0 granules de bois sont lourds, c\u2019est la raison pour laquelle ils retiennent si bien la chaleur et saisissent \u00e0 la perfection. Ces roulettes sont indispensables si votre barbecue doit \u00eatre d\u00e9plac\u00e9 sur le patio, dans votre cour arri\u00e8re ou pour les rassemblements d\u2019avant-match. Chaque ensemble de roulettes est con\u00e7u pour les barbecues Pellet Regal et Baron de Broil King, mais elles conviennent \u00e9galement aux barbecues au charbon de bois de la s\u00e9rie Smoke de Broil King. Chaque ensemble comprend deux pieds et deux roulettes verrouillables.Convient aux barbecues Pellet RegalMC, BaronMC \/ CrownMC et aux barbecues de la s\u00e9rie Smoke.","robots":{"index":"index","follow":"follow","max-snippet":"max-snippet:-1","max-image-preview":"max-image-preview:large","max-video-preview":"max-video-preview:-1"},"canonical":"https:\/\/www.grills-saveurs.ch\/fr\/produit\/ensemble-de-roulettes-pour-les-barbecues-a-granules-des-series-crown-baron-regal\/","og_locale":"fr_FR","og_type":"article","og_title":"Ensemble de roulettes pour les barbecues \u00e0 granules des s\u00e9ries Crown \/ Regal - Grills et Saveurs","og_description":"Remplacez les pieds de votre barbecue \u00e0 granules Broil King par des roulettes pour en augmenter la mobilit\u00e9. Nos barbecues \u00e0 granules de bois sont lourds, c\u2019est la raison pour laquelle ils retiennent si bien la chaleur et saisissent \u00e0 la perfection. Ces roulettes sont indispensables si votre barbecue doit \u00eatre d\u00e9plac\u00e9 sur le patio, dans votre cour arri\u00e8re ou pour les rassemblements d\u2019avant-match. Chaque ensemble de roulettes est con\u00e7u pour les barbecues Pellet Regal et Baron de Broil King, mais elles conviennent \u00e9galement aux barbecues au charbon de bois de la s\u00e9rie Smoke de Broil King. Chaque ensemble comprend deux pieds et deux roulettes verrouillables.Convient aux barbecues Pellet RegalMC, BaronMC \/ CrownMC et aux barbecues de la s\u00e9rie Smoke.","og_url":"https:\/\/www.grills-saveurs.ch\/fr\/produit\/ensemble-de-roulettes-pour-les-barbecues-a-granules-des-series-crown-baron-regal\/","og_site_name":"Grills et Saveurs","article_modified_time":"2024-04-08T14:59:49+00:00","og_image":[{"width":768,"height":768,"url":"https:\/\/www.grills-saveurs.ch\/fr\/wp-content\/uploads\/2024\/04\/60690-01-768x768-1.jpg","type":"image\/jpeg"}],"twitter_card":"summary_large_image","twitter_misc":{"Dur\u00e9e de lecture estim\u00e9e":"1 minute"},"schema":{"@context":"https:\/\/schema.org","@graph":[{"@type":"WebSite","@id":"https:\/\/www.grills-saveurs.ch\/fr\/#website","url":"https:\/\/www.grills-saveurs.ch\/fr\/","name":"Grills et Saveurs","description":"Barbecues, Grills, Planchas, Chemin\u00e9es jardin - Lausanne, Suisse Romande","potentialAction":[{"@type":"SearchAction","target":{"@type":"EntryPoint","urlTemplate":"https:\/\/www.grills-saveurs.ch\/fr\/?s={search_term_string}"},"query-input":"required name=search_term_string"}],"inLanguage":"fr-FR"},{"@type":"ImageObject","@id":"https:\/\/www.grills-saveurs.ch\/fr\/produit\/ensemble-de-roulettes-pour-les-barbecues-a-granules-des-series-crown-baron-regal\/#primaryimage","inLanguage":"fr-FR","url":"https:\/\/www.grills-saveurs.ch\/fr\/wp-content\/uploads\/2024\/04\/60690-01-768x768-1.jpg","contentUrl":"https:\/\/www.grills-saveurs.ch\/fr\/wp-content\/uploads\/2024\/04\/60690-01-768x768-1.jpg","width":768,"height":768},{"@type":"WebPage","@id":"https:\/\/www.grills-saveurs.ch\/fr\/produit\/ensemble-de-roulettes-pour-les-barbecues-a-granules-des-series-crown-baron-regal\/#webpage","url":"https:\/\/www.grills-saveurs.ch\/fr\/produit\/ensemble-de-roulettes-pour-les-barbecues-a-granules-des-series-crown-baron-regal\/","name":"Ensemble de roulettes pour les barbecues \u00e0 granules des s\u00e9ries Crown \/ Regal - Grills et Saveurs","isPartOf":{"@id":"https:\/\/www.grills-saveurs.ch\/fr\/#website"},"primaryImageOfPage":{"@id":"https:\/\/www.grills-saveurs.ch\/fr\/produit\/ensemble-de-roulettes-pour-les-barbecues-a-granules-des-series-crown-baron-regal\/#primaryimage"},"datePublished":"2024-04-08T07:24:16+00:00","dateModified":"2024-04-08T14:59:49+00:00","description":"Remplacez les pieds de votre barbecue \u00e0 granules Broil King par des roulettes pour en augmenter la mobilit\u00e9. Nos barbecues \u00e0 granules de bois sont lourds, c\u2019est la raison pour laquelle ils retiennent si bien la chaleur et saisissent \u00e0 la perfection. Ces roulettes sont indispensables si votre barbecue doit \u00eatre d\u00e9plac\u00e9 sur le patio, dans votre cour arri\u00e8re ou pour les rassemblements d\u2019avant-match. Chaque ensemble de roulettes est con\u00e7u pour les barbecues Pellet Regal et Baron de Broil King, mais elles conviennent \u00e9galement aux barbecues au charbon de bois de la s\u00e9rie Smoke de Broil King. Chaque ensemble comprend deux pieds et deux roulettes verrouillables.Convient aux barbecues Pellet RegalMC, BaronMC \/ CrownMC et aux barbecues de la s\u00e9rie Smoke.","breadcrumb":{"@id":"https:\/\/www.grills-saveurs.ch\/fr\/produit\/ensemble-de-roulettes-pour-les-barbecues-a-granules-des-series-crown-baron-regal\/#breadcrumb"},"inLanguage":"fr-FR","potentialAction":[{"@type":"ReadAction","target":["https:\/\/www.grills-saveurs.ch\/fr\/produit\/ensemble-de-roulettes-pour-les-barbecues-a-granules-des-series-crown-baron-regal\/"]}]},{"@type":"BreadcrumbList","@id":"https:\/\/www.grills-saveurs.ch\/fr\/produit\/ensemble-de-roulettes-pour-les-barbecues-a-granules-des-series-crown-baron-regal\/#breadcrumb","itemListElement":[{"@type":"ListItem","position":1,"name":"Accueil","item":"https:\/\/www.grills-saveurs.ch\/fr\/"},{"@type":"ListItem","position":2,"name":"Shop \/ Boutique","item":"https:\/\/www.grills-saveurs.ch\/fr\/boutique\/"},{"@type":"ListItem","position":3,"name":"Ensemble de roulettes pour les barbecues \u00e0 granules des s\u00e9ries Crown \/ Regal"}]}]}},"_links":{"self":[{"href":"https:\/\/www.grills-saveurs.ch\/fr\/wp-json\/wp\/v2\/product\/9229"}],"collection":[{"href":"https:\/\/www.grills-saveurs.ch\/fr\/wp-json\/wp\/v2\/product"}],"about":[{"href":"https:\/\/www.grills-saveurs.ch\/fr\/wp-json\/wp\/v2\/types\/product"}],"wp:featuredmedia":[{"embeddable":true,"href":"https:\/\/www.grills-saveurs.ch\/fr\/wp-json\/wp\/v2\/media\/9231"}],"wp:attachment":[{"href":"https:\/\/www.grills-saveurs.ch\/fr\/wp-json\/wp\/v2\/media?parent=9229"}],"wp:term":[{"taxonomy":"product_cat","embeddable":true,"href":"https:\/\/www.grills-saveurs.ch\/fr\/wp-json\/wp\/v2\/product_cat?post=9229"},{"taxonomy":"product_tag","embeddable":true,"href":"https:\/\/www.grills-saveurs.ch\/fr\/wp-json\/wp\/v2\/product_tag?post=9229"}],"curies":[{"name":"wp","href":"https:\/\/api.w.org\/{rel}","templated":true}]}}