{"id":9232,"date":"2024-04-08T09:24:16","date_gmt":"2024-04-08T07:24:16","guid":{"rendered":"https:\/\/www.grills-saveurs.ch\/fr\/?post_type=product&#038;p=9232"},"modified":"2024-04-08T09:24:16","modified_gmt":"2024-04-08T07:24:16","slug":"planche-a-decouper-en-bambou","status":"publish","type":"product","link":"https:\/\/www.grills-saveurs.ch\/fr\/produit\/planche-a-decouper-en-bambou\/","title":{"rendered":"Planche \u00e0 d\u00e9couper en bambou"},"content":{"rendered":"<p>La planche \u00e0 d\u00e9couper en bambou de la<br \/>\ns\u00e9rie Imperial\u2122 pour la cuisson de la viande<br \/>\nou la pr\u00e9paration des l\u00e9gumes. La planche<br \/>\n\u00e0 d\u00e9couper est dot\u00e9e d\u2019un grand plateau<br \/>\npour recueillir les \u00e9gouttures et d\u2019un simple<br \/>\nbec verseur pour les \u00e9liminer apr\u00e8s la<br \/>\ncuisson.<br \/>\n45,09 cm x 31,12 cm.<\/p>\n","protected":false},"excerpt":{"rendered":"<p>La planche \u00e0 d\u00e9couper en bambou de la s\u00e9rie Imperial\u2122 pour la cuisson de la viande ou la pr\u00e9paration des l\u00e9gumes. La planche \u00e0 d\u00e9couper est dot\u00e9e d\u2019un grand plateau pour recueillir les \u00e9gouttures et d\u2019un simple bec verseur pour les \u00e9liminer apr\u00e8s la cuisson. 45,09 cm x 31,12 cm.<\/p>\n","protected":false},"featured_media":9234,"template":"","meta":[],"product_cat":[189,198,212],"product_tag":[],"yoast_head":"<!-- This site is optimized with the Yoast SEO plugin v18.2 - https:\/\/yoast.com\/wordpress\/plugins\/seo\/ -->\n<title>Planche \u00e0 d\u00e9couper en bambou - Grills et Saveurs<\/title>\n<meta name=\"description\" content=\"La planche \u00e0 d\u00e9couper en bambou de las\u00e9rie Imperial\u2122 pour la cuisson de la viandeou la pr\u00e9paration des l\u00e9gumes. La planche\u00e0 d\u00e9couper est dot\u00e9e d\u2019un grand plateaupour recueillir les \u00e9gouttures et d\u2019un simplebec verseur pour les \u00e9liminer apr\u00e8s lacuisson.45,09 cm x 31,12 cm.\" \/>\n<meta name=\"robots\" content=\"index, follow, max-snippet:-1, max-image-preview:large, max-video-preview:-1\" \/>\n<link rel=\"canonical\" href=\"https:\/\/www.grills-saveurs.ch\/fr\/produit\/planche-a-decouper-en-bambou\/\" \/>\n<meta property=\"og:locale\" content=\"fr_FR\" \/>\n<meta property=\"og:type\" content=\"article\" \/>\n<meta property=\"og:title\" content=\"Planche \u00e0 d\u00e9couper en bambou - Grills et Saveurs\" \/>\n<meta property=\"og:description\" content=\"La planche \u00e0 d\u00e9couper en bambou de las\u00e9rie Imperial\u2122 pour la cuisson de la viandeou la pr\u00e9paration des l\u00e9gumes. La planche\u00e0 d\u00e9couper est dot\u00e9e d\u2019un grand plateaupour recueillir les \u00e9gouttures et d\u2019un simplebec verseur pour les \u00e9liminer apr\u00e8s lacuisson.45,09 cm x 31,12 cm.\" \/>\n<meta property=\"og:url\" content=\"https:\/\/www.grills-saveurs.ch\/fr\/produit\/planche-a-decouper-en-bambou\/\" \/>\n<meta property=\"og:site_name\" content=\"Grills et Saveurs\" \/>\n<meta property=\"og:image\" content=\"https:\/\/www.grills-saveurs.ch\/fr\/wp-content\/uploads\/2024\/04\/3483484972.png\" \/>\n\t<meta property=\"og:image:width\" content=\"842\" \/>\n\t<meta property=\"og:image:height\" content=\"494\" \/>\n\t<meta property=\"og:image:type\" content=\"image\/png\" \/>\n<meta name=\"twitter:card\" content=\"summary_large_image\" \/>\n<script type=\"application\/ld+json\" class=\"yoast-schema-graph\">{\"@context\":\"https:\/\/schema.org\",\"@graph\":[{\"@type\":\"WebSite\",\"@id\":\"https:\/\/www.grills-saveurs.ch\/fr\/#website\",\"url\":\"https:\/\/www.grills-saveurs.ch\/fr\/\",\"name\":\"Grills et Saveurs\",\"description\":\"Barbecues, Grills, Planchas, Chemin\u00e9es jardin - Lausanne, Suisse Romande\",\"potentialAction\":[{\"@type\":\"SearchAction\",\"target\":{\"@type\":\"EntryPoint\",\"urlTemplate\":\"https:\/\/www.grills-saveurs.ch\/fr\/?s={search_term_string}\"},\"query-input\":\"required name=search_term_string\"}],\"inLanguage\":\"fr-FR\"},{\"@type\":\"ImageObject\",\"@id\":\"https:\/\/www.grills-saveurs.ch\/fr\/produit\/planche-a-decouper-en-bambou\/#primaryimage\",\"inLanguage\":\"fr-FR\",\"url\":\"https:\/\/www.grills-saveurs.ch\/fr\/wp-content\/uploads\/2024\/04\/3483484972.png\",\"contentUrl\":\"https:\/\/www.grills-saveurs.ch\/fr\/wp-content\/uploads\/2024\/04\/3483484972.png\",\"width\":842,\"height\":494},{\"@type\":\"WebPage\",\"@id\":\"https:\/\/www.grills-saveurs.ch\/fr\/produit\/planche-a-decouper-en-bambou\/#webpage\",\"url\":\"https:\/\/www.grills-saveurs.ch\/fr\/produit\/planche-a-decouper-en-bambou\/\",\"name\":\"Planche \u00e0 d\u00e9couper en bambou - Grills et Saveurs\",\"isPartOf\":{\"@id\":\"https:\/\/www.grills-saveurs.ch\/fr\/#website\"},\"primaryImageOfPage\":{\"@id\":\"https:\/\/www.grills-saveurs.ch\/fr\/produit\/planche-a-decouper-en-bambou\/#primaryimage\"},\"datePublished\":\"2024-04-08T07:24:16+00:00\",\"dateModified\":\"2024-04-08T07:24:16+00:00\",\"description\":\"La planche \u00e0 d\u00e9couper en bambou de las\u00e9rie Imperial\u2122 pour la cuisson de la viandeou la pr\u00e9paration des l\u00e9gumes. La planche\u00e0 d\u00e9couper est dot\u00e9e d\u2019un grand plateaupour recueillir les \u00e9gouttures et d\u2019un simplebec verseur pour les \u00e9liminer apr\u00e8s lacuisson.45,09 cm x 31,12 cm.\",\"breadcrumb\":{\"@id\":\"https:\/\/www.grills-saveurs.ch\/fr\/produit\/planche-a-decouper-en-bambou\/#breadcrumb\"},\"inLanguage\":\"fr-FR\",\"potentialAction\":[{\"@type\":\"ReadAction\",\"target\":[\"https:\/\/www.grills-saveurs.ch\/fr\/produit\/planche-a-decouper-en-bambou\/\"]}]},{\"@type\":\"BreadcrumbList\",\"@id\":\"https:\/\/www.grills-saveurs.ch\/fr\/produit\/planche-a-decouper-en-bambou\/#breadcrumb\",\"itemListElement\":[{\"@type\":\"ListItem\",\"position\":1,\"name\":\"Accueil\",\"item\":\"https:\/\/www.grills-saveurs.ch\/fr\/\"},{\"@type\":\"ListItem\",\"position\":2,\"name\":\"Shop \/ Boutique\",\"item\":\"https:\/\/www.grills-saveurs.ch\/fr\/boutique\/\"},{\"@type\":\"ListItem\",\"position\":3,\"name\":\"Planche \u00e0 d\u00e9couper en bambou\"}]}]}<\/script>\n<!-- \/ Yoast SEO plugin. -->","yoast_head_json":{"title":"Planche \u00e0 d\u00e9couper en bambou - Grills et Saveurs","description":"La planche \u00e0 d\u00e9couper en bambou de las\u00e9rie Imperial\u2122 pour la cuisson de la viandeou la pr\u00e9paration des l\u00e9gumes. La planche\u00e0 d\u00e9couper est dot\u00e9e d\u2019un grand plateaupour recueillir les \u00e9gouttures et d\u2019un simplebec verseur pour les \u00e9liminer apr\u00e8s lacuisson.45,09 cm x 31,12 cm.","robots":{"index":"index","follow":"follow","max-snippet":"max-snippet:-1","max-image-preview":"max-image-preview:large","max-video-preview":"max-video-preview:-1"},"canonical":"https:\/\/www.grills-saveurs.ch\/fr\/produit\/planche-a-decouper-en-bambou\/","og_locale":"fr_FR","og_type":"article","og_title":"Planche \u00e0 d\u00e9couper en bambou - Grills et Saveurs","og_description":"La planche \u00e0 d\u00e9couper en bambou de las\u00e9rie Imperial\u2122 pour la cuisson de la viandeou la pr\u00e9paration des l\u00e9gumes. La planche\u00e0 d\u00e9couper est dot\u00e9e d\u2019un grand plateaupour recueillir les \u00e9gouttures et d\u2019un simplebec verseur pour les \u00e9liminer apr\u00e8s lacuisson.45,09 cm x 31,12 cm.","og_url":"https:\/\/www.grills-saveurs.ch\/fr\/produit\/planche-a-decouper-en-bambou\/","og_site_name":"Grills et Saveurs","og_image":[{"width":842,"height":494,"url":"https:\/\/www.grills-saveurs.ch\/fr\/wp-content\/uploads\/2024\/04\/3483484972.png","type":"image\/png"}],"twitter_card":"summary_large_image","schema":{"@context":"https:\/\/schema.org","@graph":[{"@type":"WebSite","@id":"https:\/\/www.grills-saveurs.ch\/fr\/#website","url":"https:\/\/www.grills-saveurs.ch\/fr\/","name":"Grills et Saveurs","description":"Barbecues, Grills, Planchas, Chemin\u00e9es jardin - Lausanne, Suisse Romande","potentialAction":[{"@type":"SearchAction","target":{"@type":"EntryPoint","urlTemplate":"https:\/\/www.grills-saveurs.ch\/fr\/?s={search_term_string}"},"query-input":"required name=search_term_string"}],"inLanguage":"fr-FR"},{"@type":"ImageObject","@id":"https:\/\/www.grills-saveurs.ch\/fr\/produit\/planche-a-decouper-en-bambou\/#primaryimage","inLanguage":"fr-FR","url":"https:\/\/www.grills-saveurs.ch\/fr\/wp-content\/uploads\/2024\/04\/3483484972.png","contentUrl":"https:\/\/www.grills-saveurs.ch\/fr\/wp-content\/uploads\/2024\/04\/3483484972.png","width":842,"height":494},{"@type":"WebPage","@id":"https:\/\/www.grills-saveurs.ch\/fr\/produit\/planche-a-decouper-en-bambou\/#webpage","url":"https:\/\/www.grills-saveurs.ch\/fr\/produit\/planche-a-decouper-en-bambou\/","name":"Planche \u00e0 d\u00e9couper en bambou - Grills et Saveurs","isPartOf":{"@id":"https:\/\/www.grills-saveurs.ch\/fr\/#website"},"primaryImageOfPage":{"@id":"https:\/\/www.grills-saveurs.ch\/fr\/produit\/planche-a-decouper-en-bambou\/#primaryimage"},"datePublished":"2024-04-08T07:24:16+00:00","dateModified":"2024-04-08T07:24:16+00:00","description":"La planche \u00e0 d\u00e9couper en bambou de las\u00e9rie Imperial\u2122 pour la cuisson de la viandeou la pr\u00e9paration des l\u00e9gumes. La planche\u00e0 d\u00e9couper est dot\u00e9e d\u2019un grand plateaupour recueillir les \u00e9gouttures et d\u2019un simplebec verseur pour les \u00e9liminer apr\u00e8s lacuisson.45,09 cm x 31,12 cm.","breadcrumb":{"@id":"https:\/\/www.grills-saveurs.ch\/fr\/produit\/planche-a-decouper-en-bambou\/#breadcrumb"},"inLanguage":"fr-FR","potentialAction":[{"@type":"ReadAction","target":["https:\/\/www.grills-saveurs.ch\/fr\/produit\/planche-a-decouper-en-bambou\/"]}]},{"@type":"BreadcrumbList","@id":"https:\/\/www.grills-saveurs.ch\/fr\/produit\/planche-a-decouper-en-bambou\/#breadcrumb","itemListElement":[{"@type":"ListItem","position":1,"name":"Accueil","item":"https:\/\/www.grills-saveurs.ch\/fr\/"},{"@type":"ListItem","position":2,"name":"Shop \/ Boutique","item":"https:\/\/www.grills-saveurs.ch\/fr\/boutique\/"},{"@type":"ListItem","position":3,"name":"Planche \u00e0 d\u00e9couper en bambou"}]}]}},"_links":{"self":[{"href":"https:\/\/www.grills-saveurs.ch\/fr\/wp-json\/wp\/v2\/product\/9232"}],"collection":[{"href":"https:\/\/www.grills-saveurs.ch\/fr\/wp-json\/wp\/v2\/product"}],"about":[{"href":"https:\/\/www.grills-saveurs.ch\/fr\/wp-json\/wp\/v2\/types\/product"}],"wp:featuredmedia":[{"embeddable":true,"href":"https:\/\/www.grills-saveurs.ch\/fr\/wp-json\/wp\/v2\/media\/9234"}],"wp:attachment":[{"href":"https:\/\/www.grills-saveurs.ch\/fr\/wp-json\/wp\/v2\/media?parent=9232"}],"wp:term":[{"taxonomy":"product_cat","embeddable":true,"href":"https:\/\/www.grills-saveurs.ch\/fr\/wp-json\/wp\/v2\/product_cat?post=9232"},{"taxonomy":"product_tag","embeddable":true,"href":"https:\/\/www.grills-saveurs.ch\/fr\/wp-json\/wp\/v2\/product_tag?post=9232"}],"curies":[{"name":"wp","href":"https:\/\/api.w.org\/{rel}","templated":true}]}}