{"id":9237,"date":"2024-04-08T09:24:16","date_gmt":"2024-04-08T07:24:16","guid":{"rendered":"https:\/\/www.grills-saveurs.ch\/fr\/?post_type=product&#038;p=9237"},"modified":"2024-04-08T09:24:16","modified_gmt":"2024-04-08T07:24:16","slug":"leve-grille-2","status":"publish","type":"product","link":"https:\/\/www.grills-saveurs.ch\/fr\/produit\/leve-grille-2\/","title":{"rendered":"L\u00e8ve-grille"},"content":{"rendered":"<p>Utilisez le nouveau l\u00e8ve-gril simplifi\u00e9 de Broil King<sup>MD<\/sup>. pour retirer les grilles en fonte ou en acier inoxydable des grils Broil King<sup>MD<\/sup>. Un ensemble de broches pour enlever les grilles en fonte, et un autre pour les grilles en acier inoxydable. Embout en acier inoxydable, poign\u00e9e en r\u00e9sine.<\/p>\n","protected":false},"excerpt":{"rendered":"<p>Utilisez le nouveau l\u00e8ve-gril simplifi\u00e9 de Broil KingMD. pour retirer les grilles en fonte ou en acier inoxydable des grils Broil KingMD. Un ensemble de broches pour enlever les grilles en fonte, et un autre pour les grilles en acier inoxydable. Embout en acier inoxydable, poign\u00e9e en r\u00e9sine.<\/p>\n","protected":false},"featured_media":9240,"template":"","meta":[],"product_cat":[189,198,212],"product_tag":[],"yoast_head":"<!-- This site is optimized with the Yoast SEO plugin v18.2 - https:\/\/yoast.com\/wordpress\/plugins\/seo\/ -->\n<title>L\u00e8ve-grille - Grills et Saveurs<\/title>\n<meta name=\"description\" content=\"Utilisez le nouveau l\u00e8ve-gril simplifi\u00e9 de Broil KingMD. pour retirer les grilles en fonte ou en acier inoxydable des grils Broil KingMD. Un ensemble de broches pour enlever les grilles en fonte, et un autre pour les grilles en acier inoxydable. Embout en acier inoxydable, poign\u00e9e en r\u00e9sine.\" \/>\n<meta name=\"robots\" content=\"index, follow, max-snippet:-1, max-image-preview:large, max-video-preview:-1\" \/>\n<link rel=\"canonical\" href=\"https:\/\/www.grills-saveurs.ch\/fr\/produit\/leve-grille-2\/\" \/>\n<meta property=\"og:locale\" content=\"fr_FR\" \/>\n<meta property=\"og:type\" content=\"article\" \/>\n<meta property=\"og:title\" content=\"L\u00e8ve-grille - Grills et Saveurs\" \/>\n<meta property=\"og:description\" content=\"Utilisez le nouveau l\u00e8ve-gril simplifi\u00e9 de Broil KingMD. pour retirer les grilles en fonte ou en acier inoxydable des grils Broil KingMD. Un ensemble de broches pour enlever les grilles en fonte, et un autre pour les grilles en acier inoxydable. Embout en acier inoxydable, poign\u00e9e en r\u00e9sine.\" \/>\n<meta property=\"og:url\" content=\"https:\/\/www.grills-saveurs.ch\/fr\/produit\/leve-grille-2\/\" \/>\n<meta property=\"og:site_name\" content=\"Grills et Saveurs\" \/>\n<meta property=\"og:image\" content=\"https:\/\/www.grills-saveurs.ch\/fr\/wp-content\/uploads\/2024\/04\/Broil-King-Grillrost-Lifter-60745-item-01.jpg\" \/>\n\t<meta property=\"og:image:width\" content=\"748\" \/>\n\t<meta property=\"og:image:height\" content=\"800\" \/>\n\t<meta property=\"og:image:type\" content=\"image\/jpeg\" \/>\n<meta name=\"twitter:card\" content=\"summary_large_image\" \/>\n<script type=\"application\/ld+json\" class=\"yoast-schema-graph\">{\"@context\":\"https:\/\/schema.org\",\"@graph\":[{\"@type\":\"WebSite\",\"@id\":\"https:\/\/www.grills-saveurs.ch\/fr\/#website\",\"url\":\"https:\/\/www.grills-saveurs.ch\/fr\/\",\"name\":\"Grills et Saveurs\",\"description\":\"Barbecues, Grills, Planchas, Chemin\u00e9es jardin - Lausanne, Suisse Romande\",\"potentialAction\":[{\"@type\":\"SearchAction\",\"target\":{\"@type\":\"EntryPoint\",\"urlTemplate\":\"https:\/\/www.grills-saveurs.ch\/fr\/?s={search_term_string}\"},\"query-input\":\"required name=search_term_string\"}],\"inLanguage\":\"fr-FR\"},{\"@type\":\"ImageObject\",\"@id\":\"https:\/\/www.grills-saveurs.ch\/fr\/produit\/leve-grille-2\/#primaryimage\",\"inLanguage\":\"fr-FR\",\"url\":\"https:\/\/www.grills-saveurs.ch\/fr\/wp-content\/uploads\/2024\/04\/Broil-King-Grillrost-Lifter-60745-item-01.jpg\",\"contentUrl\":\"https:\/\/www.grills-saveurs.ch\/fr\/wp-content\/uploads\/2024\/04\/Broil-King-Grillrost-Lifter-60745-item-01.jpg\",\"width\":748,\"height\":800},{\"@type\":\"WebPage\",\"@id\":\"https:\/\/www.grills-saveurs.ch\/fr\/produit\/leve-grille-2\/#webpage\",\"url\":\"https:\/\/www.grills-saveurs.ch\/fr\/produit\/leve-grille-2\/\",\"name\":\"L\u00e8ve-grille - Grills et Saveurs\",\"isPartOf\":{\"@id\":\"https:\/\/www.grills-saveurs.ch\/fr\/#website\"},\"primaryImageOfPage\":{\"@id\":\"https:\/\/www.grills-saveurs.ch\/fr\/produit\/leve-grille-2\/#primaryimage\"},\"datePublished\":\"2024-04-08T07:24:16+00:00\",\"dateModified\":\"2024-04-08T07:24:16+00:00\",\"description\":\"Utilisez le nouveau l\u00e8ve-gril simplifi\u00e9 de Broil KingMD. pour retirer les grilles en fonte ou en acier inoxydable des grils Broil KingMD. Un ensemble de broches pour enlever les grilles en fonte, et un autre pour les grilles en acier inoxydable. Embout en acier inoxydable, poign\u00e9e en r\u00e9sine.\",\"breadcrumb\":{\"@id\":\"https:\/\/www.grills-saveurs.ch\/fr\/produit\/leve-grille-2\/#breadcrumb\"},\"inLanguage\":\"fr-FR\",\"potentialAction\":[{\"@type\":\"ReadAction\",\"target\":[\"https:\/\/www.grills-saveurs.ch\/fr\/produit\/leve-grille-2\/\"]}]},{\"@type\":\"BreadcrumbList\",\"@id\":\"https:\/\/www.grills-saveurs.ch\/fr\/produit\/leve-grille-2\/#breadcrumb\",\"itemListElement\":[{\"@type\":\"ListItem\",\"position\":1,\"name\":\"Accueil\",\"item\":\"https:\/\/www.grills-saveurs.ch\/fr\/\"},{\"@type\":\"ListItem\",\"position\":2,\"name\":\"Shop \/ Boutique\",\"item\":\"https:\/\/www.grills-saveurs.ch\/fr\/boutique\/\"},{\"@type\":\"ListItem\",\"position\":3,\"name\":\"L\u00e8ve-grille\"}]}]}<\/script>\n<!-- \/ Yoast SEO plugin. -->","yoast_head_json":{"title":"L\u00e8ve-grille - Grills et Saveurs","description":"Utilisez le nouveau l\u00e8ve-gril simplifi\u00e9 de Broil KingMD. pour retirer les grilles en fonte ou en acier inoxydable des grils Broil KingMD. Un ensemble de broches pour enlever les grilles en fonte, et un autre pour les grilles en acier inoxydable. Embout en acier inoxydable, poign\u00e9e en r\u00e9sine.","robots":{"index":"index","follow":"follow","max-snippet":"max-snippet:-1","max-image-preview":"max-image-preview:large","max-video-preview":"max-video-preview:-1"},"canonical":"https:\/\/www.grills-saveurs.ch\/fr\/produit\/leve-grille-2\/","og_locale":"fr_FR","og_type":"article","og_title":"L\u00e8ve-grille - Grills et Saveurs","og_description":"Utilisez le nouveau l\u00e8ve-gril simplifi\u00e9 de Broil KingMD. pour retirer les grilles en fonte ou en acier inoxydable des grils Broil KingMD. Un ensemble de broches pour enlever les grilles en fonte, et un autre pour les grilles en acier inoxydable. Embout en acier inoxydable, poign\u00e9e en r\u00e9sine.","og_url":"https:\/\/www.grills-saveurs.ch\/fr\/produit\/leve-grille-2\/","og_site_name":"Grills et Saveurs","og_image":[{"width":748,"height":800,"url":"https:\/\/www.grills-saveurs.ch\/fr\/wp-content\/uploads\/2024\/04\/Broil-King-Grillrost-Lifter-60745-item-01.jpg","type":"image\/jpeg"}],"twitter_card":"summary_large_image","schema":{"@context":"https:\/\/schema.org","@graph":[{"@type":"WebSite","@id":"https:\/\/www.grills-saveurs.ch\/fr\/#website","url":"https:\/\/www.grills-saveurs.ch\/fr\/","name":"Grills et Saveurs","description":"Barbecues, Grills, Planchas, Chemin\u00e9es jardin - Lausanne, Suisse Romande","potentialAction":[{"@type":"SearchAction","target":{"@type":"EntryPoint","urlTemplate":"https:\/\/www.grills-saveurs.ch\/fr\/?s={search_term_string}"},"query-input":"required name=search_term_string"}],"inLanguage":"fr-FR"},{"@type":"ImageObject","@id":"https:\/\/www.grills-saveurs.ch\/fr\/produit\/leve-grille-2\/#primaryimage","inLanguage":"fr-FR","url":"https:\/\/www.grills-saveurs.ch\/fr\/wp-content\/uploads\/2024\/04\/Broil-King-Grillrost-Lifter-60745-item-01.jpg","contentUrl":"https:\/\/www.grills-saveurs.ch\/fr\/wp-content\/uploads\/2024\/04\/Broil-King-Grillrost-Lifter-60745-item-01.jpg","width":748,"height":800},{"@type":"WebPage","@id":"https:\/\/www.grills-saveurs.ch\/fr\/produit\/leve-grille-2\/#webpage","url":"https:\/\/www.grills-saveurs.ch\/fr\/produit\/leve-grille-2\/","name":"L\u00e8ve-grille - Grills et Saveurs","isPartOf":{"@id":"https:\/\/www.grills-saveurs.ch\/fr\/#website"},"primaryImageOfPage":{"@id":"https:\/\/www.grills-saveurs.ch\/fr\/produit\/leve-grille-2\/#primaryimage"},"datePublished":"2024-04-08T07:24:16+00:00","dateModified":"2024-04-08T07:24:16+00:00","description":"Utilisez le nouveau l\u00e8ve-gril simplifi\u00e9 de Broil KingMD. pour retirer les grilles en fonte ou en acier inoxydable des grils Broil KingMD. Un ensemble de broches pour enlever les grilles en fonte, et un autre pour les grilles en acier inoxydable. Embout en acier inoxydable, poign\u00e9e en r\u00e9sine.","breadcrumb":{"@id":"https:\/\/www.grills-saveurs.ch\/fr\/produit\/leve-grille-2\/#breadcrumb"},"inLanguage":"fr-FR","potentialAction":[{"@type":"ReadAction","target":["https:\/\/www.grills-saveurs.ch\/fr\/produit\/leve-grille-2\/"]}]},{"@type":"BreadcrumbList","@id":"https:\/\/www.grills-saveurs.ch\/fr\/produit\/leve-grille-2\/#breadcrumb","itemListElement":[{"@type":"ListItem","position":1,"name":"Accueil","item":"https:\/\/www.grills-saveurs.ch\/fr\/"},{"@type":"ListItem","position":2,"name":"Shop \/ Boutique","item":"https:\/\/www.grills-saveurs.ch\/fr\/boutique\/"},{"@type":"ListItem","position":3,"name":"L\u00e8ve-grille"}]}]}},"_links":{"self":[{"href":"https:\/\/www.grills-saveurs.ch\/fr\/wp-json\/wp\/v2\/product\/9237"}],"collection":[{"href":"https:\/\/www.grills-saveurs.ch\/fr\/wp-json\/wp\/v2\/product"}],"about":[{"href":"https:\/\/www.grills-saveurs.ch\/fr\/wp-json\/wp\/v2\/types\/product"}],"wp:featuredmedia":[{"embeddable":true,"href":"https:\/\/www.grills-saveurs.ch\/fr\/wp-json\/wp\/v2\/media\/9240"}],"wp:attachment":[{"href":"https:\/\/www.grills-saveurs.ch\/fr\/wp-json\/wp\/v2\/media?parent=9237"}],"wp:term":[{"taxonomy":"product_cat","embeddable":true,"href":"https:\/\/www.grills-saveurs.ch\/fr\/wp-json\/wp\/v2\/product_cat?post=9237"},{"taxonomy":"product_tag","embeddable":true,"href":"https:\/\/www.grills-saveurs.ch\/fr\/wp-json\/wp\/v2\/product_tag?post=9237"}],"curies":[{"name":"wp","href":"https:\/\/api.w.org\/{rel}","templated":true}]}}