{"id":9241,"date":"2024-04-08T09:24:17","date_gmt":"2024-04-08T07:24:17","guid":{"rendered":"https:\/\/www.grills-saveurs.ch\/fr\/?post_type=product&#038;p=9241"},"modified":"2024-04-08T09:24:17","modified_gmt":"2024-04-08T07:24:17","slug":"creme-polish-pour-barbecue","status":"publish","type":"product","link":"https:\/\/www.grills-saveurs.ch\/fr\/produit\/creme-polish-pour-barbecue\/","title":{"rendered":"Cr\u00e8me polish pour barbecue"},"content":{"rendered":"<p>\u00c9liminez les taches les plus tenaces de vos surfaces ext\u00e9rieures en acier inoxydable ou en porcelaine et redonnez \u00e0 votre barbecue un aspect neuf. Peut \u00eatre utilis\u00e9 sans eau, frotter puis polir ; la meilleure fa\u00e7on de redonner vie \u00e0 votre barbecue bien-aim\u00e9. Flacon de 235 ml.<\/p>\n","protected":false},"excerpt":{"rendered":"<p>\u00c9liminez les taches les plus tenaces de vos surfaces ext\u00e9rieures en acier inoxydable ou en porcelaine et redonnez \u00e0 votre barbecue un aspect neuf. Peut \u00eatre utilis\u00e9 sans eau, frotter puis polir ; la meilleure fa\u00e7on de redonner vie \u00e0 votre barbecue bien-aim\u00e9. Flacon de 235 ml.<\/p>\n","protected":false},"featured_media":9242,"template":"","meta":[],"product_cat":[189,198,212],"product_tag":[],"yoast_head":"<!-- This site is optimized with the Yoast SEO plugin v18.2 - https:\/\/yoast.com\/wordpress\/plugins\/seo\/ -->\n<title>Cr\u00e8me polish pour barbecue - Grills et Saveurs<\/title>\n<meta name=\"description\" content=\"\u00c9liminez les taches les plus tenaces de vos surfaces ext\u00e9rieures en acier inoxydable ou en porcelaine et redonnez \u00e0 votre barbecue un aspect neuf. Peut \u00eatre utilis\u00e9 sans eau, frotter puis polir ; la meilleure fa\u00e7on de redonner vie \u00e0 votre barbecue bien-aim\u00e9. Flacon de 235 ml.\" \/>\n<meta name=\"robots\" content=\"index, follow, max-snippet:-1, max-image-preview:large, max-video-preview:-1\" \/>\n<link rel=\"canonical\" href=\"https:\/\/www.grills-saveurs.ch\/fr\/produit\/creme-polish-pour-barbecue\/\" \/>\n<meta property=\"og:locale\" content=\"fr_FR\" \/>\n<meta property=\"og:type\" content=\"article\" \/>\n<meta property=\"og:title\" content=\"Cr\u00e8me polish pour barbecue - Grills et Saveurs\" \/>\n<meta property=\"og:description\" content=\"\u00c9liminez les taches les plus tenaces de vos surfaces ext\u00e9rieures en acier inoxydable ou en porcelaine et redonnez \u00e0 votre barbecue un aspect neuf. Peut \u00eatre utilis\u00e9 sans eau, frotter puis polir ; la meilleure fa\u00e7on de redonner vie \u00e0 votre barbecue bien-aim\u00e9. Flacon de 235 ml.\" \/>\n<meta property=\"og:url\" content=\"https:\/\/www.grills-saveurs.ch\/fr\/produit\/creme-polish-pour-barbecue\/\" \/>\n<meta property=\"og:site_name\" content=\"Grills et Saveurs\" \/>\n<meta property=\"og:image\" content=\"https:\/\/www.grills-saveurs.ch\/fr\/wp-content\/uploads\/2024\/04\/62391_Stainless_Steel_Revitalizer_Front-1.jpg\" \/>\n\t<meta property=\"og:image:width\" content=\"1630\" \/>\n\t<meta property=\"og:image:height\" content=\"1630\" \/>\n\t<meta property=\"og:image:type\" content=\"image\/jpeg\" \/>\n<meta name=\"twitter:card\" content=\"summary_large_image\" \/>\n<script type=\"application\/ld+json\" class=\"yoast-schema-graph\">{\"@context\":\"https:\/\/schema.org\",\"@graph\":[{\"@type\":\"WebSite\",\"@id\":\"https:\/\/www.grills-saveurs.ch\/fr\/#website\",\"url\":\"https:\/\/www.grills-saveurs.ch\/fr\/\",\"name\":\"Grills et Saveurs\",\"description\":\"Barbecues, Grills, Planchas, Chemin\u00e9es jardin - Lausanne, Suisse Romande\",\"potentialAction\":[{\"@type\":\"SearchAction\",\"target\":{\"@type\":\"EntryPoint\",\"urlTemplate\":\"https:\/\/www.grills-saveurs.ch\/fr\/?s={search_term_string}\"},\"query-input\":\"required name=search_term_string\"}],\"inLanguage\":\"fr-FR\"},{\"@type\":\"ImageObject\",\"@id\":\"https:\/\/www.grills-saveurs.ch\/fr\/produit\/creme-polish-pour-barbecue\/#primaryimage\",\"inLanguage\":\"fr-FR\",\"url\":\"https:\/\/www.grills-saveurs.ch\/fr\/wp-content\/uploads\/2024\/04\/62391_Stainless_Steel_Revitalizer_Front-1.jpg\",\"contentUrl\":\"https:\/\/www.grills-saveurs.ch\/fr\/wp-content\/uploads\/2024\/04\/62391_Stainless_Steel_Revitalizer_Front-1.jpg\",\"width\":1630,\"height\":1630},{\"@type\":\"WebPage\",\"@id\":\"https:\/\/www.grills-saveurs.ch\/fr\/produit\/creme-polish-pour-barbecue\/#webpage\",\"url\":\"https:\/\/www.grills-saveurs.ch\/fr\/produit\/creme-polish-pour-barbecue\/\",\"name\":\"Cr\u00e8me polish pour barbecue - Grills et Saveurs\",\"isPartOf\":{\"@id\":\"https:\/\/www.grills-saveurs.ch\/fr\/#website\"},\"primaryImageOfPage\":{\"@id\":\"https:\/\/www.grills-saveurs.ch\/fr\/produit\/creme-polish-pour-barbecue\/#primaryimage\"},\"datePublished\":\"2024-04-08T07:24:17+00:00\",\"dateModified\":\"2024-04-08T07:24:17+00:00\",\"description\":\"\u00c9liminez les taches les plus tenaces de vos surfaces ext\u00e9rieures en acier inoxydable ou en porcelaine et redonnez \u00e0 votre barbecue un aspect neuf. Peut \u00eatre utilis\u00e9 sans eau, frotter puis polir ; la meilleure fa\u00e7on de redonner vie \u00e0 votre barbecue bien-aim\u00e9. Flacon de 235 ml.\",\"breadcrumb\":{\"@id\":\"https:\/\/www.grills-saveurs.ch\/fr\/produit\/creme-polish-pour-barbecue\/#breadcrumb\"},\"inLanguage\":\"fr-FR\",\"potentialAction\":[{\"@type\":\"ReadAction\",\"target\":[\"https:\/\/www.grills-saveurs.ch\/fr\/produit\/creme-polish-pour-barbecue\/\"]}]},{\"@type\":\"BreadcrumbList\",\"@id\":\"https:\/\/www.grills-saveurs.ch\/fr\/produit\/creme-polish-pour-barbecue\/#breadcrumb\",\"itemListElement\":[{\"@type\":\"ListItem\",\"position\":1,\"name\":\"Accueil\",\"item\":\"https:\/\/www.grills-saveurs.ch\/fr\/\"},{\"@type\":\"ListItem\",\"position\":2,\"name\":\"Shop \/ Boutique\",\"item\":\"https:\/\/www.grills-saveurs.ch\/fr\/boutique\/\"},{\"@type\":\"ListItem\",\"position\":3,\"name\":\"Cr\u00e8me polish pour barbecue\"}]}]}<\/script>\n<!-- \/ Yoast SEO plugin. -->","yoast_head_json":{"title":"Cr\u00e8me polish pour barbecue - Grills et Saveurs","description":"\u00c9liminez les taches les plus tenaces de vos surfaces ext\u00e9rieures en acier inoxydable ou en porcelaine et redonnez \u00e0 votre barbecue un aspect neuf. Peut \u00eatre utilis\u00e9 sans eau, frotter puis polir ; la meilleure fa\u00e7on de redonner vie \u00e0 votre barbecue bien-aim\u00e9. Flacon de 235 ml.","robots":{"index":"index","follow":"follow","max-snippet":"max-snippet:-1","max-image-preview":"max-image-preview:large","max-video-preview":"max-video-preview:-1"},"canonical":"https:\/\/www.grills-saveurs.ch\/fr\/produit\/creme-polish-pour-barbecue\/","og_locale":"fr_FR","og_type":"article","og_title":"Cr\u00e8me polish pour barbecue - Grills et Saveurs","og_description":"\u00c9liminez les taches les plus tenaces de vos surfaces ext\u00e9rieures en acier inoxydable ou en porcelaine et redonnez \u00e0 votre barbecue un aspect neuf. Peut \u00eatre utilis\u00e9 sans eau, frotter puis polir ; la meilleure fa\u00e7on de redonner vie \u00e0 votre barbecue bien-aim\u00e9. Flacon de 235 ml.","og_url":"https:\/\/www.grills-saveurs.ch\/fr\/produit\/creme-polish-pour-barbecue\/","og_site_name":"Grills et Saveurs","og_image":[{"width":1630,"height":1630,"url":"https:\/\/www.grills-saveurs.ch\/fr\/wp-content\/uploads\/2024\/04\/62391_Stainless_Steel_Revitalizer_Front-1.jpg","type":"image\/jpeg"}],"twitter_card":"summary_large_image","schema":{"@context":"https:\/\/schema.org","@graph":[{"@type":"WebSite","@id":"https:\/\/www.grills-saveurs.ch\/fr\/#website","url":"https:\/\/www.grills-saveurs.ch\/fr\/","name":"Grills et Saveurs","description":"Barbecues, Grills, Planchas, Chemin\u00e9es jardin - Lausanne, Suisse Romande","potentialAction":[{"@type":"SearchAction","target":{"@type":"EntryPoint","urlTemplate":"https:\/\/www.grills-saveurs.ch\/fr\/?s={search_term_string}"},"query-input":"required name=search_term_string"}],"inLanguage":"fr-FR"},{"@type":"ImageObject","@id":"https:\/\/www.grills-saveurs.ch\/fr\/produit\/creme-polish-pour-barbecue\/#primaryimage","inLanguage":"fr-FR","url":"https:\/\/www.grills-saveurs.ch\/fr\/wp-content\/uploads\/2024\/04\/62391_Stainless_Steel_Revitalizer_Front-1.jpg","contentUrl":"https:\/\/www.grills-saveurs.ch\/fr\/wp-content\/uploads\/2024\/04\/62391_Stainless_Steel_Revitalizer_Front-1.jpg","width":1630,"height":1630},{"@type":"WebPage","@id":"https:\/\/www.grills-saveurs.ch\/fr\/produit\/creme-polish-pour-barbecue\/#webpage","url":"https:\/\/www.grills-saveurs.ch\/fr\/produit\/creme-polish-pour-barbecue\/","name":"Cr\u00e8me polish pour barbecue - Grills et Saveurs","isPartOf":{"@id":"https:\/\/www.grills-saveurs.ch\/fr\/#website"},"primaryImageOfPage":{"@id":"https:\/\/www.grills-saveurs.ch\/fr\/produit\/creme-polish-pour-barbecue\/#primaryimage"},"datePublished":"2024-04-08T07:24:17+00:00","dateModified":"2024-04-08T07:24:17+00:00","description":"\u00c9liminez les taches les plus tenaces de vos surfaces ext\u00e9rieures en acier inoxydable ou en porcelaine et redonnez \u00e0 votre barbecue un aspect neuf. Peut \u00eatre utilis\u00e9 sans eau, frotter puis polir ; la meilleure fa\u00e7on de redonner vie \u00e0 votre barbecue bien-aim\u00e9. Flacon de 235 ml.","breadcrumb":{"@id":"https:\/\/www.grills-saveurs.ch\/fr\/produit\/creme-polish-pour-barbecue\/#breadcrumb"},"inLanguage":"fr-FR","potentialAction":[{"@type":"ReadAction","target":["https:\/\/www.grills-saveurs.ch\/fr\/produit\/creme-polish-pour-barbecue\/"]}]},{"@type":"BreadcrumbList","@id":"https:\/\/www.grills-saveurs.ch\/fr\/produit\/creme-polish-pour-barbecue\/#breadcrumb","itemListElement":[{"@type":"ListItem","position":1,"name":"Accueil","item":"https:\/\/www.grills-saveurs.ch\/fr\/"},{"@type":"ListItem","position":2,"name":"Shop \/ Boutique","item":"https:\/\/www.grills-saveurs.ch\/fr\/boutique\/"},{"@type":"ListItem","position":3,"name":"Cr\u00e8me polish pour barbecue"}]}]}},"_links":{"self":[{"href":"https:\/\/www.grills-saveurs.ch\/fr\/wp-json\/wp\/v2\/product\/9241"}],"collection":[{"href":"https:\/\/www.grills-saveurs.ch\/fr\/wp-json\/wp\/v2\/product"}],"about":[{"href":"https:\/\/www.grills-saveurs.ch\/fr\/wp-json\/wp\/v2\/types\/product"}],"wp:featuredmedia":[{"embeddable":true,"href":"https:\/\/www.grills-saveurs.ch\/fr\/wp-json\/wp\/v2\/media\/9242"}],"wp:attachment":[{"href":"https:\/\/www.grills-saveurs.ch\/fr\/wp-json\/wp\/v2\/media?parent=9241"}],"wp:term":[{"taxonomy":"product_cat","embeddable":true,"href":"https:\/\/www.grills-saveurs.ch\/fr\/wp-json\/wp\/v2\/product_cat?post=9241"},{"taxonomy":"product_tag","embeddable":true,"href":"https:\/\/www.grills-saveurs.ch\/fr\/wp-json\/wp\/v2\/product_tag?post=9241"}],"curies":[{"name":"wp","href":"https:\/\/api.w.org\/{rel}","templated":true}]}}