{"id":9253,"date":"2024-04-08T09:24:17","date_gmt":"2024-04-08T07:24:17","guid":{"rendered":"https:\/\/www.grills-saveurs.ch\/fr\/?post_type=product&#038;p=9253"},"modified":"2024-05-18T11:16:34","modified_gmt":"2024-05-18T09:16:34","slug":"housse-de-protection-pour-imperial-et-regal-590","status":"publish","type":"product","link":"https:\/\/www.grills-saveurs.ch\/fr\/produit\/housse-de-protection-pour-imperial-et-regal-590\/","title":{"rendered":"Housse de protection pour Imperial et Regal 590"},"content":{"rendered":"<p>Les housses de protection Premium\u2122 de Broil King\u00ae sont faites de polyester tiss\u00e9 r\u00e9sistant et d\u2019un rev\u00eatement r\u00e9sistant \u00e0 l\u2019eau en PVC. Elles sont dot\u00e9es d\u2019un syst\u00e8me d\u2019a\u00e9ration \u00e0 mailles pour une meilleure circulation de l\u2019air et une plus grande r\u00e9sistance \u00e0 l\u2019humidit\u00e9, ainsi que de sangles de fermeture pour son ajustement. Les housses sont faciles \u00e0 retirer gr\u00e2ce \u00e0 leurs poign\u00e9es en caoutchouc moul\u00e9.<\/p>\n<p>La housse de protection Premium\u2122 68492 est sp\u00e9cialement con\u00e7ue pour les barbecues de la gamme Imperial\u2122 et Regal\u2122 5 br\u00fbleurs \u2013 Dim 179 x 63 x H 122 cm<\/p>\n","protected":false},"excerpt":{"rendered":"<p>Les housses de protection Premium\u2122 de Broil King\u00ae sont faites de polyester tiss\u00e9 r\u00e9sistant et d\u2019un rev\u00eatement r\u00e9sistant \u00e0 l\u2019eau en PVC. Elles sont dot\u00e9es d\u2019un syst\u00e8me d\u2019a\u00e9ration \u00e0 mailles pour une meilleure circulation de l\u2019air et une plus grande r\u00e9sistance \u00e0 l\u2019humidit\u00e9, ainsi que de sangles de fermeture pour son ajustement. Les housses sont &hellip;<\/p>\n","protected":false},"featured_media":9256,"template":"","meta":[],"product_cat":[227],"product_tag":[],"yoast_head":"<!-- This site is optimized with the Yoast SEO plugin v18.2 - https:\/\/yoast.com\/wordpress\/plugins\/seo\/ -->\n<title>Housse de protection pour Imperial et Regal 590 - Grills et Saveurs<\/title>\n<meta name=\"description\" content=\"Les housses de protection Premium\u2122 de Broil King\u00ae sont faites de polyester tiss\u00e9 r\u00e9sistant et d\u2019un rev\u00eatement r\u00e9sistant \u00e0 l\u2019eau en PVC. Elles sont dot\u00e9es d\u2019un syst\u00e8me d\u2019a\u00e9ration \u00e0 mailles pour une meilleure circulation de l\u2019air et une plus grande r\u00e9sistance \u00e0 l\u2019humidit\u00e9, ainsi que de sangles de fermeture pour son ajustement. Les housses sont faciles \u00e0 retirer gr\u00e2ce \u00e0 leurs poign\u00e9es en caoutchouc moul\u00e9.La housse de protection Premium\u2122 68492 est sp\u00e9cialement con\u00e7ue pour les barbecues de la gamme Imperial\u2122 et Regal\u2122 5 br\u00fbleurs \u2013 Dim 179 x 63 x H 122 cm\" \/>\n<meta name=\"robots\" content=\"index, follow, max-snippet:-1, max-image-preview:large, max-video-preview:-1\" \/>\n<link rel=\"canonical\" href=\"https:\/\/www.grills-saveurs.ch\/fr\/produit\/housse-de-protection-pour-imperial-et-regal-590\/\" \/>\n<meta property=\"og:locale\" content=\"fr_FR\" \/>\n<meta property=\"og:type\" content=\"article\" \/>\n<meta property=\"og:title\" content=\"Housse de protection pour Imperial et Regal 590 - Grills et Saveurs\" \/>\n<meta property=\"og:description\" content=\"Les housses de protection Premium\u2122 de Broil King\u00ae sont faites de polyester tiss\u00e9 r\u00e9sistant et d\u2019un rev\u00eatement r\u00e9sistant \u00e0 l\u2019eau en PVC. Elles sont dot\u00e9es d\u2019un syst\u00e8me d\u2019a\u00e9ration \u00e0 mailles pour une meilleure circulation de l\u2019air et une plus grande r\u00e9sistance \u00e0 l\u2019humidit\u00e9, ainsi que de sangles de fermeture pour son ajustement. Les housses sont faciles \u00e0 retirer gr\u00e2ce \u00e0 leurs poign\u00e9es en caoutchouc moul\u00e9.La housse de protection Premium\u2122 68492 est sp\u00e9cialement con\u00e7ue pour les barbecues de la gamme Imperial\u2122 et Regal\u2122 5 br\u00fbleurs \u2013 Dim 179 x 63 x H 122 cm\" \/>\n<meta property=\"og:url\" content=\"https:\/\/www.grills-saveurs.ch\/fr\/produit\/housse-de-protection-pour-imperial-et-regal-590\/\" \/>\n<meta property=\"og:site_name\" content=\"Grills et Saveurs\" \/>\n<meta property=\"article:modified_time\" content=\"2024-05-18T09:16:34+00:00\" \/>\n<meta property=\"og:image\" content=\"https:\/\/www.grills-saveurs.ch\/fr\/wp-content\/uploads\/2024\/04\/accessory_68492-5.jpg\" \/>\n\t<meta property=\"og:image:width\" content=\"600\" \/>\n\t<meta property=\"og:image:height\" content=\"600\" \/>\n\t<meta property=\"og:image:type\" content=\"image\/jpeg\" \/>\n<meta name=\"twitter:card\" content=\"summary_large_image\" \/>\n<meta name=\"twitter:label1\" content=\"Dur\u00e9e de lecture estim\u00e9e\" \/>\n\t<meta name=\"twitter:data1\" content=\"1 minute\" \/>\n<script type=\"application\/ld+json\" class=\"yoast-schema-graph\">{\"@context\":\"https:\/\/schema.org\",\"@graph\":[{\"@type\":\"WebSite\",\"@id\":\"https:\/\/www.grills-saveurs.ch\/fr\/#website\",\"url\":\"https:\/\/www.grills-saveurs.ch\/fr\/\",\"name\":\"Grills et Saveurs\",\"description\":\"Barbecues, Grills, Planchas, Chemin\u00e9es jardin - Lausanne, Suisse Romande\",\"potentialAction\":[{\"@type\":\"SearchAction\",\"target\":{\"@type\":\"EntryPoint\",\"urlTemplate\":\"https:\/\/www.grills-saveurs.ch\/fr\/?s={search_term_string}\"},\"query-input\":\"required name=search_term_string\"}],\"inLanguage\":\"fr-FR\"},{\"@type\":\"ImageObject\",\"@id\":\"https:\/\/www.grills-saveurs.ch\/fr\/produit\/housse-de-protection-pour-imperial-et-regal-590\/#primaryimage\",\"inLanguage\":\"fr-FR\",\"url\":\"https:\/\/www.grills-saveurs.ch\/fr\/wp-content\/uploads\/2024\/04\/accessory_68492-5.jpg\",\"contentUrl\":\"https:\/\/www.grills-saveurs.ch\/fr\/wp-content\/uploads\/2024\/04\/accessory_68492-5.jpg\",\"width\":600,\"height\":600},{\"@type\":\"WebPage\",\"@id\":\"https:\/\/www.grills-saveurs.ch\/fr\/produit\/housse-de-protection-pour-imperial-et-regal-590\/#webpage\",\"url\":\"https:\/\/www.grills-saveurs.ch\/fr\/produit\/housse-de-protection-pour-imperial-et-regal-590\/\",\"name\":\"Housse de protection pour Imperial et Regal 590 - Grills et Saveurs\",\"isPartOf\":{\"@id\":\"https:\/\/www.grills-saveurs.ch\/fr\/#website\"},\"primaryImageOfPage\":{\"@id\":\"https:\/\/www.grills-saveurs.ch\/fr\/produit\/housse-de-protection-pour-imperial-et-regal-590\/#primaryimage\"},\"datePublished\":\"2024-04-08T07:24:17+00:00\",\"dateModified\":\"2024-05-18T09:16:34+00:00\",\"description\":\"Les housses de protection Premium\u2122 de Broil King\u00ae sont faites de polyester tiss\u00e9 r\u00e9sistant et d\u2019un rev\u00eatement r\u00e9sistant \u00e0 l\u2019eau en PVC. Elles sont dot\u00e9es d\u2019un syst\u00e8me d\u2019a\u00e9ration \u00e0 mailles pour une meilleure circulation de l\u2019air et une plus grande r\u00e9sistance \u00e0 l\u2019humidit\u00e9, ainsi que de sangles de fermeture pour son ajustement. Les housses sont faciles \u00e0 retirer gr\u00e2ce \u00e0 leurs poign\u00e9es en caoutchouc moul\u00e9.La housse de protection Premium\u2122 68492 est sp\u00e9cialement con\u00e7ue pour les barbecues de la gamme Imperial\u2122 et Regal\u2122 5 br\u00fbleurs \u2013 Dim 179 x 63 x H 122 cm\",\"breadcrumb\":{\"@id\":\"https:\/\/www.grills-saveurs.ch\/fr\/produit\/housse-de-protection-pour-imperial-et-regal-590\/#breadcrumb\"},\"inLanguage\":\"fr-FR\",\"potentialAction\":[{\"@type\":\"ReadAction\",\"target\":[\"https:\/\/www.grills-saveurs.ch\/fr\/produit\/housse-de-protection-pour-imperial-et-regal-590\/\"]}]},{\"@type\":\"BreadcrumbList\",\"@id\":\"https:\/\/www.grills-saveurs.ch\/fr\/produit\/housse-de-protection-pour-imperial-et-regal-590\/#breadcrumb\",\"itemListElement\":[{\"@type\":\"ListItem\",\"position\":1,\"name\":\"Accueil\",\"item\":\"https:\/\/www.grills-saveurs.ch\/fr\/\"},{\"@type\":\"ListItem\",\"position\":2,\"name\":\"Shop \/ Boutique\",\"item\":\"https:\/\/www.grills-saveurs.ch\/fr\/boutique\/\"},{\"@type\":\"ListItem\",\"position\":3,\"name\":\"Housse de protection pour Imperial et Regal 590\"}]}]}<\/script>\n<!-- \/ Yoast SEO plugin. -->","yoast_head_json":{"title":"Housse de protection pour Imperial et Regal 590 - Grills et Saveurs","description":"Les housses de protection Premium\u2122 de Broil King\u00ae sont faites de polyester tiss\u00e9 r\u00e9sistant et d\u2019un rev\u00eatement r\u00e9sistant \u00e0 l\u2019eau en PVC. Elles sont dot\u00e9es d\u2019un syst\u00e8me d\u2019a\u00e9ration \u00e0 mailles pour une meilleure circulation de l\u2019air et une plus grande r\u00e9sistance \u00e0 l\u2019humidit\u00e9, ainsi que de sangles de fermeture pour son ajustement. Les housses sont faciles \u00e0 retirer gr\u00e2ce \u00e0 leurs poign\u00e9es en caoutchouc moul\u00e9.La housse de protection Premium\u2122 68492 est sp\u00e9cialement con\u00e7ue pour les barbecues de la gamme Imperial\u2122 et Regal\u2122 5 br\u00fbleurs \u2013 Dim 179 x 63 x H 122 cm","robots":{"index":"index","follow":"follow","max-snippet":"max-snippet:-1","max-image-preview":"max-image-preview:large","max-video-preview":"max-video-preview:-1"},"canonical":"https:\/\/www.grills-saveurs.ch\/fr\/produit\/housse-de-protection-pour-imperial-et-regal-590\/","og_locale":"fr_FR","og_type":"article","og_title":"Housse de protection pour Imperial et Regal 590 - Grills et Saveurs","og_description":"Les housses de protection Premium\u2122 de Broil King\u00ae sont faites de polyester tiss\u00e9 r\u00e9sistant et d\u2019un rev\u00eatement r\u00e9sistant \u00e0 l\u2019eau en PVC. Elles sont dot\u00e9es d\u2019un syst\u00e8me d\u2019a\u00e9ration \u00e0 mailles pour une meilleure circulation de l\u2019air et une plus grande r\u00e9sistance \u00e0 l\u2019humidit\u00e9, ainsi que de sangles de fermeture pour son ajustement. Les housses sont faciles \u00e0 retirer gr\u00e2ce \u00e0 leurs poign\u00e9es en caoutchouc moul\u00e9.La housse de protection Premium\u2122 68492 est sp\u00e9cialement con\u00e7ue pour les barbecues de la gamme Imperial\u2122 et Regal\u2122 5 br\u00fbleurs \u2013 Dim 179 x 63 x H 122 cm","og_url":"https:\/\/www.grills-saveurs.ch\/fr\/produit\/housse-de-protection-pour-imperial-et-regal-590\/","og_site_name":"Grills et Saveurs","article_modified_time":"2024-05-18T09:16:34+00:00","og_image":[{"width":600,"height":600,"url":"https:\/\/www.grills-saveurs.ch\/fr\/wp-content\/uploads\/2024\/04\/accessory_68492-5.jpg","type":"image\/jpeg"}],"twitter_card":"summary_large_image","twitter_misc":{"Dur\u00e9e de lecture estim\u00e9e":"1 minute"},"schema":{"@context":"https:\/\/schema.org","@graph":[{"@type":"WebSite","@id":"https:\/\/www.grills-saveurs.ch\/fr\/#website","url":"https:\/\/www.grills-saveurs.ch\/fr\/","name":"Grills et Saveurs","description":"Barbecues, Grills, Planchas, Chemin\u00e9es jardin - Lausanne, Suisse Romande","potentialAction":[{"@type":"SearchAction","target":{"@type":"EntryPoint","urlTemplate":"https:\/\/www.grills-saveurs.ch\/fr\/?s={search_term_string}"},"query-input":"required name=search_term_string"}],"inLanguage":"fr-FR"},{"@type":"ImageObject","@id":"https:\/\/www.grills-saveurs.ch\/fr\/produit\/housse-de-protection-pour-imperial-et-regal-590\/#primaryimage","inLanguage":"fr-FR","url":"https:\/\/www.grills-saveurs.ch\/fr\/wp-content\/uploads\/2024\/04\/accessory_68492-5.jpg","contentUrl":"https:\/\/www.grills-saveurs.ch\/fr\/wp-content\/uploads\/2024\/04\/accessory_68492-5.jpg","width":600,"height":600},{"@type":"WebPage","@id":"https:\/\/www.grills-saveurs.ch\/fr\/produit\/housse-de-protection-pour-imperial-et-regal-590\/#webpage","url":"https:\/\/www.grills-saveurs.ch\/fr\/produit\/housse-de-protection-pour-imperial-et-regal-590\/","name":"Housse de protection pour Imperial et Regal 590 - Grills et Saveurs","isPartOf":{"@id":"https:\/\/www.grills-saveurs.ch\/fr\/#website"},"primaryImageOfPage":{"@id":"https:\/\/www.grills-saveurs.ch\/fr\/produit\/housse-de-protection-pour-imperial-et-regal-590\/#primaryimage"},"datePublished":"2024-04-08T07:24:17+00:00","dateModified":"2024-05-18T09:16:34+00:00","description":"Les housses de protection Premium\u2122 de Broil King\u00ae sont faites de polyester tiss\u00e9 r\u00e9sistant et d\u2019un rev\u00eatement r\u00e9sistant \u00e0 l\u2019eau en PVC. Elles sont dot\u00e9es d\u2019un syst\u00e8me d\u2019a\u00e9ration \u00e0 mailles pour une meilleure circulation de l\u2019air et une plus grande r\u00e9sistance \u00e0 l\u2019humidit\u00e9, ainsi que de sangles de fermeture pour son ajustement. Les housses sont faciles \u00e0 retirer gr\u00e2ce \u00e0 leurs poign\u00e9es en caoutchouc moul\u00e9.La housse de protection Premium\u2122 68492 est sp\u00e9cialement con\u00e7ue pour les barbecues de la gamme Imperial\u2122 et Regal\u2122 5 br\u00fbleurs \u2013 Dim 179 x 63 x H 122 cm","breadcrumb":{"@id":"https:\/\/www.grills-saveurs.ch\/fr\/produit\/housse-de-protection-pour-imperial-et-regal-590\/#breadcrumb"},"inLanguage":"fr-FR","potentialAction":[{"@type":"ReadAction","target":["https:\/\/www.grills-saveurs.ch\/fr\/produit\/housse-de-protection-pour-imperial-et-regal-590\/"]}]},{"@type":"BreadcrumbList","@id":"https:\/\/www.grills-saveurs.ch\/fr\/produit\/housse-de-protection-pour-imperial-et-regal-590\/#breadcrumb","itemListElement":[{"@type":"ListItem","position":1,"name":"Accueil","item":"https:\/\/www.grills-saveurs.ch\/fr\/"},{"@type":"ListItem","position":2,"name":"Shop \/ Boutique","item":"https:\/\/www.grills-saveurs.ch\/fr\/boutique\/"},{"@type":"ListItem","position":3,"name":"Housse de protection pour Imperial et Regal 590"}]}]}},"_links":{"self":[{"href":"https:\/\/www.grills-saveurs.ch\/fr\/wp-json\/wp\/v2\/product\/9253"}],"collection":[{"href":"https:\/\/www.grills-saveurs.ch\/fr\/wp-json\/wp\/v2\/product"}],"about":[{"href":"https:\/\/www.grills-saveurs.ch\/fr\/wp-json\/wp\/v2\/types\/product"}],"wp:featuredmedia":[{"embeddable":true,"href":"https:\/\/www.grills-saveurs.ch\/fr\/wp-json\/wp\/v2\/media\/9256"}],"wp:attachment":[{"href":"https:\/\/www.grills-saveurs.ch\/fr\/wp-json\/wp\/v2\/media?parent=9253"}],"wp:term":[{"taxonomy":"product_cat","embeddable":true,"href":"https:\/\/www.grills-saveurs.ch\/fr\/wp-json\/wp\/v2\/product_cat?post=9253"},{"taxonomy":"product_tag","embeddable":true,"href":"https:\/\/www.grills-saveurs.ch\/fr\/wp-json\/wp\/v2\/product_tag?post=9253"}],"curies":[{"name":"wp","href":"https:\/\/api.w.org\/{rel}","templated":true}]}}